{"id":1395,"date":"2019-10-05T20:20:06","date_gmt":"2019-10-05T18:20:06","guid":{"rendered":"https:\/\/www.pedagogie.ac-nice.fr\/stmg\/?page_id=1395"},"modified":"2019-10-10T22:36:20","modified_gmt":"2019-10-10T20:36:20","slug":"bts-gestion-de-la-pme","status":"publish","type":"page","link":"https:\/\/www.pedagogie.ac-nice.fr\/economie-gestion\/bts-gestion-de-la-pme\/","title":{"rendered":"BTS Gestion de la PME"},"content":{"rendered":"<table style=\"border-collapse: collapse; width: 100%;\">\n<tbody>\n<tr>\n<td style=\"width: 100%;\"><strong><span style=\"font-size: 14pt;\">BTS Gestion de la PME \u00a0<\/span> <\/strong>\u00a0 \u00a0 <img loading=\"lazy\" decoding=\"async\" class=\"alignnone size-medium wp-image-1415\" src=\"https:\/\/www.pedagogie.ac-nice.fr\/economie-gestion\/wp-content\/uploads\/sites\/28\/2019\/10\/tc-300x75.jpg\" alt=\"\" width=\"300\" height=\"75\" srcset=\"https:\/\/www.pedagogie.ac-nice.fr\/economie-gestion\/wp-content\/uploads\/sites\/28\/2019\/10\/tc-300x75.jpg 300w, https:\/\/www.pedagogie.ac-nice.fr\/economie-gestion\/wp-content\/uploads\/sites\/28\/2019\/10\/tc-768x193.jpg 768w, https:\/\/www.pedagogie.ac-nice.fr\/economie-gestion\/wp-content\/uploads\/sites\/28\/2019\/10\/tc.jpg 934w\" sizes=\"auto, (max-width: 300px) 100vw, 300px\" \/><\/td>\n<\/tr>\n<\/tbody>\n<\/table>\n<p>La polyvalence de la gestion d&rsquo;une PME impose d&rsquo;avoir une perception\u00a0globale\u00a0de\u00a0son\u00a0activit\u00e9\u00a0et de son environnement, dans le cadre d&rsquo;une coop\u00e9ration directe\u00a0avec la ou le dirigeant.<\/p>\n<p>Les missions sont vari\u00e9es et concernent autant la gestion des\u00a0relations avec les clients et les fournisseurs dans ses dimensions administrative, humaine, comptable\u00a0ou\u00a0encore\u00a0commerciale\u00a0que la gestion du personnel et la participation \u00e0 la valorisation des\u00a0ressources humaines.<\/p>\n<p>La gestion des risques, l&rsquo;am\u00e9lioration de l&rsquo;efficacit\u00e9 de l&rsquo;entreprise, le\u00a0soutien\u00a0et\u00a0l&rsquo;accompagnement\u00a0de son d\u00e9veloppement et de sa p\u00e9rennisation en participant au\u00a0suivi\u00a0de\u00a0l&rsquo;activit\u00e9\u00a0par\u00a0la\u00a0production\u00a0d&rsquo;informations et la mise en place d&rsquo;indicateurs font \u00e9galement partie de\u00a0son\u00a0champ\u00a0de\u00a0comp\u00e9tences.<\/p>\n<p>La ma\u00eetrise de la communication \u00e9crite et orale tant en langue fran\u00e7aise\u00a0qu&rsquo;en\u00a0langue\u00a0\u00e9trang\u00e8re\u00a0est une n\u00e9cessit\u00e9.<\/p>\n<h4 style=\"text-align: center;\">D\u00e9bouch\u00e9s professionnels<\/h4>\n<ul style=\"list-style-type: circle;\">\n<li>\u00a0Assistant de direction<\/li>\n<li>Assistant de gestion PME-PMI<\/li>\n<li>Assistant de manager n Assistant commercial n Secr\u00e9taire bureautique n Secr\u00e9taire de direction<\/li>\n<li>Assistant administration du personnel \u00a0n Collaborateur du dirigeant de PME-PMI n Cr\u00e9ation d\u2019entreprise<\/li>\n<\/ul>\n<h6 style=\"text-align: center;\">Poursuites d\u2019\u00e9tudes<\/h6>\n<ul style=\"list-style-type: circle;\">\n<li>Licences professionnelles (Universit\u00e9 de Toulon, Universit\u00e9\u00a0Nice\u00a0Sophia\u00a0Antipolis\u00a0Universit\u00e9 d\u2019Aix-Marseille )<\/li>\n<li>\u00c9coles sup\u00e9rieures sp\u00e9cialis\u00e9es<\/li>\n<\/ul>\n<p>&nbsp;<\/p>\n<h4 style=\"text-align: center;\">O\u00f9 se former<\/h4>\n<h6><span style=\"font-size: 18pt;\">Lyc\u00e9e Bonaparte (Toulon)<\/span><\/h6>\n<p>Avenue W. Churchill<\/p>\n<p>BP 5504 \u2013 83097 Toulon cedex<\/p>\n<p>T\u00e9l : 04 94 18 90 30<\/p>\n<p><a href=\"mailto:Ce.0831249a@ac-nice.fr\">Ce.0831249a@ac-nice.fr<\/a><\/p>\n<p><strong><a href=\"http:\/\/www.lyc-bonaparte.fr\/\">www.lyc-bonaparte.fr\/<\/a><\/strong><\/p>\n<h6><span style=\"font-size: 18pt;\">Lyc\u00e9e Dumont d\u2019Urville (Toulon)<\/span><\/h6>\n<p>212 avenue Amiral Jaujard 1404 \u2013 83056 Toulon cedex<\/p>\n<p>T\u00e9l : 04 94 18 90 30<\/p>\n<p><a href=\"mailto:Ce.0831243a@ac-nice.fr\">Ce.0831243a@ac-nice.fr<\/a><a href=\"http:\/\/eole.lyc-dumont-d-urville.ac-nice.fr\/dumont\/etab\/\"> <strong>http:\/\/eole.lyc-dumont-d-urville.ac-<\/strong> <strong>nice.fr\/dumont\/etab\/<\/strong><\/a><\/p>\n<p><span style=\"font-size: 18pt;\"><strong>Lyc\u00e9e<\/strong><strong> Francis de Croisset (Grasse)<\/strong><\/span><\/p>\n<p>34 Chemin de la Cavalerie, 06130 Grasse<\/p>\n<p>T\u00e9l : 04 92 42 48 60<\/p>\n<p><a href=\"mailto:ce.0060023t@ac-nice.fr\">ce.0060023t@ac-nice.fr<\/a><\/p>\n<p><strong><a href=\"http:\/\/www.lyceedecroisset.com\/\">www.lyceedecroisset.com<\/a><\/strong><\/p>\n<p><span style=\"font-size: 18pt;\"><strong>Lyc\u00e9e<\/strong><strong> Honor\u00e9 d\u2019Estienne d\u2019Orves (Nice) <\/strong><\/span><em>&#8211; Formation sous statut \u00e9tudiant ou apprenti<\/em><\/p>\n<p>13 avenue Honor\u00e9 d\u2019Estienne d\u2019Orves 06050 Nice cedex 1<\/p>\n<p>T\u00e9l : 04 93 97 12 00<\/p>\n<p><a href=\"mailto:Ce.0060033d@ac-nice.fr\">Ce.0060033d@ac-nice.fr<\/a><\/p>\n<p><strong>web3.estiennedorves.net\/<\/strong><\/p>\n<p><span style=\"font-size: 18pt;\"><strong>Lyc\u00e9e<\/strong><strong> Raynouard (Brignoles) <\/strong><\/span><em><span style=\"font-size: 18pt;\">&#8211;<\/span> Formation sous statut \u00e9tudiant ou apprenti<\/em><\/p>\n<p>285 av, des Martyrs de la R\u00e9sistance CS 70 305 \u2013 83175 Brignoles cedex<\/p>\n<p>T\u00e9l : 04 94 72 45 00<\/p>\n<p><a href=\"mailto:ce.0830007g@ac-nice.fr\">ce.0830007g@ac-nice.fr<\/a><\/p>\n<p><strong><a href=\"http:\/\/www.ac-nice.fr\/wrne\/lycee-raynouard\">www.ac-nice.fr\/wrne\/lycee-raynouard<\/a><\/strong><\/p>\n<p>&nbsp;<\/p>\n<p>&nbsp;<\/p>\n<p>&nbsp;<\/p>\n","protected":false},"excerpt":{"rendered":"<p>BTS Gestion de la PME \u00a0 \u00a0 \u00a0 La polyvalence de la gestion d&rsquo;une PME impose d&rsquo;avoir une perception\u00a0globale\u00a0de\u00a0son\u00a0activit\u00e9\u00a0et de<\/p>\n","protected":false},"author":205,"featured_media":0,"parent":0,"menu_order":0,"comment_status":"closed","ping_status":"closed","template":"","meta":{"colormag_page_container_layout":"default_layout","colormag_page_sidebar_layout":"default_layout","ngg_post_thumbnail":0,"footnotes":""},"class_list":["post-1395","page","type-page","status-publish","hentry"],"rttpg_featured_image_url":null,"rttpg_author":{"display_name":"Estelle REGIS","author_link":"https:\/\/www.pedagogie.ac-nice.fr\/economie-gestion\/author\/stmgadmin1\/"},"rttpg_comment":0,"rttpg_category":null,"rttpg_excerpt":"BTS Gestion de la PME \u00a0 \u00a0 \u00a0 La polyvalence de la gestion d&rsquo;une PME impose d&rsquo;avoir une perception\u00a0globale\u00a0de\u00a0son\u00a0activit\u00e9\u00a0et de","post_mailing_queue_ids":[],"_links":{"self":[{"href":"https:\/\/www.pedagogie.ac-nice.fr\/economie-gestion\/wp-json\/wp\/v2\/pages\/1395","targetHints":{"allow":["GET"]}}],"collection":[{"href":"https:\/\/www.pedagogie.ac-nice.fr\/economie-gestion\/wp-json\/wp\/v2\/pages"}],"about":[{"href":"https:\/\/www.pedagogie.ac-nice.fr\/economie-gestion\/wp-json\/wp\/v2\/types\/page"}],"author":[{"embeddable":true,"href":"https:\/\/www.pedagogie.ac-nice.fr\/economie-gestion\/wp-json\/wp\/v2\/users\/205"}],"replies":[{"embeddable":true,"href":"https:\/\/www.pedagogie.ac-nice.fr\/economie-gestion\/wp-json\/wp\/v2\/comments?post=1395"}],"version-history":[{"count":3,"href":"https:\/\/www.pedagogie.ac-nice.fr\/economie-gestion\/wp-json\/wp\/v2\/pages\/1395\/revisions"}],"predecessor-version":[{"id":1617,"href":"https:\/\/www.pedagogie.ac-nice.fr\/economie-gestion\/wp-json\/wp\/v2\/pages\/1395\/revisions\/1617"}],"wp:attachment":[{"href":"https:\/\/www.pedagogie.ac-nice.fr\/economie-gestion\/wp-json\/wp\/v2\/media?parent=1395"}],"curies":[{"name":"wp","href":"https:\/\/api.w.org\/{rel}","templated":true}]}}