{"id":1744,"date":"2019-10-11T19:15:06","date_gmt":"2019-10-11T17:15:06","guid":{"rendered":"https:\/\/www.pedagogie.ac-nice.fr\/economie-gestion\/?page_id=1744"},"modified":"2022-05-19T08:39:35","modified_gmt":"2022-05-19T06:39:35","slug":"ap-accompagnement-personnalise-en-stmg","status":"publish","type":"page","link":"https:\/\/www.pedagogie.ac-nice.fr\/economie-gestion\/pre-bac\/ap-accompagnement-personnalise-en-stmg\/","title":{"rendered":"AP: Accompagnement personnalis\u00e9 en STMG"},"content":{"rendered":"<p><span style=\"font-family: Calibri; font-size: 18pt;\">Eduscol met en ligne un ensemble de ressources proposant aux enseignants des pistes d&rsquo;organisation de l&rsquo;accompagnement personnalis\u00e9 en 1\u00e8re STMG.<\/span><\/p>\n<p><span style=\"font-family: Calibri; font-size: 18pt;\">Celles-ci sont structur\u00e9es en deux parties :<\/span><\/p>\n<p><span style=\"font-family: Calibri; font-size: 18pt;\">&#8211; l&rsquo;une pr\u00e9voit cinq temps de travail sur l&rsquo;ann\u00e9e, alternant mises en activit\u00e9 et phases d&rsquo;approfondissement et\/ou de rem\u00e9diation<\/span><\/p>\n<p><span style=\"font-family: Calibri; font-size: 18pt;\">&#8211; l&rsquo;autre montre ce que deux \u00e9quipes d&rsquo;enseignants ont mis en place dans leur \u00e9tablissement.<\/span><\/p>\n<p><span style=\"font-family: Calibri; font-size: 18pt;\">Pour acc\u00e9der aux ressources sur l\u2019accompagnement personnalis\u00e9 en 1\u00e8re STMG : <\/span><\/p>\n<p><span style=\"font-size: 18pt;\"><a href=\"http:\/\/eduscol.education.fr\/pid26364-cid60734\/l-accompagnement-personnalise-en-premiere-stmg.html\"><span style=\"color: blue; font-family: Calibri;\"><span style=\"text-decoration: underline;\">http:\/\/eduscol.education.fr\/pid26364-cid60734\/l-accompagnement-personnalise-en-premiere-stmg.html<\/span><\/span><\/a><\/span><\/p>\n<p><span style=\"font-family: Calibri; font-size: 18pt;\">Pour acc\u00e9der \u00e0 l\u2019ensemble des ressources des enseignements de la s\u00e9rie STMG :<\/span><\/p>\n<p><span style=\"font-size: 18pt;\"><span style=\"font-family: Calibri;\">&nbsp;<\/span><a href=\"http:\/\/eduscol.education.fr\/pid26364\/enseignements-technologiques-stmg.html\"><span style=\"color: blue; font-family: Calibri;\"><span style=\"text-decoration: underline;\">http:\/\/eduscol.education.fr\/pid26364\/enseignements-technologiques-stmg.html<\/span><\/span><\/a><\/span><\/p>\n<div>&nbsp;<\/div>\n","protected":false},"excerpt":{"rendered":"<p>Eduscol met en ligne un ensemble de ressources proposant aux enseignants des pistes d&rsquo;organisation de l&rsquo;accompagnement personnalis\u00e9 en 1\u00e8re STMG.<\/p>\n","protected":false},"author":205,"featured_media":0,"parent":811,"menu_order":0,"comment_status":"closed","ping_status":"closed","template":"","meta":{"colormag_page_container_layout":"default_layout","colormag_page_sidebar_layout":"default_layout","ngg_post_thumbnail":0,"footnotes":""},"class_list":["post-1744","page","type-page","status-publish","hentry"],"rttpg_featured_image_url":null,"rttpg_author":{"display_name":"Estelle REGIS","author_link":"https:\/\/www.pedagogie.ac-nice.fr\/economie-gestion\/author\/stmgadmin1\/"},"rttpg_comment":0,"rttpg_category":null,"rttpg_excerpt":"Eduscol met en ligne un ensemble de ressources proposant aux enseignants des pistes d&rsquo;organisation de l&rsquo;accompagnement personnalis\u00e9 en 1\u00e8re STMG.","post_mailing_queue_ids":[],"_links":{"self":[{"href":"https:\/\/www.pedagogie.ac-nice.fr\/economie-gestion\/wp-json\/wp\/v2\/pages\/1744","targetHints":{"allow":["GET"]}}],"collection":[{"href":"https:\/\/www.pedagogie.ac-nice.fr\/economie-gestion\/wp-json\/wp\/v2\/pages"}],"about":[{"href":"https:\/\/www.pedagogie.ac-nice.fr\/economie-gestion\/wp-json\/wp\/v2\/types\/page"}],"author":[{"embeddable":true,"href":"https:\/\/www.pedagogie.ac-nice.fr\/economie-gestion\/wp-json\/wp\/v2\/users\/205"}],"replies":[{"embeddable":true,"href":"https:\/\/www.pedagogie.ac-nice.fr\/economie-gestion\/wp-json\/wp\/v2\/comments?post=1744"}],"version-history":[{"count":2,"href":"https:\/\/www.pedagogie.ac-nice.fr\/economie-gestion\/wp-json\/wp\/v2\/pages\/1744\/revisions"}],"predecessor-version":[{"id":3164,"href":"https:\/\/www.pedagogie.ac-nice.fr\/economie-gestion\/wp-json\/wp\/v2\/pages\/1744\/revisions\/3164"}],"up":[{"embeddable":true,"href":"https:\/\/www.pedagogie.ac-nice.fr\/economie-gestion\/wp-json\/wp\/v2\/pages\/811"}],"wp:attachment":[{"href":"https:\/\/www.pedagogie.ac-nice.fr\/economie-gestion\/wp-json\/wp\/v2\/media?parent=1744"}],"curies":[{"name":"wp","href":"https:\/\/api.w.org\/{rel}","templated":true}]}}