{"id":1769,"date":"2019-10-11T19:58:02","date_gmt":"2019-10-11T17:58:02","guid":{"rendered":"https:\/\/www.pedagogie.ac-nice.fr\/economie-gestion\/?page_id=1769"},"modified":"2019-10-12T15:11:49","modified_gmt":"2019-10-12T13:11:49","slug":"leconomie-en-stmg","status":"publish","type":"page","link":"https:\/\/www.pedagogie.ac-nice.fr\/economie-gestion\/leconomie-en-stmg\/","title":{"rendered":"L&rsquo;\u00e9conomie en STMG"},"content":{"rendered":"<p>\u00ab\u00a0L\u2019enseignement de l\u2019\u00e9conomie poursuit un objectif g\u00e9n\u00e9ral de compr\u00e9hension du monde contemporain en ce qui concerne les rapports que les hommes engagent entre eux et avec la nature, dans leurs activit\u00e9s de production, d\u2019\u00e9change et de consommation&#8230;<br \/>\nL\u2019approche de la discipline sera ancr\u00e9e sur l\u2019observation et la compr\u00e9hension des ph\u00e9nom\u00e8nes r\u00e9els. Elle sera n\u00e9cessairement distincte d\u2019une d\u00e9marche purement acad\u00e9mique, fond\u00e9e sur la ma\u00eetrise d\u2019un corpus th\u00e9orique&#8230;<br \/>\nL\u2019enseignement de l\u2019\u00e9conomie impose donc un recours \u00e0 des ressources \u00ab\u00a0vivantes\u00a0\u00bb accessibles notamment par des moyens num\u00e9riques&#8230; \u00bb<\/p>\n<p>Extraits de l&rsquo;introduction au programme d&rsquo;\u00e9conomie de STMG<\/p>\n<p>&nbsp;<\/p>\n","protected":false},"excerpt":{"rendered":"<p>\u00ab\u00a0L\u2019enseignement de l\u2019\u00e9conomie poursuit un objectif g\u00e9n\u00e9ral de compr\u00e9hension du monde contemporain en ce qui concerne les rapports que les<\/p>\n","protected":false},"author":205,"featured_media":0,"parent":0,"menu_order":0,"comment_status":"closed","ping_status":"closed","template":"","meta":{"colormag_page_container_layout":"default_layout","colormag_page_sidebar_layout":"default_layout","ngg_post_thumbnail":0,"footnotes":""},"class_list":["post-1769","page","type-page","status-publish","hentry"],"rttpg_featured_image_url":null,"rttpg_author":{"display_name":"Estelle REGIS","author_link":"https:\/\/www.pedagogie.ac-nice.fr\/economie-gestion\/author\/stmgadmin1\/"},"rttpg_comment":0,"rttpg_category":null,"rttpg_excerpt":"\u00ab\u00a0L\u2019enseignement de l\u2019\u00e9conomie poursuit un objectif g\u00e9n\u00e9ral de compr\u00e9hension du monde contemporain en ce qui concerne les rapports que les","post_mailing_queue_ids":[],"_links":{"self":[{"href":"https:\/\/www.pedagogie.ac-nice.fr\/economie-gestion\/wp-json\/wp\/v2\/pages\/1769","targetHints":{"allow":["GET"]}}],"collection":[{"href":"https:\/\/www.pedagogie.ac-nice.fr\/economie-gestion\/wp-json\/wp\/v2\/pages"}],"about":[{"href":"https:\/\/www.pedagogie.ac-nice.fr\/economie-gestion\/wp-json\/wp\/v2\/types\/page"}],"author":[{"embeddable":true,"href":"https:\/\/www.pedagogie.ac-nice.fr\/economie-gestion\/wp-json\/wp\/v2\/users\/205"}],"replies":[{"embeddable":true,"href":"https:\/\/www.pedagogie.ac-nice.fr\/economie-gestion\/wp-json\/wp\/v2\/comments?post=1769"}],"version-history":[{"count":2,"href":"https:\/\/www.pedagogie.ac-nice.fr\/economie-gestion\/wp-json\/wp\/v2\/pages\/1769\/revisions"}],"predecessor-version":[{"id":1837,"href":"https:\/\/www.pedagogie.ac-nice.fr\/economie-gestion\/wp-json\/wp\/v2\/pages\/1769\/revisions\/1837"}],"wp:attachment":[{"href":"https:\/\/www.pedagogie.ac-nice.fr\/economie-gestion\/wp-json\/wp\/v2\/media?parent=1769"}],"curies":[{"name":"wp","href":"https:\/\/api.w.org\/{rel}","templated":true}]}}