{"id":1775,"date":"2019-10-11T20:00:55","date_gmt":"2019-10-11T18:00:55","guid":{"rendered":"https:\/\/www.pedagogie.ac-nice.fr\/economie-gestion\/?page_id=1775"},"modified":"2020-04-07T08:20:14","modified_gmt":"2020-04-07T06:20:14","slug":"programmes-et-complements-droit-stmg","status":"publish","type":"page","link":"https:\/\/www.pedagogie.ac-nice.fr\/economie-gestion\/programmes-et-complements-droit-stmg\/","title":{"rendered":"Programmes et compl\u00e9ments Droit STMG"},"content":{"rendered":"<p>&nbsp;<\/p>\n<p><img loading=\"lazy\" decoding=\"async\" class=\"wp-image-1784 alignleft\" src=\"https:\/\/www.pedagogie.ac-nice.fr\/economie-gestion\/wp-content\/uploads\/sites\/28\/2019\/10\/plaque-attention-300x150.jpg\" alt=\"\" width=\"246\" height=\"123\" srcset=\"https:\/\/www.pedagogie.ac-nice.fr\/economie-gestion\/wp-content\/uploads\/sites\/28\/2019\/10\/plaque-attention-300x150.jpg 300w, https:\/\/www.pedagogie.ac-nice.fr\/economie-gestion\/wp-content\/uploads\/sites\/28\/2019\/10\/plaque-attention.jpg 334w\" sizes=\"auto, (max-width: 246px) 100vw, 246px\" \/><\/p>\n<p><a href=\"https:\/\/contrib.eduscol.education.fr\/ecogest\/enseignements\/ecogest\/im_ecogest\/3-stmg-droit.pdf\" target=\"_blank\" rel=\"noopener noreferrer\">Programme derni\u00e8re session 2020<\/a><\/p>\n<p>&nbsp;<\/p>\n<p>&nbsp;<\/p>\n<p>&nbsp;<\/p>\n<p><a href=\"https:\/\/drive.google.com\/file\/d\/1hpyrgU0VpPa-1IRaiGhpduhYfgXRHfpp\/view?usp=sharing\" target=\"_blank\" rel=\"noopener noreferrer\"><img loading=\"lazy\" decoding=\"async\" class=\"alignnone wp-image-1795\" src=\"https:\/\/www.pedagogie.ac-nice.fr\/economie-gestion\/wp-content\/uploads\/sites\/28\/2019\/10\/ok.jpg\" alt=\"\" width=\"194\" height=\"119\" \/><\/a><span style=\"font-size: 18pt;\"><strong>R\u00e9novation<\/strong><\/span><\/p>\n<p><span style=\"color: #0000ff;\"><a style=\"color: #0000ff;\" href=\"https:\/\/drive.google.com\/file\/d\/1hpyrgU0VpPa-1IRaiGhpduhYfgXRHfpp\/view?usp=sharing\" target=\"_blank\" rel=\"noopener noreferrer\">Programme de classe de <strong>Premi\u00e8re<\/strong> STMG<\/a><\/span><\/p>\n<p><span style=\"color: #0000ff;\"><a style=\"color: #0000ff;\" href=\"https:\/\/drive.google.com\/file\/d\/16hQWkzNMx1PqVHRsk77z26b9CLWLfB9A\/view?usp=sharing\" target=\"_blank\" rel=\"noopener noreferrer\">Programme classe de <strong>Terminale<\/strong> \u00a0STMG\u00a0<\/a><\/span><\/p>\n<p><span style=\"color: #3366ff;\"><a style=\"color: #3366ff;\" href=\"https:\/\/cache.media.eduscol.education.fr\/file\/Annales_zero_BAC_2021_1e\/92\/5\/S0BAC21-Tle-SPE-STMG_Cahier_des_charges_1268925.pdf\" target=\"_blank\" rel=\"noopener noreferrer\">Cahier des charges de l&rsquo;\u00e9preuve \u00e9crite<\/a><\/span><\/p>\n","protected":false},"excerpt":{"rendered":"<p>&nbsp; Programme derni\u00e8re session 2020 &nbsp; &nbsp; &nbsp; R\u00e9novation Programme de classe de Premi\u00e8re STMG Programme classe de Terminale \u00a0STMG\u00a0<\/p>\n","protected":false},"author":205,"featured_media":0,"parent":0,"menu_order":0,"comment_status":"closed","ping_status":"closed","template":"","meta":{"colormag_page_container_layout":"default_layout","colormag_page_sidebar_layout":"default_layout","ngg_post_thumbnail":0,"footnotes":""},"class_list":["post-1775","page","type-page","status-publish","hentry"],"rttpg_featured_image_url":null,"rttpg_author":{"display_name":"Estelle REGIS","author_link":"https:\/\/www.pedagogie.ac-nice.fr\/economie-gestion\/author\/stmgadmin1\/"},"rttpg_comment":0,"rttpg_category":null,"rttpg_excerpt":"&nbsp; Programme derni\u00e8re session 2020 &nbsp; &nbsp; &nbsp; R\u00e9novation Programme de classe de Premi\u00e8re STMG Programme classe de Terminale \u00a0STMG\u00a0","post_mailing_queue_ids":[],"_links":{"self":[{"href":"https:\/\/www.pedagogie.ac-nice.fr\/economie-gestion\/wp-json\/wp\/v2\/pages\/1775","targetHints":{"allow":["GET"]}}],"collection":[{"href":"https:\/\/www.pedagogie.ac-nice.fr\/economie-gestion\/wp-json\/wp\/v2\/pages"}],"about":[{"href":"https:\/\/www.pedagogie.ac-nice.fr\/economie-gestion\/wp-json\/wp\/v2\/types\/page"}],"author":[{"embeddable":true,"href":"https:\/\/www.pedagogie.ac-nice.fr\/economie-gestion\/wp-json\/wp\/v2\/users\/205"}],"replies":[{"embeddable":true,"href":"https:\/\/www.pedagogie.ac-nice.fr\/economie-gestion\/wp-json\/wp\/v2\/comments?post=1775"}],"version-history":[{"count":9,"href":"https:\/\/www.pedagogie.ac-nice.fr\/economie-gestion\/wp-json\/wp\/v2\/pages\/1775\/revisions"}],"predecessor-version":[{"id":2359,"href":"https:\/\/www.pedagogie.ac-nice.fr\/economie-gestion\/wp-json\/wp\/v2\/pages\/1775\/revisions\/2359"}],"wp:attachment":[{"href":"https:\/\/www.pedagogie.ac-nice.fr\/economie-gestion\/wp-json\/wp\/v2\/media?parent=1775"}],"curies":[{"name":"wp","href":"https:\/\/api.w.org\/{rel}","templated":true}]}}