{"id":1777,"date":"2019-10-11T20:00:56","date_gmt":"2019-10-11T18:00:56","guid":{"rendered":"https:\/\/www.pedagogie.ac-nice.fr\/economie-gestion\/?page_id=1777"},"modified":"2020-06-26T09:49:01","modified_gmt":"2020-06-26T07:49:01","slug":"programmes-et-complements-economie-stmg","status":"publish","type":"page","link":"https:\/\/www.pedagogie.ac-nice.fr\/economie-gestion\/programmes-et-complements-economie-stmg\/","title":{"rendered":"Programmes et compl\u00e9ments Economie STMG"},"content":{"rendered":"<p>&nbsp;<\/p>\n<p><img loading=\"lazy\" decoding=\"async\" class=\"wp-image-1784 alignleft\" src=\"https:\/\/www.pedagogie.ac-nice.fr\/economie-gestion\/wp-content\/uploads\/sites\/28\/2019\/10\/plaque-attention-300x150.jpg\" alt=\"\" width=\"246\" height=\"123\" srcset=\"https:\/\/www.pedagogie.ac-nice.fr\/economie-gestion\/wp-content\/uploads\/sites\/28\/2019\/10\/plaque-attention-300x150.jpg 300w, https:\/\/www.pedagogie.ac-nice.fr\/economie-gestion\/wp-content\/uploads\/sites\/28\/2019\/10\/plaque-attention.jpg 334w\" sizes=\"auto, (max-width: 246px) 100vw, 246px\" \/><\/p>\n<p><a href=\"https:\/\/contrib.eduscol.education.fr\/ecogest\/enseignements\/ecogest\/im_ecogest\/3-stmg-droit.pdf\" target=\"_blank\" rel=\"noopener noreferrer\">Programme derni\u00e8re session 2020 Classe de Terminale<\/a><\/p>\n<p>&nbsp;<\/p>\n<p>&nbsp;<\/p>\n<p>&nbsp;<\/p>\n<p><a href=\"https:\/\/drive.google.com\/file\/d\/1bMLxtDqtGl3_tF52JcuiNMZP6iMSeF_L\/view?usp=sharing\" target=\"_blank\" rel=\"noopener noreferrer\"><img loading=\"lazy\" decoding=\"async\" class=\"alignnone size-full wp-image-1795\" src=\"https:\/\/www.pedagogie.ac-nice.fr\/economie-gestion\/wp-content\/uploads\/sites\/28\/2019\/10\/ok.jpg\" alt=\"\" width=\"286\" height=\"176\" \/><strong><span style=\"font-size: 18pt;\">\u00a0 R\u00e9novation<\/span><\/strong><\/a><\/p>\n<p><a href=\"https:\/\/drive.google.com\/file\/d\/1P9-3a3KBrcDSxiQE6rOCXdKxqj3_F4lP\/view?usp=sharing\" target=\"_blank\" rel=\"noopener noreferrer\">Programme classe de <b>Premi\u00e8re\u00a0<\/b>STMG<\/a><\/p>\n<p><a href=\"https:\/\/drive.google.com\/file\/d\/1bMLxtDqtGl3_tF52JcuiNMZP6iMSeF_L\/view?usp=sharing\" target=\"_blank\" rel=\"noopener noreferrer\">Programme classe de <strong>Terminale<\/strong> \u00a0STMG\u00a0<\/a><\/p>\n<p><span style=\"color: #3366ff;\"><a style=\"color: #3366ff;\" href=\"https:\/\/cache.media.eduscol.education.fr\/file\/Annales_zero_BAC_2021_1e\/92\/5\/S0BAC21-Tle-SPE-STMG_Cahier_des_charges_1268925.pdf\" target=\"_blank\" rel=\"noopener noreferrer\">Cahier des charges de l&rsquo;\u00e9preuve \u00e9crite<\/a><\/span><\/p>\n<p style=\"font-weight: 400;\">Ci-apr\u00e8s la r\u00e9union\u00a0en ligne\u00a0avec l&rsquo;inspection g\u00e9n\u00e9rale sur l\u2019enseignement du droit-\u00e9conomie en STMG est disponible sur Canal U TV en utilisant le lien suivant\u00a0:<\/p>\n<p><a href=\"https:\/\/www.canal-u.tv\/video\/eduscol\/les_enseignements_de_specialite_de_la_serie_stmg_l_enseignement_de_management_sciences_de_gestion_et_numerique.56407\" target=\"_blank\" rel=\"noopener noreferrer\"><img loading=\"lazy\" decoding=\"async\" class=\"aligncenter size-medium wp-image-2744\" src=\"https:\/\/www.pedagogie.ac-nice.fr\/economie-gestion\/wp-content\/uploads\/sites\/28\/2020\/06\/stmg-programe-eco-300x169.png\" alt=\"\" width=\"300\" height=\"169\" srcset=\"https:\/\/www.pedagogie.ac-nice.fr\/economie-gestion\/wp-content\/uploads\/sites\/28\/2020\/06\/stmg-programe-eco-300x169.png 300w, https:\/\/www.pedagogie.ac-nice.fr\/economie-gestion\/wp-content\/uploads\/sites\/28\/2020\/06\/stmg-programe-eco.png 600w\" sizes=\"auto, (max-width: 300px) 100vw, 300px\" \/><\/a><\/p>\n<p>&nbsp;<\/p>\n<p style=\"font-weight: 400;\">Par ailleurs le minist\u00e8re vient de mettre en ligne deux ressources importantes sur le site EDUSCOL\u00a0:<\/p>\n<p style=\"font-weight: 400;\">&#8211;\u00a0\u00a0\u00a0\u00a0\u00a0\u00a0\u00a0Un article de fond sur la didactique et la p\u00e9dagogie de l\u2019enseignement de l\u2019\u00e9conomie en premi\u00e8re et terminale STMG\u00a0:<\/p>\n<p style=\"font-weight: 400;\"><a href=\"https:\/\/cache.media.eduscol.education.fr\/file\/Droit_et_economie\/73\/7\/RA20_Lycee_T_1-T_STMG_DroitEco_Enseigner-economie_1298737.pdf\" target=\"_blank\" rel=\"noopener noreferrer\"><strong><span style=\"color: #0000ff;\">https:\/\/cache.media.eduscol.education.fr\/file\/Droit_et_economie\/73\/7\/RA20_Lycee_T_1-T_STMG_DroitEco_Enseigner-economie_1298737.pdf\u00a0\u00a0<\/span><\/strong>\u00a0<\/a>\u00a0<img loading=\"lazy\" decoding=\"async\" class=\"size-medium wp-image-2747 alignright\" src=\"https:\/\/www.pedagogie.ac-nice.fr\/economie-gestion\/wp-content\/uploads\/sites\/28\/2020\/06\/ecox-214x300.png\" alt=\"\" width=\"214\" height=\"300\" srcset=\"https:\/\/www.pedagogie.ac-nice.fr\/economie-gestion\/wp-content\/uploads\/sites\/28\/2020\/06\/ecox-214x300.png 214w, https:\/\/www.pedagogie.ac-nice.fr\/economie-gestion\/wp-content\/uploads\/sites\/28\/2020\/06\/ecox.png 622w\" sizes=\"auto, (max-width: 214px) 100vw, 214px\" \/><\/p>\n<p style=\"font-weight: 400;\">&#8211;\u00a0\u00a0\u00a0\u00a0\u00a0\u00a0\u00a0\u00a0Une ressource pour la classe de terminale sur les d\u00e9faillances de march\u00e9, dans le cadre du th\u00e8me 6 du programme d\u2019\u00e9conomie\u00a0:<\/p>\n<p style=\"font-weight: 400;\"><strong><span style=\"color: #0000ff;\"><a style=\"color: #0000ff;\" href=\"https:\/\/cache.media.eduscol.education.fr\/file\/Droit_et_economie\/83\/5\/RA20_Lycee_T_T_STMG_DroitEco_analyser-defaillances-marche_1293835.pdf\" target=\"_blank\" rel=\"noopener noreferrer\">https:\/\/cache.media.eduscol.education.fr\/file\/Droit_et_economie\/83\/5\/RA20_Lycee_T_T_STMG_DroitEco_analyser-defaillances-marche_1293835.pdf<\/a><\/span><\/strong><\/p>\n<p>&nbsp;<\/p>\n<p>&nbsp;<\/p>\n","protected":false},"excerpt":{"rendered":"<p>&nbsp; Programme derni\u00e8re session 2020 Classe de Terminale &nbsp; &nbsp; &nbsp; \u00a0 R\u00e9novation Programme classe de Premi\u00e8re\u00a0STMG Programme classe de<\/p>\n","protected":false},"author":205,"featured_media":0,"parent":0,"menu_order":0,"comment_status":"closed","ping_status":"closed","template":"","meta":{"colormag_page_container_layout":"default_layout","colormag_page_sidebar_layout":"default_layout","ngg_post_thumbnail":0,"footnotes":""},"class_list":["post-1777","page","type-page","status-publish","hentry"],"rttpg_featured_image_url":null,"rttpg_author":{"display_name":"Estelle REGIS","author_link":"https:\/\/www.pedagogie.ac-nice.fr\/economie-gestion\/author\/stmgadmin1\/"},"rttpg_comment":0,"rttpg_category":null,"rttpg_excerpt":"&nbsp; Programme derni\u00e8re session 2020 Classe de Terminale &nbsp; &nbsp; &nbsp; \u00a0 R\u00e9novation Programme classe de Premi\u00e8re\u00a0STMG Programme classe de","post_mailing_queue_ids":[],"_links":{"self":[{"href":"https:\/\/www.pedagogie.ac-nice.fr\/economie-gestion\/wp-json\/wp\/v2\/pages\/1777","targetHints":{"allow":["GET"]}}],"collection":[{"href":"https:\/\/www.pedagogie.ac-nice.fr\/economie-gestion\/wp-json\/wp\/v2\/pages"}],"about":[{"href":"https:\/\/www.pedagogie.ac-nice.fr\/economie-gestion\/wp-json\/wp\/v2\/types\/page"}],"author":[{"embeddable":true,"href":"https:\/\/www.pedagogie.ac-nice.fr\/economie-gestion\/wp-json\/wp\/v2\/users\/205"}],"replies":[{"embeddable":true,"href":"https:\/\/www.pedagogie.ac-nice.fr\/economie-gestion\/wp-json\/wp\/v2\/comments?post=1777"}],"version-history":[{"count":11,"href":"https:\/\/www.pedagogie.ac-nice.fr\/economie-gestion\/wp-json\/wp\/v2\/pages\/1777\/revisions"}],"predecessor-version":[{"id":2749,"href":"https:\/\/www.pedagogie.ac-nice.fr\/economie-gestion\/wp-json\/wp\/v2\/pages\/1777\/revisions\/2749"}],"wp:attachment":[{"href":"https:\/\/www.pedagogie.ac-nice.fr\/economie-gestion\/wp-json\/wp\/v2\/media?parent=1777"}],"curies":[{"name":"wp","href":"https:\/\/api.w.org\/{rel}","templated":true}]}}