{"id":1782,"date":"2019-10-11T20:07:52","date_gmt":"2019-10-11T18:07:52","guid":{"rendered":"https:\/\/www.pedagogie.ac-nice.fr\/economie-gestion\/?page_id=1782"},"modified":"2019-10-12T13:49:24","modified_gmt":"2019-10-12T11:49:24","slug":"programmes-et-complements-management-en-stmg","status":"publish","type":"page","link":"https:\/\/www.pedagogie.ac-nice.fr\/economie-gestion\/programmes-et-complements-management-en-stmg\/","title":{"rendered":"Programmes et complements management en STMG"},"content":{"rendered":"<p><img loading=\"lazy\" decoding=\"async\" class=\"alignnone wp-image-1784 aligncenter\" src=\"https:\/\/www.pedagogie.ac-nice.fr\/economie-gestion\/wp-content\/uploads\/sites\/28\/2019\/10\/plaque-attention-300x150.jpg\" alt=\"\" width=\"186\" height=\"93\" srcset=\"https:\/\/www.pedagogie.ac-nice.fr\/economie-gestion\/wp-content\/uploads\/sites\/28\/2019\/10\/plaque-attention-300x150.jpg 300w, https:\/\/www.pedagogie.ac-nice.fr\/economie-gestion\/wp-content\/uploads\/sites\/28\/2019\/10\/plaque-attention.jpg 334w\" sizes=\"auto, (max-width: 186px) 100vw, 186px\" \/><\/p>\n<p style=\"text-align: center;\"><a href=\"https:\/\/contrib.eduscol.education.fr\/ecogest\/enseignements\/ecogest\/im_ecogest\/4-stmg-management.pdf\" target=\"_blank\" rel=\"noopener noreferrer\">Programme pour la derni\u00e8re session de 2020<\/a><\/p>\n<p>&nbsp;<\/p>\n<p><a class=\"customize-unpreviewable\" href=\"https:\/\/drive.google.com\/file\/d\/1hpyrgU0VpPa-1IRaiGhpduhYfgXRHfpp\/view?usp=sharing\" target=\"_blank\" rel=\"noopener noreferrer\"><img loading=\"lazy\" decoding=\"async\" class=\"alignnone wp-image-1795\" src=\"https:\/\/www.pedagogie.ac-nice.fr\/economie-gestion\/wp-content\/uploads\/sites\/28\/2019\/10\/ok.jpg\" alt=\"\" width=\"194\" height=\"119\" \/><\/a><strong>R\u00e9novation<\/strong><\/p>\n<p><a class=\"customize-unpreviewable\" href=\"https:\/\/drive.google.com\/file\/d\/1O7A3SDXNA4aNXo0_8qqPaWwsCqTNRSqq\/view?usp=sharing\" target=\"_blank\" rel=\"noopener noreferrer\">Programme de classe de <strong>premi\u00e8re<\/strong> STMG<\/a><\/p>\n<p><a class=\"customize-unpreviewable\" href=\"https:\/\/drive.google.com\/file\/d\/16Be9UjMqWnqGix4b7FD9-AXdqEX8iyjq\/view?usp=sharing\" target=\"_blank\" rel=\"noopener noreferrer\">Programme classe de <strong>Terminale<\/strong> \u00a0STMG\u00a0<\/a><\/p>\n","protected":false},"excerpt":{"rendered":"<p>Programme pour la derni\u00e8re session de 2020 &nbsp; R\u00e9novation Programme de classe de premi\u00e8re STMG Programme classe de Terminale \u00a0STMG\u00a0<\/p>\n","protected":false},"author":205,"featured_media":0,"parent":0,"menu_order":0,"comment_status":"closed","ping_status":"closed","template":"","meta":{"colormag_page_container_layout":"default_layout","colormag_page_sidebar_layout":"default_layout","ngg_post_thumbnail":0,"footnotes":""},"class_list":["post-1782","page","type-page","status-publish","hentry"],"rttpg_featured_image_url":null,"rttpg_author":{"display_name":"Estelle REGIS","author_link":"https:\/\/www.pedagogie.ac-nice.fr\/economie-gestion\/author\/stmgadmin1\/"},"rttpg_comment":0,"rttpg_category":null,"rttpg_excerpt":"Programme pour la derni\u00e8re session de 2020 &nbsp; R\u00e9novation Programme de classe de premi\u00e8re STMG Programme classe de Terminale \u00a0STMG\u00a0","post_mailing_queue_ids":[],"_links":{"self":[{"href":"https:\/\/www.pedagogie.ac-nice.fr\/economie-gestion\/wp-json\/wp\/v2\/pages\/1782","targetHints":{"allow":["GET"]}}],"collection":[{"href":"https:\/\/www.pedagogie.ac-nice.fr\/economie-gestion\/wp-json\/wp\/v2\/pages"}],"about":[{"href":"https:\/\/www.pedagogie.ac-nice.fr\/economie-gestion\/wp-json\/wp\/v2\/types\/page"}],"author":[{"embeddable":true,"href":"https:\/\/www.pedagogie.ac-nice.fr\/economie-gestion\/wp-json\/wp\/v2\/users\/205"}],"replies":[{"embeddable":true,"href":"https:\/\/www.pedagogie.ac-nice.fr\/economie-gestion\/wp-json\/wp\/v2\/comments?post=1782"}],"version-history":[{"count":4,"href":"https:\/\/www.pedagogie.ac-nice.fr\/economie-gestion\/wp-json\/wp\/v2\/pages\/1782\/revisions"}],"predecessor-version":[{"id":1833,"href":"https:\/\/www.pedagogie.ac-nice.fr\/economie-gestion\/wp-json\/wp\/v2\/pages\/1782\/revisions\/1833"}],"wp:attachment":[{"href":"https:\/\/www.pedagogie.ac-nice.fr\/economie-gestion\/wp-json\/wp\/v2\/media?parent=1782"}],"curies":[{"name":"wp","href":"https:\/\/api.w.org\/{rel}","templated":true}]}}