{"id":1786,"date":"2019-10-11T20:10:32","date_gmt":"2019-10-11T18:10:32","guid":{"rendered":"https:\/\/www.pedagogie.ac-nice.fr\/economie-gestion\/?page_id=1786"},"modified":"2019-10-12T15:19:09","modified_gmt":"2019-10-12T13:19:09","slug":"management-en-stmg","status":"publish","type":"page","link":"https:\/\/www.pedagogie.ac-nice.fr\/economie-gestion\/management-en-stmg\/","title":{"rendered":"Management en STMG"},"content":{"rendered":"<p>\u00ab\u00a0L\u2019enseignement du management des organisations a pour objectif de faire d\u00e9couvrir aux \u00e9l\u00e8ves, \u00e0 partir de l\u2019observation et de l\u2019analyse du fonctionnement r\u00e9el des organisations, les concepts fondamentaux du management strat\u00e9gique qui permettent \u00e0 une organisation ouverte sur son environnement d\u2019assurer sa p\u00e9rennit\u00e9 et son d\u00e9veloppement&#8230;<br \/>\nLa construction des notions pr\u00e9vues au programme et l\u2019\u00e9tude des pratiques manag\u00e9riales ne peuvent se concevoir de fa\u00e7on th\u00e9orique. Elles doivent n\u00e9cessairement passer par une observation et une analyse de situations r\u00e9elles des diff\u00e9rents types d\u2019organisations&#8230;<br \/>\nCela implique des m\u00e9thodes de travail qui supposent :<br \/>\n&#8211; l\u2019observation et la description des organisations pr\u00e9sent\u00e9es, dans leur fonctionnement, dans des situations r\u00e9elles ou didactis\u00e9es,<br \/>\n&#8211; l\u2019utilisation syst\u00e9matique de supports faisant r\u00e9f\u00e9rence \u00e0 des exemples tir\u00e9s de la r\u00e9alit\u00e9, issus de sources vari\u00e9es (entretiens avec des professionnels, articles de presse, ressources Internet, visites d&rsquo;entreprises, jeux s\u00e9rieux\u2026),<br \/>\n&#8211; la production de synth\u00e8ses, commentaires et argumentations \u00e9crits ou oraux&#8230; \u00bb.<\/p>\n<p>&nbsp;<\/p>\n<p>Extraits de l&rsquo;introduction au programme de Management des organisations de STMG<\/p>\n","protected":false},"excerpt":{"rendered":"<p>\u00ab\u00a0L\u2019enseignement du management des organisations a pour objectif de faire d\u00e9couvrir aux \u00e9l\u00e8ves, \u00e0 partir de l\u2019observation et de l\u2019analyse<\/p>\n","protected":false},"author":205,"featured_media":0,"parent":0,"menu_order":0,"comment_status":"closed","ping_status":"closed","template":"","meta":{"colormag_page_container_layout":"default_layout","colormag_page_sidebar_layout":"default_layout","ngg_post_thumbnail":0,"footnotes":""},"class_list":["post-1786","page","type-page","status-publish","hentry"],"rttpg_featured_image_url":null,"rttpg_author":{"display_name":"Estelle REGIS","author_link":"https:\/\/www.pedagogie.ac-nice.fr\/economie-gestion\/author\/stmgadmin1\/"},"rttpg_comment":0,"rttpg_category":null,"rttpg_excerpt":"\u00ab\u00a0L\u2019enseignement du management des organisations a pour objectif de faire d\u00e9couvrir aux \u00e9l\u00e8ves, \u00e0 partir de l\u2019observation et de l\u2019analyse","post_mailing_queue_ids":[],"_links":{"self":[{"href":"https:\/\/www.pedagogie.ac-nice.fr\/economie-gestion\/wp-json\/wp\/v2\/pages\/1786","targetHints":{"allow":["GET"]}}],"collection":[{"href":"https:\/\/www.pedagogie.ac-nice.fr\/economie-gestion\/wp-json\/wp\/v2\/pages"}],"about":[{"href":"https:\/\/www.pedagogie.ac-nice.fr\/economie-gestion\/wp-json\/wp\/v2\/types\/page"}],"author":[{"embeddable":true,"href":"https:\/\/www.pedagogie.ac-nice.fr\/economie-gestion\/wp-json\/wp\/v2\/users\/205"}],"replies":[{"embeddable":true,"href":"https:\/\/www.pedagogie.ac-nice.fr\/economie-gestion\/wp-json\/wp\/v2\/comments?post=1786"}],"version-history":[{"count":2,"href":"https:\/\/www.pedagogie.ac-nice.fr\/economie-gestion\/wp-json\/wp\/v2\/pages\/1786\/revisions"}],"predecessor-version":[{"id":1842,"href":"https:\/\/www.pedagogie.ac-nice.fr\/economie-gestion\/wp-json\/wp\/v2\/pages\/1786\/revisions\/1842"}],"wp:attachment":[{"href":"https:\/\/www.pedagogie.ac-nice.fr\/economie-gestion\/wp-json\/wp\/v2\/media?parent=1786"}],"curies":[{"name":"wp","href":"https:\/\/api.w.org\/{rel}","templated":true}]}}