{"id":3127,"date":"2022-01-13T16:17:54","date_gmt":"2022-01-13T15:17:54","guid":{"rendered":"https:\/\/www.pedagogie.ac-nice.fr\/economie-gestion\/?page_id=3127"},"modified":"2022-01-13T16:17:54","modified_gmt":"2022-01-13T15:17:54","slug":"janvier-2022","status":"publish","type":"page","link":"https:\/\/www.pedagogie.ac-nice.fr\/economie-gestion\/janvier-2022\/","title":{"rendered":"janvier 2022"},"content":{"rendered":"<p style=\"font-weight: 400;\"><u><strong>Jeux et concours pour les \u00e9tudiants&nbsp;:<\/strong><\/u><\/p>\n<p style=\"font-weight: 400;\"><strong>L&rsquo;AFT&nbsp;<\/strong>lance le concours&nbsp;<strong>#Faitesnouskiffer<\/strong>&nbsp;qui vise \u00e0 promouvoir le secteur Transport-Logistique et ses m\u00e9tiers. Le Concours est enti\u00e8rement gratuit et sans obligation d\u2019achat. Il est ouvert \u00e0 toute personne physique majeure et mineure, r\u00e9sidant en France m\u00e9tropolitaine ou d\u2019Outre-mer remplissant au moins l\u2019un des crit\u00e8res suivants :<\/p>\n<p style=\"font-weight: 400;\">&#8211;&nbsp; &nbsp;-Suivre une formation de l\u2019\u00e9ducation nationale de niveau avant Bac ou Bac en Transport-Logistique<\/p>\n<p style=\"font-weight: 400;\">&#8211;&nbsp; &nbsp;-Suivre une formation sup\u00e9rieure en Transport-Logistique de Bac+2 \u00e0 Bac+3<\/p>\n<p style=\"font-weight: 400;\">&#8211;&nbsp; &nbsp;-Exercer un m\u00e9tier dans le secteur<\/p>\n<p style=\"font-weight: 400;\">Pour participer, les TikTokeurs candidats doivent illustrer leur situation pr\u00e9f\u00e9r\u00e9e&nbsp;de leur actuel ou futur m\u00e9tier en utilisant la musique \u00ab Too Young \u00bb de Natt Webb. Une fois publi\u00e9e sur TikTok entre le 16 d\u00e9cembre et le 15 mars avec le hashtag #Faitesnouskifferletransportlogistique, il faut remplir le formulaire de candidature.&nbsp;<a href=\"https:\/\/www.aft-dev.com\/agenda\/concours-tiktok-faitesnouskiffer\">https:\/\/www.aft-dev.com\/agenda\/concours-tiktok-faitesnouskiffer<\/a><\/p>\n<p style=\"font-weight: 400;\">&nbsp;<\/p>\n<p style=\"font-weight: 400;\">&nbsp;<\/p>\n<p style=\"font-weight: 400;\">&nbsp;<\/p>\n<p style=\"font-weight: 400;\"><strong>La finance pour tous<\/strong>&nbsp;: Il est encore temps de participer \u00e0 la 8\u00e8me \u00e9dition du<strong>&nbsp;Grand prix de la finance pour tous.<\/strong>&nbsp;Cette ann\u00e9e le th\u00e8me est&nbsp;:&nbsp;<strong><em>le bien-\u00eatre, quoi qu\u2019il en co\u00fbte ?<\/em><\/strong><\/p>\n<p style=\"font-weight: 400;\">\u00ab&nbsp; Le bien-\u00eatre a de multiples facettes. Synonyme de plaisir ou de confort, il est aujourd\u2019hui accol\u00e9 \u00e0 des qualificatifs divers : bien-\u00eatre financier, bien-\u00eatre social, bien-\u00eatre au travail, bien-\u00eatre \u00e0 l\u2019\u00e9cole, etc. Individuelle ou collective, la recherche de l\u2019am\u00e9lioration du bien-\u00eatre est d\u00e9sormais centrale dans nos soci\u00e9t\u00e9s modernes. Quel qu\u2019en soit le co\u00fbt ?&nbsp;\u00bb&nbsp;&nbsp;&nbsp;lien&nbsp;:&nbsp;<a href=\"https:\/\/www.lafinancepourtous.com\/2021\/11\/29\/grand-prix-2022-le-bien-etre-quoi-quil-en-coute\/\">https:\/\/www.lafinancepourtous.com\/2021\/11\/29\/grand-prix-2022-le-bien-etre-quoi-quil-en-coute\/<\/a><\/p>\n<p style=\"font-weight: 400;\"><strong>Cl\u00f4ture des remises de production&nbsp;: 7 mars 2022<\/strong><\/p>\n<p style=\"font-weight: 400;\">&nbsp;<\/p>\n<p style=\"font-weight: 400;\">&nbsp;<\/p>\n<p style=\"font-weight: 400;\"><u>Orientation\/emploi\/comp\u00e9tences<\/u><\/p>\n<p style=\"font-weight: 400;\"><strong>PIX et parcoursup&nbsp;<\/strong>:la certication&nbsp;: PIX n\u2019apparait pas dans le dossier \u00ab&nbsp;parcoursup&nbsp;\u00bb des \u00e9l\u00e8ves. Ceux qui l\u2019ont obtenu peuvent en faire mention dans leur dossier s\u2019ils souhaitent valoriser ce dernier.<\/p>\n<p style=\"font-weight: 400;\">Conseils pour trouver une entreprise d\u2019accueil&nbsp;:&nbsp;<a href=\"https:\/\/www.regionsjob.com\/actualites\/reconversion-pro-formation-ifocop.html\">https:\/\/www.regionsjob.com\/actualites\/reconversion-pro-formation-ifocop.html<\/a><\/p>\n<p style=\"font-weight: 400;\">&nbsp;<\/p>\n<p style=\"font-weight: 400;\">Vid\u00e9os \u00ab&nbsp;Etudier en\u2026.&nbsp;\u00bb pour mieux s\u2019orienter&nbsp;en post bac universit\u00e9&nbsp;<a href=\"https:\/\/jpo.univ-tln.fr\/videos-etudier-en\/\">https:\/\/jpo.univ-tln.fr\/videos-etudier-en\/<\/a>&nbsp;<\/p>\n<p style=\"font-weight: 400;\">Le principe de ces vid\u00e9os est d\u2019aider les \u00e9l\u00e8ves \u00e0 mieux appr\u00e9hender les \u00e9tudes dans une discipline en particulier. En 3 min, elles pr\u00e9sentent les 3 th\u00e9matiques principales qui leur permettront de mieux choisir une formation et de r\u00e9ussir dans tes \u00e9tudes.<\/p>\n<p style=\"font-weight: 400;\">&nbsp;<\/p>\n<p style=\"font-weight: 400;\">Universit\u00e9 de Nice&nbsp;: web conf\u00e9rence universit\u00e9&nbsp;:&nbsp;<a href=\"https:\/\/univ-cotedazur.fr\/formation\/reussir-ses-etudes\/du-lycee-a-luniversite\/les-webconferences-de-lorientation-2022\">https:\/\/univ-cotedazur.fr\/formation\/reussir-ses-etudes\/du-lycee-a-luniversite\/les-webconferences-de-lorientation-2022<\/a><\/p>\n<p style=\"font-weight: 400;\">&nbsp;<\/p>\n<p style=\"font-weight: 400;\">&nbsp;<\/p>\n<p style=\"font-weight: 400;\"><strong>Cr\u00e9ation d\u2019un DUT&nbsp;: Dipl\u00f4me d&rsquo;Universit\u00e9 Passeport pour r\u00e9ussir et s&rsquo;orienter.&nbsp;<\/strong><a href=\"https:\/\/youtu.be\/IhgvyY-3ayQ\">https:\/\/youtu.be\/IhgvyY-3ayQ<\/a>&nbsp;Le DU PaR\u00e9o est une ann\u00e9e de transition entre le lyc\u00e9e et la facult\u00e9 pour permettre aux jeunes de r\u00e9fl\u00e9chir \u00e0 leur projet professionnel et de trouver leur voie.<\/p>\n<p style=\"font-weight: 400;\">&nbsp;<\/p>\n<p style=\"font-weight: 400;\"><strong>Articles et vid\u00e9os<\/strong><\/p>\n<p style=\"font-weight: 400;\">Article&nbsp;: Comp\u00e9tences qui retiendront les employeurs :&nbsp;<a href=\"https:\/\/www.regionsjob.com\/actualites\/competences-recruteurs-2022.html\">https:\/\/www.regionsjob.com\/actualites\/competences-recruteurs-2022.html<\/a><\/p>\n<p style=\"font-weight: 400;\"><strong>\u00ab&nbsp;Sur le site La finance pour tous&nbsp;\u00bb&nbsp;<\/strong>Ressources&nbsp;&nbsp;sur la fiscalit\u00e9 des entreprises&nbsp;:&nbsp;<a href=\"https:\/\/www.lafinancepourtous.com\/pratique\/vie-pro\/creer-son-entreprise\/fiscalite-des-entreprises\/\">https:\/\/www.lafinancepourtous.com\/pratique\/vie-pro\/creer-son-entreprise\/fiscalite-des-entreprises\/<\/a>&nbsp;&nbsp;fiscalit\u00e9 directe-indirecte et avantages fiscaux<\/p>\n<p style=\"font-weight: 400;\">&nbsp;<\/p>\n<p style=\"font-weight: 400;\"><strong>Site p\u00e9dagogique de la Banque de France<\/strong><\/p>\n<p style=\"font-weight: 400;\">Lutte contre le blanchiment d\u2019argent&nbsp;:&nbsp;<a href=\"https:\/\/abc-economie.banque-france.fr\/la-lutte-contre-le-blanchiment-des-capitaux-et-le-financement-du-terrorisme\">https:\/\/abc-economie.banque-france.fr\/la-lutte-contre-le-blanchiment-des-capitaux-et-le-financement-du-terrorisme<\/a><\/p>\n<p style=\"font-weight: 400;\">&nbsp;<\/p>\n<p style=\"font-weight: 400;\">L\u2019\u00e9pargne des m\u00e9nages&nbsp;:&nbsp;<a href=\"https:\/\/abc-economie.banque-france.fr\/lepargne-des-menages\">https:\/\/abc-economie.banque-france.fr\/lepargne-des-menages<\/a><\/p>\n<p style=\"font-weight: 400;\">&nbsp;<\/p>\n<p style=\"font-weight: 400;\">&nbsp;<\/p>\n<p style=\"font-weight: 400;\"><strong>Formation<\/strong><\/p>\n<p style=\"font-weight: 400;\"><strong>Webinaire<\/strong>&nbsp;:Des outils num\u00e9riques \u00e9ducatifs pour la progression des \u00e9l\u00e8ves et la formation des enseignants&nbsp;<a href=\"http:\/\/acces.ens-lyon.fr\/acces\/classe\/webinars-canoe\/inscriptions-webinaires-2022\">http:\/\/acces.ens-lyon.fr\/acces\/classe\/webinars-canoe\/inscriptions-webinaires-2022<\/a><\/p>\n<p style=\"font-weight: 400;\"><strong>&nbsp;<\/strong><\/p>\n<p style=\"font-weight: 400;\"><strong>FUN MOOC<\/strong><\/p>\n<p style=\"font-weight: 400;\">Jusqu\u2019au 23 janvier&nbsp;:&nbsp;<strong>Comprendre le droit du travail<\/strong>&nbsp;:&nbsp;<a href=\"https:\/\/www.fun-mooc.fr\/fr\/cours\/comprendre-le-droit-des-contrats-de-travail\/\">https:\/\/www.fun-mooc.fr\/fr\/cours\/comprendre-le-droit-des-contrats-de-travail\/<\/a><\/p>\n<p style=\"font-weight: 400;\">Ce Mooc vous pr\u00e9sente la vie des contrats de travail, de leur naissance jusqu\u2019\u00e0 leur fin. Ce cours est fond\u00e9 sur la pratique et la gestion quotidienne des contrats de travail en entreprise, et traite de l\u2019ensemble des probl\u00e9matiques juridiques que l\u2019on peut rencontrer aujourd\u2019hui sur ce sujet. Ainsi, chaque s\u00e9quence du cours d\u00e9bute par un cas pratique, et est suivie de l\u2019analyse des m\u00e9canismes juridiques sp\u00e9cifiques \u00e0 ces situations, afin que chacun comprenne la liaison entre la pratique et la th\u00e9orie, la logique juridique et sa port\u00e9e, ainsi que les risques, au civil et au p\u00e9nal, qui y sont associ\u00e9s. Ce cours int\u00e8gre les dispositions des ordonnances Macron de septembre 2017 et de la loi Travail d\u2019ao\u00fbt 2016.<\/p>\n<p style=\"font-weight: 400;\"><strong>Comptabilit\u00e9 et gestion pratique du tableur&nbsp;<\/strong>:&nbsp;<a href=\"https:\/\/www.fun-mooc.fr\/fr\/cours\/comptabilite-de-gestion-et-pratique-du-tableur\/\">https:\/\/www.fun-mooc.fr\/fr\/cours\/comptabilite-de-gestion-et-pratique-du-tableur\/<\/a><\/p>\n<p style=\"font-weight: 400;\"><strong>Cette ann\u00e9e encore pour l\u2019orientation&nbsp;:<\/strong><\/p>\n<p style=\"font-weight: 400;\">-un mooc intitul\u00e9&nbsp;<strong>Entrer \u00e0 l&rsquo;IUT : les codes pour booster ton dossier.<\/strong>&nbsp;https:\/\/www.fun-mooc.fr\/fr\/cours\/entrer-a-liut-les-codes-pour-booster-ton-dossier\/&nbsp;\u00ab&nbsp;<em>Pour monter un bon dossier de candidature en IUT, il faut du temps, de la r\u00e9flexion, et de bons conseils\u2026 Nous vous proposons de booster votre dossier en suivant les 4 semaines de ce mooc, \u00e0 raison de 30 minutes par semaine.&nbsp;\u00bb<\/em><\/p>\n<p style=\"font-weight: 400;\"><em>&nbsp;<\/em><\/p>\n<p style=\"font-weight: 400;\"><em>-un mooc sur les \u00e9tudes de droit&nbsp;<a href=\"https:\/\/www.fun-mooc.fr\/fr\/cours\/le-droit-est-ce-pour-moi\/\">https:\/\/www.fun-mooc.fr\/fr\/cours\/le-droit-est-ce-pour-moi\/<\/a><\/em><\/p>\n<p style=\"font-weight: 400;\"><em>Le Droit vous passionne depuis toujours. C\u2019est cette voie que vous voulez choisir.<\/em><\/p>\n<p style=\"font-weight: 400;\"><em>\u00ab&nbsp;Mais \u00eates-vous s\u00fbr de ne pas vous tromper ? Comment savoir si les \u00e9tudes de vos r\u00eaves ne vont pas virer au cauchemar ? Plongez tout de suite au c\u0153ur de cet univers fascinant pour les uns, herm\u00e9tique pour les autres. Venez d\u00e9couvrir le secret des cours, de la vie \u00e9tudiante et des m\u00e9tiers du droit avec l\u2019Universit\u00e9 Panth\u00e9on-Assas. Et ne restez pas sans r\u00e9ponse face \u00e0 cette cruciale question : \u00ab Le droit, est-ce vraiment pour moi ? \u00bb<\/em><\/p>\n<p style=\"font-weight: 400;\"><em>&nbsp;<\/em><\/p>\n<p style=\"font-weight: 400;\"><em>-Mooc sur La formation par apprentissage dans l&rsquo;enseignement sup\u00e9rieur.<\/em>&nbsp;https:\/\/www.fun-mooc.fr\/fr\/cours\/la-formation-par-apprentissage-dans-lenseignement-superieur\/<\/p>\n<p style=\"font-weight: 400;\"><strong>D\u2019autres formations en droit, l\u2019intelligence artificielle, l\u2019orientation\u2026<\/strong><\/p>\n<p style=\"font-weight: 400;\"><strong>&nbsp;<\/strong><\/p>\n<p style=\"font-weight: 400;\"><strong>Les Web Educ&rsquo; de l&rsquo;AFT&nbsp;<\/strong><strong>:&nbsp;<a href=\"https:\/\/www.billetweb.fr\/les-web-educ-de-laft-wms1\">https:\/\/www.billetweb.fr\/les-web-educ-de-laft-wms1<\/a><\/strong><\/p>\n<p style=\"font-weight: 400;\">Mercredi 19 janvier 2022 De 14h00 \u00e0 15h30&nbsp;: Comment utiliser un WMS pour optimiser ses op\u00e9rations en stock ?&nbsp;&nbsp;<\/p>\n<p style=\"font-weight: 400;\">Mercredi 26 janvier 2022 De 14h00 \u00e0 15h30&nbsp;: Construire son cahier des charges pour s\u00e9lectionner un WMS adapt\u00e9&nbsp;&nbsp;&nbsp;&nbsp;<\/p>\n<p style=\"font-weight: 400;\"><strong>Cours en classe virtuelle&nbsp;: La classe virtuelle du CNED&nbsp;<\/strong>est toujours accessible aux enseignants. Pour simplifier la connexion, vous pouvez y acc\u00e9der directement via le portail \u00ab&nbsp;Esterel&nbsp;\u00bb avec l\u2019ic\u00f4ne &nbsp;classe virtuelle&nbsp;\u00bb ou dans la barre de recherche&nbsp; \u00ab&nbsp;Esterel&nbsp;\u00bb en tapant&nbsp;: classe virtuelle. Vous pouvez choisir la classe virtuelle avec \u00ab&nbsp;salle d\u2019attente ou sans salle d\u2019attente.&nbsp;<\/p>\n<p style=\"font-weight: 400;\"><strong>&nbsp;<\/strong><\/p>\n<p style=\"font-weight: 400;\"><strong>Usage des outils num\u00e9riques&nbsp;:<\/strong><\/p>\n<p style=\"font-weight: 400;\">-Outils de curation&nbsp;<strong>scoop.it<\/strong>&nbsp;essai gratuit durant 7 jours&nbsp;:&nbsp;<a href=\"https:\/\/www.scoop.it\/\">https:\/\/www.scoop.it\/<\/a><\/p>\n<p style=\"font-weight: 400;\">-Comment organiser un jeu concours sur Instagram ? (pour une entreprise)&nbsp;<a href=\"https:\/\/blog.hubspot.fr\/marketing\/jeu-concours-instagram\">https:\/\/blog.hubspot.fr\/marketing\/jeu-concours-instagram<\/a><\/p>\n<p style=\"font-weight: 400;\">&#8211; Article CR\u00c9ER UN SITE INTERNET POUR D\u00c9VELOPPER L&rsquo;ACTIVIT\u00c9 DE SON ENTREPRISE + vid\u00e9os de chef d\u2019entreprise t\u00e9moignant de l\u2019importance du d\u00e9veloppement d\u2019un site pour l\u2019activit\u00e9 de l\u2019organisation.&nbsp;<a href=\"https:\/\/www.francenum.gouv.fr\/comprendre-le-numerique\/creer-un-site-internet-pour-developper-lactivite-de-son-entreprise\">https:\/\/www.francenum.gouv.fr\/comprendre-le-numerique\/creer-un-site-internet-pour-developper-lactivite-de-son-entreprise<\/a><\/p>\n","protected":false},"excerpt":{"rendered":"<p>Jeux et concours pour les \u00e9tudiants&nbsp;: L&rsquo;AFT&nbsp;lance le concours&nbsp;#Faitesnouskiffer&nbsp;qui vise \u00e0 promouvoir le secteur Transport-Logistique et ses m\u00e9tiers. Le Concours<\/p>\n","protected":false},"author":205,"featured_media":0,"parent":0,"menu_order":0,"comment_status":"closed","ping_status":"closed","template":"","meta":{"colormag_page_container_layout":"default_layout","colormag_page_sidebar_layout":"default_layout","ngg_post_thumbnail":0,"footnotes":""},"class_list":["post-3127","page","type-page","status-publish","hentry"],"rttpg_featured_image_url":null,"rttpg_author":{"display_name":"Estelle REGIS","author_link":"https:\/\/www.pedagogie.ac-nice.fr\/economie-gestion\/author\/stmgadmin1\/"},"rttpg_comment":0,"rttpg_category":null,"rttpg_excerpt":"Jeux et concours pour les \u00e9tudiants&nbsp;: L&rsquo;AFT&nbsp;lance le concours&nbsp;#Faitesnouskiffer&nbsp;qui vise \u00e0 promouvoir le secteur Transport-Logistique et ses m\u00e9tiers. Le Concours","post_mailing_queue_ids":[],"_links":{"self":[{"href":"https:\/\/www.pedagogie.ac-nice.fr\/economie-gestion\/wp-json\/wp\/v2\/pages\/3127","targetHints":{"allow":["GET"]}}],"collection":[{"href":"https:\/\/www.pedagogie.ac-nice.fr\/economie-gestion\/wp-json\/wp\/v2\/pages"}],"about":[{"href":"https:\/\/www.pedagogie.ac-nice.fr\/economie-gestion\/wp-json\/wp\/v2\/types\/page"}],"author":[{"embeddable":true,"href":"https:\/\/www.pedagogie.ac-nice.fr\/economie-gestion\/wp-json\/wp\/v2\/users\/205"}],"replies":[{"embeddable":true,"href":"https:\/\/www.pedagogie.ac-nice.fr\/economie-gestion\/wp-json\/wp\/v2\/comments?post=3127"}],"version-history":[{"count":1,"href":"https:\/\/www.pedagogie.ac-nice.fr\/economie-gestion\/wp-json\/wp\/v2\/pages\/3127\/revisions"}],"predecessor-version":[{"id":3128,"href":"https:\/\/www.pedagogie.ac-nice.fr\/economie-gestion\/wp-json\/wp\/v2\/pages\/3127\/revisions\/3128"}],"wp:attachment":[{"href":"https:\/\/www.pedagogie.ac-nice.fr\/economie-gestion\/wp-json\/wp\/v2\/media?parent=3127"}],"curies":[{"name":"wp","href":"https:\/\/api.w.org\/{rel}","templated":true}]}}