{"id":3133,"date":"2022-01-13T16:22:01","date_gmt":"2022-01-13T15:22:01","guid":{"rendered":"https:\/\/www.pedagogie.ac-nice.fr\/economie-gestion\/?page_id=3133"},"modified":"2022-01-13T16:22:01","modified_gmt":"2022-01-13T15:22:01","slug":"octobre-2021","status":"publish","type":"page","link":"https:\/\/www.pedagogie.ac-nice.fr\/economie-gestion\/octobre-2021\/","title":{"rendered":"Octobre 2021"},"content":{"rendered":"<p style=\"font-weight: 400;\">voici quelques informations qui peuvent vous int\u00e9resser:<\/p>\n<p style=\"font-weight: 400;\">-Les inscriptions&nbsp;<strong>aux concours de recrutement<\/strong>&nbsp;d&rsquo;enseignants (CRPE, Agr\u00e9gation, Capes, Capeps, Capet et CAPLP) de la session 2022 sont ouvertes&nbsp;<strong>jusqu\u2019au mercredi 17 novembre 2021, 17 heures<\/strong>, heure de Paris.&nbsp;&nbsp;<a href=\"https:\/\/www.devenirenseignant.gouv.fr\/pid35072\/inscrivez-vous-aux-concours-recrutement-education.html\">https:\/\/www.devenirenseignant.gouv.fr\/pid35072\/inscrivez-vous-aux-concours-recrutement-education.html<\/a><\/p>\n<p style=\"font-weight: 400;\">-Rappel&nbsp;:Salon Studyrama le&nbsp;<strong>vendredi 19 novembre et samedi 20 novembre \u00e0 Toulon&nbsp;<\/strong>plus tard pour Nice (vendredi 21 janvier et samedi 22 janvier 2022). Attention sauf modification&nbsp;:<strong>&nbsp;Pass sanitaire demand\u00e9.<\/strong><\/p>\n<p>&nbsp;<\/p>\n<p>-Calendrier concernant les examens du baccalaur\u00e9at 2022&nbsp;<a href=\"https:\/\/www.education.gouv.fr\/bo\/21\/Hebdo36\/MENE2126480N.htm\">https:\/\/www.education.gouv.fr\/bo\/21\/Hebdo36\/MENE2126480N.htm<\/a><\/p>\n<p>-Les inscriptions&nbsp;<strong>au concours lyc\u00e9en g\u00e9n\u00e9ration Euro 2021\/2022&nbsp;<\/strong>sont possibles depuis le 4 octobre 2021 et jusqu\u2019au<strong>&nbsp;28 novembre 2021 minuit.&nbsp;<\/strong>Le concours europ\u00e9en, le GECLY (G\u00e9n\u00e9ration Euro \u2013 concours lyc\u00e9en) organis\u00e9 par l\u2019Eurosyst\u00e8me, est destin\u00e9 \u00e0 valoriser les enseignements d\u2019\u00e9conomie en STMG notamment (les SES peuvent y participer \u00e9galement). Il s\u2019adresse \u00e0 des \u00e9quipes de 3 \u00e0 5 \u00e9l\u00e8ves accompagn\u00e9s par un professeur. Le concours porte principalement sur les questions d\u2019ordre mon\u00e9taire et se d\u00e9roule en plusieurs \u00e9tapes dont la premi\u00e8re est constitu\u00e9e par un quizz en ligne.<strong><a href=\"https:\/\/www.generationeuro.eu\/fr-fr\/node\/73986\">https:\/\/www.generationeuro.eu\/fr-fr\/node\/73986<\/a><\/strong><\/p>\n<p>&nbsp;<\/p>\n<p><strong>-Le prix Nobel d\u2019\u00e9conomie 2021 a \u00e9t\u00e9 attribu\u00e9 \u00e0 David Card, Joshua Angrist et Guido Imbens<\/strong><\/p>\n<p><a href=\"https:\/\/www.melchior.fr\/actualite\/le-prix-nobel-d-economie-2021-attribue-david-card-joshua-angrist-et-guido-imbens\">https:\/\/www.melchior.fr\/actualite\/le-prix-nobel-d-economie-2021-attribue-david-card-joshua-angrist-et-guido-imbens<\/a><\/p>\n<p>-Vous trouverez&nbsp;<strong>de nouvelles ressources dans diff\u00e9rentes mati\u00e8res&nbsp;<\/strong>(droit-\u00e9co- sciences de gestion et du num\u00e9rique\u2026) dans le groupe&nbsp;<strong>STMG 2021 sur VIAEDUC&nbsp;<\/strong><a href=\"https:\/\/www.viaeduc.fr\/group\/19964\">https:\/\/www.viaeduc.fr\/group\/19964<\/a><\/p>\n","protected":false},"excerpt":{"rendered":"<p>voici quelques informations qui peuvent vous int\u00e9resser: -Les inscriptions&nbsp;aux concours de recrutement&nbsp;d&rsquo;enseignants (CRPE, Agr\u00e9gation, Capes, Capeps, Capet et CAPLP) de<\/p>\n","protected":false},"author":205,"featured_media":0,"parent":0,"menu_order":0,"comment_status":"closed","ping_status":"closed","template":"","meta":{"colormag_page_container_layout":"default_layout","colormag_page_sidebar_layout":"default_layout","ngg_post_thumbnail":0,"footnotes":""},"class_list":["post-3133","page","type-page","status-publish","hentry"],"rttpg_featured_image_url":null,"rttpg_author":{"display_name":"Estelle REGIS","author_link":"https:\/\/www.pedagogie.ac-nice.fr\/economie-gestion\/author\/stmgadmin1\/"},"rttpg_comment":0,"rttpg_category":null,"rttpg_excerpt":"voici quelques informations qui peuvent vous int\u00e9resser: -Les inscriptions&nbsp;aux concours de recrutement&nbsp;d&rsquo;enseignants (CRPE, Agr\u00e9gation, Capes, Capeps, Capet et CAPLP) de","post_mailing_queue_ids":[],"_links":{"self":[{"href":"https:\/\/www.pedagogie.ac-nice.fr\/economie-gestion\/wp-json\/wp\/v2\/pages\/3133","targetHints":{"allow":["GET"]}}],"collection":[{"href":"https:\/\/www.pedagogie.ac-nice.fr\/economie-gestion\/wp-json\/wp\/v2\/pages"}],"about":[{"href":"https:\/\/www.pedagogie.ac-nice.fr\/economie-gestion\/wp-json\/wp\/v2\/types\/page"}],"author":[{"embeddable":true,"href":"https:\/\/www.pedagogie.ac-nice.fr\/economie-gestion\/wp-json\/wp\/v2\/users\/205"}],"replies":[{"embeddable":true,"href":"https:\/\/www.pedagogie.ac-nice.fr\/economie-gestion\/wp-json\/wp\/v2\/comments?post=3133"}],"version-history":[{"count":1,"href":"https:\/\/www.pedagogie.ac-nice.fr\/economie-gestion\/wp-json\/wp\/v2\/pages\/3133\/revisions"}],"predecessor-version":[{"id":3134,"href":"https:\/\/www.pedagogie.ac-nice.fr\/economie-gestion\/wp-json\/wp\/v2\/pages\/3133\/revisions\/3134"}],"wp:attachment":[{"href":"https:\/\/www.pedagogie.ac-nice.fr\/economie-gestion\/wp-json\/wp\/v2\/media?parent=3133"}],"curies":[{"name":"wp","href":"https:\/\/api.w.org\/{rel}","templated":true}]}}