{"id":3137,"date":"2022-01-13T16:24:25","date_gmt":"2022-01-13T15:24:25","guid":{"rendered":"https:\/\/www.pedagogie.ac-nice.fr\/economie-gestion\/?page_id=3137"},"modified":"2022-01-13T16:24:25","modified_gmt":"2022-01-13T15:24:25","slug":"septembre-2021","status":"publish","type":"page","link":"https:\/\/www.pedagogie.ac-nice.fr\/economie-gestion\/septembre-2021\/","title":{"rendered":"Septembre 2021"},"content":{"rendered":"<p style=\"font-weight: 400;\">voici quelques informations qui peuvent vous int\u00e9resser:<\/p>\n<ul style=\"font-weight: 400;\">\n<li><strong><u>Organisation du concours national: Jeunes, solidaires et citoyens &#8211; ann\u00e9e 2021-2022<\/u><\/strong><\/li>\n<\/ul>\n<p style=\"font-weight: 400;\">Ce concours vise \u00e0&nbsp;:<\/p>\n<p style=\"font-weight: 400;\">-faire r\u00e9fl\u00e9chir les \u00e9l\u00e8ves sur la solidarit\u00e9 et ce qu&rsquo;elle signifie, sur les finalit\u00e9s de la S\u00e9curit\u00e9 sociale, sur leur propre rapport \u00e0 la S\u00e9curit\u00e9 sociale et leurs responsabilit\u00e9s&nbsp;;<\/p>\n<p style=\"font-weight: 400;\">-favoriser l&rsquo;appropriation de concepts et valeurs \u00e0 travers la conception de supports sur la S\u00e9curit\u00e9 sociale, encadr\u00e9e par les enseignants avec l&rsquo;appui de professionnels de la S\u00e9curit\u00e9 sociale.<\/p>\n<p style=\"font-weight: 400;\"><strong>Formulaire accessible sur le site&nbsp;<a href=\"https:\/\/secu-jeunes.fr\/concours-secu-jeunes\/\">https:\/\/secu-jeunes.fr\/concours-secu-jeunes\/<\/a>&nbsp;Inscription jusqu\u2019au 20 septembre<\/strong><\/p>\n<p style=\"font-weight: 400;\">&nbsp;<\/p>\n<ul style=\"font-weight: 400;\">\n<li><strong><u>Les Jeudi 26 ao\u00fbt et Vendredi 27 ao\u00fbt 2021<\/u><\/strong>&nbsp;se sont tenus les \u00ab&nbsp;&nbsp;<strong>Entretiens Enseignants-Entreprises 2021<\/strong>&nbsp;: Quels (nouveaux) d\u00e9fis pour les entreprises ? Des entrepreneurs aux organisations : d\u00e9bats et enjeux&nbsp;\u00bb<\/li>\n<\/ul>\n<p style=\"font-weight: 400;\">-Retrouvez les vid\u00e9os des interventions de ces deux jours d\u2019\u00e9changes (\u00e0 distance) \u00e0 l\u2019adresse&nbsp;:&nbsp;<a href=\"https:\/\/www.youtube.com\/playlist?list=PLPwpaw-j2q8M2lzJRFEmUDA3eESdHI7J2\">https:\/\/www.youtube.com\/playlist?list=PLPwpaw-j2q8M2lzJRFEmUDA3eESdHI7J2<\/a><\/p>\n<p style=\"font-weight: 400;\">&nbsp;<\/p>\n<ul style=\"font-weight: 400;\">\n<li><strong><u>Nouvelles ressources 1 \u00e8re STMG<\/u>&nbsp;<\/strong>dans le th\u00e8me 3 sur la cr\u00e9ation de valeur et la performance gr\u00e2ce \u00e0 la&nbsp;<strong>soci\u00e9t\u00e9 Bel<\/strong>&nbsp;&nbsp;<a href=\"https:\/\/eduscol.education.fr\/1742\/programmes-et-ressources-en-serie-stmg#STMG-numerique-intelligence-collective\">https:\/\/eduscol.education.fr\/1742\/programmes-et-ressources-en-serie-stmg#STMG-numerique-intelligence-collective<\/a><\/li>\n<\/ul>\n<p style=\"font-weight: 400;\">&nbsp;<\/p>\n<ul style=\"font-weight: 400;\">\n<li><u><strong>L\u2019INSEE a publi\u00e9 un ensemble de tableaux et de graphiques&nbsp;<\/strong><\/u>synth\u00e9tisant les grandes donn\u00e9es et \u00e9volutions \u00e9conomiques, financi\u00e8res, de d\u00e9veloppement, \u2026.<a href=\"https:\/\/www.insee.fr\/fr\/outil-interactif\/5367857\/\">https:\/\/www.insee.fr\/fr\/outil-interactif\/5367857\/<\/a><\/li>\n<\/ul>\n<p style=\"font-weight: 400;\">&nbsp;<\/p>\n<ul style=\"font-weight: 400;\">\n<li><u><strong>La banque de France<\/strong><\/u><strong><u>&nbsp;a ajout\u00e9 de nouveaux jeux \u00e0 son site l\u2019ABC de l\u2019\u00e9conomie<\/u>&nbsp;<\/strong>pour s\u2019initier ou approfondir les connaissances des \u00e9l\u00e8ves&nbsp;:&nbsp;<a href=\"https:\/\/abc-economie.banque-france.fr\/page-videos-et-jeux\/jeux\">https:\/\/abc-economie.banque-france.fr\/page-videos-et-jeux\/jeux<\/a><\/li>\n<\/ul>\n<p style=\"font-weight: 400;\">&nbsp;<\/p>\n<ul style=\"font-weight: 400;\">\n<li><u><strong>Prix de l\u2019excellence \u00e9conomique en STMG 2021-2022<\/strong>&nbsp;<\/u>: Le minist\u00e8re de l\u2019\u00c9ducation nationale organise avec Cit\u00e9co, la Banque de France, l\u2019Institut d\u2019\u00c9mission des D\u00e9partements d\u2019Outre-Mer (IEDOM) et l\u2019Institut d\u2019\u00c9mission d\u2019Outre-Mer (IEOM), le Prix de l\u2019Excellence \u00c9conomique pour les \u00e9l\u00e8ves en STMG. Ce concours consiste en une \u00e9preuve \u00e9crite de 4 heures. Il s\u2019adresse \u00e0 tous les \u00e9l\u00e8ves volontaires de terminale STMG, quel que soit leur niveau, et vise \u00e0 ce que les concepts \u00e9conomiques servent de moteur \u00e0 leur entra\u00eenement intellectuel.&nbsp;<a href=\"https:\/\/abc-economie.banque-france.fr\/prix-de-lexcellence-economique-en-stmg-2021-2022\">https:\/\/abc-economie.banque-france.fr\/prix-de-lexcellence-economique-en-stmg-2021-2022<\/a>&nbsp;&nbsp;<strong>Inscription jusqu\u2019au 15 octobre 2021<\/strong><\/li>\n<\/ul>\n<p style=\"font-weight: 400;\">&nbsp;<\/p>\n<ul style=\"font-weight: 400;\">\n<li><strong>Plus&nbsp;que 23 jours&nbsp;pour vous abonner gratuitement<u>&nbsp;au brief.\u00e9co&nbsp;:<\/u>&nbsp;<\/strong><a href=\"https:\/\/www.brief.eco\/enseignants\/#:~:text=Un%20abonnement%20%C3%A0%20Brief.eco%20est%20offert%20aux%20enseignants,de%20rendre%20l%E2%80%99%C3%A9conomie%20accessible%20au%20plus%20grand%20nombre\">https:\/\/www.brief.eco\/enseignants\/#:~:text=Un%20abonnement%20%C3%A0%20Brief.eco%20est%20offert%20aux%20enseignants,de%20rendre%20l%E2%80%99%C3%A9conomie%20accessible%20au%20plus%20grand%20nombre<\/a>.&nbsp; &nbsp; &nbsp; &nbsp;Abonnement gratuit pour vos \u00e9l\u00e8ves jusqu\u2019au 30 septembre&nbsp;:&nbsp;<a href=\"https:\/\/www.brief.eco\/lycees\/\">https:\/\/www.brief.eco\/lycees\/<\/a><\/li>\n<\/ul>\n<p>&nbsp;<\/p>\n<ul style=\"font-weight: 400;\">\n<li><strong>Vous pouvez vous inscrire au PAF via la plateforme GAIA&nbsp;jusqu\u2019au 19 septembre 2021<\/strong><\/li>\n<\/ul>\n","protected":false},"excerpt":{"rendered":"<p>voici quelques informations qui peuvent vous int\u00e9resser: Organisation du concours national: Jeunes, solidaires et citoyens &#8211; ann\u00e9e 2021-2022 Ce concours<\/p>\n","protected":false},"author":205,"featured_media":0,"parent":0,"menu_order":0,"comment_status":"closed","ping_status":"closed","template":"","meta":{"colormag_page_container_layout":"default_layout","colormag_page_sidebar_layout":"default_layout","ngg_post_thumbnail":0,"footnotes":""},"class_list":["post-3137","page","type-page","status-publish","hentry"],"rttpg_featured_image_url":null,"rttpg_author":{"display_name":"Estelle REGIS","author_link":"https:\/\/www.pedagogie.ac-nice.fr\/economie-gestion\/author\/stmgadmin1\/"},"rttpg_comment":0,"rttpg_category":null,"rttpg_excerpt":"voici quelques informations qui peuvent vous int\u00e9resser: Organisation du concours national: Jeunes, solidaires et citoyens &#8211; ann\u00e9e 2021-2022 Ce concours","post_mailing_queue_ids":[],"_links":{"self":[{"href":"https:\/\/www.pedagogie.ac-nice.fr\/economie-gestion\/wp-json\/wp\/v2\/pages\/3137","targetHints":{"allow":["GET"]}}],"collection":[{"href":"https:\/\/www.pedagogie.ac-nice.fr\/economie-gestion\/wp-json\/wp\/v2\/pages"}],"about":[{"href":"https:\/\/www.pedagogie.ac-nice.fr\/economie-gestion\/wp-json\/wp\/v2\/types\/page"}],"author":[{"embeddable":true,"href":"https:\/\/www.pedagogie.ac-nice.fr\/economie-gestion\/wp-json\/wp\/v2\/users\/205"}],"replies":[{"embeddable":true,"href":"https:\/\/www.pedagogie.ac-nice.fr\/economie-gestion\/wp-json\/wp\/v2\/comments?post=3137"}],"version-history":[{"count":1,"href":"https:\/\/www.pedagogie.ac-nice.fr\/economie-gestion\/wp-json\/wp\/v2\/pages\/3137\/revisions"}],"predecessor-version":[{"id":3138,"href":"https:\/\/www.pedagogie.ac-nice.fr\/economie-gestion\/wp-json\/wp\/v2\/pages\/3137\/revisions\/3138"}],"wp:attachment":[{"href":"https:\/\/www.pedagogie.ac-nice.fr\/economie-gestion\/wp-json\/wp\/v2\/media?parent=3137"}],"curies":[{"name":"wp","href":"https:\/\/api.w.org\/{rel}","templated":true}]}}