{"id":3178,"date":"2022-05-19T09:18:36","date_gmt":"2022-05-19T07:18:36","guid":{"rendered":"https:\/\/www.pedagogie.ac-nice.fr\/economie-gestion\/?page_id=3178"},"modified":"2022-05-19T09:31:18","modified_gmt":"2022-05-19T07:31:18","slug":"droit-et-enjeux-du-monde-contemporain","status":"publish","type":"page","link":"https:\/\/www.pedagogie.ac-nice.fr\/economie-gestion\/droit-et-enjeux-du-monde-contemporain\/","title":{"rendered":"Droit et enjeux du monde contemporain (DGEMC)"},"content":{"rendered":"<p><main id=\"main-content\" tabindex=\"-1\" role=\"main\"><\/p>\n<div id=\"block-eduscol-theme-content\">\n<article role=\"article\">\n<div class=\"article__main\">\n<div class=\"container container--flex\">\n<div class=\"column--flex column--flex--main\">\n<div class=\"column--flex column--flex--content\">\n<div class=\"content-top\" role=\"article\">\n<div class=\"block-social-network social-networks-top js-print\">\n<div class=\"social-network-wrapper\">\n<div class=\"share_addthis_actions\">\n<div class=\"addthis_toolbox addthis_default_style addthis_32x32_style\">\n<div class=\"addthis-box\">\n<div class=\"tac_activate\">\n<div class=\"tac_float\">Le programme de droit et grands enjeux du monde contemporain (DGEMC) de terminale de la voie g\u00e9n\u00e9rale est pr\u00e9sent\u00e9 en lien avec des ressources pour accompagner sa mise en \u0153uvre.<\/div>\n<\/div>\n<\/div>\n<\/div>\n<\/div>\n<\/div>\n<\/div>\n<div class=\"content-top__last-update\"><span role=\"paragraph\">Mis \u00e0 jour : f\u00e9vrier 2022<\/span><\/div>\n<\/div>\n<div class=\"text-block\">\n<div class=\"rich-text ckeditor-text clearfix\">\n<h2 id=\"summary-item-0\">Programme en vigueur<\/h2>\n<p>Le programme d&rsquo;enseignement optionnel DGEMC de terminale g\u00e9n\u00e9rale est d\u00e9fini par arr\u00eat\u00e9 du 19-7-2019 publi\u00e9 au BO sp\u00e9cial n\u00b0 8 du 25&nbsp;juillet&nbsp;2019.<\/p>\n<p>Ce programme entre en vigueur&nbsp;<strong>&nbsp;\u00e0 la rentr\u00e9e 2020<\/strong>.<\/p>\n<p>T\u00e9l\u00e9chargez le programme de&nbsp;<a class=\"media-document\" href=\"https:\/\/eduscol.education.fr\/document\/24547\/download\" target=\"_blank\" rel=\"noopener\" data-ati=\"\" data-ati-name=\"spe266_annexe_1158650.pdf|24547\" data-ati-chapter-1=\"document\" data-ati-type=\"download\">DGEMC en terminale g\u00e9n\u00e9rale<\/a><\/p>\n<\/div>\n<\/div>\n<div class=\"text-block\">\n<div class=\"rich-text ckeditor-text clearfix\">\n<h2 id=\"summary-item-1\">Ressources d&rsquo;accompagnement<\/h2>\n<\/div>\n<\/div>\n<div class=\"block-framed\">\n<div class=\"block-content\">\n<div class=\"one-item-per-line frame-line\">\n<div class=\"frame-box item-block admin_text_without_background\"><span class=\"block-title\">\u00c0 savoir : <\/span>Des ressources d&rsquo;accompagnement sont en cours de pr\u00e9paration&nbsp;; elles seront progressivement mises en ligne.<\/div>\n<\/div>\n<\/div>\n<\/div>\n<div class=\"text-block\">\n<div class=\"rich-text ckeditor-text clearfix\">\n<h2 id=\"summary-item-2\">Volumes horaires d&rsquo;enseignement<\/h2>\n<div class=\"table-wrapper\">\n<div class=\"webservice-table__parent js-webs-table-scroll\">\n<div class=\"webservices-table-wrapper-block__outside js-webs-table-outside\">\n<table>\n<thead>\n<tr>\n<th>Enseignement optionnel DGEMC<\/th>\n<th>Horaire \u00e9l\u00e8ve<\/th>\n<\/tr>\n<\/thead>\n<tbody>\n<tr>\n<td>Terminale g\u00e9n\u00e9rale<\/td>\n<td>3h<\/td>\n<\/tr>\n<\/tbody>\n<\/table>\n<\/div>\n<\/div>\n<\/div>\n<\/div>\n<\/div>\n<div>\n<h2 id=\"summary-item-3\">Autres programmes et ressources en droit et grands enjeux du monde contemporain<\/h2>\n<div class=\"slider one-item slick-initialized slick-slider slick-dotted\" role=\"group\" aria-roledescription=\"Carrousel\" aria-labelledby=\"summary-item-3\">\n<div class=\"slick-list draggable\">\n<div class=\"slick-track\">\n<div id=\"slick-slide00\" class=\"item-block slider-item slick-slide slick-current slick-active\" tabindex=\"0\" role=\"tabpanel group\" data-slick-index=\"0\" aria-hidden=\"false\">\n<div class=\"item-image\">\n<div role=\"presentation\"><img loading=\"lazy\" decoding=\"async\" class=\"aligncenter\" src=\"https:\/\/eduscol.education.fr\/sites\/default\/files\/styles\/image_for_carousel\/public\/2020-09\/vignette-eduscol-952x45390-numerique-m-gistere-jpg-223-58-kb--912.jpg?itok=e2Veu6Sh\" alt=\"\" width=\"367\" height=\"173\"><\/div>\n<\/div>\n<div class=\"item-content ckeditor-text\">\n<p style=\"text-align: center;\"><strong>Parcours M@gist\u00e8re \u00ab\u00a0DGEMC 2020\u00a0\u00bb<\/strong><\/p>\n<\/div>\n<\/div>\n<\/div>\n<\/div>\n<\/div>\n<\/div>\n<div class=\"text-block\">\n<div class=\"rich-text ckeditor-text clearfix\">\n<p>L&rsquo;acad\u00e9mie de Grenoble propose un parcours M@gist\u00e8re \u00ab&nbsp;DGEMC 2020&nbsp;\u00bb accessible \u00e0 tous, con\u00e7u en 8 modules ind\u00e9pendants, proposant une introduction au droit, l&rsquo;approfondissement de th\u00e9matiques en lien direct avec le programme de DGEMC et une aide \u00e0 la mise en \u0153uvre du nouveau programme. Ce parcours ainsi constitu\u00e9 s&rsquo;adresse \u00e0 tous les enseignants ayant l&rsquo;envie et\/ou le besoin d&rsquo;acqu\u00e9rir ou de mettre \u00e0 jour des connaissances juridiques.<\/p>\n<\/div>\n<\/div>\n<div class=\"article__footer\">\n<div class=\"container\">&nbsp;<\/div>\n<\/div>\n<\/div>\n<\/div>\n<\/div>\n<\/div>\n<\/article>\n<\/div>\n<p><\/main><span style=\"font-size: 18pt; color: #0000ff;\"><a style=\"color: #0000ff;\" href=\"https:\/\/drive.google.com\/file\/d\/1QRUmCZjaMiBPLqrZIYK7H4Oq2RiA5H4Z\/view?usp=sharing\" target=\"_blank\" rel=\"noopener\">Le programme en pdf<\/a><\/span><\/p>\n","protected":false},"excerpt":{"rendered":"<p>Le programme de droit et grands enjeux du monde contemporain (DGEMC) de terminale de la voie g\u00e9n\u00e9rale est pr\u00e9sent\u00e9 en<\/p>\n","protected":false},"author":205,"featured_media":0,"parent":0,"menu_order":0,"comment_status":"closed","ping_status":"closed","template":"","meta":{"colormag_page_container_layout":"default_layout","colormag_page_sidebar_layout":"default_layout","ngg_post_thumbnail":0,"footnotes":""},"class_list":["post-3178","page","type-page","status-publish","hentry"],"rttpg_featured_image_url":null,"rttpg_author":{"display_name":"Estelle REGIS","author_link":"https:\/\/www.pedagogie.ac-nice.fr\/economie-gestion\/author\/stmgadmin1\/"},"rttpg_comment":0,"rttpg_category":null,"rttpg_excerpt":"Le programme de droit et grands enjeux du monde contemporain (DGEMC) de terminale de la voie g\u00e9n\u00e9rale est pr\u00e9sent\u00e9 en","post_mailing_queue_ids":[],"_links":{"self":[{"href":"https:\/\/www.pedagogie.ac-nice.fr\/economie-gestion\/wp-json\/wp\/v2\/pages\/3178","targetHints":{"allow":["GET"]}}],"collection":[{"href":"https:\/\/www.pedagogie.ac-nice.fr\/economie-gestion\/wp-json\/wp\/v2\/pages"}],"about":[{"href":"https:\/\/www.pedagogie.ac-nice.fr\/economie-gestion\/wp-json\/wp\/v2\/types\/page"}],"author":[{"embeddable":true,"href":"https:\/\/www.pedagogie.ac-nice.fr\/economie-gestion\/wp-json\/wp\/v2\/users\/205"}],"replies":[{"embeddable":true,"href":"https:\/\/www.pedagogie.ac-nice.fr\/economie-gestion\/wp-json\/wp\/v2\/comments?post=3178"}],"version-history":[{"count":5,"href":"https:\/\/www.pedagogie.ac-nice.fr\/economie-gestion\/wp-json\/wp\/v2\/pages\/3178\/revisions"}],"predecessor-version":[{"id":3185,"href":"https:\/\/www.pedagogie.ac-nice.fr\/economie-gestion\/wp-json\/wp\/v2\/pages\/3178\/revisions\/3185"}],"wp:attachment":[{"href":"https:\/\/www.pedagogie.ac-nice.fr\/economie-gestion\/wp-json\/wp\/v2\/media?parent=3178"}],"curies":[{"name":"wp","href":"https:\/\/api.w.org\/{rel}","templated":true}]}}