{"id":3283,"date":"2022-06-26T22:00:23","date_gmt":"2022-06-26T20:00:23","guid":{"rendered":"https:\/\/www.pedagogie.ac-nice.fr\/economie-gestion\/?page_id=3283"},"modified":"2022-06-26T22:18:10","modified_gmt":"2022-06-26T20:18:10","slug":"e-combox","status":"publish","type":"page","link":"https:\/\/www.pedagogie.ac-nice.fr\/economie-gestion\/e-combox\/","title":{"rendered":"e-combox"},"content":{"rendered":"<div class=\"text-block\">\n<div class=\"rich-text ckeditor-text clearfix\">\n<p><img loading=\"lazy\" decoding=\"async\" class=\"aligncenter size-full wp-image-3284\" src=\"https:\/\/www.pedagogie.ac-nice.fr\/economie-gestion\/wp-content\/uploads\/sites\/28\/2022\/06\/telecharger.jpg\" alt=\"\" width=\"81\" height=\"81\">L\u2019e-comBox est&nbsp;<strong>une suite applicative d\u00e9velopp\u00e9e sp\u00e9cifiquement pour les enseignements d\u2019\u00e9conomie et gestion<\/strong>. Cette plateforme regroupe&nbsp;<strong>des applications m\u00e9tiers<\/strong>&nbsp;essentielles pour d\u00e9velopper les comp\u00e9tences num\u00e9riques des \u00e9l\u00e8ves.<\/p>\n<p>La solution est gratuite et distribu\u00e9e sous licence libre.<\/p>\n<p>Les applications propos\u00e9es sont nombreuses et peuvent \u00eatre mises en \u0153uvre dans des enseignements vari\u00e9s&nbsp;:<\/p>\n<ul>\n<li>E-commerce (Prestashop) : une e-boutique op\u00e9rationnelle (300 r\u00e9f\u00e9rences, 150 clients, 130 commandes) et une boutique squelette.<\/li>\n<li>E-commerce (Woo Commerce) : la m\u00eame e-boutique mais sur un environnement WordPress.<\/li>\n<li>Blog (WordPress)&nbsp;<\/li>\n<li>Marketing automation (Mautic)<\/li>\n<li>CRM (Suite CRM)<\/li>\n<li>CRM-ERP (Odoo)<\/li>\n<li>Gestion de projet (Kanboard)<\/li>\n<li>R\u00e9seau social (Humhub)<\/li>\n<\/ul>\n<\/div>\n<\/div>\n<div class=\"block-cta\">\n<div class=\"block-content\">\n<div class=\"paragraph paragraph--type--cta-item paragraph--view-mode--default btn-green\" style=\"text-align: center;\">D\u00e9couvrir et t\u00e9l\u00e9charger l&rsquo;application e-combox sur le site du R\u00e9seau Certa <strong><span style=\"color: #0000ff;\"><a style=\"color: #0000ff;\" title=\"D\u00e9couvrir et t\u00e9l\u00e9charger l'application e-combox sur le site du R\u00e9seau Certa\" href=\"https:\/\/www.reseaucerta.org\/pgi\/e-combox\" target=\"_blank\" rel=\"noopener\">D\u00e9couvrir et t\u00e9l\u00e9charger l&rsquo;application e-combox sur le site du R\u00e9seau Certa<\/a><\/span><\/strong><\/div>\n<div>&nbsp;<\/div>\n<\/div>\n<\/div>\n<div>\n<div class=\"slider three-items slick-initialized slick-slider slick-dotted\" role=\"group\" aria-roledescription=\"Carrousel\">\n<div class=\"slick-list draggable\">\n<div class=\"slick-track\">\n<div id=\"slick-slide00\" class=\"item-block slider-item slick-slide slick-current slick-active\" tabindex=\"0\" role=\"tabpanel group\" data-slick-index=\"0\" aria-hidden=\"false\">\n<div class=\"item-image\">\n<div role=\"presentation\"><a href=\"https:\/\/view.genial.ly\/5fd089e9b311230dad319a56\" target=\"_blank\" rel=\"noopener\"><img loading=\"lazy\" decoding=\"async\" class=\"alignnone\" src=\"https:\/\/eduscol.education.fr\/sites\/default\/files\/styles\/image_for_carousel\/public\/2022-03\/e-combox-usages-stmg.png?itok=SMvE-gFo\" alt=\"\" width=\"726\" height=\"342\"><\/a><\/div>\n<\/div>\n<div class=\"item-content ckeditor-text\">\n<p>Les usages p\u00e9dagogiques de l&rsquo;e-comBox en sciences de gestion et num\u00e9rique en STMG<\/p>\n<\/div>\n<\/div>\n<div id=\"slick-slide01\" class=\"item-block slider-item slick-slide slick-active\" tabindex=\"0\" role=\"tabpanel group\" data-slick-index=\"1\" aria-hidden=\"false\">\n<div class=\"item-image\">\n<div role=\"presentation\"><a href=\"https:\/\/tube.ac-amiens.fr\/w\/aoUS6jaEBzEpm8npN2SUga\" target=\"_blank\" rel=\"noopener\"><img loading=\"lazy\" decoding=\"async\" src=\"https:\/\/eduscol.education.fr\/sites\/default\/files\/styles\/image_for_carousel\/public\/2022-03\/e-combox-usage-prestashop.png?itok=wMkWsuIY\" alt=\"\" width=\"726\" height=\"342\"><\/a><\/div>\n<\/div>\n<div class=\"item-content ckeditor-text\">\n<p>Un exemple d\u2019usage p\u00e9dagogique de Prestashop en lyc\u00e9e professionnel, via l&rsquo;\u00e9dubase<\/p>\n<\/div>\n<\/div>\n<div id=\"slick-slide02\" class=\"item-block slider-item slick-slide slick-active\" tabindex=\"0\" role=\"tabpanel group\" data-slick-index=\"2\" aria-hidden=\"false\">\n<div class=\"item-image\">\n<div role=\"presentation\"><a href=\"https:\/\/magistere.education.fr\/local\/magistere_offers\/index.php?v=formation#offer=1091\" target=\"_blank\" rel=\"noopener\"><img loading=\"lazy\" decoding=\"async\" src=\"https:\/\/eduscol.education.fr\/sites\/default\/files\/styles\/image_for_carousel\/public\/2020-09\/vignette-eduscol-952x45390-numerique-m-gistere-jpg-223-58-kb--912.jpg?itok=e2Veu6Sh\" alt=\"\" width=\"726\" height=\"342\"><\/a><\/div>\n<\/div>\n<div class=\"item-content ckeditor-text\">\n<p>Un parcours m@gist\u00e8re \u00ab&nbsp;Accompagnement aux usages de l&rsquo;e-comBox&nbsp;\u00bb, ouvert \u00e0 tous, en auto-inscription<\/p>\n<\/div>\n<\/div>\n<\/div>\n<\/div>\n<\/div>\n<\/div>\n<div class=\"text-block\">&nbsp;<\/div>\n","protected":false},"excerpt":{"rendered":"<p>L\u2019e-comBox est&nbsp;une suite applicative d\u00e9velopp\u00e9e sp\u00e9cifiquement pour les enseignements d\u2019\u00e9conomie et gestion. Cette plateforme regroupe&nbsp;des applications m\u00e9tiers&nbsp;essentielles pour d\u00e9velopper les<\/p>\n","protected":false},"author":205,"featured_media":0,"parent":0,"menu_order":0,"comment_status":"closed","ping_status":"closed","template":"","meta":{"colormag_page_container_layout":"default_layout","colormag_page_sidebar_layout":"default_layout","ngg_post_thumbnail":0,"footnotes":""},"class_list":["post-3283","page","type-page","status-publish","hentry"],"rttpg_featured_image_url":null,"rttpg_author":{"display_name":"Estelle REGIS","author_link":"https:\/\/www.pedagogie.ac-nice.fr\/economie-gestion\/author\/stmgadmin1\/"},"rttpg_comment":0,"rttpg_category":null,"rttpg_excerpt":"L\u2019e-comBox est&nbsp;une suite applicative d\u00e9velopp\u00e9e sp\u00e9cifiquement pour les enseignements d\u2019\u00e9conomie et gestion. Cette plateforme regroupe&nbsp;des applications m\u00e9tiers&nbsp;essentielles pour d\u00e9velopper les","post_mailing_queue_ids":[],"_links":{"self":[{"href":"https:\/\/www.pedagogie.ac-nice.fr\/economie-gestion\/wp-json\/wp\/v2\/pages\/3283","targetHints":{"allow":["GET"]}}],"collection":[{"href":"https:\/\/www.pedagogie.ac-nice.fr\/economie-gestion\/wp-json\/wp\/v2\/pages"}],"about":[{"href":"https:\/\/www.pedagogie.ac-nice.fr\/economie-gestion\/wp-json\/wp\/v2\/types\/page"}],"author":[{"embeddable":true,"href":"https:\/\/www.pedagogie.ac-nice.fr\/economie-gestion\/wp-json\/wp\/v2\/users\/205"}],"replies":[{"embeddable":true,"href":"https:\/\/www.pedagogie.ac-nice.fr\/economie-gestion\/wp-json\/wp\/v2\/comments?post=3283"}],"version-history":[{"count":5,"href":"https:\/\/www.pedagogie.ac-nice.fr\/economie-gestion\/wp-json\/wp\/v2\/pages\/3283\/revisions"}],"predecessor-version":[{"id":3290,"href":"https:\/\/www.pedagogie.ac-nice.fr\/economie-gestion\/wp-json\/wp\/v2\/pages\/3283\/revisions\/3290"}],"wp:attachment":[{"href":"https:\/\/www.pedagogie.ac-nice.fr\/economie-gestion\/wp-json\/wp\/v2\/media?parent=3283"}],"curies":[{"name":"wp","href":"https:\/\/api.w.org\/{rel}","templated":true}]}}