{"id":709,"date":"2019-09-09T00:27:28","date_gmt":"2019-09-08T22:27:28","guid":{"rendered":"https:\/\/www.pedagogie.ac-nice.fr\/stmg\/?page_id=709"},"modified":"2019-10-11T19:23:49","modified_gmt":"2019-10-11T17:23:49","slug":"numerique","status":"publish","type":"page","link":"https:\/\/www.pedagogie.ac-nice.fr\/economie-gestion\/numerique\/","title":{"rendered":"Usage du num\u00e9rique"},"content":{"rendered":"<h2><span style=\"font-size: 18pt; font-family: 'times new roman', times, serif;\"><strong><em><span style=\"font-family: 'times new roman', times, serif; font-size: 14pt; color: #3366ff;\"><img loading=\"lazy\" decoding=\"async\" class=\"wp-image-1059 aligncenter\" src=\"https:\/\/www.pedagogie.ac-nice.fr\/stmg\/wp-content\/uploads\/sites\/28\/2019\/09\/num\u00e9rique.jpg\" alt=\"\" width=\"126\" height=\"126\" srcset=\"https:\/\/www.pedagogie.ac-nice.fr\/economie-gestion\/wp-content\/uploads\/sites\/28\/2019\/09\/num\u00e9rique.jpg 300w, https:\/\/www.pedagogie.ac-nice.fr\/economie-gestion\/wp-content\/uploads\/sites\/28\/2019\/09\/num\u00e9rique-150x150.jpg 150w\" sizes=\"auto, (max-width: 126px) 100vw, 126px\" \/>\u00a0<\/span><\/em><\/strong><\/span><span style=\"font-size: 18pt; font-family: 'times new roman', times, serif;\">Plusieurs ressources sont \u00e0 votre disposition dans cet onglet<\/span><\/h2>\n<ul style=\"list-style-type: disc;\">\n<li><span style=\"color: #3366ff;\"><strong><span style=\"font-family: 'times new roman', times, serif; font-size: 14pt;\">Des Tutoriels pour vous aider dans l&rsquo;utilisation des outils num\u00e9riques<\/span><\/strong><\/span><\/li>\n<\/ul>\n<ul>\n<li><span style=\"font-family: 'times new roman', times, serif; color: #3366ff;\"><span style=\"font-family: 'times new roman', times, serif; color: #3366ff;\"><strong><span style=\"font-size: 14pt;\">Des liens vers les TRAAM (<\/span><\/strong><\/span><\/span><strong><em><span style=\"font-family: 'times new roman', times, serif; font-size: 14pt; color: #3366ff;\">Travaux acad\u00e9miques mutualis\u00e9s)<\/span><\/em><\/strong><\/li>\n<\/ul>\n<h2><span style=\"font-size: 12pt;\"><strong><span style=\"font-family: 'times new roman', times, serif;\">Les Traam sont des th\u00e8mes de travail commun&#8230;<\/span><\/strong><\/span><\/h2>\n<p>Ces actions sont l&rsquo;occasion de proposer aux acad\u00e9mies, en relation avec l&rsquo;IGEN, des th\u00e8mes de travail communs dans le cadre du d\u00e9veloppement des usages et de la g\u00e9n\u00e9ralisation de l&rsquo;int\u00e9gration des TICE.<\/p>\n<p>Les actions acad\u00e9miques mutualis\u00e9es doivent permettent l&rsquo;\u00e9mergence de \u00ab\u00a0<strong>p\u00f4les de comp\u00e9tences<\/strong>\u00a0\u00bb sp\u00e9cifiques en acad\u00e9mie.<\/p>\n<p>Elles doivent conduire \u00e0 la production de sc\u00e9narios p\u00e9dagogiques int\u00e9grant les TICE accessibles aux non sp\u00e9cialistes dans le cadre d&rsquo;une g\u00e9n\u00e9ralisation des usages.<\/p>\n<h2><span style=\"font-size: 12pt; font-family: 'times new roman', times, serif;\">&#8230;montrant la plus-value des TICE<\/span><\/h2>\n<p>L&rsquo;objectif premier est de g\u00e9n\u00e9raliser les usages des TICE en proposant aux enseignants des sc\u00e9narios p\u00e9dagogiques, des exemples d&rsquo;usages d&rsquo;outils TICE qui apportent une plus-value p\u00e9dagogique ou didactique.<\/p>\n","protected":false},"excerpt":{"rendered":"<p>\u00a0Plusieurs ressources sont \u00e0 votre disposition dans cet onglet Des Tutoriels pour vous aider dans l&rsquo;utilisation des outils num\u00e9riques Des<\/p>\n","protected":false},"author":205,"featured_media":0,"parent":0,"menu_order":0,"comment_status":"closed","ping_status":"closed","template":"","meta":{"colormag_page_container_layout":"default_layout","colormag_page_sidebar_layout":"default_layout","ngg_post_thumbnail":0,"footnotes":""},"class_list":["post-709","page","type-page","status-publish","hentry"],"rttpg_featured_image_url":null,"rttpg_author":{"display_name":"Estelle REGIS","author_link":"https:\/\/www.pedagogie.ac-nice.fr\/economie-gestion\/author\/stmgadmin1\/"},"rttpg_comment":0,"rttpg_category":null,"rttpg_excerpt":"\u00a0Plusieurs ressources sont \u00e0 votre disposition dans cet onglet Des Tutoriels pour vous aider dans l&rsquo;utilisation des outils num\u00e9riques Des","post_mailing_queue_ids":[],"_links":{"self":[{"href":"https:\/\/www.pedagogie.ac-nice.fr\/economie-gestion\/wp-json\/wp\/v2\/pages\/709","targetHints":{"allow":["GET"]}}],"collection":[{"href":"https:\/\/www.pedagogie.ac-nice.fr\/economie-gestion\/wp-json\/wp\/v2\/pages"}],"about":[{"href":"https:\/\/www.pedagogie.ac-nice.fr\/economie-gestion\/wp-json\/wp\/v2\/types\/page"}],"author":[{"embeddable":true,"href":"https:\/\/www.pedagogie.ac-nice.fr\/economie-gestion\/wp-json\/wp\/v2\/users\/205"}],"replies":[{"embeddable":true,"href":"https:\/\/www.pedagogie.ac-nice.fr\/economie-gestion\/wp-json\/wp\/v2\/comments?post=709"}],"version-history":[{"count":4,"href":"https:\/\/www.pedagogie.ac-nice.fr\/economie-gestion\/wp-json\/wp\/v2\/pages\/709\/revisions"}],"predecessor-version":[{"id":1752,"href":"https:\/\/www.pedagogie.ac-nice.fr\/economie-gestion\/wp-json\/wp\/v2\/pages\/709\/revisions\/1752"}],"wp:attachment":[{"href":"https:\/\/www.pedagogie.ac-nice.fr\/economie-gestion\/wp-json\/wp\/v2\/media?parent=709"}],"curies":[{"name":"wp","href":"https:\/\/api.w.org\/{rel}","templated":true}]}}