{"id":710,"date":"2019-09-09T00:27:28","date_gmt":"2019-09-08T22:27:28","guid":{"rendered":"https:\/\/www.pedagogie.ac-nice.fr\/stmg\/?page_id=710"},"modified":"2023-09-14T07:19:00","modified_gmt":"2023-09-14T05:19:00","slug":"linspection","status":"publish","type":"page","link":"https:\/\/www.pedagogie.ac-nice.fr\/economie-gestion\/linspection\/","title":{"rendered":"L&rsquo;inspection"},"content":{"rendered":"<p>&nbsp;<\/p>\n<p><img loading=\"lazy\" decoding=\"async\" class=\"alignnone wp-image-1052\" style=\"text-align: center;\" src=\"https:\/\/www.pedagogie.ac-nice.fr\/stmg\/wp-content\/uploads\/sites\/28\/2019\/09\/panneau-orientation.jpg\" alt=\"\" width=\"92\" height=\"89\">&nbsp; &nbsp;Veuillez visualiser l&rsquo;organisation de l&rsquo;inspection en cliquant&nbsp;<a href=\"https:\/\/drive.google.com\/file\/d\/1jLezbliv-3l0chJS6cGzq-_SaTojJHgq\/view?usp=sharing\" target=\"_blank\" rel=\"noopener noreferrer\"><span style=\"font-size: 14pt; color: #0000ff;\"><strong> ici<\/strong><\/span><\/a><\/p>\n<hr>\n<p style=\"text-align: center;\"><img loading=\"lazy\" decoding=\"async\" class=\"wp-image-1051 alignnone\" src=\"https:\/\/www.pedagogie.ac-nice.fr\/stmg\/wp-content\/uploads\/sites\/28\/2019\/09\/lettre.jpg\" alt=\"\" width=\"108\" height=\"108\" srcset=\"https:\/\/www.pedagogie.ac-nice.fr\/economie-gestion\/wp-content\/uploads\/sites\/28\/2019\/09\/lettre.jpg 300w, https:\/\/www.pedagogie.ac-nice.fr\/economie-gestion\/wp-content\/uploads\/sites\/28\/2019\/09\/lettre-150x150.jpg 150w\" sizes=\"auto, (max-width: 108px) 100vw, 108px\" \/><span style=\"font-size: 18pt;\">LETTRE DE RENTREE 2023-2024<\/span><\/p>\n<p style=\"font-weight: 400;\">Ch\u00e8res et chers coll\u00e8gues,<\/p>\n<p style=\"font-weight: 400;\">Nous vous souhaitons tout d&rsquo;abord une tr\u00e8s bonne rentr\u00e9e scolaire en pr\u00e9sence de vos \u00e9l\u00e8ves et de vos \u00e9tudiants.<\/p>\n<p style=\"font-weight: 400;\">Nous avons le plaisir d\u2019accueillir cette ann\u00e9e dans l\u2019\u00e9quipe d\u2019\u00e9conomie et gestion un <strong>nouvel inspecteur, Xavier LE VEN.<\/strong><\/p>\n<p style=\"font-weight: 400;\">Nous vous pr\u00e9cisons les priorit\u00e9s qui seront les n\u00f4tres pour cette ann\u00e9e 2023-2024 (\u00e9quipe d&rsquo;inspection et enseignants d\u2019\u00c9conomie et Gestion)&nbsp;:<\/p>\n<p style=\"font-weight: 400;\"><strong>&#8211; la poursuite de la valorisation de la voie technologique STMG par la consolidation des exigences attendues pour r\u00e9ussir dans cette fili\u00e8re.<\/strong><\/p>\n<p style=\"font-weight: 400;\"><strong>&#8211; le suivi des r\u00e9novations dans nos BTS (Toujours d&rsquo;actualit\u00e9).<\/strong><\/p>\n<p style=\"font-weight: 400;\">&#8211;&nbsp;<strong>la mise en \u0153uvre d\u2019une exp\u00e9rimentation de consolidation des parcours des bacheliers professionnels en STS en vue d\u2019une g\u00e9n\u00e9ralisation<\/strong>.<\/p>\n<p style=\"font-weight: 400;\">Nous vous rappelons qu&rsquo;un ensemble de ressources actualis\u00e9es est disponible sur le site Acad\u00e9mique disciplinaire \u00ab\u00a0\u00c9conomie et Gestion en LT\u00a0\u00bb de l&rsquo;acad\u00e9mie de Nice : https:\/\/www.pedagogie.ac-nice.fr\/economie-gestion\/<\/p>\n<p style=\"font-weight: 400;\"><strong>Nous vous transmettons \u00e9galement en fichiers joints :<\/strong><\/p>\n<p style=\"font-weight: 400;\">&#8211; l&rsquo;organisation de l\u2019\u00c9conomie et Gestion en LT dans l&rsquo;acad\u00e9mie de NICE pour l&rsquo;ann\u00e9e 2023-2024 avec la r\u00e9partition des missions au sein de notre \u00e9quipe<\/p>\n<p style=\"font-weight: 400;\">Bien cordialement,<\/p>\n<p style=\"font-weight: 400; text-align: right;\"><strong>L&rsquo;Inspection \u00c9conomie et Gestion Acad\u00e9mie de NICE<\/strong><\/p>\n<p style=\"font-weight: 400; text-align: right;\"><strong>Dominique CORNU, Xavier LE VEN, Catherine ROSSO<\/strong><\/p>\n<p style=\"font-weight: 400; text-align: right;\"><strong>IA IPR \u00c9conomie et Gestion<\/strong><\/p>\n<p style=\"font-weight: 400; text-align: right;\"><strong>Elisabeth BOUTILLOT Charg\u00e9e de mission STMG<\/strong><\/p>\n<p style=\"font-weight: 400; text-align: right;\"><strong>Pascal SCHEMBRI Charg\u00e9 de mission STHR<\/strong><\/p>\n<p style=\"font-weight: 400; text-align: right;\"><strong>Caroline DERMIGNY PFA<\/strong><\/p>\n<p style=\"font-weight: 400; text-align: right;\"><strong>Estelle REGIS IAN R\u00e9f\u00e9rente Num\u00e9rique<\/strong><\/p>\n","protected":false},"excerpt":{"rendered":"<p>&nbsp; &nbsp; &nbsp;Veuillez visualiser l&rsquo;organisation de l&rsquo;inspection en cliquant&nbsp; ici LETTRE DE RENTREE 2023-2024 Ch\u00e8res et chers coll\u00e8gues, Nous vous<\/p>\n","protected":false},"author":205,"featured_media":0,"parent":0,"menu_order":0,"comment_status":"closed","ping_status":"closed","template":"","meta":{"colormag_page_container_layout":"default_layout","colormag_page_sidebar_layout":"default_layout","ngg_post_thumbnail":0,"footnotes":""},"class_list":["post-710","page","type-page","status-publish","hentry"],"rttpg_featured_image_url":null,"rttpg_author":{"display_name":"Estelle REGIS","author_link":"https:\/\/www.pedagogie.ac-nice.fr\/economie-gestion\/author\/stmgadmin1\/"},"rttpg_comment":0,"rttpg_category":null,"rttpg_excerpt":"&nbsp; &nbsp; &nbsp;Veuillez visualiser l&rsquo;organisation de l&rsquo;inspection en cliquant&nbsp; ici LETTRE DE RENTREE 2023-2024 Ch\u00e8res et chers coll\u00e8gues, Nous vous","post_mailing_queue_ids":[],"_links":{"self":[{"href":"https:\/\/www.pedagogie.ac-nice.fr\/economie-gestion\/wp-json\/wp\/v2\/pages\/710","targetHints":{"allow":["GET"]}}],"collection":[{"href":"https:\/\/www.pedagogie.ac-nice.fr\/economie-gestion\/wp-json\/wp\/v2\/pages"}],"about":[{"href":"https:\/\/www.pedagogie.ac-nice.fr\/economie-gestion\/wp-json\/wp\/v2\/types\/page"}],"author":[{"embeddable":true,"href":"https:\/\/www.pedagogie.ac-nice.fr\/economie-gestion\/wp-json\/wp\/v2\/users\/205"}],"replies":[{"embeddable":true,"href":"https:\/\/www.pedagogie.ac-nice.fr\/economie-gestion\/wp-json\/wp\/v2\/comments?post=710"}],"version-history":[{"count":32,"href":"https:\/\/www.pedagogie.ac-nice.fr\/economie-gestion\/wp-json\/wp\/v2\/pages\/710\/revisions"}],"predecessor-version":[{"id":3407,"href":"https:\/\/www.pedagogie.ac-nice.fr\/economie-gestion\/wp-json\/wp\/v2\/pages\/710\/revisions\/3407"}],"wp:attachment":[{"href":"https:\/\/www.pedagogie.ac-nice.fr\/economie-gestion\/wp-json\/wp\/v2\/media?parent=710"}],"curies":[{"name":"wp","href":"https:\/\/api.w.org\/{rel}","templated":true}]}}