{"id":763,"date":"2019-09-09T13:36:44","date_gmt":"2019-09-09T11:36:44","guid":{"rendered":"https:\/\/www.pedagogie.ac-nice.fr\/stmg\/?page_id=763"},"modified":"2022-06-16T11:52:40","modified_gmt":"2022-06-16T09:52:40","slug":"bts-assurance","status":"publish","type":"page","link":"https:\/\/www.pedagogie.ac-nice.fr\/economie-gestion\/bts-assurance\/","title":{"rendered":"Ressources BTS Assurance"},"content":{"rendered":"<table class=\" aligncenter\" style=\"width: 100%; height: 170px;\">\n<tbody>\n<tr style=\"height: 23px;\">\n<td style=\"width: 8.95628%; height: 23px;\"><strong>Le Programme<\/strong><\/td>\n<td style=\"width: 16.7842%; height: 23px;\"><strong>&nbsp;Les liens utiles<\/strong><\/td>\n<td style=\"width: 9.73202%; height: 23px;\"><strong>Les sujets des ann\u00e9es pass\u00e9es<\/strong><\/td>\n<\/tr>\n<tr style=\"height: 147px;\">\n<td style=\"width: 8.95628%; height: 147px;\"><span style=\"font-size: 14pt;\"><strong><span style=\"color: #0000ff;\"><a style=\"color: #0000ff;\" href=\"http:\/\/pedagogie.ac-limoges.fr\/eco-gest\/IMG\/pdf\/bts_assurance.pdf\" target=\"_blank\" rel=\"noopener\">Le r\u00e9f\u00e9rentiel<\/a><\/span><\/strong><\/span><\/td>\n<td style=\"width: 16.7842%; height: 147px;\"><strong><span style=\"color: #0000ff;\"><a style=\"color: #0000ff;\" href=\"https:\/\/www.metiers-assurance.org\/\">L&rsquo;Observatoire de l&rsquo;\u00c9volution des M\u00e9tiers de l&rsquo;Assurance (metiers-assurance.org)<\/a><\/span><\/strong><\/td>\n<td style=\"width: 9.73202%; height: 147px;\"><span style=\"font-size: 14pt;\"><strong><span style=\"color: #0000ff;\"><a style=\"color: #0000ff;\" href=\"https:\/\/www.pedagogie.ac-aix-marseille.fr\/jcms\/c_171644\/fr\/assurance\" target=\"_blank\" rel=\"noopener noreferrer\">Les sujets de la sp\u00e9cialit\u00e9&nbsp;&nbsp;<\/a><\/span><\/strong><\/span><\/p>\n<p>&nbsp;<\/p>\n<p>&nbsp;<\/td>\n<\/tr>\n<\/tbody>\n<\/table>\n","protected":false},"excerpt":{"rendered":"<p>Le Programme &nbsp;Les liens utiles Les sujets des ann\u00e9es pass\u00e9es Le r\u00e9f\u00e9rentiel L&rsquo;Observatoire de l&rsquo;\u00c9volution des M\u00e9tiers de l&rsquo;Assurance (metiers-assurance.org)<\/p>\n","protected":false},"author":205,"featured_media":0,"parent":0,"menu_order":0,"comment_status":"closed","ping_status":"closed","template":"","meta":{"colormag_page_container_layout":"default_layout","colormag_page_sidebar_layout":"default_layout","ngg_post_thumbnail":0,"footnotes":""},"class_list":["post-763","page","type-page","status-publish","hentry"],"rttpg_featured_image_url":null,"rttpg_author":{"display_name":"Estelle REGIS","author_link":"https:\/\/www.pedagogie.ac-nice.fr\/economie-gestion\/author\/stmgadmin1\/"},"rttpg_comment":0,"rttpg_category":null,"rttpg_excerpt":"Le Programme &nbsp;Les liens utiles Les sujets des ann\u00e9es pass\u00e9es Le r\u00e9f\u00e9rentiel L&rsquo;Observatoire de l&rsquo;\u00c9volution des M\u00e9tiers de l&rsquo;Assurance (metiers-assurance.org)","post_mailing_queue_ids":[],"_links":{"self":[{"href":"https:\/\/www.pedagogie.ac-nice.fr\/economie-gestion\/wp-json\/wp\/v2\/pages\/763","targetHints":{"allow":["GET"]}}],"collection":[{"href":"https:\/\/www.pedagogie.ac-nice.fr\/economie-gestion\/wp-json\/wp\/v2\/pages"}],"about":[{"href":"https:\/\/www.pedagogie.ac-nice.fr\/economie-gestion\/wp-json\/wp\/v2\/types\/page"}],"author":[{"embeddable":true,"href":"https:\/\/www.pedagogie.ac-nice.fr\/economie-gestion\/wp-json\/wp\/v2\/users\/205"}],"replies":[{"embeddable":true,"href":"https:\/\/www.pedagogie.ac-nice.fr\/economie-gestion\/wp-json\/wp\/v2\/comments?post=763"}],"version-history":[{"count":6,"href":"https:\/\/www.pedagogie.ac-nice.fr\/economie-gestion\/wp-json\/wp\/v2\/pages\/763\/revisions"}],"predecessor-version":[{"id":3227,"href":"https:\/\/www.pedagogie.ac-nice.fr\/economie-gestion\/wp-json\/wp\/v2\/pages\/763\/revisions\/3227"}],"wp:attachment":[{"href":"https:\/\/www.pedagogie.ac-nice.fr\/economie-gestion\/wp-json\/wp\/v2\/media?parent=763"}],"curies":[{"name":"wp","href":"https:\/\/api.w.org\/{rel}","templated":true}]}}