{"id":764,"date":"2019-09-09T13:36:44","date_gmt":"2019-09-09T11:36:44","guid":{"rendered":"https:\/\/www.pedagogie.ac-nice.fr\/stmg\/?page_id=764"},"modified":"2022-06-16T12:50:49","modified_gmt":"2022-06-16T10:50:49","slug":"bts-commerce-international","status":"publish","type":"page","link":"https:\/\/www.pedagogie.ac-nice.fr\/economie-gestion\/bts-commerce-international\/","title":{"rendered":"BTS Commerce international."},"content":{"rendered":"<table class=\" aligncenter\" style=\"width: 100%;\">\n<tbody>\n<tr>\n<td style=\"width: 8.95628%;\"><strong>Le Programme<\/strong><\/td>\n<td style=\"width: 10.8604%;\"><strong>&nbsp;Les liens utiles<\/strong><\/td>\n<td style=\"width: 15.6559%;\"><strong>Les sujets des ann\u00e9es pass\u00e9es<\/strong><\/td>\n<\/tr>\n<tr>\n<td style=\"width: 8.95628%;\"><a href=\"https:\/\/drive.google.com\/file\/d\/13i9Ou-XiUYNTX-P3UHhkZsvLCDEbbOyN\/view?usp=sharing\" target=\"_blank\" rel=\"noopener\">Le r\u00e9f\u00e9rentiel<\/a>&nbsp;<\/p>\n<p>&nbsp;<\/td>\n<td style=\"width: 10.8604%;\">&nbsp;<\/td>\n<td style=\"width: 15.6559%;\"><a href=\"https:\/\/www.pedagogie.ac-aix-marseille.fr\/jcms\/c_174424\/fr\/commerce-international\" target=\"_blank\" rel=\"noopener noreferrer\">Les sujets de la sp\u00e9cialit\u00e9&nbsp;&nbsp;<\/a>&nbsp;<\/p>\n<p>&nbsp;<\/td>\n<\/tr>\n<\/tbody>\n<\/table>\n","protected":false},"excerpt":{"rendered":"<p>Le Programme &nbsp;Les liens utiles Les sujets des ann\u00e9es pass\u00e9es Le r\u00e9f\u00e9rentiel&nbsp; &nbsp; &nbsp; Les sujets de la sp\u00e9cialit\u00e9&nbsp;&nbsp;&nbsp; &nbsp;<\/p>\n","protected":false},"author":205,"featured_media":0,"parent":0,"menu_order":0,"comment_status":"closed","ping_status":"closed","template":"","meta":{"colormag_page_container_layout":"default_layout","colormag_page_sidebar_layout":"default_layout","ngg_post_thumbnail":0,"footnotes":""},"class_list":["post-764","page","type-page","status-publish","hentry"],"rttpg_featured_image_url":null,"rttpg_author":{"display_name":"Estelle REGIS","author_link":"https:\/\/www.pedagogie.ac-nice.fr\/economie-gestion\/author\/stmgadmin1\/"},"rttpg_comment":0,"rttpg_category":null,"rttpg_excerpt":"Le Programme &nbsp;Les liens utiles Les sujets des ann\u00e9es pass\u00e9es Le r\u00e9f\u00e9rentiel&nbsp; &nbsp; &nbsp; Les sujets de la sp\u00e9cialit\u00e9&nbsp;&nbsp;&nbsp; &nbsp;","post_mailing_queue_ids":[],"_links":{"self":[{"href":"https:\/\/www.pedagogie.ac-nice.fr\/economie-gestion\/wp-json\/wp\/v2\/pages\/764","targetHints":{"allow":["GET"]}}],"collection":[{"href":"https:\/\/www.pedagogie.ac-nice.fr\/economie-gestion\/wp-json\/wp\/v2\/pages"}],"about":[{"href":"https:\/\/www.pedagogie.ac-nice.fr\/economie-gestion\/wp-json\/wp\/v2\/types\/page"}],"author":[{"embeddable":true,"href":"https:\/\/www.pedagogie.ac-nice.fr\/economie-gestion\/wp-json\/wp\/v2\/users\/205"}],"replies":[{"embeddable":true,"href":"https:\/\/www.pedagogie.ac-nice.fr\/economie-gestion\/wp-json\/wp\/v2\/comments?post=764"}],"version-history":[{"count":4,"href":"https:\/\/www.pedagogie.ac-nice.fr\/economie-gestion\/wp-json\/wp\/v2\/pages\/764\/revisions"}],"predecessor-version":[{"id":3238,"href":"https:\/\/www.pedagogie.ac-nice.fr\/economie-gestion\/wp-json\/wp\/v2\/pages\/764\/revisions\/3238"}],"wp:attachment":[{"href":"https:\/\/www.pedagogie.ac-nice.fr\/economie-gestion\/wp-json\/wp\/v2\/media?parent=764"}],"curies":[{"name":"wp","href":"https:\/\/api.w.org\/{rel}","templated":true}]}}