{"id":969,"date":"2019-09-29T14:56:40","date_gmt":"2019-09-29T12:56:40","guid":{"rendered":"https:\/\/www.pedagogie.ac-nice.fr\/stmg\/?page_id=969"},"modified":"2019-10-31T20:34:24","modified_gmt":"2019-10-31T19:34:24","slug":"mooc","status":"publish","type":"page","link":"https:\/\/www.pedagogie.ac-nice.fr\/economie-gestion\/mooc\/","title":{"rendered":"MOOC"},"content":{"rendered":"<p>&nbsp;<\/p>\n<p class=\"t-16 black mg-t26\"><span style=\"color: #0000ff;\"><strong><span style=\"font-size: large;\">FUN MOOC<\/span><\/strong><\/span><\/p>\n<p class=\"t-16 black mg-t26\"><span style=\"font-size: large;\">Lanc\u00e9e par le Minist\u00e8re de l&rsquo;enseignement sup\u00e9rieur et de la recherche\u00a0\u00a0octobre 2013, Fun Mooc vise \u00e0 f\u00e9d\u00e9rer les projets des universit\u00e9s et \u00e9coles fran\u00e7aises et permet de proposer des formations gratuites via internet tant pour vous que vos \u00e9l\u00e8ves. Exemple formation sur les fondamentaux du droit d&rsquo;auteur, apprendre \u00e0 contribuer \u00e0 wikip\u00e9dia, la concuite de r\u00e9union en anglais, renforcer ses comp\u00e9tences orthographiques (pour les \u00e9tablissements qui n&rsquo;ont pas souscrit au projet Voltaire)&#8230;<\/span><\/p>\n<p class=\"t-16 black mg-t26\"><span style=\"font-size: large;\">Inscription gratuite apr\u00e8s avoir cr\u00e9\u00e9 un compte. Ne tardez pas car certaines formations ont d\u00e9j\u00e0 commenc\u00e9.<\/span><\/p>\n<p class=\"t-16 black mg-t26\"><span style=\"font-size: large;\">lien :\u00a0<\/span><a href=\"https:\/\/www.fun-mooc.fr\/\" target=\"_blank\" rel=\"noopener noreferrer\">https:\/\/www.fun-mooc.fr\/<\/a><\/p>\n<p><strong><span style=\"color: #0000ff;\">MY-MOOC<\/span><\/strong><\/p>\n<p>&nbsp;<\/p>\n<p>lien:<a href=\"https:\/\/www.my-mooc.com\/fr\/\" target=\"_blank\" rel=\"noopener noreferrer\"> https:\/\/www.my-mooc.com\/fr\/<\/a><\/p>\n<p><img loading=\"lazy\" decoding=\"async\" class=\"alignnone size-medium wp-image-2104\" src=\"https:\/\/www.pedagogie.ac-nice.fr\/economie-gestion\/wp-content\/uploads\/sites\/28\/2019\/10\/en-cours-de-construction-300x137.jpg\" alt=\"\" width=\"300\" height=\"137\" srcset=\"https:\/\/www.pedagogie.ac-nice.fr\/economie-gestion\/wp-content\/uploads\/sites\/28\/2019\/10\/en-cours-de-construction-300x137.jpg 300w, https:\/\/www.pedagogie.ac-nice.fr\/economie-gestion\/wp-content\/uploads\/sites\/28\/2019\/10\/en-cours-de-construction.jpg 374w\" sizes=\"auto, (max-width: 300px) 100vw, 300px\" \/><\/p>\n","protected":false},"excerpt":{"rendered":"<p>&nbsp; FUN MOOC Lanc\u00e9e par le Minist\u00e8re de l&rsquo;enseignement sup\u00e9rieur et de la recherche\u00a0\u00a0octobre 2013, Fun Mooc vise \u00e0 f\u00e9d\u00e9rer<\/p>\n","protected":false},"author":205,"featured_media":0,"parent":0,"menu_order":0,"comment_status":"closed","ping_status":"closed","template":"","meta":{"colormag_page_container_layout":"default_layout","colormag_page_sidebar_layout":"default_layout","ngg_post_thumbnail":0,"footnotes":""},"class_list":["post-969","page","type-page","status-publish","hentry"],"rttpg_featured_image_url":null,"rttpg_author":{"display_name":"Estelle REGIS","author_link":"https:\/\/www.pedagogie.ac-nice.fr\/economie-gestion\/author\/stmgadmin1\/"},"rttpg_comment":0,"rttpg_category":null,"rttpg_excerpt":"&nbsp; FUN MOOC Lanc\u00e9e par le Minist\u00e8re de l&rsquo;enseignement sup\u00e9rieur et de la recherche\u00a0\u00a0octobre 2013, Fun Mooc vise \u00e0 f\u00e9d\u00e9rer","post_mailing_queue_ids":[],"_links":{"self":[{"href":"https:\/\/www.pedagogie.ac-nice.fr\/economie-gestion\/wp-json\/wp\/v2\/pages\/969","targetHints":{"allow":["GET"]}}],"collection":[{"href":"https:\/\/www.pedagogie.ac-nice.fr\/economie-gestion\/wp-json\/wp\/v2\/pages"}],"about":[{"href":"https:\/\/www.pedagogie.ac-nice.fr\/economie-gestion\/wp-json\/wp\/v2\/types\/page"}],"author":[{"embeddable":true,"href":"https:\/\/www.pedagogie.ac-nice.fr\/economie-gestion\/wp-json\/wp\/v2\/users\/205"}],"replies":[{"embeddable":true,"href":"https:\/\/www.pedagogie.ac-nice.fr\/economie-gestion\/wp-json\/wp\/v2\/comments?post=969"}],"version-history":[{"count":4,"href":"https:\/\/www.pedagogie.ac-nice.fr\/economie-gestion\/wp-json\/wp\/v2\/pages\/969\/revisions"}],"predecessor-version":[{"id":2123,"href":"https:\/\/www.pedagogie.ac-nice.fr\/economie-gestion\/wp-json\/wp\/v2\/pages\/969\/revisions\/2123"}],"wp:attachment":[{"href":"https:\/\/www.pedagogie.ac-nice.fr\/economie-gestion\/wp-json\/wp\/v2\/media?parent=969"}],"curies":[{"name":"wp","href":"https:\/\/api.w.org\/{rel}","templated":true}]}}