{"id":3913,"date":"2026-01-19T12:44:49","date_gmt":"2026-01-19T11:44:49","guid":{"rendered":"https:\/\/www.pedagogie.ac-nice.fr\/migredd\/?page_id=3913"},"modified":"2026-01-26T09:23:19","modified_gmt":"2026-01-26T08:23:19","slug":"mentions-legales","status":"publish","type":"page","link":"https:\/\/www.pedagogie.ac-nice.fr\/edd\/mentions-legales\/","title":{"rendered":"Mentions l\u00e9gales"},"content":{"rendered":"<h3><span style=\"color: #008080;\"><strong>Informations \u00e9ditoriales<\/strong><\/span><\/h3>\n<p>Rectorat de l\u2019acad\u00e9mie de Nice , 53 avenue Cap de Croix 06181 Nice cedex 2<br \/>\nT\u00e9l\u00e9phone 04 93 53 70 70<br \/>\nT\u00e9l\u00e9copie 04 93 53 70 83<\/p>\n<p>Direction de la publication : Natacha CHICOT Rectrice de l\u2019acad\u00e9mie de Nice<br \/>\nResponsable de la publication : Yves CASTEL IA-IPR de physique-chimie<br \/>\nAdministrateur du site :&nbsp;William Wolfe&nbsp; &nbsp;<img loading=\"lazy\" decoding=\"async\" class=\"alignnone wp-image-1353\" src=\"https:\/\/www.pedagogie.ac-nice.fr\/physique\/wp-content\/uploads\/sites\/23\/2020\/07\/mail.png\" alt=\"\" width=\"14\" height=\"11\"><strong style=\"font-family: inherit; font-size: inherit;\">&nbsp;<\/strong><span style=\"color: #008080;\"><a style=\"font-family: inherit; font-size: inherit; color: #008080;\" href=\"mailto:william.wolfe@ac-nice.fr\" target=\"_blank\" rel=\"noopener noreferrer\">William Wolfe<\/a><\/span><\/p>\n<p>Prestataire de service : Direction des Syst\u00e8mes d\u2019Information (DSI)<br \/>\nRectorat de l\u2019acad\u00e9mie de Nice ,53 avenue Cap de Croix 06181 Nice cedex 2<\/p>\n<h3><span style=\"color: #008080;\"><strong>Droits d\u2019auteur et droits de reproduction du contenu mis en ligne<\/strong><\/span><\/h3>\n<p>Depuis la publication de l\u2019ordonnance n\u00b0 2005-650 du 6 juin 2005 relative \u00e0 la libert\u00e9 d\u2019acc\u00e8s aux documents administratifs et \u00e0 la r\u00e9utilisation des informations publiques, ces informations peuvent \u00eatre r\u00e9utilis\u00e9es \u00e0 d\u2019autres fins que celles pour lesquelles elles ont \u00e9t\u00e9 produites, et particuli\u00e8rement les informations faisant l\u2019objet d\u2019une diffusion publique. Les documents publics ou officiels ne sont couverts par aucun droit d\u2019auteur et peuvent donc \u00eatre reproduits librement.<\/p>\n<p>Le graphisme, l\u2019iconographie ainsi que le contenu \u00e9ditorial (tels que les articles, les images, les photographies, les logos, les chartes graphiques, sans que cette liste ne soit exhaustive) demeurent la propri\u00e9t\u00e9 de l\u2019acad\u00e9mie ou des propri\u00e9taires dont l\u2019acad\u00e9mie a re\u00e7u l\u2019autorisation de repr\u00e9sentation, et, \u00e0 ce titre, font l\u2019objet des protections pr\u00e9vues par le Code de la propri\u00e9t\u00e9 intellectuelle. Les pr\u00e9sentes conditions d\u2019utilisation n\u2019emportent aucune cession d\u2019aucune sorte de droits de propri\u00e9t\u00e9 intellectuelle sur ces \u00e9l\u00e9ments, toute repr\u00e9sentation totale ou partielle sans l\u2019autorisation expresse de l\u2019\u00e9diteur du site, est interdite.<\/p>\n<h3><span style=\"color: #008080;\"><strong>Cr\u00e9dits photographiques et vid\u00e9os<\/strong><\/span><\/h3>\n<p>Sauf mention contraire, l\u2019acad\u00e9mie de Nice est titulaire des droits relatifs \u00e0 la propri\u00e9t\u00e9 intellectuelle des photographies et vid\u00e9os figurant sur l\u2019ensemble du site.<\/p>\n<h3><span style=\"color: #008080;\"><strong>Liens hypertextes pointant vers le site physique \u2013 chimie<\/strong><\/span><\/h3>\n<p>La mise en place de liens hypertextes pointant vers les pages du site, est autoris\u00e9e , sous r\u00e9serve de mentionner la source qui pointera gr\u00e2ce \u00e0 un lien hypertexte directement sur le contenu vis\u00e9 <span style=\"color: #008080;\"><a style=\"color: #008080;\" href=\"http:\/\/pedagogie.ac-nice.fr\/edd\" target=\"_blank\" rel=\"noopener\">pedagogie.ac-nice.fr\/edd<\/a><\/span>&nbsp;<br \/>\nPour les sites Internet, la reproduction, apr\u00e8s autorisation, d\u2019un contenu doit mentionner tr\u00e8s clairement l\u2019origine du document sous forme d\u2019une adresse internet.<br \/>\nIl conviendra en outre d\u2019ajouter en bas de chaque page, la mention \u00ab&nbsp;Droits r\u00e9serv\u00e9s&nbsp;\u00bb.<br \/>\nLa mise en place de liens pointant directement sur le document souhait\u00e9 devra \u00eatre privil\u00e9gi\u00e9e par rapport \u00e0 la reproduction de contenus.<br \/>\nLes sites qui font le choix de pointer vers <span style=\"color: #008080;\"><a style=\"color: #008080;\" href=\"http:\/\/pedagogie.ac-nice.fr\/edd\" target=\"_blank\" rel=\"noopener\">pedagogie.ac-nice.fr\/edd<\/a><\/span> engagent leur responsabilit\u00e9 d\u00e8s lors qu\u2019ils porteraient atteinte \u00e0 l\u2019image du site public.<\/p>\n<h3><span style=\"color: #008080;\"><strong>Liens hypertextes pointant vers des sites externes<\/strong><\/span><\/h3>\n<p>Le site <span style=\"color: #008080;\"><a style=\"color: #008080;\" href=\"http:\/\/pedagogie.ac-nice.fr\/edd\" target=\"_blank\" rel=\"noopener\">pedagogie.ac-nice.fr\/edd<\/a><\/span> propose de nombreux liens vers d\u2019autres sites, essentiellement des sites officiels (institutions, organismes publics, etc.) mais aussi vers des sites, fran\u00e7ais ou \u00e9trangers, d\u2019associations, d\u2019organismes professionnels du secteur \u00e9ducatif ou d\u2019entreprises partenaires sur des op\u00e9rations ponctuelles.<\/p>\n<p>Il est pr\u00e9cis\u00e9 vers quel site nous vous proposons d\u2019aller. Ces pages, dont les adresses sont r\u00e9guli\u00e8rement v\u00e9rifi\u00e9es, ne font pas partie du site de l\u2019acad\u00e9mie : elles n\u2019engagent pas la responsabilit\u00e9 de la r\u00e9daction du site qui ne peut \u00eatre tenue pour responsable des contenus vers lesquels ces liens pointent. Ils ne visent qu\u2019\u00e0 permettre \u00e0 l\u2019internaute d\u2019acc\u00e9der plus facilement \u00e0 d\u2019autres ressources documentaires sur le sujet consult\u00e9.<\/p>\n<h3><span style=\"color: #008080;\"><strong>Accessibilit\u00e9 du site<\/strong><\/span><\/h3>\n<p>Un soin tout particulier est pris pour rendre ce site internet le plus accessible possible, et tout particuli\u00e8rement aux personnes ayant un handicap visuel. Les pages sont mises progressivement en conformit\u00e9 avec les recommandations du r\u00e9f\u00e9rentiel commun des crit\u00e8res d\u2019accessibilit\u00e9 des services Internet de l\u2019administration fran\u00e7aise pour respecter la loi n\u00b02005-102 du 11 f\u00e9vrier 2005 pour l\u2019\u00e9galit\u00e9 des droits et des chances, la participation et la citoyennet\u00e9 des personnes handicap\u00e9es.<\/p>\n","protected":false},"excerpt":{"rendered":"<p>Informations \u00e9ditoriales Rectorat de l\u2019acad\u00e9mie de Nice , 53 avenue Cap de Croix 06181 Nice cedex 2 T\u00e9l\u00e9phone 04 93 53 70 70 T\u00e9l\u00e9copie 04 93 53 70 83 Direction de la publication : Natacha CHICOT Rectrice de l\u2019acad\u00e9mie de Nice Responsable de la publication : Yves CASTEL IA-IPR de physique-chimie Administrateur du site :&nbsp;William [&hellip;]<\/p>\n","protected":false},"author":139,"featured_media":0,"parent":0,"menu_order":0,"comment_status":"closed","ping_status":"closed","template":"page-template-fullwidth.php","meta":{"_et_pb_use_builder":"","_et_pb_old_content":"","_et_gb_content_width":"","ngg_post_thumbnail":0,"footnotes":""},"class_list":["post-3913","page","type-page","status-publish","hentry"],"rttpg_featured_image_url":null,"rttpg_author":{"display_name":"Yves Castel","author_link":"https:\/\/www.pedagogie.ac-nice.fr\/edd\/author\/castel\/"},"rttpg_comment":0,"rttpg_category":null,"rttpg_excerpt":"Informations \u00e9ditoriales Rectorat de l\u2019acad\u00e9mie de Nice , 53 avenue Cap de Croix 06181 Nice cedex 2 T\u00e9l\u00e9phone 04 93 53 70 70 T\u00e9l\u00e9copie 04 93 53 70 83 Direction de la publication : Natacha CHICOT Rectrice de l\u2019acad\u00e9mie de Nice Responsable de la publication : Yves CASTEL IA-IPR de physique-chimie Administrateur du site :&nbsp;William\u2026","post_mailing_queue_ids":[],"_links":{"self":[{"href":"https:\/\/www.pedagogie.ac-nice.fr\/edd\/wp-json\/wp\/v2\/pages\/3913","targetHints":{"allow":["GET"]}}],"collection":[{"href":"https:\/\/www.pedagogie.ac-nice.fr\/edd\/wp-json\/wp\/v2\/pages"}],"about":[{"href":"https:\/\/www.pedagogie.ac-nice.fr\/edd\/wp-json\/wp\/v2\/types\/page"}],"author":[{"embeddable":true,"href":"https:\/\/www.pedagogie.ac-nice.fr\/edd\/wp-json\/wp\/v2\/users\/139"}],"replies":[{"embeddable":true,"href":"https:\/\/www.pedagogie.ac-nice.fr\/edd\/wp-json\/wp\/v2\/comments?post=3913"}],"version-history":[{"count":9,"href":"https:\/\/www.pedagogie.ac-nice.fr\/edd\/wp-json\/wp\/v2\/pages\/3913\/revisions"}],"predecessor-version":[{"id":4259,"href":"https:\/\/www.pedagogie.ac-nice.fr\/edd\/wp-json\/wp\/v2\/pages\/3913\/revisions\/4259"}],"wp:attachment":[{"href":"https:\/\/www.pedagogie.ac-nice.fr\/edd\/wp-json\/wp\/v2\/media?parent=3913"}],"curies":[{"name":"wp","href":"https:\/\/api.w.org\/{rel}","templated":true}]}}