{"id":4192,"date":"2026-01-23T22:17:14","date_gmt":"2026-01-23T21:17:14","guid":{"rendered":"https:\/\/www.pedagogie.ac-nice.fr\/migredd\/?page_id=4192"},"modified":"2026-02-17T23:07:57","modified_gmt":"2026-02-17T22:07:57","slug":"projets","status":"publish","type":"page","link":"https:\/\/www.pedagogie.ac-nice.fr\/edd\/projets\/","title":{"rendered":"Projets inspirants \u00e9cod\u00e9l\u00e9gu\u00e9s"},"content":{"rendered":"<p>[et_pb_section fb_built=\u00a0\u00bb1&Prime; _builder_version=\u00a0\u00bb4.27.4&Prime; _module_preset=\u00a0\u00bbdefault\u00a0\u00bb global_colors_info=\u00a0\u00bb{}\u00a0\u00bb][et_pb_row _builder_version=\u00a0\u00bb4.27.4&Prime; _module_preset=\u00a0\u00bbdefault\u00a0\u00bb global_colors_info=\u00a0\u00bb{}\u00a0\u00bb][et_pb_column type=\u00a0\u00bb4_4&Prime; _builder_version=\u00a0\u00bb4.27.4&Prime; _module_preset=\u00a0\u00bbdefault\u00a0\u00bb global_colors_info=\u00a0\u00bb{}\u00a0\u00bb][et_pb_blog fullwidth=\u00a0\u00bboff\u00a0\u00bb include_categories=\u00a0\u00bb128&Prime; _builder_version=\u00a0\u00bb4.27.4&Prime; _module_preset=\u00a0\u00bbdefault\u00a0\u00bb header_text_color=\u00a0\u00bb#12876F\u00a0\u00bb hover_enabled=\u00a0\u00bb0&Prime; border_radii=\u00a0\u00bbon|20px|20px|20px|20px\u00a0\u00bb global_colors_info=\u00a0\u00bb{}\u00a0\u00bb header_text_align=\u00a0\u00bbcenter\u00a0\u00bb sticky_enabled=\u00a0\u00bb0&Prime; read_more_font=\u00a0\u00bb|||on|||||\u00a0\u00bb read_more_text_color=\u00a0\u00bb#FFFFFF\u00a0\u00bb custom_css_read_more=\u00a0\u00bbdisplay: block;||text-align: center;||background-color:#12876F;||padding: 0.3em 1em;||margin-top: 10px;\u00a0\u00bb custom_css_content=\u00a0\u00bbpadding:20px;\u00a0\u00bb][\/et_pb_blog][\/et_pb_column][\/et_pb_row][\/et_pb_section]<\/p>\n","protected":false},"excerpt":{"rendered":"","protected":false},"author":139,"featured_media":0,"parent":0,"menu_order":0,"comment_status":"closed","ping_status":"closed","template":"page-template-fullwidth.php","meta":{"_et_pb_use_builder":"on","_et_pb_old_content":"","_et_gb_content_width":"","ngg_post_thumbnail":0,"footnotes":""},"class_list":["post-4192","page","type-page","status-publish","hentry"],"rttpg_featured_image_url":null,"rttpg_author":{"display_name":"Yves Castel","author_link":"https:\/\/www.pedagogie.ac-nice.fr\/edd\/author\/castel\/"},"rttpg_comment":0,"rttpg_category":null,"rttpg_excerpt":null,"post_mailing_queue_ids":[],"_links":{"self":[{"href":"https:\/\/www.pedagogie.ac-nice.fr\/edd\/wp-json\/wp\/v2\/pages\/4192","targetHints":{"allow":["GET"]}}],"collection":[{"href":"https:\/\/www.pedagogie.ac-nice.fr\/edd\/wp-json\/wp\/v2\/pages"}],"about":[{"href":"https:\/\/www.pedagogie.ac-nice.fr\/edd\/wp-json\/wp\/v2\/types\/page"}],"author":[{"embeddable":true,"href":"https:\/\/www.pedagogie.ac-nice.fr\/edd\/wp-json\/wp\/v2\/users\/139"}],"replies":[{"embeddable":true,"href":"https:\/\/www.pedagogie.ac-nice.fr\/edd\/wp-json\/wp\/v2\/comments?post=4192"}],"version-history":[{"count":9,"href":"https:\/\/www.pedagogie.ac-nice.fr\/edd\/wp-json\/wp\/v2\/pages\/4192\/revisions"}],"predecessor-version":[{"id":4539,"href":"https:\/\/www.pedagogie.ac-nice.fr\/edd\/wp-json\/wp\/v2\/pages\/4192\/revisions\/4539"}],"wp:attachment":[{"href":"https:\/\/www.pedagogie.ac-nice.fr\/edd\/wp-json\/wp\/v2\/media?parent=4192"}],"curies":[{"name":"wp","href":"https:\/\/api.w.org\/{rel}","templated":true}]}}