{"id":1334,"date":"2021-02-18T16:12:54","date_gmt":"2021-02-18T15:12:54","guid":{"rendered":"https:\/\/www.pedagogie.ac-nice.fr\/education-musicale\/?page_id=1334"},"modified":"2026-02-21T16:25:21","modified_gmt":"2026-02-21T15:25:21","slug":"traam-2021","status":"publish","type":"page","link":"https:\/\/www.pedagogie.ac-nice.fr\/education-musicale\/groupe-numerique-disciplinaire\/traam-2021\/","title":{"rendered":"GND 2021 TraAM Ludification \u00ab\u00a0Musicale poursuite\u00a0\u00bb"},"content":{"rendered":"<p>[et_pb_section fb_built=\u00a0\u00bb1&Prime; _builder_version=\u00a0\u00bb4.16&Prime; _module_preset=\u00a0\u00bbdefault\u00a0\u00bb background_color=\u00a0\u00bb#000000&Prime; global_colors_info=\u00a0\u00bb{}\u00a0\u00bb][et_pb_row _builder_version=\u00a0\u00bb4.16&Prime; _module_preset=\u00a0\u00bbdefault\u00a0\u00bb global_colors_info=\u00a0\u00bb{}\u00a0\u00bb][et_pb_column type=\u00a0\u00bb4_4&Prime; _builder_version=\u00a0\u00bb4.16&Prime; _module_preset=\u00a0\u00bbdefault\u00a0\u00bb global_colors_info=\u00a0\u00bb{}\u00a0\u00bb][et_pb_blurb _builder_version=\u00a0\u00bb4.16&Prime; _module_preset=\u00a0\u00bbdefault\u00a0\u00bb global_colors_info=\u00a0\u00bb{}\u00a0\u00bb]<\/p>\n<h3 style=\"text-align: center;\"><span style=\"color: #ffffff;\"><strong><\/strong><\/span><\/h3>\n<h3 class=\"page__title\" style=\"text-align: center;\"><span style=\"color: #ffffff;\">Les Travaux Acad\u00e9miques Mutualis\u00e9s (TraAM) : <br \/><\/span><\/h3>\n<h3 class=\"page__title\" style=\"text-align: center;\"><span style=\"color: #ffffff;\"><\/span><\/h3>\n<h3 class=\"page__title\" style=\"text-align: center;\"><span style=\"color: #ffffff;\"><\/span><\/h3>\n<h3 class=\"page__title\" style=\"text-align: center;\"><span style=\"color: #ffffff;\">des laboratoires de pratiques num\u00e9riques<\/span><\/h3>\n<h3 style=\"text-align: center;\"><span style=\"color: #ffffff;\"><strong><\/strong><\/span><\/h3>\n<p>[\/et_pb_blurb][\/et_pb_column][\/et_pb_row][et_pb_row _builder_version=\u00a0\u00bb4.16&Prime; _module_preset=\u00a0\u00bbdefault\u00a0\u00bb global_colors_info=\u00a0\u00bb{}\u00a0\u00bb][et_pb_column type=\u00a0\u00bb4_4&Prime; _builder_version=\u00a0\u00bb4.16&Prime; _module_preset=\u00a0\u00bbdefault\u00a0\u00bb global_colors_info=\u00a0\u00bb{}\u00a0\u00bb][et_pb_blurb _builder_version=\u00a0\u00bb4.27.4&Prime; _module_preset=\u00a0\u00bbdefault\u00a0\u00bb hover_enabled=\u00a0\u00bb0&Prime; sticky_enabled=\u00a0\u00bb0&Prime;]<\/p>\n<p><img loading=\"lazy\" decoding=\"async\" src=\"https:\/\/www.pedagogie.ac-nice.fr\/education-musicale\/wp-content\/uploads\/sites\/2\/2021\/10\/Nouveau-Logo-TraAM-arrondi-300x300.png\" width=\"172\" height=\"172\" alt=\"\" class=\"wp-image-1434 alignnone size-medium\" style=\"display: block; margin-left: auto; margin-right: auto;\" \/><\/p>\n<p>[\/et_pb_blurb][\/et_pb_column][\/et_pb_row][et_pb_row _builder_version=\u00a0\u00bb4.16&Prime; _module_preset=\u00a0\u00bbdefault\u00a0\u00bb global_colors_info=\u00a0\u00bb{}\u00a0\u00bb][et_pb_column type=\u00a0\u00bb4_4&Prime; _builder_version=\u00a0\u00bb4.16&Prime; _module_preset=\u00a0\u00bbdefault\u00a0\u00bb global_colors_info=\u00a0\u00bb{}\u00a0\u00bb][et_pb_blurb _builder_version=\u00a0\u00bb4.27.4&Prime; _module_preset=\u00a0\u00bbdefault\u00a0\u00bb hover_enabled=\u00a0\u00bb0&Prime; global_colors_info=\u00a0\u00bb{}\u00a0\u00bb sticky_enabled=\u00a0\u00bb0&Prime;]<\/p>\n<h3 style=\"text-align: center;\"><span style=\"color: #ffffff;\"><a href=\"https:\/\/edurl.fr\/TraAMEduscol\" target=\"_blank\" rel=\"noopener\" style=\"color: #ffffff;\">https:\/\/edurl.fr\/TraAMEduscol<\/a><\/span><\/h3>\n<h3 style=\"text-align: center;\"><span style=\"color: #ffffff;\"><\/span><\/h3>\n<h3 style=\"text-align: center;\"><span style=\"color: #ffffff;\">La th\u00e9matique retenue de 2020 \u00e0 2022<\/span><\/h3>\n<h3 style=\"text-align: center;\"><span style=\"color: #ffffff;\"><a href=\"\/\/eduscol.education.fr\/692\/les-travaux-academiques-mutualises-traam\" target=\"_blank\" rel=\"noopener noreferrer\" style=\"color: #ffffff;\"><\/a><\/span><\/h3>\n<p>[\/et_pb_blurb][\/et_pb_column][\/et_pb_row][et_pb_row _builder_version=\u00a0\u00bb4.16&Prime; _module_preset=\u00a0\u00bbdefault\u00a0\u00bb global_colors_info=\u00a0\u00bb{}\u00a0\u00bb column_structure=\u00a0\u00bb1_2,1_2&Prime;][et_pb_column type=\u00a0\u00bb1_2&Prime; _builder_version=\u00a0\u00bb4.16&Prime; _module_preset=\u00a0\u00bbdefault\u00a0\u00bb global_colors_info=\u00a0\u00bb{}\u00a0\u00bb][et_pb_blurb _builder_version=\u00a0\u00bb4.27.4&Prime; _module_preset=\u00a0\u00bbdefault\u00a0\u00bb hover_enabled=\u00a0\u00bb0&Prime; sticky_enabled=\u00a0\u00bb0&Prime;][\/et_pb_blurb][et_pb_image src=\u00a0\u00bbhttps:\/\/www.pedagogie.ac-nice.fr\/education-musicale\/wp-content\/uploads\/sites\/2\/2021\/03\/thematique-traam-edmus-20-21.png\u00a0\u00bb _builder_version=\u00a0\u00bb4.27.4&Prime; _module_preset=\u00a0\u00bbdefault\u00a0\u00bb title_text=\u00a0\u00bbth\u00e9matique traam edmus 20-21&Prime; hover_enabled=\u00a0\u00bb0&Prime; sticky_enabled=\u00a0\u00bb0&Prime;][\/et_pb_image][\/et_pb_column][et_pb_column type=\u00a0\u00bb1_2&Prime; _builder_version=\u00a0\u00bb4.16&Prime; _module_preset=\u00a0\u00bbdefault\u00a0\u00bb global_colors_info=\u00a0\u00bb{}\u00a0\u00bb][et_pb_blurb _builder_version=\u00a0\u00bb4.27.4&Prime; _module_preset=\u00a0\u00bbdefault\u00a0\u00bb hover_enabled=\u00a0\u00bb0&Prime; sticky_enabled=\u00a0\u00bb0&Prime;]<\/p>\n<h5 style=\"text-align: justify;\"><span style=\"color: #ffffff;\"><\/span><\/h5>\n<h5 style=\"text-align: justify;\"><span style=\"color: #ffffff;\"><\/span><\/h5>\n<h5 style=\"text-align: justify;\"><span style=\"color: #ffffff;\"><\/span><\/h5>\n<h5 style=\"text-align: justify;\"><span style=\"color: #ffffff;\">Afin de d\u00e9velopper les usages p\u00e9dagogiques du num\u00e9rique, <\/span><\/h5>\n<h5 style=\"text-align: justify;\"><span style=\"color: #ffffff;\">la direction du num\u00e9rique pour l&rsquo;\u00e9ducation (DNE) <\/span><\/h5>\n<h5 style=\"text-align: justify;\"><span style=\"color: #ffffff;\">met en \u0153uvre des travaux acad\u00e9miques mutualis\u00e9s (TraAM) <\/span><\/h5>\n<h5 style=\"text-align: justify;\"><span style=\"color: #ffffff;\">qui permettent de favoriser la rencontre <\/span><\/h5>\n<h5 style=\"text-align: justify;\"><span style=\"color: #ffffff;\">entre les acad\u00e9mies autour de th\u00e8mes \u00e9mergents du <\/span><\/h5>\n<h5 style=\"text-align: justify;\"><span style=\"color: #ffffff;\">num\u00e9rique \u00e9ducatif.<\/span><\/h5>\n<h5 style=\"text-align: justify;\"><span style=\"color: #ffffff;\"> Les TraAM aboutissent \u00e0 des productions<\/span><\/h5>\n<h5 style=\"text-align: justify;\"><span style=\"color: #ffffff;\">de sc\u00e9narios p\u00e9dagogiques du num\u00e9rique.<\/span><\/h5>\n<p>[\/et_pb_blurb][\/et_pb_column][\/et_pb_row][et_pb_row column_structure=\u00a0\u00bb1_3,1_3,1_3&Prime; _builder_version=\u00a0\u00bb4.16&Prime; _module_preset=\u00a0\u00bbdefault\u00a0\u00bb width=\u00a0\u00bb78.3%\u00a0\u00bb min_height=\u00a0\u00bb516px\u00a0\u00bb custom_margin=\u00a0\u00bb|auto|-220px|auto||\u00a0\u00bb global_colors_info=\u00a0\u00bb{}\u00a0\u00bb][et_pb_column type=\u00a0\u00bb1_3&Prime; _builder_version=\u00a0\u00bb4.16&Prime; _module_preset=\u00a0\u00bbdefault\u00a0\u00bb global_colors_info=\u00a0\u00bb{}\u00a0\u00bb][et_pb_blurb image=\u00a0\u00bbhttps:\/\/www.pedagogie.ac-nice.fr\/education-musicale\/wp-content\/uploads\/sites\/2\/2021\/06\/IMG_6365-150&#215;150.jpg\u00a0\u00bb _builder_version=\u00a0\u00bb4.16&Prime; _module_preset=\u00a0\u00bbdefault\u00a0\u00bb global_colors_info=\u00a0\u00bb{}\u00a0\u00bb]<\/p>\n<p style=\"text-align: justify;\"><span style=\"color: #ffffff;\">Le Groupe Num\u00e9rique Disciplinaire est compos\u00e9 de :<\/span><\/p>\n<p style=\"text-align: justify;\"><span style=\"color: #ffffff;\">Bruno Stisi (IA IPR Nice et Corse), Flavie Nesme (IAN Nice) &amp; Emma Cervetti (IAN Corse), Laetizia Armand, Emilie Agosti, Renaud Maria, Philippe Mopin, Jean-Baptiste Bec, Cathie Lefer, Marie-H\u00e9l\u00e8ne Morisco.<\/span><\/p>\n<p style=\"text-align: justify;\"><span style=\"color: #ffffff;\"><\/span><\/p>\n<p style=\"text-align: justify;\"><span style=\"color: #ffffff;\"><span>Acad\u00e9mie bin\u00f4me pour expertise et\/ou exp\u00e9rimentation\u00a0: Acad\u00e9mie D\u2019Amiens \u2013 Vincent Louette (IAN).<\/span><\/span><\/p>\n<p style=\"text-align: justify;\"><span style=\"font-size: 14px; color: #ffffff;\"><\/span><\/p>\n<p style=\"text-align: justify;\"><span style=\"font-size: 14px; color: #ffffff;\">Pour les TraAM 2020-2021, notre (Acad\u00e9mies de Corse et de Nice associ\u00e9es)\u00a0projet est de r\u00e9aliser une adaptation librement inspir\u00e9e du jeu \u00ab\u00a0Trivial Pursuit\u00a0\u00bb et de proposer plusieurs scenarii p\u00e9dagogiques autour de son utilisation.<\/span><span style=\"font-size: 14px;\"><span style=\"color: #ffffff;\">\u00a0<\/span><\/span><\/p>\n<p style=\"text-align: justify;\">[\/et_pb_blurb][\/et_pb_column][et_pb_column type=\u00a0\u00bb1_3&Prime; _builder_version=\u00a0\u00bb4.16&Prime; _module_preset=\u00a0\u00bbdefault\u00a0\u00bb global_colors_info=\u00a0\u00bb{}\u00a0\u00bb][et_pb_blurb _builder_version=\u00a0\u00bb4.16&Prime; _module_preset=\u00a0\u00bbdefault\u00a0\u00bb global_colors_info=\u00a0\u00bb{}\u00a0\u00bb]<\/p>\n<p style=\"text-align: justify;\"><span style=\"color: #ffffff;\"><span>Comme dans le jeu traditionnel o\u00f9 les six couleurs du plateau et des cartes correspondent \u00e0 six th\u00e8mes, notre version \u00ab\u00a0\u00c9ducation musicale\u00a0\u00bb, fera correspondre ces six couleurs aux six domaines musicaux de comp\u00e9tences\u00a0: temps et rythme, timbre et espace, dynamique, forme, successif et simultan\u00e9, geste vocal et instrumental. Ainsi en jouant au musicale poursuite, les \u00e9l\u00e8ves seront en situation de transf\u00e9rer les comp\u00e9tences relatives \u00e0 ces six domaines selon les quatre axes du programme d\u2019\u00c9ducation musicale au coll\u00e8ge.\u00a0<\/span><\/span><\/p>\n<p style=\"text-align: justify;\"><span style=\"color: #ffffff;\">La ludification p\u00e9dagogique en \u00e9ducation musicale est une source de motivation suppl\u00e9mentaire qui peut favoriser les apprentissages en pr\u00e9sentiel comme en distanciel.<\/span><\/p>\n<p style=\"text-align: justify;\"><span style=\"color: #ffffff;\">La vid\u00e9o ci-dessous\u00a0donne un aper\u00e7u ludique mais juste de ce que ce jeu peut apporter en cours d\u2019\u00e9ducation musicale.<\/span><\/p>\n<p><span style=\"color: #ffffff;\">\u00a0<\/span><\/p>\n<p>[\/et_pb_blurb][\/et_pb_column][et_pb_column type=\u00a0\u00bb1_3&Prime; _builder_version=\u00a0\u00bb4.16&Prime; _module_preset=\u00a0\u00bbdefault\u00a0\u00bb global_colors_info=\u00a0\u00bb{}\u00a0\u00bb][et_pb_blurb _builder_version=\u00a0\u00bb4.16&Prime; _module_preset=\u00a0\u00bbdefault\u00a0\u00bb global_colors_info=\u00a0\u00bb{}\u00a0\u00bb]<\/p>\n<p style=\"text-align: justify;\"><span style=\"color: #ffffff;\">En plus du jeu \u00ab\u00a0cl\u00e9 en main\u00a0\u00bb, nos travaux proposeront plusieurs scenarii p\u00e9dagogiques couvrant chacune des quatre grandes comp\u00e9tences du programme d\u2019\u00c9ducation musicale et correspondant \u00e0\u00a0diff\u00e9rents stades des s\u00e9quences :\u00a0 d\u00e9couverte, consolidation, rem\u00e9diation, r\u00e9vision, \u00e9valuation sous toutes ses formes, etc.\u00a0 <\/span><span style=\"color: #ffffff;\">\u00a0<\/span><\/p>\n<p style=\"text-align: justify;\"><span style=\"color: #ffffff;\">Pour la session 2020-2021, les travaux porteront uniquement sur le niveau 6\u00e8me et, en d\u00e9pit de la diversit\u00e9 des questions, ne pourront pas pr\u00e9tendre couvrir toutes les probl\u00e9matiques de s\u00e9quences.<\/span><\/p>\n<h4 style=\"text-align: center;\"><span style=\"color: #ffffff;\">Vous pourrez avoir acc\u00e8s aux plateaux et aux r\u00e8gles en<br \/>cliquant ci-dessous :<\/span><\/h4>\n<h3><span style=\"color: #ffffff;\"><br \/><span style=\"color: #ff0000;\"><a href=\"https:\/\/view.genial.ly\/5fa5ac04316b3b0cf52d7f66\/game-musicale-poursuite-plateau-1\" target=\"_blank\" rel=\"noopener noreferrer\" title=\"Plateau 1\" style=\"color: #ff0000;\"><strong>&gt; Plateau 1<\/strong><\/a><\/span><\/span><\/h3>\n<p><span style=\"color: #ffffff;\"><strong><span style=\"color: #e02b20;\"><\/span><\/strong><\/span><\/p>\n<h3><span style=\"color: #ff0000;\"><strong><a href=\"https:\/\/view.genial.ly\/60833f23bff4780d30656d3a\/game-musicale-poursuite-plateau-2\" target=\"_blank\" rel=\"noopener noreferrer\" title=\"Plateau 2\" style=\"color: #ff0000;\">&gt; Plateau 2<\/a><\/strong><\/span><\/h3>\n<p><strong><span style=\"color: #e02b20;\"><\/span><\/strong><\/p>\n<h3><strong><\/strong><a href=\"https:\/\/nuage03.apps.education.fr\/index.php\/s\/tjwfNdN8jZrT9Js\" target=\"_blank\" rel=\"noopener noreferrer\" title=\"Les r\u00e8gles du jeu \u00e0 t\u00e9l\u00e9charger\"><span style=\"color: #ff0000;\"><strong>&gt; <\/strong>Les R\u00e8gles du jeu \u00e0 t\u00e9l\u00e9charger<\/span><\/a><\/h3>\n<h3><span style=\"color: #ff0000;\"><strong><\/strong><\/span><\/h3>\n<h3><span style=\"color: #ff0000;\"><strong><\/strong><\/span><\/h3>\n<h3><a href=\"https:\/\/edubase.eduscol.education.fr\/fiche\/19704\" target=\"_blank\" rel=\"noopener noreferrer\"><span style=\"color: #ff0000;\"><strong>&gt; Fiche Edubase<\/strong><\/span><\/a><\/h3>\n<p>&nbsp;<\/p>\n<p>[\/et_pb_blurb][\/et_pb_column][\/et_pb_row][et_pb_row _builder_version=\u00a0\u00bb4.16&Prime; _module_preset=\u00a0\u00bbdefault\u00a0\u00bb min_height=\u00a0\u00bb101px\u00a0\u00bb global_colors_info=\u00a0\u00bb{}\u00a0\u00bb][et_pb_column type=\u00a0\u00bb4_4&Prime; _builder_version=\u00a0\u00bb4.16&Prime; _module_preset=\u00a0\u00bbdefault\u00a0\u00bb global_colors_info=\u00a0\u00bb{}\u00a0\u00bb][\/et_pb_column][\/et_pb_row][et_pb_row column_structure=\u00a0\u00bb1_2,1_2&Prime; _builder_version=\u00a0\u00bb4.16&Prime; _module_preset=\u00a0\u00bbdefault\u00a0\u00bb global_colors_info=\u00a0\u00bb{}\u00a0\u00bb][et_pb_column type=\u00a0\u00bb1_2&Prime; _builder_version=\u00a0\u00bb4.16&Prime; _module_preset=\u00a0\u00bbdefault\u00a0\u00bb global_colors_info=\u00a0\u00bb{}\u00a0\u00bb][et_pb_blurb _builder_version=\u00a0\u00bb4.16&Prime; _module_preset=\u00a0\u00bbdefault\u00a0\u00bb global_colors_info=\u00a0\u00bb{}\u00a0\u00bb]<\/p>\n<h2 style=\"text-align: center;\"><span style=\"color: #ffffff;\"><\/span><\/h2>\n<h2 style=\"text-align: center;\"><span style=\"color: #ffffff;\"><\/span><\/h2>\n<h2 style=\"text-align: center;\"><span style=\"color: #ffffff;\"><\/span><\/h2>\n<h2 style=\"text-align: center;\"><span style=\"color: #ffffff;\">Bande-annonce<\/span><\/h2>\n<p>[\/et_pb_blurb][\/et_pb_column][et_pb_column type=\u00a0\u00bb1_2&Prime; _builder_version=\u00a0\u00bb4.16&Prime; _module_preset=\u00a0\u00bbdefault\u00a0\u00bb global_colors_info=\u00a0\u00bb{}\u00a0\u00bb][et_pb_blurb title=\u00a0\u00bbVotre titre va ici\u00a0\u00bb _builder_version=\u00a0\u00bb4.16&Prime; _module_preset=\u00a0\u00bbdefault\u00a0\u00bb global_colors_info=\u00a0\u00bb{}\u00a0\u00bb]<\/p>\n<h2 style=\"text-align: center;\"><span style=\"color: #ffffff;\">Formation<\/span><\/h2>\n<p>[\/et_pb_blurb][\/et_pb_column][\/et_pb_row][et_pb_row column_structure=\u00a0\u00bb1_2,1_2&Prime; _builder_version=\u00a0\u00bb4.16&Prime; _module_preset=\u00a0\u00bbdefault\u00a0\u00bb global_colors_info=\u00a0\u00bb{}\u00a0\u00bb][et_pb_column type=\u00a0\u00bb1_2&Prime; _builder_version=\u00a0\u00bb4.16&Prime; _module_preset=\u00a0\u00bbdefault\u00a0\u00bb global_colors_info=\u00a0\u00bb{}\u00a0\u00bb][et_pb_code _builder_version=\u00a0\u00bb4.16&Prime; _module_preset=\u00a0\u00bbdefault\u00a0\u00bb global_colors_info=\u00a0\u00bb{}\u00a0\u00bb]<iframe loading=\"lazy\" width=\"540\" height=\"334\" src=\"https:\/\/acamedia.ac-nice.fr\/player\/embed_player.php?vid=RASMODG93RNU&#038;width=540&#038;height=334&#038;autoplay=no\" frameborder=\"0\" allowfullscreen><\/iframe>[\/et_pb_code][\/et_pb_column][et_pb_column type=\u00a0\u00bb1_2&Prime; _builder_version=\u00a0\u00bb4.16&Prime; _module_preset=\u00a0\u00bbdefault\u00a0\u00bb global_colors_info=\u00a0\u00bb{}\u00a0\u00bb][et_pb_code _builder_version=\u00a0\u00bb4.16&Prime; _module_preset=\u00a0\u00bbdefault\u00a0\u00bb global_colors_info=\u00a0\u00bb{}\u00a0\u00bb]<iframe loading=\"lazy\" width=\"540\" height=\"334\" src=\"https:\/\/acamedia.ac-nice.fr\/player\/embed_player.php?vid=52XB9GXNO74O&#038;width=540&#038;height=334&#038;autoplay=no\" frameborder=\"0\" allowfullscreen><\/iframe>[\/et_pb_code][\/et_pb_column][\/et_pb_row][et_pb_row column_structure=\u00a0\u00bb1_3,1_3,1_3&Prime; _builder_version=\u00a0\u00bb4.16&Prime; _module_preset=\u00a0\u00bbdefault\u00a0\u00bb global_colors_info=\u00a0\u00bb{}\u00a0\u00bb][et_pb_column type=\u00a0\u00bb1_3&Prime; _builder_version=\u00a0\u00bb4.16&Prime; _module_preset=\u00a0\u00bbdefault\u00a0\u00bb global_colors_info=\u00a0\u00bb{}\u00a0\u00bb][et_pb_image src=\u00a0\u00bbhttps:\/\/www.pedagogie.ac-nice.fr\/education-musicale\/wp-content\/uploads\/sites\/2\/2021\/06\/Capture-de\u0301cran-2021-05-22-a\u0300-18.07.46.png\u00a0\u00bb title_text=\u00a0\u00bbCarte\u00a0\u00bb _builder_version=\u00a0\u00bb4.16&Prime; _module_preset=\u00a0\u00bbdefault\u00a0\u00bb global_colors_info=\u00a0\u00bb{}\u00a0\u00bb][\/et_pb_image][\/et_pb_column][et_pb_column type=\u00a0\u00bb1_3&Prime; _builder_version=\u00a0\u00bb4.16&Prime; _module_preset=\u00a0\u00bbdefault\u00a0\u00bb global_colors_info=\u00a0\u00bb{}\u00a0\u00bb][et_pb_image src=\u00a0\u00bbhttps:\/\/www.pedagogie.ac-nice.fr\/education-musicale\/wp-content\/uploads\/sites\/2\/2021\/03\/IMG_6247.jpg\u00a0\u00bb title_text=\u00a0\u00bbIMG_6247&Prime; _builder_version=\u00a0\u00bb4.16&Prime; _module_preset=\u00a0\u00bbdefault\u00a0\u00bb global_colors_info=\u00a0\u00bb{}\u00a0\u00bb][\/et_pb_image][\/et_pb_column][et_pb_column type=\u00a0\u00bb1_3&Prime; _builder_version=\u00a0\u00bb4.16&Prime; _module_preset=\u00a0\u00bbdefault\u00a0\u00bb global_colors_info=\u00a0\u00bb{}\u00a0\u00bb][et_pb_image src=\u00a0\u00bbhttps:\/\/www.pedagogie.ac-nice.fr\/education-musicale\/wp-content\/uploads\/sites\/2\/2021\/06\/Capture-de\u0301cran-2021-05-22-a\u0300-18.08.01.png\u00a0\u00bb title_text=\u00a0\u00bbCapture d\u2019e\u0301cran 2021-05-22 a\u0300 18.08.01&Prime; _builder_version=\u00a0\u00bb4.16&Prime; _module_preset=\u00a0\u00bbdefault\u00a0\u00bb global_colors_info=\u00a0\u00bb{}\u00a0\u00bb][\/et_pb_image][\/et_pb_column][\/et_pb_row][\/et_pb_section]<\/p>\n","protected":false},"excerpt":{"rendered":"<p>Les Travaux Acad\u00e9miques Mutualis\u00e9s (TraAM) : des laboratoires de pratiques num\u00e9riques https:\/\/edurl.fr\/TraAMEduscol La th\u00e9matique retenue de 2020 \u00e0 2022 Afin de d\u00e9velopper les usages p\u00e9dagogiques du num\u00e9rique, la direction du num\u00e9rique pour l&rsquo;\u00e9ducation (DNE) met en \u0153uvre des travaux acad\u00e9miques mutualis\u00e9s (TraAM) qui permettent de favoriser la rencontre entre les acad\u00e9mies autour de th\u00e8mes \u00e9mergents [&hellip;]<\/p>\n","protected":false},"author":213,"featured_media":0,"parent":1679,"menu_order":0,"comment_status":"closed","ping_status":"closed","template":"","meta":{"_et_pb_use_builder":"on","_et_pb_old_content":"","_et_gb_content_width":"","ngg_post_thumbnail":0,"footnotes":""},"class_list":["post-1334","page","type-page","status-publish","hentry"],"rttpg_featured_image_url":null,"rttpg_author":{"display_name":"fnesme","author_link":"https:\/\/www.pedagogie.ac-nice.fr\/education-musicale\/author\/fnesme\/"},"rttpg_comment":0,"rttpg_category":null,"rttpg_excerpt":"Les Travaux Acad\u00e9miques Mutualis\u00e9s (TraAM) : des laboratoires de pratiques num\u00e9riques https:\/\/edurl.fr\/TraAMEduscol La th\u00e9matique retenue de 2020 \u00e0 2022 Afin de d\u00e9velopper les usages p\u00e9dagogiques du num\u00e9rique, la direction du num\u00e9rique pour l'\u00e9ducation (DNE) met en \u0153uvre des travaux acad\u00e9miques mutualis\u00e9s (TraAM) qui permettent de favoriser la rencontre entre les acad\u00e9mies autour de th\u00e8mes \u00e9mergents\u2026","post_mailing_queue_ids":[],"_links":{"self":[{"href":"https:\/\/www.pedagogie.ac-nice.fr\/education-musicale\/wp-json\/wp\/v2\/pages\/1334","targetHints":{"allow":["GET"]}}],"collection":[{"href":"https:\/\/www.pedagogie.ac-nice.fr\/education-musicale\/wp-json\/wp\/v2\/pages"}],"about":[{"href":"https:\/\/www.pedagogie.ac-nice.fr\/education-musicale\/wp-json\/wp\/v2\/types\/page"}],"author":[{"embeddable":true,"href":"https:\/\/www.pedagogie.ac-nice.fr\/education-musicale\/wp-json\/wp\/v2\/users\/213"}],"replies":[{"embeddable":true,"href":"https:\/\/www.pedagogie.ac-nice.fr\/education-musicale\/wp-json\/wp\/v2\/comments?post=1334"}],"version-history":[{"count":68,"href":"https:\/\/www.pedagogie.ac-nice.fr\/education-musicale\/wp-json\/wp\/v2\/pages\/1334\/revisions"}],"predecessor-version":[{"id":1787,"href":"https:\/\/www.pedagogie.ac-nice.fr\/education-musicale\/wp-json\/wp\/v2\/pages\/1334\/revisions\/1787"}],"up":[{"embeddable":true,"href":"https:\/\/www.pedagogie.ac-nice.fr\/education-musicale\/wp-json\/wp\/v2\/pages\/1679"}],"wp:attachment":[{"href":"https:\/\/www.pedagogie.ac-nice.fr\/education-musicale\/wp-json\/wp\/v2\/media?parent=1334"}],"curies":[{"name":"wp","href":"https:\/\/api.w.org\/{rel}","templated":true}]}}