{"id":206,"date":"2019-11-23T18:44:23","date_gmt":"2019-11-23T17:44:23","guid":{"rendered":"http:\/\/www.pedagogie.ac-nice.fr\/traam-educmus\/?page_id=206"},"modified":"2026-02-21T16:26:15","modified_gmt":"2026-02-21T15:26:15","slug":"menu","status":"publish","type":"page","link":"https:\/\/www.pedagogie.ac-nice.fr\/education-musicale\/","title":{"rendered":"\u00c9ducation Musicale"},"content":{"rendered":"<p>[et_pb_section fb_built=\u00a0\u00bb1&Prime; fullwidth=\u00a0\u00bbon\u00a0\u00bb _builder_version=\u00a0\u00bb4.16&Prime; custom_padding=\u00a0\u00bb0px|0px|0|0px|false|false\u00a0\u00bb global_colors_info=\u00a0\u00bb{}\u00a0\u00bb][et_pb_fullwidth_header _builder_version=\u00a0\u00bb4.27.4&Prime; background_color=\u00a0\u00bb#000000&Prime; global_colors_info=\u00a0\u00bb{}\u00a0\u00bb]<\/p>\n<p style=\"text-align: center;\"><strong><img loading=\"lazy\" decoding=\"async\" src=\"https:\/\/www.pedagogie.ac-nice.fr\/education-musicale\/wp-content\/uploads\/sites\/2\/2021\/02\/Logo-site-academique-300x150.png\" width=\"300\" height=\"150\" alt=\"\" class=\"wp-image-1350 alignnone size-medium\" \/><br \/><\/strong><\/p>\n<h1 style=\"text-align: center;\"><strong>\u00c9DUCATION MUSICALE ET CHANT CHORAL<\/strong><\/h1>\n<p><strong><\/strong><\/p>\n<p><strong><\/strong><\/p>\n<h3 style=\"text-align: center;\"><strong><\/strong><\/h3>\n<h3 style=\"text-align: center;\"><strong><\/strong><\/h3>\n<h3 style=\"text-align: center;\"><strong>ACADEMIE DE NICE<br \/><\/strong><strong><\/strong><\/h3>\n<p><strong><\/strong><\/p>\n<p>[\/et_pb_fullwidth_header][\/et_pb_section][et_pb_section fb_built=\u00a0\u00bb1&Prime; _builder_version=\u00a0\u00bb4.27.4&Prime; _module_preset=\u00a0\u00bbdefault\u00a0\u00bb background_color=\u00a0\u00bb#000000&Prime; global_colors_info=\u00a0\u00bb{}\u00a0\u00bb][et_pb_row _builder_version=\u00a0\u00bb4.27.4&Prime; _module_preset=\u00a0\u00bbdefault\u00a0\u00bb custom_margin=\u00a0\u00bb-89px|auto||auto||\u00a0\u00bb global_colors_info=\u00a0\u00bb{}\u00a0\u00bb][et_pb_column type=\u00a0\u00bb4_4&Prime; _builder_version=\u00a0\u00bb4.27.4&Prime; _module_preset=\u00a0\u00bbdefault\u00a0\u00bb global_colors_info=\u00a0\u00bb{}\u00a0\u00bb][et_pb_blurb _builder_version=\u00a0\u00bb4.27.4&Prime; _module_preset=\u00a0\u00bbdefault\u00a0\u00bb min_height=\u00a0\u00bb167px\u00a0\u00bb custom_margin=\u00a0\u00bb||-60px|||\u00a0\u00bb custom_padding=\u00a0\u00bb||1px|||\u00a0\u00bb hover_enabled=\u00a0\u00bb0&Prime; global_colors_info=\u00a0\u00bb{}\u00a0\u00bb sticky_enabled=\u00a0\u00bb0&Prime;]<\/p>\n<h3 style=\"text-align: center;\"><span style=\"color: #ffffff;\"><strong>SOMMAIRE<\/strong><\/span><br \/><span style=\"color: #ffffff;\"><strong><\/strong><\/span><\/h3>\n<h4 style=\"text-align: center;\"><span style=\"color: #ffffff;\"><strong>Cliquer en haut \u00e0 droite sur<\/strong><\/span><br \/><img loading=\"lazy\" decoding=\"async\" src=\"https:\/\/www.pedagogie.ac-nice.fr\/education-musicale\/wp-content\/uploads\/sites\/2\/2026\/02\/Capture-decran-2026-02-20-a-09.51.46.png\" width=\"132\" height=\"104\" alt=\"\" class=\"wp-image-1718 alignnone size-full\" \/><\/h4>\n<p>[\/et_pb_blurb][\/et_pb_column][\/et_pb_row][et_pb_row column_structure=\u00a0\u00bb1_3,1_3,1_3&Prime; _builder_version=\u00a0\u00bb4.27.4&Prime; _module_preset=\u00a0\u00bbdefault\u00a0\u00bb global_colors_info=\u00a0\u00bb{}\u00a0\u00bb][et_pb_column type=\u00a0\u00bb1_3&Prime; _builder_version=\u00a0\u00bb4.27.4&Prime; _module_preset=\u00a0\u00bbdefault\u00a0\u00bb global_colors_info=\u00a0\u00bb{}\u00a0\u00bb][et_pb_blurb _builder_version=\u00a0\u00bb4.27.4&Prime; _module_preset=\u00a0\u00bbdefault\u00a0\u00bb background_color=\u00a0\u00bb#000000&Prime; global_colors_info=\u00a0\u00bb{}\u00a0\u00bb]<\/p>\n<h2 style=\"text-align: center;\">\u00a0<a href=\"https:\/\/edurl.fr\/Messagerienationale\" target=\"_blank\" rel=\"noopener\"><img loading=\"lazy\" decoding=\"async\" src=\"https:\/\/www.pedagogie.ac-nice.fr\/education-musicale\/wp-content\/uploads\/sites\/2\/2026\/02\/OIP.OWqCmzFAfFclS27wVosxBQHaGj-300x265.jpeg\" width=\"171\" height=\"151\" alt=\"\" class=\"wp-image-1632 alignnone size-medium\" style=\"display: block; margin-left: auto; margin-right: auto;\" srcset=\"https:\/\/www.pedagogie.ac-nice.fr\/education-musicale\/wp-content\/uploads\/sites\/2\/2026\/02\/OIP.OWqCmzFAfFclS27wVosxBQHaGj-300x265.jpeg 300w, https:\/\/www.pedagogie.ac-nice.fr\/education-musicale\/wp-content\/uploads\/sites\/2\/2026\/02\/OIP.OWqCmzFAfFclS27wVosxBQHaGj.jpeg 474w\" sizes=\"(max-width: 171px) 100vw, 171px\" \/><\/a><\/h2>\n<h2 style=\"text-align: center;\"><strong><span style=\"color: #ffffff;\">MESSAGERIE NATIONALE<\/span><\/strong><\/h2>\n<p>[\/et_pb_blurb][\/et_pb_column][et_pb_column type=\u00a0\u00bb1_3&Prime; _builder_version=\u00a0\u00bb4.27.4&Prime; _module_preset=\u00a0\u00bbdefault\u00a0\u00bb global_colors_info=\u00a0\u00bb{}\u00a0\u00bb][et_pb_blurb _builder_version=\u00a0\u00bb4.27.4&Prime; _module_preset=\u00a0\u00bbdefault\u00a0\u00bb global_colors_info=\u00a0\u00bb{}\u00a0\u00bb]<\/p>\n<h2 style=\"text-align: center;\"><a href=\"https:\/\/www.pedagogie.ac-nice.fr\/drane\/2025\/12\/18\/apps-education-des-outils-numeriques-pour-la-communaute-educative\/\" target=\"_blank\" rel=\"noopener\"><img loading=\"lazy\" decoding=\"async\" src=\"https:\/\/www.pedagogie.ac-nice.fr\/education-musicale\/wp-content\/uploads\/sites\/2\/2026\/02\/APPS-300x300.png\" width=\"166\" height=\"166\" alt=\"\" class=\"wp-image-1634 alignnone size-medium\" style=\"display: block; margin-left: auto; margin-right: auto;\" srcset=\"https:\/\/www.pedagogie.ac-nice.fr\/education-musicale\/wp-content\/uploads\/sites\/2\/2026\/02\/APPS-300x300.png 300w, https:\/\/www.pedagogie.ac-nice.fr\/education-musicale\/wp-content\/uploads\/sites\/2\/2026\/02\/APPS-150x150.png 150w, https:\/\/www.pedagogie.ac-nice.fr\/education-musicale\/wp-content\/uploads\/sites\/2\/2026\/02\/APPS.png 400w\" sizes=\"(max-width: 166px) 100vw, 166px\" \/><\/a><span style=\"color: #ffffff;\"><strong><\/strong><\/span><\/h2>\n<h2 style=\"text-align: center;\"><span style=\"color: #ffffff;\"><strong>APPS EDUCATION<\/strong><\/span><\/h2>\n<p>[\/et_pb_blurb][\/et_pb_column][et_pb_column type=\u00a0\u00bb1_3&Prime; _builder_version=\u00a0\u00bb4.27.4&Prime; _module_preset=\u00a0\u00bbdefault\u00a0\u00bb global_colors_info=\u00a0\u00bb{}\u00a0\u00bb][et_pb_blurb title=\u00a0\u00bbVotre titre va ici\u00a0\u00bb _builder_version=\u00a0\u00bb4.27.4&Prime; _module_preset=\u00a0\u00bbdefault\u00a0\u00bb global_colors_info=\u00a0\u00bb{}\u00a0\u00bb]<\/p>\n<h2 style=\"text-align: center;\"><a href=\"https:\/\/nuage03.apps.education.fr\/index.php\/s\/KJ2dj8TpArJyebm\" target=\"_blank\" rel=\"noopener\" style=\"box-shadow: #bfe6ff 0px 0px 0px 1px;\"><img loading=\"lazy\" decoding=\"async\" src=\"https:\/\/www.pedagogie.ac-nice.fr\/education-musicale\/wp-content\/uploads\/sites\/2\/2026\/02\/edunao_moodle_big_blue_button-300x300.png\" width=\"115\" height=\"115\" alt=\"\" class=\"wp-image-1639 alignnone size-medium\" style=\"display: block; margin-left: auto; margin-right: auto;\" \/><\/a><\/h2>\n<h2 style=\"text-align: center;\"><a href=\"https:\/\/nuage03.apps.education.fr\/index.php\/s\/KJ2dj8TpArJyebm\" target=\"_blank\" rel=\"noopener\"><\/a><span style=\"color: #ffffff;\"><strong><\/strong><\/span><\/h2>\n<h2 style=\"text-align: center;\"><span style=\"color: #ffffff;\"><strong>TUTORIEL<br \/>VISIO BBB<\/strong><\/span><\/h2>\n<p>[\/et_pb_blurb][et_pb_blurb _builder_version=\u00a0\u00bb4.27.4&Prime; _module_preset=\u00a0\u00bbdefault\u00a0\u00bb global_colors_info=\u00a0\u00bb{}\u00a0\u00bb][\/et_pb_blurb][\/et_pb_column][\/et_pb_row][\/et_pb_section][et_pb_section fb_built=\u00a0\u00bb1&Prime; _builder_version=\u00a0\u00bb4.27.4&Prime; background_color=\u00a0\u00bb#000000&Prime; custom_padding=\u00a0\u00bb0|0px|56px|0px|false|false\u00a0\u00bb global_colors_info=\u00a0\u00bb{}\u00a0\u00bb][et_pb_row column_structure=\u00a0\u00bb1_3,1_3,1_3&Prime; _builder_version=\u00a0\u00bb4.16&Prime; background_color=\u00a0\u00bb#000000&Prime; module_alignment=\u00a0\u00bbcenter\u00a0\u00bb global_colors_info=\u00a0\u00bb{}\u00a0\u00bb][et_pb_column type=\u00a0\u00bb1_3&Prime; _builder_version=\u00a0\u00bb4.16&Prime; custom_padding=\u00a0\u00bb|||\u00a0\u00bb global_colors_info=\u00a0\u00bb{}\u00a0\u00bb custom_padding__hover=\u00a0\u00bb|||\u00a0\u00bb][et_pb_image src=\u00a0\u00bbhttps:\/\/www.pedagogie.ac-nice.fr\/traam-educmus\/wp-content\/uploads\/sites\/2\/2019\/11\/piano-3138964__480.jpg\u00a0\u00bb align_tablet=\u00a0\u00bbcenter\u00a0\u00bb align_phone=\u00a0\u00bbcenter\u00a0\u00bb align_last_edited=\u00a0\u00bbon|desktop\u00a0\u00bb _builder_version=\u00a0\u00bb4.16&Prime; global_colors_info=\u00a0\u00bb{}\u00a0\u00bb][\/et_pb_image][\/et_pb_column][et_pb_column type=\u00a0\u00bb1_3&Prime; _builder_version=\u00a0\u00bb4.16&Prime; custom_padding=\u00a0\u00bb|||\u00a0\u00bb global_colors_info=\u00a0\u00bb{}\u00a0\u00bb custom_padding__hover=\u00a0\u00bb|||\u00a0\u00bb][et_pb_blurb _builder_version=\u00a0\u00bb4.27.4&Prime; global_colors_info=\u00a0\u00bb{}\u00a0\u00bb]<\/p>\n<h2 style=\"text-align: center;\"><a href=\"https:\/\/www.pedagogie.ac-nice.fr\/traam-educmus\/wp-content\/uploads\/sites\/2\/2020\/06\/PRONOTE-EDMUS.pdf\" target=\"_blank\" rel=\"noopener noreferrer\"><img loading=\"lazy\" decoding=\"async\" class=\"wp-image-663 alignnone size-full\" style=\"display: block; margin-left: auto; margin-right: auto;\" src=\"https:\/\/www.pedagogie.ac-nice.fr\/traam-educmus\/wp-content\/uploads\/sites\/2\/2020\/03\/images.png\" alt=\"\" width=\"225\" height=\"225\" srcset=\"https:\/\/www.pedagogie.ac-nice.fr\/education-musicale\/wp-content\/uploads\/sites\/2\/2020\/03\/images.png 225w, https:\/\/www.pedagogie.ac-nice.fr\/education-musicale\/wp-content\/uploads\/sites\/2\/2020\/03\/images-150x150.png 150w\" sizes=\"(max-width: 225px) 100vw, 225px\" \/><\/a><\/h2>\n<h4 style=\"text-align: center;\"><\/h4>\n<h4 style=\"text-align: center;\"><\/h4>\n<h2 style=\"text-align: center;\"><span style=\"color: #ffffff;\"><a style=\"color: #ffffff;\" href=\"https:\/\/www.pedagogie.ac-nice.fr\/traam-educmus\/wp-content\/uploads\/sites\/2\/2020\/06\/PRONOTE-EDMUS.pdf\" target=\"_blank\" rel=\"attachment wp-att-893 noopener noreferrer\">TUTORIEL<\/a><\/span><\/h2>\n<p>[\/et_pb_blurb][\/et_pb_column][et_pb_column type=\u00a0\u00bb1_3&Prime; _builder_version=\u00a0\u00bb4.16&Prime; custom_padding=\u00a0\u00bb|||\u00a0\u00bb global_colors_info=\u00a0\u00bb{}\u00a0\u00bb custom_padding__hover=\u00a0\u00bb|||\u00a0\u00bb][et_pb_blurb _builder_version=\u00a0\u00bb4.27.4&Prime; global_colors_info=\u00a0\u00bb{}\u00a0\u00bb]<\/p>\n<h3 style=\"text-align: center;\"><span style=\"color: #000080;\"><img loading=\"lazy\" decoding=\"async\" class=\"wp-image-685 alignnone size-medium\" src=\"https:\/\/www.pedagogie.ac-nice.fr\/traam-educmus\/wp-content\/uploads\/sites\/2\/2020\/03\/Original_Educ_Mus-300x158.png\" alt=\"\" width=\"300\" height=\"158\" \/><\/span><\/h3>\n<h1 style=\"text-align: center;\"><span style=\"color: #ffffff;\"><strong><a href=\"https:\/\/nuage03.apps.education.fr\/index.php\/s\/JacXjE4caJRB6tJ\" target=\"_blank\" rel=\"noopener\" style=\"color: #ffffff;\">\ud83d\udccc\ud83d\udd17<\/a><\/strong><\/span><\/h1>\n<h3 style=\"text-align: center;\"><span style=\"color: #ffffff;\"><span style=\"font-size: 16px;\"> Acad\u00e9mie de Cr\u00e9teil<\/span><a href=\"http:\/\/musique.ac-creteil.fr\/spip.php?article502\" target=\"_blank\" rel=\"noopener noreferrer\" style=\"font-size: 16px; color: #ffffff;\"><\/a><\/span><\/h3>\n<h2 style=\"text-align: center;\"><\/h2>\n<p>[\/et_pb_blurb][\/et_pb_column][\/et_pb_row][et_pb_row column_structure=\u00a0\u00bb1_3,1_3,1_3&Prime; _builder_version=\u00a0\u00bb4.16&Prime; background_color=\u00a0\u00bb#000000&Prime; global_colors_info=\u00a0\u00bb{}\u00a0\u00bb][et_pb_column type=\u00a0\u00bb1_3&Prime; _builder_version=\u00a0\u00bb4.16&Prime; custom_padding=\u00a0\u00bb|||\u00a0\u00bb global_colors_info=\u00a0\u00bb{}\u00a0\u00bb custom_padding__hover=\u00a0\u00bb|||\u00a0\u00bb][et_pb_image src=\u00a0\u00bbhttps:\/\/www.pedagogie.ac-nice.fr\/traam-educmus\/wp-content\/uploads\/sites\/2\/2020\/06\/music-2008399__480.jpg\u00a0\u00bb align_tablet=\u00a0\u00bbcenter\u00a0\u00bb align_phone=\u00a0\u00bbcenter\u00a0\u00bb align_last_edited=\u00a0\u00bbon|desktop\u00a0\u00bb _builder_version=\u00a0\u00bb4.16&Prime; global_colors_info=\u00a0\u00bb{}\u00a0\u00bb][\/et_pb_image][\/et_pb_column][et_pb_column type=\u00a0\u00bb1_3&Prime; _builder_version=\u00a0\u00bb4.16&Prime; custom_padding=\u00a0\u00bb|||\u00a0\u00bb global_colors_info=\u00a0\u00bb{}\u00a0\u00bb custom_padding__hover=\u00a0\u00bb|||\u00a0\u00bb][et_pb_blurb _builder_version=\u00a0\u00bb4.27.4&Prime; global_colors_info=\u00a0\u00bb{}\u00a0\u00bb]<\/p>\n<p><a href=\"https:\/\/fr.padlet.com\" target=\"_blank\" rel=\"noopener noreferrer\"><\/a>\u00a0 \u00a0 \u00a0 \u00a0 \u00a0 \u00a0 \u00a0 \u00a0 \u00a0 \u00a0<a href=\"https:\/\/ladigitale.dev\" target=\"_blank\" rel=\"noopener\"><img loading=\"lazy\" decoding=\"async\" src=\"https:\/\/www.pedagogie.ac-nice.fr\/education-musicale\/wp-content\/uploads\/sites\/2\/2025\/02\/la-digitale-logo-200x200-dd733.jpg\" width=\"200\" height=\"200\" alt=\"\" class=\"wp-image-1499 alignnone size-full\" srcset=\"https:\/\/www.pedagogie.ac-nice.fr\/education-musicale\/wp-content\/uploads\/sites\/2\/2025\/02\/la-digitale-logo-200x200-dd733.jpg 200w, https:\/\/www.pedagogie.ac-nice.fr\/education-musicale\/wp-content\/uploads\/sites\/2\/2025\/02\/la-digitale-logo-200x200-dd733-150x150.jpg 150w\" sizes=\"(max-width: 200px) 100vw, 200px\" \/><\/a><\/p>\n<h3 style=\"text-align: center;\"><strong><\/strong><\/h3>\n<h3 style=\"text-align: center;\"><strong><\/strong><\/h3>\n<h3 style=\"text-align: center;\"><strong><\/strong><\/h3>\n<h3 style=\"text-align: center;\"><strong><\/strong><\/h3>\n<h3 style=\"text-align: center;\"><a href=\"https:\/\/ladigitale.dev\/digiview\/#\/v\/679e24a4a5242\" target=\"_blank\" rel=\"noopener\"><strong>\u00a0<span style=\"color: #ffffff;\">UTILISER LA DIGITALE<\/span><\/strong><\/a><\/h3>\n<p>[\/et_pb_blurb][\/et_pb_column][et_pb_column type=\u00a0\u00bb1_3&Prime; _builder_version=\u00a0\u00bb4.16&Prime; custom_padding=\u00a0\u00bb|||\u00a0\u00bb global_colors_info=\u00a0\u00bb{}\u00a0\u00bb custom_padding__hover=\u00a0\u00bb|||\u00a0\u00bb][et_pb_blurb _builder_version=\u00a0\u00bb4.27.4&Prime; global_colors_info=\u00a0\u00bb{}\u00a0\u00bb]<\/p>\n<p><a href=\"https:\/\/portaileduc.net\/website\/la-digitale\/\" target=\"_blank\" rel=\"noopener\"><img loading=\"lazy\" decoding=\"async\" src=\"https:\/\/www.pedagogie.ac-nice.fr\/education-musicale\/wp-content\/uploads\/sites\/2\/2026\/02\/DIG-1140x458-1-300x121.png\" width=\"300\" height=\"121\" alt=\"\" class=\"wp-image-1583 alignnone size-medium\" \/><\/a><\/p>\n<p>[\/et_pb_blurb][et_pb_blurb _builder_version=\u00a0\u00bb4.27.4&Prime; global_colors_info=\u00a0\u00bb{}\u00a0\u00bb]<\/p>\n<p><a href=\"https:\/\/fr.padlet.com\" target=\"_blank\" rel=\"noopener noreferrer\"><\/a>\u00a0 \u00a0\u00a0<\/p>\n<h3 style=\"text-align: center;\"><strong><\/strong><\/h3>\n<h3 style=\"text-align: center;\"><strong><\/strong><\/h3>\n<h3 style=\"text-align: center;\"><strong><\/strong><\/h3>\n<h3 style=\"text-align: center;\"><strong><\/strong><\/h3>\n<h3 style=\"text-align: center;\"><strong><\/strong><\/h3>\n<h3 style=\"text-align: center;\"><strong><\/strong><\/h3>\n<h3 style=\"text-align: center;\"><a href=\"https:\/\/ladigitale.dev\/digiview\/#\/v\/679e24a4a5242\" target=\"_blank\" rel=\"noopener\"><strong>\u00a0<span style=\"color: #ffffff;\">TUTORIELS <\/span><\/strong><\/a><\/h3>\n<p>[\/et_pb_blurb][\/et_pb_column][\/et_pb_row][et_pb_row column_structure=\u00a0\u00bb1_3,1_3,1_3&Prime; _builder_version=\u00a0\u00bb4.16&Prime; background_color=\u00a0\u00bb#000000&Prime; global_colors_info=\u00a0\u00bb{}\u00a0\u00bb][et_pb_column type=\u00a0\u00bb1_3&Prime; _builder_version=\u00a0\u00bb4.16&Prime; custom_padding=\u00a0\u00bb|||\u00a0\u00bb global_colors_info=\u00a0\u00bb{}\u00a0\u00bb custom_padding__hover=\u00a0\u00bb|||\u00a0\u00bb][et_pb_image src=\u00a0\u00bbhttps:\/\/www.pedagogie.ac-nice.fr\/traam-educmus\/wp-content\/uploads\/sites\/2\/2019\/11\/guitar-2472245__480.jpg\u00a0\u00bb align_tablet=\u00a0\u00bbcenter\u00a0\u00bb align_phone=\u00a0\u00bbcenter\u00a0\u00bb align_last_edited=\u00a0\u00bbon|desktop\u00a0\u00bb _builder_version=\u00a0\u00bb4.16&Prime; global_colors_info=\u00a0\u00bb{}\u00a0\u00bb][\/et_pb_image][\/et_pb_column][et_pb_column type=\u00a0\u00bb1_3&Prime; _builder_version=\u00a0\u00bb4.16&Prime; custom_padding=\u00a0\u00bb|||\u00a0\u00bb global_colors_info=\u00a0\u00bb{}\u00a0\u00bb custom_padding__hover=\u00a0\u00bb|||\u00a0\u00bb][et_pb_blurb title=\u00a0\u00bbYour Title Goes Her\u00a0\u00bb _builder_version=\u00a0\u00bb4.27.4&Prime; global_colors_info=\u00a0\u00bb{}\u00a0\u00bb]<\/p>\n<h4 style=\"text-align: center;\"><span style=\"color: #ffffff;\"><a style=\"color: #ffffff;\" href=\"https:\/\/www4.ac-nancy-metz.fr\/education-musicale\/la-programmation-televisuelle\/\" target=\"_blank\" rel=\"noopener noreferrer\"><img loading=\"lazy\" decoding=\"async\" class=\"wp-image-365 alignnone size-medium\" src=\"https:\/\/www.pedagogie.ac-nice.fr\/traam-educmus\/wp-content\/uploads\/sites\/2\/2019\/11\/cropped-Logo-EMCC-300x129.png\" alt=\"\" width=\"300\" height=\"129\" srcset=\"https:\/\/www.pedagogie.ac-nice.fr\/education-musicale\/wp-content\/uploads\/sites\/2\/2019\/11\/cropped-Logo-EMCC-300x129.png 300w, https:\/\/www.pedagogie.ac-nice.fr\/education-musicale\/wp-content\/uploads\/sites\/2\/2019\/11\/cropped-Logo-EMCC-768x329.png 768w, https:\/\/www.pedagogie.ac-nice.fr\/education-musicale\/wp-content\/uploads\/sites\/2\/2019\/11\/cropped-Logo-EMCC.png 800w\" sizes=\"(max-width: 300px) 100vw, 300px\" \/><\/a><\/span><\/h4>\n<h4 style=\"text-align: center;\"><\/h4>\n<h4 style=\"text-align: center;\"><span style=\"color: #ffffff;\"><a href=\"https:\/\/www4.ac-nancy-metz.fr\/education-musicale\/la-programmation-televisuelle\/\" target=\"_blank\" rel=\"noopener noreferrer\" style=\"color: #ffffff;\">Programmation <\/a><\/span><\/h4>\n<h4 style=\"text-align: center;\"><span style=\"color: #ffffff;\"><a href=\"https:\/\/www4.ac-nancy-metz.fr\/education-musicale\/la-programmation-televisuelle\/\" target=\"_blank\" rel=\"noopener noreferrer\" style=\"color: #ffffff;\">Musicale T\u00e9l\u00e9visuelle <\/a><\/span><\/h4>\n<h5 style=\"text-align: center;\"><span style=\"color: #ffffff;\">Mme Lemasson Rossignol<\/span><\/h5>\n<h5 style=\"text-align: center;\"><span style=\"color: #ffffff;\"> (Acad\u00e9mie de Nancy-Metz)<\/span><\/h5>\n<p>[\/et_pb_blurb][\/et_pb_column][et_pb_column type=\u00a0\u00bb1_3&Prime; _builder_version=\u00a0\u00bb4.16&Prime; custom_padding=\u00a0\u00bb|||\u00a0\u00bb global_colors_info=\u00a0\u00bb{}\u00a0\u00bb custom_padding__hover=\u00a0\u00bb|||\u00a0\u00bb][et_pb_blurb _builder_version=\u00a0\u00bb4.27.4&Prime; global_colors_info=\u00a0\u00bb{}\u00a0\u00bb]<\/p>\n<h3 style=\"text-align: center;\"><\/h3>\n<p>&nbsp;<\/p>\n<h3 style=\"text-align: center;\"><span style=\"color: #000000;\"><a style=\"color: #000000;\" title=\"Tribu\" href=\"https:\/\/tribu.phm.education.gouv.fr\/cas\/login?service=https%3A%2F%2Ftribu.phm.education.gouv.fr%2Fportal%2Fauth%2Fpagemarker%2F2%2Fportal%2Ffoad%2Fhome-member%3Finit-state%3Dtrue%26redirect%3Dtrue\" target=\"_blank\" rel=\"noopener noreferrer\"><img loading=\"lazy\" decoding=\"async\" class=\"wp-image-636 alignnone size-medium\" src=\"https:\/\/www.pedagogie.ac-nice.fr\/traam-educmus\/wp-content\/uploads\/sites\/2\/2020\/02\/logo-tribu-large-300x86.png\" alt=\"\" width=\"300\" height=\"86\" srcset=\"https:\/\/www.pedagogie.ac-nice.fr\/education-musicale\/wp-content\/uploads\/sites\/2\/2020\/02\/logo-tribu-large-300x86.png 300w, https:\/\/www.pedagogie.ac-nice.fr\/education-musicale\/wp-content\/uploads\/sites\/2\/2020\/02\/logo-tribu-large.png 420w\" sizes=\"(max-width: 300px) 100vw, 300px\" \/><\/a><span style=\"color: #ffffff;\">\u00a0<\/span><\/span><\/h3>\n<p>&nbsp;<\/p>\n<h4 style=\"text-align: center;\"><span style=\"color: #ffffff;\"><strong><a style=\"color: #ffffff;\" href=\"https:\/\/fim-foadext.phm.education.gouv.fr\/sso\/webAgentService?CTAuthMode=BASIC&amp;fim_local_form=http%3A%2F%2Fwww.orion.education.fr%2F&amp;CT_ORIG_URL=https%3A%2F%2Ftribu.phm.education.gouv.fr%2Fcas%2Ffim%3Fs%3Dfim%26service%3Dhttps%253A%252F%252Ftribu.phm.education.gouv.fr%252Fportal%252Fauth%252Fpagemarker%252F2%252Fportal%252Ffoad%252Fhome-member%253Finit-state%253Dtrue%2526redirect%253Dtrue&amp;ct_orig_uri=%2Fcas%2Ffim%3Fs%3Dfim%26service%3Dhttps%253A%252F%252Ftribu.phm.education.gouv.fr%252Fportal%252Fauth%252Fpagemarker%252F2%252Fportal%252Ffoad%252Fhome-member%253Finit-state%253Dtrue%2526redirect%253Dtrue&amp;zone=-%20Dmz&amp;CDCIDPList=\" target=\"_blank\" rel=\"noopener noreferrer\">LE TRIBU <\/a><\/strong><\/span><\/h4>\n<h4 style=\"text-align: center;\"><span style=\"color: #ffffff;\"><span style=\"caret-color: #ffffff;\">Mise \u00e0 jour f\u00e9vrier 2026<\/span><\/span><\/h4>\n<h4 style=\"text-align: center;\"><\/h4>\n<p>[\/et_pb_blurb][\/et_pb_column][\/et_pb_row][\/et_pb_section]<\/p>\n","protected":false},"excerpt":{"rendered":"<p>\u00c9DUCATION MUSICALE ET CHANT CHORAL ACADEMIE DE NICE SOMMAIRE Cliquer en haut \u00e0 droite sur\u00a0 MESSAGERIE NATIONALE APPS EDUCATION TUTORIELVISIO BBB TUTORIEL \ud83d\udccc\ud83d\udd17 Acad\u00e9mie de Cr\u00e9teil \u00a0 \u00a0 \u00a0 \u00a0 \u00a0 \u00a0 \u00a0 \u00a0 \u00a0 \u00a0 \u00a0UTILISER LA DIGITALE\u00a0 \u00a0\u00a0 \u00a0TUTORIELS Programmation Musicale T\u00e9l\u00e9visuelle Mme Lemasson Rossignol (Acad\u00e9mie de Nancy-Metz) &nbsp; \u00a0 &nbsp; LE TRIBU [&hellip;]<\/p>\n","protected":false},"author":213,"featured_media":0,"parent":0,"menu_order":1,"comment_status":"closed","ping_status":"closed","template":"","meta":{"_et_pb_use_builder":"on","_et_pb_old_content":"","_et_gb_content_width":"","ngg_post_thumbnail":0,"footnotes":""},"class_list":["post-206","page","type-page","status-publish","hentry"],"rttpg_featured_image_url":null,"rttpg_author":{"display_name":"fnesme","author_link":"https:\/\/www.pedagogie.ac-nice.fr\/education-musicale\/author\/fnesme\/"},"rttpg_comment":0,"rttpg_category":null,"rttpg_excerpt":"\u00c9DUCATION MUSICALE ET CHANT CHORAL ACADEMIE DE NICE SOMMAIRE Cliquer en haut \u00e0 droite sur\u00a0 MESSAGERIE NATIONALE APPS EDUCATION TUTORIELVISIO BBB TUTORIEL \ud83d\udccc\ud83d\udd17 Acad\u00e9mie de Cr\u00e9teil \u00a0 \u00a0 \u00a0 \u00a0 \u00a0 \u00a0 \u00a0 \u00a0 \u00a0 \u00a0 \u00a0UTILISER LA DIGITALE\u00a0 \u00a0\u00a0 \u00a0TUTORIELS Programmation Musicale T\u00e9l\u00e9visuelle Mme Lemasson Rossignol (Acad\u00e9mie de Nancy-Metz) &nbsp; \u00a0 &nbsp; LE TRIBU\u2026","post_mailing_queue_ids":[],"_links":{"self":[{"href":"https:\/\/www.pedagogie.ac-nice.fr\/education-musicale\/wp-json\/wp\/v2\/pages\/206","targetHints":{"allow":["GET"]}}],"collection":[{"href":"https:\/\/www.pedagogie.ac-nice.fr\/education-musicale\/wp-json\/wp\/v2\/pages"}],"about":[{"href":"https:\/\/www.pedagogie.ac-nice.fr\/education-musicale\/wp-json\/wp\/v2\/types\/page"}],"author":[{"embeddable":true,"href":"https:\/\/www.pedagogie.ac-nice.fr\/education-musicale\/wp-json\/wp\/v2\/users\/213"}],"replies":[{"embeddable":true,"href":"https:\/\/www.pedagogie.ac-nice.fr\/education-musicale\/wp-json\/wp\/v2\/comments?post=206"}],"version-history":[{"count":105,"href":"https:\/\/www.pedagogie.ac-nice.fr\/education-musicale\/wp-json\/wp\/v2\/pages\/206\/revisions"}],"predecessor-version":[{"id":1795,"href":"https:\/\/www.pedagogie.ac-nice.fr\/education-musicale\/wp-json\/wp\/v2\/pages\/206\/revisions\/1795"}],"wp:attachment":[{"href":"https:\/\/www.pedagogie.ac-nice.fr\/education-musicale\/wp-json\/wp\/v2\/media?parent=206"}],"curies":[{"name":"wp","href":"https:\/\/api.w.org\/{rel}","templated":true}]}}