{"id":225,"date":"2019-11-23T19:16:35","date_gmt":"2019-11-23T18:16:35","guid":{"rendered":"http:\/\/www.pedagogie.ac-nice.fr\/traam-educmus\/?page_id=225"},"modified":"2026-02-21T15:55:48","modified_gmt":"2026-02-21T14:55:48","slug":"esterel","status":"publish","type":"page","link":"https:\/\/www.pedagogie.ac-nice.fr\/education-musicale\/esterel\/","title":{"rendered":"Est\u00e9rel"},"content":{"rendered":"<p>[et_pb_section fb_built=\u00a0\u00bb1&Prime; _builder_version=\u00a0\u00bb4.16&Prime; background_color=\u00a0\u00bb#000000&Prime; custom_padding=\u00a0\u00bb54px|0px|54px|0px|true|false\u00a0\u00bb global_colors_info=\u00a0\u00bb{}\u00a0\u00bb][et_pb_row column_structure=\u00a0\u00bb1_3,1_3,1_3&Prime; _builder_version=\u00a0\u00bb4.16&Prime; global_colors_info=\u00a0\u00bb{}\u00a0\u00bb][et_pb_column type=\u00a0\u00bb1_3&Prime; _builder_version=\u00a0\u00bb4.16&Prime; custom_padding=\u00a0\u00bb|||\u00a0\u00bb global_colors_info=\u00a0\u00bb{}\u00a0\u00bb custom_padding__hover=\u00a0\u00bb|||\u00a0\u00bb][et_pb_blurb _builder_version=\u00a0\u00bb4.16&Prime; global_colors_info=\u00a0\u00bb{}\u00a0\u00bb]<\/p>\n<h2 style=\"text-align: center;\"><span style=\"color: #ffffff;\"><strong><a title=\"I-PROF\" href=\"https:\/\/id.ac-nice.fr\/iprof\/servletiprofe\" target=\"_blank\" rel=\"noopener noreferrer\"><img loading=\"lazy\" decoding=\"async\" class=\"wp-image-236 alignnone size-full\" src=\"https:\/\/www.pedagogie.ac-nice.fr\/traam-educmus\/wp-content\/uploads\/sites\/2\/2019\/11\/images.jpeg\" alt=\"\" width=\"300\" height=\"165\" \/><\/a><\/strong><\/span><\/h2>\n<h2 style=\"text-align: center;\"><span style=\"color: #ffffff;\"><strong>iPROF<\/strong><\/span><\/h2>\n<p>[\/et_pb_blurb][\/et_pb_column][et_pb_column type=\u00a0\u00bb1_3&Prime; _builder_version=\u00a0\u00bb4.16&Prime; custom_padding=\u00a0\u00bb|||\u00a0\u00bb global_colors_info=\u00a0\u00bb{}\u00a0\u00bb custom_padding__hover=\u00a0\u00bb|||\u00a0\u00bb][et_pb_blurb url=\u00a0\u00bbhttps:\/\/esterel.ac-nice.fr\/\u00a0\u00bb _builder_version=\u00a0\u00bb4.16&Prime; global_colors_info=\u00a0\u00bb{}\u00a0\u00bb]<\/p>\n<h2 style=\"text-align: center;\"><span style=\"color: #ffffff;\"><strong><a title=\"Est\u00e9rel\" href=\"https:\/\/esterel.ac-nice.fr\/\" target=\"_blank\" rel=\"noopener noreferrer\"><img loading=\"lazy\" decoding=\"async\" class=\"wp-image-246 alignnone size-medium\" src=\"https:\/\/www.pedagogie.ac-nice.fr\/traam-educmus\/wp-content\/uploads\/sites\/2\/2019\/11\/images-300x136.png\" alt=\"\" width=\"300\" height=\"136\" srcset=\"https:\/\/www.pedagogie.ac-nice.fr\/education-musicale\/wp-content\/uploads\/sites\/2\/2019\/11\/images-300x136.png 300w, https:\/\/www.pedagogie.ac-nice.fr\/education-musicale\/wp-content\/uploads\/sites\/2\/2019\/11\/images.png 334w\" sizes=\"(max-width: 300px) 100vw, 300px\" \/><\/a><\/strong><\/span><\/h2>\n<h2 style=\"text-align: center;\"><span style=\"color: #ffffff;\"><strong><\/strong><\/span><\/h2>\n<h2 style=\"text-align: center;\"><span style=\"color: #ffffff;\"><strong>EST\u00c9REL<\/strong><\/span><\/h2>\n<p>[\/et_pb_blurb][\/et_pb_column][et_pb_column type=\u00a0\u00bb1_3&Prime; _builder_version=\u00a0\u00bb4.16&Prime; custom_padding=\u00a0\u00bb|||\u00a0\u00bb global_colors_info=\u00a0\u00bb{}\u00a0\u00bb custom_padding__hover=\u00a0\u00bb|||\u00a0\u00bb][et_pb_blurb url=\u00a0\u00bbhttps:\/\/magistere.education.fr\/ac-nice\/\u00a0\u00bb _builder_version=\u00a0\u00bb4.27.4&Prime; global_colors_info=\u00a0\u00bb{}\u00a0\u00bb]<\/p>\n<h2><a href=\"https:\/\/www.ac-nice.fr\/eafc\" target=\"_blank\" rel=\"noopener\"><img loading=\"lazy\" decoding=\"async\" class=\"wp-image-1592 alignnone size-medium\" src=\"https:\/\/www.pedagogie.ac-nice.fr\/education-musicale\/wp-content\/uploads\/sites\/2\/2026\/02\/Capture-decran-2026-02-19-a-14.42.58-300x95.png\" alt=\"\" width=\"300\" height=\"95\" \/><\/a><\/h2>\n<h2 style=\"text-align: center;\">\u00a0<\/h2>\n<h2 style=\"text-align: center;\"><span style=\"color: #ffffff;\"><a style=\"color: #ffffff;\" href=\"https:\/\/www.ac-nice.fr\/eafc\" target=\"_blank\" rel=\"noopener\">EAFC <\/a>PRAF Num\u00e9rique<\/span><\/h2>\n<p>[\/et_pb_blurb][\/et_pb_column][\/et_pb_row][et_pb_row column_structure=\u00a0\u00bb1_3,1_3,1_3&Prime; _builder_version=\u00a0\u00bb4.16&Prime; global_colors_info=\u00a0\u00bb{}\u00a0\u00bb][et_pb_column type=\u00a0\u00bb1_3&Prime; _builder_version=\u00a0\u00bb4.16&Prime; custom_padding=\u00a0\u00bb|||\u00a0\u00bb global_colors_info=\u00a0\u00bb{}\u00a0\u00bb custom_padding__hover=\u00a0\u00bb|||\u00a0\u00bb][et_pb_blurb _builder_version=\u00a0\u00bb4.27.4&Prime; global_colors_info=\u00a0\u00bb{}\u00a0\u00bb]<\/p>\n<p><a title=\"DANE Nice\" href=\"https:\/\/www.pedagogie.ac-nice.fr\/drane\/\" target=\"_blank\" rel=\"noopener noreferrer\"><img loading=\"lazy\" decoding=\"async\" class=\"wp-image-1589 alignnone size-medium\" src=\"https:\/\/www.pedagogie.ac-nice.fr\/education-musicale\/wp-content\/uploads\/sites\/2\/2026\/02\/Logo-DRANE-2025-detaille-300x300.png\" alt=\"\" width=\"163\" height=\"163\" style=\"display: block; margin-left: auto; margin-right: auto;\" \/><\/a><\/p>\n<h2 style=\"text-align: center;\"><a href=\"https:\/\/www.pedagogie.ac-nice.fr\/drane\/\" target=\"_blank\" rel=\"noopener\"><span style=\"color: #ffffff;\"><strong>DRANE PACA<\/strong><\/span><\/a><\/h2>\n<p>[\/et_pb_blurb][\/et_pb_column][et_pb_column type=\u00a0\u00bb1_3&Prime; _builder_version=\u00a0\u00bb4.16&Prime; custom_padding=\u00a0\u00bb|||\u00a0\u00bb global_colors_info=\u00a0\u00bb{}\u00a0\u00bb custom_padding__hover=\u00a0\u00bb|||\u00a0\u00bb][et_pb_blurb url=\u00a0\u00bbhttps:\/\/magistere.education.fr\/ac-nice\/\u00a0\u00bb _builder_version=\u00a0\u00bb4.27.4&Prime; global_colors_info=\u00a0\u00bb{}\u00a0\u00bb]<\/p>\n<h2 style=\"text-align: center;\"><a href=\"https:\/\/nice.magistere.apps.education.fr\" target=\"_blank\" rel=\"noopener\"><span style=\"color: #ffffff;\"><strong><img loading=\"lazy\" decoding=\"async\" class=\"wp-image-1595 alignnone size-medium\" src=\"https:\/\/www.pedagogie.ac-nice.fr\/education-musicale\/wp-content\/uploads\/sites\/2\/2026\/02\/Capture-decran-2026-02-19-a-14.45.10-300x84.png\" alt=\"\" width=\"300\" height=\"84\" srcset=\"https:\/\/www.pedagogie.ac-nice.fr\/education-musicale\/wp-content\/uploads\/sites\/2\/2026\/02\/Capture-decran-2026-02-19-a-14.45.10-300x84.png 300w, https:\/\/www.pedagogie.ac-nice.fr\/education-musicale\/wp-content\/uploads\/sites\/2\/2026\/02\/Capture-decran-2026-02-19-a-14.45.10.png 466w\" sizes=\"(max-width: 300px) 100vw, 300px\" \/><\/strong><\/span><\/a><\/h2>\n<p>[\/et_pb_blurb][\/et_pb_column][et_pb_column type=\u00a0\u00bb1_3&Prime; _builder_version=\u00a0\u00bb4.16&Prime; custom_padding=\u00a0\u00bb|||\u00a0\u00bb global_colors_info=\u00a0\u00bb{}\u00a0\u00bb custom_padding__hover=\u00a0\u00bb|||\u00a0\u00bb][et_pb_blurb url=\u00a0\u00bbhttps:\/\/www.education.gouv.fr\u00a0\u00bb _builder_version=\u00a0\u00bb4.16&Prime; global_colors_info=\u00a0\u00bb{}\u00a0\u00bb]<\/p>\n<h3 style=\"text-align: center;\"><span style=\"color: #ffffff;\"><strong><a title=\"Minist\u00e8re de l'\u00c9ducation Nationale\" href=\"https:\/\/www.education.gouv.fr\" target=\"_blank\" rel=\"noopener noreferrer\"><img loading=\"lazy\" decoding=\"async\" class=\"wp-image-306 alignnone size-medium\" src=\"https:\/\/www.pedagogie.ac-nice.fr\/traam-educmus\/wp-content\/uploads\/sites\/2\/2019\/11\/2018_MENJ_logo_horizontal_RVB_1019307-300x92.jpg\" alt=\"\" width=\"300\" height=\"92\" srcset=\"https:\/\/www.pedagogie.ac-nice.fr\/education-musicale\/wp-content\/uploads\/sites\/2\/2019\/11\/2018_MENJ_logo_horizontal_RVB_1019307-300x92.jpg 300w, https:\/\/www.pedagogie.ac-nice.fr\/education-musicale\/wp-content\/uploads\/sites\/2\/2019\/11\/2018_MENJ_logo_horizontal_RVB_1019307-1024x313.jpg 1024w, https:\/\/www.pedagogie.ac-nice.fr\/education-musicale\/wp-content\/uploads\/sites\/2\/2019\/11\/2018_MENJ_logo_horizontal_RVB_1019307-768x235.jpg 768w, https:\/\/www.pedagogie.ac-nice.fr\/education-musicale\/wp-content\/uploads\/sites\/2\/2019\/11\/2018_MENJ_logo_horizontal_RVB_1019307-1080x330.jpg 1080w, https:\/\/www.pedagogie.ac-nice.fr\/education-musicale\/wp-content\/uploads\/sites\/2\/2019\/11\/2018_MENJ_logo_horizontal_RVB_1019307.jpg 1292w\" sizes=\"(max-width: 300px) 100vw, 300px\" \/><\/a><\/strong><\/span><\/h3>\n<h3 style=\"text-align: center;\"><span style=\"color: #ffffff;\"><strong><\/strong><\/span><\/h3>\n<h3 style=\"text-align: center;\"><span style=\"color: #ffffff;\"><strong>MINIST\u00c8RE DE L&rsquo;\u00c9DUCATION NATIONALE<\/strong><\/span><\/h3>\n<p>[\/et_pb_blurb][\/et_pb_column][\/et_pb_row][et_pb_row _builder_version=\u00a0\u00bb4.27.4&Prime; _module_preset=\u00a0\u00bbdefault\u00a0\u00bb][et_pb_column _builder_version=\u00a0\u00bb4.27.4&Prime; _module_preset=\u00a0\u00bbdefault\u00a0\u00bb type=\u00a0\u00bb4_4&Prime;][et_pb_blurb _builder_version=\u00a0\u00bb4.27.4&Prime; _module_preset=\u00a0\u00bbdefault\u00a0\u00bb hover_enabled=\u00a0\u00bb0&Prime; sticky_enabled=\u00a0\u00bb0&Prime;][\/et_pb_blurb][et_pb_blurb _builder_version=\u00a0\u00bb4.27.4&Prime; _module_preset=\u00a0\u00bbdefault\u00a0\u00bb hover_enabled=\u00a0\u00bb0&Prime; sticky_enabled=\u00a0\u00bb0&Prime;]<\/p>\n<h2 style=\"text-align: center;\"><a href=\"https:\/\/www.onisep.fr\/avenir-s\" target=\"_blank\" rel=\"noopener\"><img loading=\"lazy\" decoding=\"async\" src=\"https:\/\/www.pedagogie.ac-nice.fr\/education-musicale\/wp-content\/uploads\/sites\/2\/2026\/02\/Capture-decran-2026-02-21-a-15.47.48-300x204.png\" width=\"300\" height=\"204\" alt=\"\" class=\"wp-image-1773 alignnone size-medium\" \/><\/a><\/p>\n<p><span style=\"color: #ffffff;\">ONISEP<\/span><\/p>\n<\/h2>\n<p>[\/et_pb_blurb][\/et_pb_column][\/et_pb_row][\/et_pb_section]<\/p>\n","protected":false},"excerpt":{"rendered":"<p>iPROF EST\u00c9REL \u00a0 EAFC PRAF Num\u00e9rique DRANE PACA MINIST\u00c8RE DE L&rsquo;\u00c9DUCATION NATIONALE ONISEP<\/p>\n","protected":false},"author":213,"featured_media":0,"parent":0,"menu_order":0,"comment_status":"closed","ping_status":"closed","template":"","meta":{"_et_pb_use_builder":"on","_et_pb_old_content":"","_et_gb_content_width":"","ngg_post_thumbnail":0,"footnotes":""},"class_list":["post-225","page","type-page","status-publish","hentry"],"rttpg_featured_image_url":null,"rttpg_author":{"display_name":"fnesme","author_link":"https:\/\/www.pedagogie.ac-nice.fr\/education-musicale\/author\/fnesme\/"},"rttpg_comment":0,"rttpg_category":null,"rttpg_excerpt":"iPROF EST\u00c9REL \u00a0 EAFC PRAF Num\u00e9rique DRANE PACA MINIST\u00c8RE DE L'\u00c9DUCATION NATIONALE ONISEP","post_mailing_queue_ids":[],"_links":{"self":[{"href":"https:\/\/www.pedagogie.ac-nice.fr\/education-musicale\/wp-json\/wp\/v2\/pages\/225","targetHints":{"allow":["GET"]}}],"collection":[{"href":"https:\/\/www.pedagogie.ac-nice.fr\/education-musicale\/wp-json\/wp\/v2\/pages"}],"about":[{"href":"https:\/\/www.pedagogie.ac-nice.fr\/education-musicale\/wp-json\/wp\/v2\/types\/page"}],"author":[{"embeddable":true,"href":"https:\/\/www.pedagogie.ac-nice.fr\/education-musicale\/wp-json\/wp\/v2\/users\/213"}],"replies":[{"embeddable":true,"href":"https:\/\/www.pedagogie.ac-nice.fr\/education-musicale\/wp-json\/wp\/v2\/comments?post=225"}],"version-history":[{"count":54,"href":"https:\/\/www.pedagogie.ac-nice.fr\/education-musicale\/wp-json\/wp\/v2\/pages\/225\/revisions"}],"predecessor-version":[{"id":1778,"href":"https:\/\/www.pedagogie.ac-nice.fr\/education-musicale\/wp-json\/wp\/v2\/pages\/225\/revisions\/1778"}],"wp:attachment":[{"href":"https:\/\/www.pedagogie.ac-nice.fr\/education-musicale\/wp-json\/wp\/v2\/media?parent=225"}],"curies":[{"name":"wp","href":"https:\/\/api.w.org\/{rel}","templated":true}]}}