{"id":611,"date":"2020-01-29T14:33:24","date_gmt":"2020-01-29T13:33:24","guid":{"rendered":"http:\/\/www.pedagogie.ac-nice.fr\/traam-educmus\/?page_id=611"},"modified":"2026-02-21T16:25:54","modified_gmt":"2026-02-21T15:25:54","slug":"pix","status":"publish","type":"page","link":"https:\/\/www.pedagogie.ac-nice.fr\/education-musicale\/pix\/","title":{"rendered":"PIX"},"content":{"rendered":"<p>[et_pb_section fb_built=\u00a0\u00bb1&Prime; _builder_version=\u00a0\u00bb4.16&Prime; background_color=\u00a0\u00bb#000000&Prime; global_colors_info=\u00a0\u00bb{}\u00a0\u00bb][et_pb_row column_structure=\u00a0\u00bb1_2,1_2&Prime; _builder_version=\u00a0\u00bb4.16&Prime; global_colors_info=\u00a0\u00bb{}\u00a0\u00bb][et_pb_column type=\u00a0\u00bb1_2&Prime; _builder_version=\u00a0\u00bb4.16&Prime; custom_padding=\u00a0\u00bb|||\u00a0\u00bb global_colors_info=\u00a0\u00bb{}\u00a0\u00bb custom_padding__hover=\u00a0\u00bb|||\u00a0\u00bb][et_pb_blurb _builder_version=\u00a0\u00bb4.16&Prime; background_color=\u00a0\u00bb#000000&Prime; global_colors_info=\u00a0\u00bb{}\u00a0\u00bb]<\/p>\n<h2 style=\"text-align: center;\"><a href=\"https:\/\/pix.fr\" target=\"_blank\" rel=\"noopener noreferrer\" title=\"https:\/\/pix.fr\"><img loading=\"lazy\" decoding=\"async\" src=\"https:\/\/www.pedagogie.ac-nice.fr\/traam-educmus\/wp-content\/uploads\/sites\/2\/2020\/01\/capture_pix_1-300x200.jpg\" width=\"300\" height=\"200\" alt=\"\" class=\"wp-image-603 alignnone size-medium\" style=\"display: block; margin-left: auto; margin-right: auto;\" srcset=\"https:\/\/www.pedagogie.ac-nice.fr\/education-musicale\/wp-content\/uploads\/sites\/2\/2020\/01\/capture_pix_1-300x200.jpg 300w, https:\/\/www.pedagogie.ac-nice.fr\/education-musicale\/wp-content\/uploads\/sites\/2\/2020\/01\/capture_pix_1.jpg 600w\" sizes=\"(max-width: 300px) 100vw, 300px\" \/><span style=\"color: #ffffff;\"><\/span><\/a><\/h2>\n<h2 style=\"text-align: center;\"><a href=\"https:\/\/pix.fr\" target=\"_blank\" rel=\"noopener noreferrer\" title=\"https:\/\/pix.fr\"><span style=\"color: #ffffff;\">PIX<\/span><\/a><\/h2>\n<p>[\/et_pb_blurb][\/et_pb_column][et_pb_column type=\u00a0\u00bb1_2&Prime; _builder_version=\u00a0\u00bb4.16&Prime; custom_padding=\u00a0\u00bb|||\u00a0\u00bb global_colors_info=\u00a0\u00bb{}\u00a0\u00bb custom_padding__hover=\u00a0\u00bb|||\u00a0\u00bb][et_pb_blurb _builder_version=\u00a0\u00bb4.27.4&Prime; background_color=\u00a0\u00bb#000000&Prime; hover_enabled=\u00a0\u00bb0&Prime; global_colors_info=\u00a0\u00bb{}\u00a0\u00bb sticky_enabled=\u00a0\u00bb0&Prime;]<\/p>\n<p style=\"text-align: center;\"><a href=\"https:\/\/www.pedagogie.ac-nice.fr\/drane\/pix\/\" target=\"_blank\" rel=\"noopener\"><img loading=\"lazy\" decoding=\"async\" src=\"https:\/\/www.pedagogie.ac-nice.fr\/education-musicale\/wp-content\/uploads\/sites\/2\/2026\/02\/Logo-DRANE-2025-detaille-300x300.png\" width=\"171\" height=\"171\" alt=\"\" class=\"wp-image-1589 alignnone size-medium\" \/><\/a><\/p>\n<h2 style=\"text-align: center;\"><span style=\"color: #ffffff;\"><strong><\/strong><\/span><\/h2>\n<h2 style=\"text-align: center;\"><span style=\"color: #ffffff;\"><strong>PIX DRANE<\/strong><\/span><\/h2>\n<p>[\/et_pb_blurb][\/et_pb_column][\/et_pb_row][et_pb_row column_structure=\u00a0\u00bb1_2,1_2&Prime; _builder_version=\u00a0\u00bb4.16&Prime; global_colors_info=\u00a0\u00bb{}\u00a0\u00bb][et_pb_column type=\u00a0\u00bb1_2&Prime; _builder_version=\u00a0\u00bb4.16&Prime; custom_padding=\u00a0\u00bb|||\u00a0\u00bb global_colors_info=\u00a0\u00bb{}\u00a0\u00bb custom_padding__hover=\u00a0\u00bb|||\u00a0\u00bb][et_pb_blurb _builder_version=\u00a0\u00bb4.16&Prime; background_color=\u00a0\u00bb#000000&Prime; global_colors_info=\u00a0\u00bb{}\u00a0\u00bb]<\/p>\n<h2 style=\"text-align: center;\"><a href=\"https:\/\/eduscol.education.fr\/pid38816\/certification-des-competences-numeriques.html\" target=\"_blank\" rel=\"noopener noreferrer\" title=\"https:\/\/eduscol.education.fr\/pid38816\/certification-des-competences-numeriques.html\"><img loading=\"lazy\" decoding=\"async\" src=\"https:\/\/www.pedagogie.ac-nice.fr\/traam-educmus\/wp-content\/uploads\/sites\/2\/2020\/01\/eduscol_189832_195260-300x46.png\" width=\"300\" height=\"46\" alt=\"\" class=\"wp-image-620 alignnone size-medium\" srcset=\"https:\/\/www.pedagogie.ac-nice.fr\/education-musicale\/wp-content\/uploads\/sites\/2\/2020\/01\/eduscol_189832_195260-300x46.png 300w, https:\/\/www.pedagogie.ac-nice.fr\/education-musicale\/wp-content\/uploads\/sites\/2\/2020\/01\/eduscol_189832_195260.png 356w\" sizes=\"(max-width: 300px) 100vw, 300px\" \/><\/a><\/h2>\n<h3 style=\"text-align: center;\"><span style=\"color: #ffffff;\">Cadre de R\u00e9f\u00e9rence <\/span><\/h3>\n<h3 style=\"text-align: center;\"><span style=\"color: #ffffff;\">des Comp\u00e9tences Num\u00e9riques<\/span><\/h3>\n<p>[\/et_pb_blurb][\/et_pb_column][et_pb_column type=\u00a0\u00bb1_2&Prime; _builder_version=\u00a0\u00bb4.16&Prime; custom_padding=\u00a0\u00bb|||\u00a0\u00bb global_colors_info=\u00a0\u00bb{}\u00a0\u00bb custom_padding__hover=\u00a0\u00bb|||\u00a0\u00bb][et_pb_blurb _builder_version=\u00a0\u00bb4.16&Prime; global_colors_info=\u00a0\u00bb{}\u00a0\u00bb]<\/p>\n<p><a href=\"https:\/\/pix.fr\/competences\" target=\"_blank\" rel=\"noopener noreferrer\" title=\"PIX et Comp\u00e9tences\"><img loading=\"lazy\" decoding=\"async\" src=\"https:\/\/www.pedagogie.ac-nice.fr\/traam-educmus\/wp-content\/uploads\/sites\/2\/2020\/02\/Logo-PIX-620X296_article_620_312-300x143.jpg\" width=\"300\" height=\"143\" alt=\"\" class=\"wp-image-629 alignnone size-medium\" style=\"display: block; margin-left: auto; margin-right: auto;\" srcset=\"https:\/\/www.pedagogie.ac-nice.fr\/education-musicale\/wp-content\/uploads\/sites\/2\/2020\/02\/Logo-PIX-620X296_article_620_312-300x143.jpg 300w, https:\/\/www.pedagogie.ac-nice.fr\/education-musicale\/wp-content\/uploads\/sites\/2\/2020\/02\/Logo-PIX-620X296_article_620_312.jpg 620w\" sizes=\"(max-width: 300px) 100vw, 300px\" \/><\/a><\/p>\n<h2 style=\"text-align: center;\"><span style=\"color: #ffffff;\"><strong>CRCN sur le site PIX<\/strong><\/span><\/h2>\n<p>[\/et_pb_blurb][et_pb_blurb _builder_version=\u00a0\u00bb4.16&Prime; link_option_url=\u00a0\u00bb<\/p>\n<div style=%22width: 100%;%22>\n<div style=%22position: relative; padding-bottom: 58.333333333333336%; padding-top: 0; height: 0;%22><iframe frameborder=%220%22 width=%221200%22 height=%22700%22 style=%22position: absolute; top: 0; left: 0; width: 100%; height: 100%;%22 src=%22https:\/\/view.genial.ly\/5a783401518eb417b0790c04%22 type=%22text\/html%22 allowscriptaccess=%22always%22 allowfullscreen=%22true%22 scrolling=%22yes%22 allownetworking=%22all%22><\/iframe> <\/div>\n<\/p><\/div>\n<p>\u00a0\u00bb global_colors_info=\u00a0\u00bb{}\u00a0\u00bb][\/et_pb_blurb][\/et_pb_column][\/et_pb_row][et_pb_row _builder_version=\u00a0\u00bb4.16&Prime; global_colors_info=\u00a0\u00bb{}\u00a0\u00bb][et_pb_column type=\u00a0\u00bb4_4&Prime; _builder_version=\u00a0\u00bb4.16&Prime; custom_padding=\u00a0\u00bb|||\u00a0\u00bb global_colors_info=\u00a0\u00bb{}\u00a0\u00bb custom_padding__hover=\u00a0\u00bb|||\u00a0\u00bb][et_pb_blurb content_max_width=\u00a0\u00bb1100px\u00a0\u00bb _builder_version=\u00a0\u00bb4.16&Prime; global_colors_info=\u00a0\u00bb{}\u00a0\u00bb]<\/p>\n<p>&nbsp;<\/p>\n<div style=\"width: 100%;\">\n<div style=\"position: relative; padding-bottom: 58.333333333333336%; padding-top: 0; height: 0;\"><iframe loading=\"lazy\" frameborder=\"0\" width=\"1200\" height=\"700\" style=\"position: absolute; top: 0; left: 0; width: 100%; height: 100%;\" src=\"https:\/\/view.genial.ly\/5a783401518eb417b0790c04\" type=\"text\/html\" allowscriptaccess=\"always\" allowfullscreen=\"true\" scrolling=\"yes\" allownetworking=\"all\"><\/iframe><\/div>\n<\/div>\n<h3 style=\"text-align: center;\"><\/h3>\n<p>[\/et_pb_blurb][\/et_pb_column][\/et_pb_row][\/et_pb_section]<\/p>\n","protected":false},"excerpt":{"rendered":"<p>PIX PIX DRANE Cadre de R\u00e9f\u00e9rence des Comp\u00e9tences Num\u00e9riques CRCN sur le site PIX&nbsp;<\/p>\n","protected":false},"author":213,"featured_media":0,"parent":0,"menu_order":6,"comment_status":"closed","ping_status":"closed","template":"","meta":{"_et_pb_use_builder":"on","_et_pb_old_content":"","_et_gb_content_width":"","ngg_post_thumbnail":0,"footnotes":""},"class_list":["post-611","page","type-page","status-publish","hentry"],"rttpg_featured_image_url":null,"rttpg_author":{"display_name":"fnesme","author_link":"https:\/\/www.pedagogie.ac-nice.fr\/education-musicale\/author\/fnesme\/"},"rttpg_comment":0,"rttpg_category":null,"rttpg_excerpt":"PIX PIX DRANE Cadre de R\u00e9f\u00e9rence des Comp\u00e9tences Num\u00e9riques CRCN sur le site PIX&nbsp;","post_mailing_queue_ids":[],"_links":{"self":[{"href":"https:\/\/www.pedagogie.ac-nice.fr\/education-musicale\/wp-json\/wp\/v2\/pages\/611","targetHints":{"allow":["GET"]}}],"collection":[{"href":"https:\/\/www.pedagogie.ac-nice.fr\/education-musicale\/wp-json\/wp\/v2\/pages"}],"about":[{"href":"https:\/\/www.pedagogie.ac-nice.fr\/education-musicale\/wp-json\/wp\/v2\/types\/page"}],"author":[{"embeddable":true,"href":"https:\/\/www.pedagogie.ac-nice.fr\/education-musicale\/wp-json\/wp\/v2\/users\/213"}],"replies":[{"embeddable":true,"href":"https:\/\/www.pedagogie.ac-nice.fr\/education-musicale\/wp-json\/wp\/v2\/comments?post=611"}],"version-history":[{"count":16,"href":"https:\/\/www.pedagogie.ac-nice.fr\/education-musicale\/wp-json\/wp\/v2\/pages\/611\/revisions"}],"predecessor-version":[{"id":1791,"href":"https:\/\/www.pedagogie.ac-nice.fr\/education-musicale\/wp-json\/wp\/v2\/pages\/611\/revisions\/1791"}],"wp:attachment":[{"href":"https:\/\/www.pedagogie.ac-nice.fr\/education-musicale\/wp-json\/wp\/v2\/media?parent=611"}],"curies":[{"name":"wp","href":"https:\/\/api.w.org\/{rel}","templated":true}]}}