{"id":26,"date":"2024-01-08T15:40:50","date_gmt":"2024-01-08T14:40:50","guid":{"rendered":"https:\/\/www.pedagogie.ac-nice.fr\/emi\/?page_id=26"},"modified":"2024-02-05T10:16:20","modified_gmt":"2024-02-05T09:16:20","slug":"les-missions","status":"publish","type":"page","link":"https:\/\/www.pedagogie.ac-nice.fr\/emi\/les-missions\/","title":{"rendered":"Les missions\/Contacts"},"content":{"rendered":"<p><audio class=\"audio-for-speech\"><\/audio><\/p>\n<div class=\"translate-tooltip-mtz translator-hidden\">\n<div class=\"header\">\n<div class=\"header-controls\">Translator<\/div>\n<div class=\"header-controls\"><\/div>\n<div class=\"header-controls\"><\/div>\n<\/div>\n<div class=\"translated-text\">\n<div class=\"words\"><\/div>\n<div class=\"sentences\"><\/div>\n<\/div>\n<\/div>\n<p>&nbsp;<\/p>\n<div class=\"post-header\">\n<hr \/>\n<h1 style=\"text-align: center;\">MISSIONS<\/h1>\n<hr \/>\n<p>Apprendre aux \u00e9l\u00e8ves une pratique citoyenne des m\u00e9dias est un enjeu national et un objectif fort de l\u2019acad\u00e9mie de Nice. Cette mission d\u2019Education aux M\u00e9dias et \u00e0 l\u2019Information (EMI) est coordonn\u00e9e par la D\u00e9l\u00e9gation Acad\u00e9mique \u00e0 l\u2019Education aux M\u00e9dias et \u00e0 l\u2019Information (DAEMI).<\/p>\n<h2 class=\"title\">La DAEMI et sa mission : \u00e9duquer aux m\u00e9dias et \u00e0 l\u2019information<\/h2>\n<p>La DAEMI est charg\u00e9e de l\u2019\u00c9ducation aux M\u00e9dias et \u00e0 l\u2019Information dans l\u2019acad\u00e9mie de Nice. Elle a pour mission de piloter les politiques d\u2019EMI, de former les enseignants et d\u2019apprendre aux \u00e9l\u00e8ves \u00e0 d\u00e9velopper leur regard critique sur tous les m\u00e9dias traditionnels et num\u00e9riques, \u00e0 interpr\u00e9ter et valoriser le contenu m\u00e9diatique, \u00e0 comprendre ses ramifications culturelles, politiques, commerciales, sociales et \u00e0 former les \u00ab cybercitoyens \u00bb actifs et \u00e9clair\u00e9s de demain. Elle atteint cet objectif en s\u2019appuyant sur un r\u00e9seau form\u00e9 d\u2019une tutelle nationale le CLEMI et d\u2019\u00e9quipes acad\u00e9miques tout en travaillant en partenariat avec les m\u00e9dias d\u2019information. \u00c0 l\u2019international, la DAEMI d\u00e9veloppe des actions de formation, de recherche et d\u2019expertise.<\/p>\n<h2 class=\"title\">2 m\u00e9dias collaboratifs acad\u00e9miques et des actions sur toute l\u2019ann\u00e9e<\/h2>\n<p>Engag\u00e9e sur la production de m\u00e9dias scolaires num\u00e9riques en \u00e9tablissement, la DAEMI a d\u00e9cid\u00e9 de montrer l\u2019exemple en cr\u00e9ant au niveau acad\u00e9mique <a title=\"Cap'radio\" href=\"https:\/\/capradio.ac-nice.fr\/\" target=\"_blank\" rel=\"noopener\">Cap\u2019Radio<\/a>, la premi\u00e8re radio acad\u00e9mique num\u00e9rique en France \u00e0 \u00e9mettre en continu et <a href=\"https:\/\/www.dailymotion.com\/ac-nice\" target=\"_blank\" rel=\"noopener\">Cap\u2019TV<\/a>, la <a href=\"https:\/\/webmedias.ac-nice.fr\/\" target=\"_blank\" rel=\"noopener\">webTV<\/a> de l\u2019acad\u00e9mie de Nice.<\/p>\n<p>Les charg\u00e9s de mission interviennent sur tout le territoire acad\u00e9mique pour :<\/p>\n<ul>\n<li>des formations continues <a href=\"https:\/\/www.ac-nice.fr\/eafc\/cycle2\/pedagogie-de-projet\">https:\/\/www.ac-nice.fr\/eafc\/cycle2\/pedagogie-de-projet<\/a><\/li>\n<li>des formations en \u00e9tablissements <a href=\"https:\/\/capradio.ac-nice.fr\/le-clemi-vous-accompagne-2\/\">https:\/\/capradio.ac-nice.fr\/le-clemi-vous-accompagne-2\/<\/a><\/li>\n<li>des formations initiales (INSP\u00c9\u00a0Draguignan et Nice)<\/li>\n<li>modules de formation en milieu p\u00e9nitentiaire<\/li>\n<li>d\u00e9veloppement de parcours M@gist\u00e8re<\/li>\n<li>des enregistrements radio et vid\u00e9o <a href=\"https:\/\/capradio.ac-nice.fr\/materiel\/\">https:\/\/capradio.ac-nice.fr\/materiel\/<\/a><\/li>\n<li>la cr\u00e9ation de web m\u00e9dias\u00a0<a href=\"https:\/\/webmedias.ac-nice.fr\">https:\/\/webmedias.ac-nice.fr<\/a><\/li>\n<li>la cr\u00e9ation de ressources p\u00e9dagogiques en EMI<\/li>\n<li>l\u2019organisation et d\u00e9ploiement des concours EMI nationaux<\/li>\n<li>l\u2019organisation de partenariats avec des acteurs institutionnels, culturels, associatifs et m\u00e9diatiques locaux et nationaux<\/li>\n<\/ul>\n<hr \/>\n<h1 class=\"post-title\" style=\"text-align: center;\">CONTACTEZ LE CLEMI NICE<\/h1>\n<hr \/>\n<\/div>\n<div class=\"post-inner\">\n<div class=\"post-content entry-content\">\n<h3>Contacts<\/h3>\n<p>Pour des conseils en mati\u00e8re de cr\u00e9ation de m\u00e9dias scolaires : web journal, web radio, journal papier, web-tv, contactez-nous par mail.<\/p>\n<p>Conseil, formation, assistance et h\u00e9bergement sont enti\u00e8rement gratuits.<\/p>\n<p><strong>D\u00e9l\u00e9gation acad\u00e9mique \u00e0 l\u2019\u00e9ducation aux m\u00e9dias et \u00e0 l\u2019information (DAEMI) de Nice<br \/>\n<\/strong>53, avenue Cap de Croix<br \/>\n06 181 Nice cedex 2<strong><br \/>\n<\/strong><\/p>\n<p><strong> R\u00e9f\u00e9rent \u00e0 l\u2019\u00c9ducation aux M\u00e9dias et \u00e0 l&rsquo;information.<br \/>\n<\/strong><\/p>\n<ul>\n<li>Eric BEGUIN\u00a0 : <a href=\"mailto:clemi@ac-nice.fr\">clemi@ac-nice.fr<br \/>\n<\/a><\/li>\n<\/ul>\n<p><strong>Coordonnateur CLEMI<br \/>\n<\/strong><\/p>\n<ul>\n<li>Jean Christophe BRUN\u00a0 <a href=\"jeanchristophe.brun@ac-nice.fr\">jeanchristophe.brun@ac-nice.fr<\/a><\/li>\n<\/ul>\n<p><strong>Charg\u00e9s de mission Alpes-Maritimes<\/strong><\/p>\n<ul>\n<li>Perrine Le D\u00fbs\u00a0 : <a href=\"mailto:perrine.le-dus@ac-nice.fr\" target=\"_blank\" rel=\"noopener noreferrer\">perrine.le-dus@ac-nice.fr<\/a><\/li>\n<li>Lionnel Clerc\u00a0 : <a href=\"mailto:lionnel.clerc@ac-nice.fr\" target=\"_blank\" rel=\"noopener noreferrer\">lionnel.clerc@ac-nice.fr<\/a><\/li>\n<\/ul>\n<p><strong>Charg\u00e9s de mission Var<\/strong><\/p>\n<ul>\n<li>Thomas Br\u00e9ant\u00a0 : <a href=\"mailto:thomas.breant@ac-nice.fr\" target=\"_blank\" rel=\"noopener noreferrer\">thomas.breant@ac-nice.fr<\/a><\/li>\n<li>Marie Guiraud\u00a0\u00a0 :<a href=\"mailto:Marie.guiraud@ac-nice.fr\"> Marie.guiraud@ac-nice.fr<\/a><\/li>\n<li>Luc-Roland.Ribbe\u00a0 : <a href=\"mailto:Luc-Roland.Ribbe@ac-nice.fr\">Luc-Roland.Ribbe@ac-nice.fr<\/a><\/li>\n<\/ul>\n<p><strong>Charg\u00e9s de mission Var premier degr\u00e9s <\/strong><\/p>\n<ul>\n<li>Elodie Baldacci\u00a0 :\u00a0<a href=\"mailto:Elodie.Matraglia@ac-nice.fr\">Elodie.Matraglia@ac-nice.fr<\/a><\/li>\n<li>Nathalie Percheron : <a href=\"mailto:Nathalie.Percheron1@ac-nice.fr\">Nathalie.Percheron1@ac-nice.fr<\/a><\/li>\n<\/ul>\n<\/div>\n<\/div>\n","protected":false},"excerpt":{"rendered":"<p>Translator &nbsp; MISSIONS Apprendre aux \u00e9l\u00e8ves une pratique citoyenne des m\u00e9dias est un enjeu national et un objectif fort de<\/p>\n","protected":false},"author":373,"featured_media":0,"parent":0,"menu_order":0,"comment_status":"closed","ping_status":"closed","template":"","meta":{"colormag_page_container_layout":"default_layout","colormag_page_sidebar_layout":"default_layout","footnotes":""},"class_list":["post-26","page","type-page","status-publish","hentry"],"rttpg_featured_image_url":null,"rttpg_author":{"display_name":"jcbemi","author_link":"https:\/\/www.pedagogie.ac-nice.fr\/emi\/author\/jcbemi\/"},"rttpg_comment":0,"rttpg_category":null,"rttpg_excerpt":"Translator &nbsp; MISSIONS Apprendre aux \u00e9l\u00e8ves une pratique citoyenne des m\u00e9dias est un enjeu national et un objectif fort de","post_mailing_queue_ids":[],"_links":{"self":[{"href":"https:\/\/www.pedagogie.ac-nice.fr\/emi\/wp-json\/wp\/v2\/pages\/26","targetHints":{"allow":["GET"]}}],"collection":[{"href":"https:\/\/www.pedagogie.ac-nice.fr\/emi\/wp-json\/wp\/v2\/pages"}],"about":[{"href":"https:\/\/www.pedagogie.ac-nice.fr\/emi\/wp-json\/wp\/v2\/types\/page"}],"author":[{"embeddable":true,"href":"https:\/\/www.pedagogie.ac-nice.fr\/emi\/wp-json\/wp\/v2\/users\/373"}],"replies":[{"embeddable":true,"href":"https:\/\/www.pedagogie.ac-nice.fr\/emi\/wp-json\/wp\/v2\/comments?post=26"}],"version-history":[{"count":8,"href":"https:\/\/www.pedagogie.ac-nice.fr\/emi\/wp-json\/wp\/v2\/pages\/26\/revisions"}],"predecessor-version":[{"id":317,"href":"https:\/\/www.pedagogie.ac-nice.fr\/emi\/wp-json\/wp\/v2\/pages\/26\/revisions\/317"}],"wp:attachment":[{"href":"https:\/\/www.pedagogie.ac-nice.fr\/emi\/wp-json\/wp\/v2\/media?parent=26"}],"curies":[{"name":"wp","href":"https:\/\/api.w.org\/{rel}","templated":true}]}}