{"id":265,"date":"2024-01-15T10:21:52","date_gmt":"2024-01-15T09:21:52","guid":{"rendered":"https:\/\/www.pedagogie.ac-nice.fr\/emi\/?page_id=265"},"modified":"2025-12-10T08:46:17","modified_gmt":"2025-12-10T07:46:17","slug":"les-concours-evenements-et-dispositifs","status":"publish","type":"page","link":"https:\/\/www.pedagogie.ac-nice.fr\/emi\/les-concours-evenements-et-dispositifs\/","title":{"rendered":"Les concours, \u00e9v\u00e9nements et dispositifs"},"content":{"rendered":"<p>&nbsp;<\/p>\n<hr \/>\n<h1 style=\"text-align: center;\">Concours<\/h1>\n<hr \/>\n<p class=\"v1MsoNormal\"><b>Lancement du concours de dessin de presse \u00ab\u00a0L&rsquo;irr\u00e9ductible crayon\u00a0\u00bb<\/b><\/p>\n<p class=\"v1MsoNormal\">Le Clemi Nice, en partenariat avec le Lyc\u00e9e Ren\u00e9 Goscinny de Drap (06), est heureux d&rsquo;annoncer l&rsquo;ouverture des inscriptions pour le concours \u00ab\u00a0L&rsquo;irr\u00e9ductible crayon\u00a0\u00bb, un concours de dessin de presse destin\u00e9 aux \u00e9l\u00e8ves de CM2, Coll\u00e8ge et Lyc\u00e9e de l&rsquo;acad\u00e9mie de Nice<b>.<\/b><\/p>\n<p class=\"v1MsoNormal\"><b>Calendrier :<\/b><\/p>\n<ul type=\"disc\">\n<li class=\"v1MsoNormal\"><b>Ouverture des inscriptions :<\/b>\u00a017 octobre 2025<\/li>\n<li class=\"v1MsoNormal\"><b>Date limite d&rsquo;envoi des productions :<\/b>\u00a031 janvier 2026<\/li>\n<li class=\"v1MsoNormal\"><b>D\u00e9lib\u00e9rations du jury :<\/b>\u00a0F\u00e9vrier 2026<\/li>\n<li class=\"v1MsoNormal\"><b>Remise des prix :<\/b>\u00a0Fin mars (Semaine de la presse et des m\u00e9dias dans l&rsquo;\u00e9cole)<\/li>\n<\/ul>\n<p class=\"v1MsoNormal\">Les dessins seront soumis \u00e0 un jury compos\u00e9 de journalistes et dessinateurs professionnels dont le dessinateur de presse Myka\u00efa et la journaliste pour l&rsquo;AFP Sandra Laffont, les dessins gagnants seront mis \u00e0 l&rsquo;honneur lors de la\u00a0<b>Semaine de la presse et des m\u00e9dias dans l&rsquo;\u00e9cole<\/b>, \u00e0 la fin du mois de mars 2026. Une s\u00e9rie de remise des prix sera organis\u00e9e.<\/p>\n<p class=\"v1MsoNormal\"><b>Les inscriptions sont ouvertes d\u00e8s maintenant via le formulaire suivant :\u00a0<a href=\"https:\/\/framaforms.org\/inscription-au-concours-lirreductible-crayon-1760619726\" target=\"_blank\" rel=\"noopener noreferrer\">https:\/\/framaforms.org\/inscription-au-concours-lirreductible-crayon-1760619726<\/a><\/b><\/p>\n<p class=\"v1MsoNormal\">\u00a0 \u00a0Pour toutes questions, \u00e9crire \u00e0\u00a0<a href=\"https:\/\/esterel.ac-nice.fr\/rc\/?_task=mail&amp;_caps=pdf%3D1%2Cflash%3D0%2Ctiff%3D0%2Cwebp%3D1%2Cpgpmime%3D0&amp;_uid=19862&amp;_mbox=INBOX&amp;_framed=1&amp;_search=3382647f1b19186f767a30eb2c4f7475&amp;_action=preview#NOP\">irreductible-crayon@ac-nice.fr\u00a0\u00bb<\/a><\/p>\n<p class=\"v1MsoNormal\">Nous attendons vos dessins avec impatience et vous encourageons \u00e0 faire entendre votre voix \u00e0 travers l&rsquo;art du dessin de presse !<\/p>\n<h3><\/h3>\n<h3 id=\"summary-item-1\" class=\"title\"><a title=\"CLEMI.fr : Concours M\u00e9diatiks\" href=\"https:\/\/www.clemi.fr\/fr\/mediatiks.html\" target=\"_blank\" rel=\"noopener\">M\u00e9diatiks<\/a>\u00a0(tous niveaux)<img loading=\"lazy\" decoding=\"async\" class=\" wp-image-285 alignright\" src=\"http:\/\/www.pedagogie.ac-nice.fr\/emi\/wp-content\/uploads\/sites\/63\/2024\/01\/Mediatiks.png\" alt=\"\" width=\"251\" height=\"224\" \/><\/h3>\n<p>Les laur\u00e9ats acad\u00e9miques pour 2025 :<\/p>\n<p>&#8211; cat\u00e9gorie journal coll\u00e8ge : Camus&rsquo;exprim, coll\u00e8ge Albert Camus, Mandelieu-la-Napoule.<\/p>\n<p>&#8211; cat\u00e9gorie journal lyc\u00e9e : L&rsquo;Apoche, lyc\u00e9e Guillaume Apollinaire, Nice.<\/p>\n<p>&#8211; cat\u00e9gorie radio\/podcast \u00e9cole : Notre Nartuby, \u00e9cole Jean Moulin, Trans-en-Provence.<\/p>\n<p>&#8211; cat\u00e9gorie radio\/podcast coll\u00e8ge : Radiokids, coll\u00e8ge Villa Blanche, Menton.<\/p>\n<p>&#8211; coup de coeur journal coll\u00e8ge : G\u00e9rard Info, coll\u00e8ge G\u00e9rard Philippe, Cannes.<\/p>\n<p>Les laur\u00e9ats pour le concours national :<\/p>\n<p><a href=\"https:\/\/www.clemi.fr\/actions-educatives\/concours\/mediatiks\/palmares-du-concours-mediatiks-2025\">https:\/\/www.clemi.fr\/actions-educatives\/concours\/mediatiks\/palmares-du-concours-mediatiks-2025<\/a><\/p>\n<p>&nbsp;<\/p>\n<h3 id=\"summary-item-2\" class=\"title\"><a title=\"CLEMI.fr : Concours Z\u00e9ro clich\u00e9s\" href=\"https:\/\/www.clemi.fr\/fr\/zero-cliche.html\" target=\"_blank\" rel=\"noopener\">Z\u00e9ro clich\u00e9s<\/a>\u00a0(Coll\u00e8ge-Lyc\u00e9e)<a title=\"CLEMI.fr : Concours M\u00e9diatiks\" href=\"https:\/\/www.clemi.fr\/fr\/mediatiks.html\" target=\"_blank\" rel=\"noopener\"><img loading=\"lazy\" decoding=\"async\" class=\"wp-image-282 alignright\" src=\"http:\/\/www.pedagogie.ac-nice.fr\/emi\/wp-content\/uploads\/sites\/63\/2024\/01\/Capture-decran-2023-10-11-133613.png\" alt=\"\" width=\"229\" height=\"167\" \/><\/a><\/h3>\n<p>Les laur\u00e9ats pour l&rsquo;\u00e9dition 2025 :<\/p>\n<p><a href=\"https:\/\/www.clemi.fr\/actions-educatives\/concours\/zerocliche\/palmares-du-concours-zerocliche-2025\">https:\/\/www.clemi.fr\/actions-educatives\/concours\/zerocliche\/palmares-du-concours-zerocliche-2025<\/a><\/p>\n<p>&nbsp;<\/p>\n<hr \/>\n<h1 style=\"text-align: center;\">Dispositifs<\/h1>\n<hr \/>\n<p><a href=\"https:\/\/www.ac-nice.fr\/le-kit-webmedia-pourquoi-et-comment-121758\"><img loading=\"lazy\" decoding=\"async\" class=\"wp-image-43 aligncenter\" src=\"http:\/\/www.pedagogie.ac-nice.fr\/emi\/wp-content\/uploads\/sites\/63\/2024\/01\/Webmedias-300x120.png\" alt=\"\" width=\"548\" height=\"219\" srcset=\"https:\/\/www.pedagogie.ac-nice.fr\/emi\/wp-content\/uploads\/sites\/63\/2024\/01\/Webmedias-300x120.png 300w, https:\/\/www.pedagogie.ac-nice.fr\/emi\/wp-content\/uploads\/sites\/63\/2024\/01\/Webmedias.png 544w\" sizes=\"auto, (max-width: 548px) 100vw, 548px\" \/><\/a><\/p>\n<p>Le Clemi Nice propose un<a href=\"https:\/\/www.ac-nice.fr\/le-kit-webmedia-pourquoi-et-comment-121758\"> Webm\u00e9dias :<\/a> un kit qui permet \u00e0 chaque \u00e9tablissement de<a href=\"https:\/\/www.ac-nice.fr\/le-kit-webmedia-pourquoi-et-comment-121758\"> cr\u00e9er un m\u00e9dia scolaire<\/a>. C&rsquo;est une plateforme s\u00e9curis\u00e9e et h\u00e9berg\u00e9e au rectorat de Nice qui permet de diffuser du texte, des images et du son. <a href=\"https:\/\/www.ac-nice.fr\/le-kit-webmedia-pourquoi-et-comment-121758\">https:\/\/www.ac-nice.fr\/le-kit-webmedia-pourquoi-et-comment-121758<\/a><\/p>\n","protected":false},"excerpt":{"rendered":"<p>&nbsp; Concours Lancement du concours de dessin de presse \u00ab\u00a0L&rsquo;irr\u00e9ductible crayon\u00a0\u00bb Le Clemi Nice, en partenariat avec le Lyc\u00e9e Ren\u00e9<\/p>\n","protected":false},"author":373,"featured_media":0,"parent":0,"menu_order":0,"comment_status":"closed","ping_status":"closed","template":"","meta":{"colormag_page_container_layout":"default_layout","colormag_page_sidebar_layout":"default_layout","footnotes":""},"class_list":["post-265","page","type-page","status-publish","hentry"],"rttpg_featured_image_url":null,"rttpg_author":{"display_name":"jcbemi","author_link":"https:\/\/www.pedagogie.ac-nice.fr\/emi\/author\/jcbemi\/"},"rttpg_comment":0,"rttpg_category":null,"rttpg_excerpt":"&nbsp; Concours Lancement du concours de dessin de presse \u00ab\u00a0L&rsquo;irr\u00e9ductible crayon\u00a0\u00bb Le Clemi Nice, en partenariat avec le Lyc\u00e9e Ren\u00e9","post_mailing_queue_ids":[],"_links":{"self":[{"href":"https:\/\/www.pedagogie.ac-nice.fr\/emi\/wp-json\/wp\/v2\/pages\/265","targetHints":{"allow":["GET"]}}],"collection":[{"href":"https:\/\/www.pedagogie.ac-nice.fr\/emi\/wp-json\/wp\/v2\/pages"}],"about":[{"href":"https:\/\/www.pedagogie.ac-nice.fr\/emi\/wp-json\/wp\/v2\/types\/page"}],"author":[{"embeddable":true,"href":"https:\/\/www.pedagogie.ac-nice.fr\/emi\/wp-json\/wp\/v2\/users\/373"}],"replies":[{"embeddable":true,"href":"https:\/\/www.pedagogie.ac-nice.fr\/emi\/wp-json\/wp\/v2\/comments?post=265"}],"version-history":[{"count":15,"href":"https:\/\/www.pedagogie.ac-nice.fr\/emi\/wp-json\/wp\/v2\/pages\/265\/revisions"}],"predecessor-version":[{"id":592,"href":"https:\/\/www.pedagogie.ac-nice.fr\/emi\/wp-json\/wp\/v2\/pages\/265\/revisions\/592"}],"wp:attachment":[{"href":"https:\/\/www.pedagogie.ac-nice.fr\/emi\/wp-json\/wp\/v2\/media?parent=265"}],"curies":[{"name":"wp","href":"https:\/\/api.w.org\/{rel}","templated":true}]}}