{"id":270,"date":"2024-01-15T10:32:33","date_gmt":"2024-01-15T09:32:33","guid":{"rendered":"https:\/\/www.pedagogie.ac-nice.fr\/emi\/?page_id=270"},"modified":"2024-02-19T15:11:26","modified_gmt":"2024-02-19T14:11:26","slug":"les-fondements-de-lemi","status":"publish","type":"page","link":"https:\/\/www.pedagogie.ac-nice.fr\/emi\/les-fondements-de-lemi\/","title":{"rendered":"Les fondements de l&rsquo;EMI"},"content":{"rendered":"<article class=\"module rte intro large reduit\">\n<div id=\"c2104\">\n<div class=\"ce-textpic ce-right ce-intext\">\n<div class=\"ce-bodytext\">\n<h3>Les Essentiels de l&rsquo;\u00c9ducation aux m\u00e9dias et \u00e0 l&rsquo;information (EMI)<\/h3>\n<p>Les Essentiels de l&rsquo;\u00c9ducation aux m\u00e9dias et \u00e0 l&rsquo;information (EMI) proposent des ressources n\u00e9cessaires pour se lancer sur cette th\u00e9matique. Cette publication s&rsquo;adresse aux enseignants en formation, mais aussi \u00e0 tous les professeurs qui souhaitent trouver des activit\u00e9s utiles et pertinentes \u00e0 mettre en place dans leurs classes. Ils permettent de travailler les fondamentaux en EMI selon cinq axes :<\/p>\n<ul>\n<li>La fabrique de l&rsquo;info<\/li>\n<li>Evaluer l&rsquo;information<\/li>\n<li>Analyser les images d&rsquo;actualit\u00e9<\/li>\n<li>La libert\u00e9 d&rsquo;expression et ses limites<\/li>\n<li>Diff\u00e9rencier information et publicit\u00e9<\/li>\n<\/ul>\n<a href=\"https:\/\/www.pedagogie.ac-nice.fr\/emi\/wp-content\/uploads\/sites\/63\/2024\/02\/CLEMI_LesEssentiels2022_int-PDF.pdf\" class=\"pdfemb-viewer\" style=\"\" data-width=\"max\" data-height=\"max\" data-toolbar=\"bottom\" data-toolbar-fixed=\"off\">CLEMI_LesEssentiels2022_int-PDF<\/a>\n<article class=\"module rte intro large reduit\">\n<div id=\"c2104\">\n<div class=\"ce-textpic ce-right ce-intext\">\n<div class=\"ce-bodytext\">\n<p><strong>T\u00e9l\u00e9charger :\u00a0<\/strong><a class=\"external-link\" href=\"https:\/\/www.clemi.fr\/fileadmin\/user_upload\/CLEMI_LesEssentiels2022_int-PDF.pdf\" target=\"_blank\" rel=\"noopener\"><strong>les Essentiels (PDF) en cliquant ici.<\/strong><\/a><\/p>\n<p>&nbsp;<\/p>\n<\/div>\n<h3>Bulletin officiel n\u00b0 4 du 27 janvier 2022<\/h3>\n<a href=\"https:\/\/www.pedagogie.ac-nice.fr\/emi\/wp-content\/uploads\/sites\/63\/2024\/02\/BOENJS_4_1424118.pdf\" class=\"pdfemb-viewer\" style=\"\" data-width=\"max\" data-height=\"max\" data-toolbar=\"bottom\" data-toolbar-fixed=\"off\">BOENJS_4_1424118<\/a>\n<\/div>\n<p><strong>T\u00e9l\u00e9charger : <\/strong><a href=\"https:\/\/www.education.gouv.fr\/sites\/default\/files\/imported_files\/documents\/BOENJS_4_1424118.pdf\">Bulletin officiel n\u00b0 4 du 27 janvier 2022<\/a><\/p>\n<p>&nbsp;<\/p>\n<a href=\"https:\/\/www.pedagogie.ac-nice.fr\/emi\/wp-content\/uploads\/sites\/63\/2024\/02\/t-l-chargez-le-rapport-renforcer-l-ducation-aux-m-dias-et-l-information-et-la-citoyennet-num-rique-90745.pdf\" class=\"pdfemb-viewer\" style=\"\" data-width=\"max\" data-height=\"max\" data-toolbar=\"bottom\" data-toolbar-fixed=\"off\">t-l-chargez-le-rapport-renforcer-l-ducation-aux-m-dias-et-l-information-et-la-citoyennet-num-rique-90745<\/a>\n<\/div>\n<\/article>\n<\/div>\n<\/div>\n<\/div>\n<\/article>\n","protected":false},"excerpt":{"rendered":"<p>Les Essentiels de l&rsquo;\u00c9ducation aux m\u00e9dias et \u00e0 l&rsquo;information (EMI) Les Essentiels de l&rsquo;\u00c9ducation aux m\u00e9dias et \u00e0 l&rsquo;information (EMI)<\/p>\n","protected":false},"author":373,"featured_media":0,"parent":0,"menu_order":0,"comment_status":"closed","ping_status":"closed","template":"","meta":{"colormag_page_container_layout":"default_layout","colormag_page_sidebar_layout":"default_layout","footnotes":""},"class_list":["post-270","page","type-page","status-publish","hentry"],"rttpg_featured_image_url":null,"rttpg_author":{"display_name":"jcbemi","author_link":"https:\/\/www.pedagogie.ac-nice.fr\/emi\/author\/jcbemi\/"},"rttpg_comment":0,"rttpg_category":null,"rttpg_excerpt":"Les Essentiels de l&rsquo;\u00c9ducation aux m\u00e9dias et \u00e0 l&rsquo;information (EMI) Les Essentiels de l&rsquo;\u00c9ducation aux m\u00e9dias et \u00e0 l&rsquo;information (EMI)","post_mailing_queue_ids":[],"_links":{"self":[{"href":"https:\/\/www.pedagogie.ac-nice.fr\/emi\/wp-json\/wp\/v2\/pages\/270","targetHints":{"allow":["GET"]}}],"collection":[{"href":"https:\/\/www.pedagogie.ac-nice.fr\/emi\/wp-json\/wp\/v2\/pages"}],"about":[{"href":"https:\/\/www.pedagogie.ac-nice.fr\/emi\/wp-json\/wp\/v2\/types\/page"}],"author":[{"embeddable":true,"href":"https:\/\/www.pedagogie.ac-nice.fr\/emi\/wp-json\/wp\/v2\/users\/373"}],"replies":[{"embeddable":true,"href":"https:\/\/www.pedagogie.ac-nice.fr\/emi\/wp-json\/wp\/v2\/comments?post=270"}],"version-history":[{"count":12,"href":"https:\/\/www.pedagogie.ac-nice.fr\/emi\/wp-json\/wp\/v2\/pages\/270\/revisions"}],"predecessor-version":[{"id":421,"href":"https:\/\/www.pedagogie.ac-nice.fr\/emi\/wp-json\/wp\/v2\/pages\/270\/revisions\/421"}],"wp:attachment":[{"href":"https:\/\/www.pedagogie.ac-nice.fr\/emi\/wp-json\/wp\/v2\/media?parent=270"}],"curies":[{"name":"wp","href":"https:\/\/api.w.org\/{rel}","templated":true}]}}