{"id":276,"date":"2024-01-15T10:33:59","date_gmt":"2024-01-15T09:33:59","guid":{"rendered":"https:\/\/www.pedagogie.ac-nice.fr\/emi\/?page_id=276"},"modified":"2024-02-19T14:09:36","modified_gmt":"2024-02-19T13:09:36","slug":"decrypter-linformation-scolaire","status":"publish","type":"page","link":"https:\/\/www.pedagogie.ac-nice.fr\/emi\/decrypter-linformation-scolaire\/","title":{"rendered":"D\u00e9crypter l&rsquo;information"},"content":{"rendered":"<h3>Analyser les images d\u2019actualit\u00e9<\/h3>\n<a href=\"https:\/\/www.pedagogie.ac-nice.fr\/emi\/wp-content\/uploads\/sites\/63\/2024\/02\/Guide_peda-Analyser-les-images-dactualite.pdf\" class=\"pdfemb-viewer\" style=\"\" data-width=\"max\" data-height=\"max\" data-toolbar=\"bottom\" data-toolbar-fixed=\"off\">Guide_peda Analyser les images d\u2019actualite<\/a>\n<p>T\u00e9l\u00e9charger : <a href=\"http:\/\/www.pedagogie.ac-nice.fr\/emi\/wp-content\/uploads\/sites\/63\/2024\/02\/Guide_peda-Analyser-les-images-dactualite.pdf\">Guide_peda-Analyser-les-images-dactualite<\/a><\/p>\n<p>&nbsp;<\/p>\n<h3>D\u00e9finir les notions de journal et d\u2019information<\/h3>\n<a href=\"https:\/\/www.pedagogie.ac-nice.fr\/emi\/wp-content\/uploads\/sites\/63\/2024\/02\/Guide_peda_Definir-les-notions-de-journal-et-dinformation.pdf\" class=\"pdfemb-viewer\" style=\"\" data-width=\"max\" data-height=\"max\" data-toolbar=\"bottom\" data-toolbar-fixed=\"off\">Guide_peda_D\u00e9finir les notions de journal et d\u2019information<\/a>\n<p>T\u00e9l\u00e9charger : <a href=\"http:\/\/www.pedagogie.ac-nice.fr\/emi\/wp-content\/uploads\/sites\/63\/2024\/02\/Guide_peda_Definir-les-notions-de-journal-et-dinformation.pdf\">Definir-les-notions-de-journal-et-dinformation<\/a><\/p>\n","protected":false},"excerpt":{"rendered":"<p>Analyser les images d\u2019actualit\u00e9 T\u00e9l\u00e9charger : Guide_peda-Analyser-les-images-dactualite &nbsp; D\u00e9finir les notions de journal et d\u2019information T\u00e9l\u00e9charger : Definir-les-notions-de-journal-et-dinformation<\/p>\n","protected":false},"author":373,"featured_media":0,"parent":0,"menu_order":0,"comment_status":"closed","ping_status":"closed","template":"","meta":{"colormag_page_container_layout":"default_layout","colormag_page_sidebar_layout":"default_layout","footnotes":""},"class_list":["post-276","page","type-page","status-publish","hentry"],"rttpg_featured_image_url":null,"rttpg_author":{"display_name":"jcbemi","author_link":"https:\/\/www.pedagogie.ac-nice.fr\/emi\/author\/jcbemi\/"},"rttpg_comment":0,"rttpg_category":null,"rttpg_excerpt":"Analyser les images d\u2019actualit\u00e9 T\u00e9l\u00e9charger : Guide_peda-Analyser-les-images-dactualite &nbsp; D\u00e9finir les notions de journal et d\u2019information T\u00e9l\u00e9charger : Definir-les-notions-de-journal-et-dinformation","post_mailing_queue_ids":[],"_links":{"self":[{"href":"https:\/\/www.pedagogie.ac-nice.fr\/emi\/wp-json\/wp\/v2\/pages\/276","targetHints":{"allow":["GET"]}}],"collection":[{"href":"https:\/\/www.pedagogie.ac-nice.fr\/emi\/wp-json\/wp\/v2\/pages"}],"about":[{"href":"https:\/\/www.pedagogie.ac-nice.fr\/emi\/wp-json\/wp\/v2\/types\/page"}],"author":[{"embeddable":true,"href":"https:\/\/www.pedagogie.ac-nice.fr\/emi\/wp-json\/wp\/v2\/users\/373"}],"replies":[{"embeddable":true,"href":"https:\/\/www.pedagogie.ac-nice.fr\/emi\/wp-json\/wp\/v2\/comments?post=276"}],"version-history":[{"count":6,"href":"https:\/\/www.pedagogie.ac-nice.fr\/emi\/wp-json\/wp\/v2\/pages\/276\/revisions"}],"predecessor-version":[{"id":409,"href":"https:\/\/www.pedagogie.ac-nice.fr\/emi\/wp-json\/wp\/v2\/pages\/276\/revisions\/409"}],"wp:attachment":[{"href":"https:\/\/www.pedagogie.ac-nice.fr\/emi\/wp-json\/wp\/v2\/media?parent=276"}],"curies":[{"name":"wp","href":"https:\/\/api.w.org\/{rel}","templated":true}]}}