{"id":411,"date":"2024-02-19T14:14:08","date_gmt":"2024-02-19T13:14:08","guid":{"rendered":"https:\/\/www.pedagogie.ac-nice.fr\/emi\/?page_id=411"},"modified":"2024-02-19T14:24:16","modified_gmt":"2024-02-19T13:24:16","slug":"dossier-pedagogique-de-la-semaine-de-la-presse-et-des-medias-dans-lecole","status":"publish","type":"page","link":"https:\/\/www.pedagogie.ac-nice.fr\/emi\/dossier-pedagogique-de-la-semaine-de-la-presse-et-des-medias-dans-lecole\/","title":{"rendered":"Dossier p\u00e9dagogique de la Semaine de la presse et des m\u00e9dias dans l&rsquo;\u00e9cole"},"content":{"rendered":"<h3>D\u00e9finir les notions de journal et d\u2019information :<\/h3>\n<a href=\"https:\/\/www.pedagogie.ac-nice.fr\/emi\/wp-content\/uploads\/sites\/63\/2024\/02\/Guide_peda_Definir-les-notions-de-journal-et-dinformation.pdf\" class=\"pdfemb-viewer\" style=\"\" data-width=\"max\" data-height=\"max\" data-toolbar=\"bottom\" data-toolbar-fixed=\"off\">Guide_peda_D\u00e9finir les notions de journal et d\u2019information<\/a>\n<p>&nbsp;<\/p>\n<h3>Analyser et produire un commentaire sportif :<\/h3>\n<a href=\"https:\/\/www.pedagogie.ac-nice.fr\/emi\/wp-content\/uploads\/sites\/63\/2024\/02\/Guide_peda_Analyser-et-produire-un-commentaire-sportif.pdf\" class=\"pdfemb-viewer\" style=\"\" data-width=\"max\" data-height=\"max\" data-toolbar=\"bottom\" data-toolbar-fixed=\"off\">Guide_peda_Analyser et produire un commentaire sportif<\/a>\n<p>&nbsp;<\/p>\n<h3>Un d\u00e9bat par jour :<\/h3>\n<a href=\"https:\/\/www.pedagogie.ac-nice.fr\/emi\/wp-content\/uploads\/sites\/63\/2024\/02\/Guide_peda-Un-debat-par-jour-.pdf\" class=\"pdfemb-viewer\" style=\"\" data-width=\"max\" data-height=\"max\" data-toolbar=\"bottom\" data-toolbar-fixed=\"off\">Guide_peda Un d\u00e9bat par jour<\/a>\n<p>&nbsp;<\/p>\n<h3>\u00c9volution des m\u00e9dias :<\/h3>\n<a href=\"https:\/\/www.pedagogie.ac-nice.fr\/emi\/wp-content\/uploads\/sites\/63\/2024\/02\/Guide_peda-meteo-climat-evolution-des-medias.pdf\" class=\"pdfemb-viewer\" style=\"\" data-width=\"max\" data-height=\"max\" data-toolbar=\"bottom\" data-toolbar-fixed=\"off\">Guide_peda meteo climat evolution des medias<\/a>\n<p>&nbsp;<\/p>\n<h3>Analyser les images d\u2019actualit\u00e9 :<\/h3>\n<a href=\"https:\/\/www.pedagogie.ac-nice.fr\/emi\/wp-content\/uploads\/sites\/63\/2024\/02\/Guide_peda-Analyser-les-images-dactualite.pdf\" class=\"pdfemb-viewer\" style=\"\" data-width=\"max\" data-height=\"max\" data-toolbar=\"bottom\" data-toolbar-fixed=\"off\">Guide_peda Analyser les images d\u2019actualite<\/a>\n<p>&nbsp;<\/p>\n","protected":false},"excerpt":{"rendered":"<p>D\u00e9finir les notions de journal et d\u2019information : &nbsp; Analyser et produire un commentaire sportif : &nbsp; Un d\u00e9bat par<\/p>\n","protected":false},"author":373,"featured_media":0,"parent":0,"menu_order":0,"comment_status":"closed","ping_status":"closed","template":"","meta":{"colormag_page_container_layout":"default_layout","colormag_page_sidebar_layout":"default_layout","footnotes":""},"class_list":["post-411","page","type-page","status-publish","hentry"],"rttpg_featured_image_url":null,"rttpg_author":{"display_name":"jcbemi","author_link":"https:\/\/www.pedagogie.ac-nice.fr\/emi\/author\/jcbemi\/"},"rttpg_comment":0,"rttpg_category":null,"rttpg_excerpt":"D\u00e9finir les notions de journal et d\u2019information : &nbsp; Analyser et produire un commentaire sportif : &nbsp; Un d\u00e9bat par","post_mailing_queue_ids":[],"_links":{"self":[{"href":"https:\/\/www.pedagogie.ac-nice.fr\/emi\/wp-json\/wp\/v2\/pages\/411","targetHints":{"allow":["GET"]}}],"collection":[{"href":"https:\/\/www.pedagogie.ac-nice.fr\/emi\/wp-json\/wp\/v2\/pages"}],"about":[{"href":"https:\/\/www.pedagogie.ac-nice.fr\/emi\/wp-json\/wp\/v2\/types\/page"}],"author":[{"embeddable":true,"href":"https:\/\/www.pedagogie.ac-nice.fr\/emi\/wp-json\/wp\/v2\/users\/373"}],"replies":[{"embeddable":true,"href":"https:\/\/www.pedagogie.ac-nice.fr\/emi\/wp-json\/wp\/v2\/comments?post=411"}],"version-history":[{"count":4,"href":"https:\/\/www.pedagogie.ac-nice.fr\/emi\/wp-json\/wp\/v2\/pages\/411\/revisions"}],"predecessor-version":[{"id":416,"href":"https:\/\/www.pedagogie.ac-nice.fr\/emi\/wp-json\/wp\/v2\/pages\/411\/revisions\/416"}],"wp:attachment":[{"href":"https:\/\/www.pedagogie.ac-nice.fr\/emi\/wp-json\/wp\/v2\/media?parent=411"}],"curies":[{"name":"wp","href":"https:\/\/api.w.org\/{rel}","templated":true}]}}