{"id":440,"date":"2024-04-09T15:49:31","date_gmt":"2024-04-09T13:49:31","guid":{"rendered":"https:\/\/www.pedagogie.ac-nice.fr\/emi\/?page_id=440"},"modified":"2024-10-14T15:34:25","modified_gmt":"2024-10-14T13:34:25","slug":"web-radio","status":"publish","type":"page","link":"https:\/\/www.pedagogie.ac-nice.fr\/emi\/web-radio\/","title":{"rendered":"Web radio"},"content":{"rendered":"<hr \/>\n<h2 style=\"text-align: center;\">Des ressources WEBRADIO<\/h2>\n<hr \/>\n<p class=\"page__title\"><strong>Usages p\u00e9dagogiques de la webradio<\/strong> : https:\/\/eduscol.education.fr\/1092\/usages-pedagogiques-de-la-webradio<\/p>\n<p class=\"page-title\"><strong>Vademecum webradio\u00a0<\/strong> : https:\/\/www.clemi.fr\/medias-scolaires\/creer-un-media-scolaire\/vademecum-webradio<\/p>\n<p><strong>les m\u00e9tiers de la radio :<\/strong><\/p>\n<ul>\n<li>Radio France : <a href=\"https:\/\/vimeo.com\/152432842\" target=\"_blank\" rel=\"noopener noreferrer\">https:\/\/vimeo.com\/152432842<\/a><\/li>\n<li>\u00a0<em>24h <\/em>\u00a0:\u00a0<a href=\"https:\/\/24hdansuneredaction.com\/radio\/\" target=\"_blank\" rel=\"noopener noreferrer\">https:\/\/24hdansuneredaction.com\/radio\/<\/a><\/li>\n<\/ul>\n<hr \/>\n<h2 style=\"text-align: center;\">Des application pour faire de la WebRadio<\/h2>\n<hr \/>\n<ul>\n<li><strong>Franceinfo junior :<\/strong> L\u2019application \u00ab\u00a0<a href=\"https:\/\/www.radiofrance.com\/lappli-franceinfo-junior\"><strong>L&rsquo;atelier franceinfo junior<\/strong><\/a>\u00a0\u00bb permet aux enseignants et \u00e0 leurs \u00e9l\u00e8ves, de comprendre la fabrique de l\u2019info, gr\u00e2ce \u00e0 l\u2019expertise de l\u2019antenne <strong>franceinfo<\/strong>. Elle permet aussi de fabriquer en classe des journaux radiophoniques de 7 minutes.\n<ul>\n<li>https:\/\/www.radiofrance.com\/lappli-franceinfo-junior<\/li>\n<\/ul>\n<\/li>\n<\/ul>\n<p>&nbsp;<\/p>\n<ul>\n<li><strong>BOSSJOCK JK\u00a0 :<\/strong> Po<span class=\"Y2IQFc\" lang=\"fr\">ur cr\u00e9er rapidement des podcasts, des mix DJ, des \u00e9missions de radio et d&rsquo;avoir un cartoucheur sur apple. <\/span>\n<ul>\n<li>Aps : https:\/\/apps.apple.com\/ci\/app\/bossjock-jr\/id826651276<\/li>\n<li>Ressource de acad\u00e9mie de Versailles https:\/\/histoire.ac-versailles.fr\/spip.php?article1926<\/li>\n<\/ul>\n<\/li>\n<\/ul>\n<p>&nbsp;<\/p>\n<p>&nbsp;<\/p>\n<hr \/>\n<h1 style=\"text-align: center;\"><span style=\"font-size: 18pt;\"> Le branchement et du fonctionnement d\u2019un studio<\/span><\/h1>\n<hr \/>\n<ul>\n<li>4 micros\u00a0 et table de mixage <b><i>BEHRINGER :<\/i><\/b>\u00a0<a href=\"https:\/\/acamedia.ac-nice.fr\/tuto-radio-le-branchement-d%E2%80%99un-studio_v3698 https:\/\/capradio.ac-nice.fr\/ressources-second-degre\/\">Tutoriel branchement de la Webradio <\/a><\/li>\n<\/ul>\n<p>&nbsp;<\/p>\n<p>&nbsp;<\/p>\n<p>&nbsp;<\/p>\n<hr \/>\n<h1 style=\"text-align: center;\">Son libre de droit<\/h1>\n<hr \/>\n<section class=\"section textActivity\">\n<div class=\"info \">\n<div class=\"info_co \">\n<div class=\"txt \">\n<p><a href=\"https:\/\/universal-soundbank.com\/\">https:\/\/universal-soundbank.com\/<\/a><\/p>\n<p>Plus de 30000 bruitages, sons, musiques, et loops gratuits, enregistr\u00e9s, tri\u00e9s, optimis\u00e9s et encod\u00e9s en MP3 de qualit\u00e9 professionnelle pour \u00eatre directement exploitables sur vos films, musiques, t\u00e9l\u00e9phones, vid\u00e9os, r\u00e9alisations musicales, films d\u2019animations ou t\u00e9l\u00e9visuelles et multim\u00e9dias.<\/p>\n<p><a class=\"link\" title=\"http:\/\/lasonotheque.org\/ (nouvelle fen\u00eatre)\" href=\"http:\/\/lasonotheque.org\/\" target=\"_blank\" rel=\"noopener\">http:\/\/lasonotheque.org\/<\/a><\/p>\n<p>LaSonotheque.org est une banque de sons totalement\u00a0<a href=\"https:\/\/lasonotheque.org\/soutien.html\">gratuits<\/a>,\u00a0<a href=\"https:\/\/lasonotheque.org\/droit.html\">libres de droits<\/a>\u00a0et de qualit\u00e9, destin\u00e9e \u00e0 tous\u00a0<a href=\"https:\/\/lasonotheque.org\/projects.html\">vos projets<\/a>, y compris commerciaux. Une sonoth\u00e8que de bruitages, d\u2019ambiances sonores, de sons seuls et de musiques aux formats MP3, WAV, BWF, AIFF, OGG, FLAC, AAC et M4A. Des centaines de fichiers sans traitement \u00e0 \u00e9couter et t\u00e9l\u00e9charger sans mod\u00e9ration. Pour l\u2019audiovisuel, les podcasts, le cin\u00e9ma, le th\u00e9\u00e2tre, le livre audio, le jeu vid\u00e9o, la radio, et autres productions multim\u00e9dias.<\/p>\n<p><a class=\"link\" title=\"https:\/\/www.sounddesigners.org\/ (nouvelle fen\u00eatre)\" href=\"https:\/\/www.sounddesigners.org\/\" target=\"_blank\" rel=\"noopener\">https:\/\/www.sounddesigners.org\/<\/a><\/p>\n<p>R\u00e9f\u00e9rence incontournable des bruitages dans la production audiovisuelles, ce site est un portail communautaire de passionn\u00e9s et professionnels. Mention sp\u00e9ciale pour son blog tr\u00e8s complet et pointu sur le sujet. Le seul b\u00e9mol reste que les fichiers t\u00e9l\u00e9charg\u00e9s sont en mp3 128kbits\/s, mais il suffira de contribuer gratuitement \u00e0 la communaut\u00e9 pour avoir un acc\u00e8s aux samples en haute qualit\u00e9.<\/p>\n<p><a class=\"link\" title=\"http:\/\/www.sound-fishing.net\/ (nouvelle fen\u00eatre)\" href=\"http:\/\/www.sound-fishing.net\/\" target=\"_blank\" rel=\"noopener\">http:\/\/www.sound-fishing.net\/<\/a><\/p>\n<p>Une r\u00e9f\u00e9rence du web pour les musiques d\u2019ambiances ainsi que les ambiances sonores. On y retrouve plus de 2000 t\u00e9l\u00e9chargements gratuits, et pr\u00e8s de 9000 payants suppl\u00e9mentaires. Trois licences diff\u00e9rentes sont mises en avant, LESF (royalty free, tout type droit ou usage), LMK (uage priv\u00e9\/familial pour gratuit, pro pour payant) et OGD (sacem). Mention sp\u00e9ciale pour son moteur de recherche avanc\u00e9, permettant de filtrer les types de licences.<\/p>\n<p><a class=\"link\" title=\"http:\/\/www.auboutdufil.com\/ (nouvelle fen\u00eatre)\" href=\"http:\/\/www.auboutdufil.com\/\" target=\"_blank\" rel=\"noopener\">http:\/\/www.auboutdufil.com\/<\/a><\/p>\n<p>Une s\u00e9lection des meilleures musiques libres de droits. Vous pouvez \u00e9couter et t\u00e9l\u00e9charger les musiques l\u00e9galement et gratuitement et r\u00e9-utiliser la musique pour vos vid\u00e9os par exemple. La musique est gratuite et libre de droits mais soumise \u00e0 certaines conditions d\u2019utilisations.<\/p>\n<\/div>\n<\/div>\n<\/div>\n<\/section>\n","protected":false},"excerpt":{"rendered":"<p>Des ressources WEBRADIO Usages p\u00e9dagogiques de la webradio : https:\/\/eduscol.education.fr\/1092\/usages-pedagogiques-de-la-webradio Vademecum webradio\u00a0 : https:\/\/www.clemi.fr\/medias-scolaires\/creer-un-media-scolaire\/vademecum-webradio les m\u00e9tiers de la radio :<\/p>\n","protected":false},"author":373,"featured_media":0,"parent":0,"menu_order":0,"comment_status":"closed","ping_status":"closed","template":"","meta":{"colormag_page_container_layout":"default_layout","colormag_page_sidebar_layout":"default_layout","footnotes":""},"class_list":["post-440","page","type-page","status-publish","hentry"],"rttpg_featured_image_url":null,"rttpg_author":{"display_name":"jcbemi","author_link":"https:\/\/www.pedagogie.ac-nice.fr\/emi\/author\/jcbemi\/"},"rttpg_comment":0,"rttpg_category":null,"rttpg_excerpt":"Des ressources WEBRADIO Usages p\u00e9dagogiques de la webradio : https:\/\/eduscol.education.fr\/1092\/usages-pedagogiques-de-la-webradio Vademecum webradio\u00a0 : https:\/\/www.clemi.fr\/medias-scolaires\/creer-un-media-scolaire\/vademecum-webradio les m\u00e9tiers de la radio :","post_mailing_queue_ids":[],"_links":{"self":[{"href":"https:\/\/www.pedagogie.ac-nice.fr\/emi\/wp-json\/wp\/v2\/pages\/440","targetHints":{"allow":["GET"]}}],"collection":[{"href":"https:\/\/www.pedagogie.ac-nice.fr\/emi\/wp-json\/wp\/v2\/pages"}],"about":[{"href":"https:\/\/www.pedagogie.ac-nice.fr\/emi\/wp-json\/wp\/v2\/types\/page"}],"author":[{"embeddable":true,"href":"https:\/\/www.pedagogie.ac-nice.fr\/emi\/wp-json\/wp\/v2\/users\/373"}],"replies":[{"embeddable":true,"href":"https:\/\/www.pedagogie.ac-nice.fr\/emi\/wp-json\/wp\/v2\/comments?post=440"}],"version-history":[{"count":9,"href":"https:\/\/www.pedagogie.ac-nice.fr\/emi\/wp-json\/wp\/v2\/pages\/440\/revisions"}],"predecessor-version":[{"id":471,"href":"https:\/\/www.pedagogie.ac-nice.fr\/emi\/wp-json\/wp\/v2\/pages\/440\/revisions\/471"}],"wp:attachment":[{"href":"https:\/\/www.pedagogie.ac-nice.fr\/emi\/wp-json\/wp\/v2\/media?parent=440"}],"curies":[{"name":"wp","href":"https:\/\/api.w.org\/{rel}","templated":true}]}}