{"id":502,"date":"2025-01-09T10:53:12","date_gmt":"2025-01-09T09:53:12","guid":{"rendered":"https:\/\/www.pedagogie.ac-nice.fr\/emi\/?page_id=502"},"modified":"2025-01-09T10:53:12","modified_gmt":"2025-01-09T09:53:12","slug":"traam-emi","status":"publish","type":"page","link":"https:\/\/www.pedagogie.ac-nice.fr\/emi\/traam-emi\/","title":{"rendered":"TRAAM EMI"},"content":{"rendered":"<p><a href=\"https:\/\/www.pedagogie.ac-nice.fr\/emi\/traam-emi\/logo_traam\/\" rel=\"attachment wp-att-503\"><img loading=\"lazy\" decoding=\"async\" class=\"alignnone size-medium wp-image-503\" src=\"http:\/\/www.pedagogie.ac-nice.fr\/emi\/wp-content\/uploads\/sites\/63\/2025\/01\/logo_traam-300x170.png\" alt=\"\" width=\"300\" height=\"170\" srcset=\"https:\/\/www.pedagogie.ac-nice.fr\/emi\/wp-content\/uploads\/sites\/63\/2025\/01\/logo_traam-300x170.png 300w, https:\/\/www.pedagogie.ac-nice.fr\/emi\/wp-content\/uploads\/sites\/63\/2025\/01\/logo_traam-768x434.png 768w, https:\/\/www.pedagogie.ac-nice.fr\/emi\/wp-content\/uploads\/sites\/63\/2025\/01\/logo_traam.png 780w\" sizes=\"auto, (max-width: 300px) 100vw, 300px\" \/><\/a><\/p>\n<p>Afin de d\u00e9velopper les usages p\u00e9dagogiques du num\u00e9rique, la direction du num\u00e9rique pour l&rsquo;\u00e9ducation (DNE) met en \u0153uvre des travaux acad\u00e9miques mutualis\u00e9s (TraAM) qui permettent de favoriser la rencontre entre les acad\u00e9mies autour de th\u00e8mes \u00e9mergents du num\u00e9rique \u00e9ducatif.<\/p>\n<p>Les travaux pr\u00e9sent\u00e9s r\u00e9sultent de l&rsquo;engagement de quelques\u202f<strong>700 enseignants<\/strong>\u202fr\u00e9partis sur l&rsquo;ensemble du territoire, \u00e9cole, coll\u00e8ge, lyc\u00e9e et post-bac (BTS) ainsi que sur\u202f<strong>18 disciplines et enseignements<\/strong>. Ils repr\u00e9sentent\u202f<strong>plus de 120 \u00e9quipes<\/strong>\u202fengag\u00e9es dans ce dispositif.<\/p>\n<p><a href=\"https:\/\/pedagogie.ac-toulouse.fr\/emi\/traam-emi-2023-2024\" rel=\"attachment wp-att-506\"><img loading=\"lazy\" decoding=\"async\" class=\"wp-image-506 alignnone\" src=\"http:\/\/www.pedagogie.ac-nice.fr\/emi\/wp-content\/uploads\/sites\/63\/2025\/01\/TraAM-EMI-2023-2024-EMI-01-09-2025_10_50_AM-300x100.png\" alt=\"\" width=\"435\" height=\"145\" srcset=\"https:\/\/www.pedagogie.ac-nice.fr\/emi\/wp-content\/uploads\/sites\/63\/2025\/01\/TraAM-EMI-2023-2024-EMI-01-09-2025_10_50_AM-300x100.png 300w, https:\/\/www.pedagogie.ac-nice.fr\/emi\/wp-content\/uploads\/sites\/63\/2025\/01\/TraAM-EMI-2023-2024-EMI-01-09-2025_10_50_AM-1024x343.png 1024w, https:\/\/www.pedagogie.ac-nice.fr\/emi\/wp-content\/uploads\/sites\/63\/2025\/01\/TraAM-EMI-2023-2024-EMI-01-09-2025_10_50_AM-768x257.png 768w, https:\/\/www.pedagogie.ac-nice.fr\/emi\/wp-content\/uploads\/sites\/63\/2025\/01\/TraAM-EMI-2023-2024-EMI-01-09-2025_10_50_AM.png 1078w\" sizes=\"auto, (max-width: 435px) 100vw, 435px\" \/>Cliquez sur l&rsquo;image pour voir 2023-2024<\/a><\/p>\n<p>Pour les TRAAM EMI de l&rsquo;acad\u00e9mie de Nice, les archives sont consultables : <a href=\"https:\/\/www.pedagogie.ac-nice.fr\/doc-azur\/category\/traam-emi\/\">https:\/\/www.pedagogie.ac-nice.fr\/doc-azur\/category\/traam-emi\/<\/a><\/p>\n","protected":false},"excerpt":{"rendered":"<p>Afin de d\u00e9velopper les usages p\u00e9dagogiques du num\u00e9rique, la direction du num\u00e9rique pour l&rsquo;\u00e9ducation (DNE) met en \u0153uvre des travaux<\/p>\n","protected":false},"author":292,"featured_media":0,"parent":0,"menu_order":0,"comment_status":"closed","ping_status":"closed","template":"","meta":{"colormag_page_container_layout":"default_layout","colormag_page_sidebar_layout":"default_layout","footnotes":""},"class_list":["post-502","page","type-page","status-publish","hentry"],"rttpg_featured_image_url":null,"rttpg_author":{"display_name":"Thomas Br\u00e9ant","author_link":"https:\/\/www.pedagogie.ac-nice.fr\/emi\/author\/traam04\/"},"rttpg_comment":0,"rttpg_category":null,"rttpg_excerpt":"Afin de d\u00e9velopper les usages p\u00e9dagogiques du num\u00e9rique, la direction du num\u00e9rique pour l&rsquo;\u00e9ducation (DNE) met en \u0153uvre des travaux","post_mailing_queue_ids":[],"_links":{"self":[{"href":"https:\/\/www.pedagogie.ac-nice.fr\/emi\/wp-json\/wp\/v2\/pages\/502","targetHints":{"allow":["GET"]}}],"collection":[{"href":"https:\/\/www.pedagogie.ac-nice.fr\/emi\/wp-json\/wp\/v2\/pages"}],"about":[{"href":"https:\/\/www.pedagogie.ac-nice.fr\/emi\/wp-json\/wp\/v2\/types\/page"}],"author":[{"embeddable":true,"href":"https:\/\/www.pedagogie.ac-nice.fr\/emi\/wp-json\/wp\/v2\/users\/292"}],"replies":[{"embeddable":true,"href":"https:\/\/www.pedagogie.ac-nice.fr\/emi\/wp-json\/wp\/v2\/comments?post=502"}],"version-history":[{"count":5,"href":"https:\/\/www.pedagogie.ac-nice.fr\/emi\/wp-json\/wp\/v2\/pages\/502\/revisions"}],"predecessor-version":[{"id":511,"href":"https:\/\/www.pedagogie.ac-nice.fr\/emi\/wp-json\/wp\/v2\/pages\/502\/revisions\/511"}],"wp:attachment":[{"href":"https:\/\/www.pedagogie.ac-nice.fr\/emi\/wp-json\/wp\/v2\/media?parent=502"}],"curies":[{"name":"wp","href":"https:\/\/api.w.org\/{rel}","templated":true}]}}