{"id":560,"date":"2025-10-13T11:13:04","date_gmt":"2025-10-13T09:13:04","guid":{"rendered":"https:\/\/www.pedagogie.ac-nice.fr\/emi\/?page_id=560"},"modified":"2025-10-17T10:06:35","modified_gmt":"2025-10-17T08:06:35","slug":"parentalite-numerique","status":"publish","type":"page","link":"https:\/\/www.pedagogie.ac-nice.fr\/emi\/accueil\/parentalite-numerique\/","title":{"rendered":"Parentalit\u00e9 num\u00e9rique"},"content":{"rendered":"<p>L\u2019usage croissant des \u00e9crans chez les enfants suscite de nombreuses inqui\u00e9tudes chez les parents. Smartphones, tablettes, t\u00e9l\u00e9visions et consoles de jeux ont envahi notre quotidien et notamment celui des plus jeunes.<\/p>\n<p>En France\u00a0:<\/p>\n<ul>\n<li><strong>96<\/strong>\u00a0<strong>%\u00a0<\/strong>des enfants poss\u00e8dent ou utilisent au moins un \u00e9quipement num\u00e9rique,\u00a0et y passent 1\u00a0h\u00a019 par jour en semaine, et 2\u00a0h\u00a007 les jours de week-end.<\/li>\n<li>Les enfants ont leur premier smartphone en moyenne \u00e0 l\u2019\u00e2ge de\u00a0<strong>9<\/strong><strong>\u00a0<\/strong><strong>ans<\/strong>.<\/li>\n<li>En moyenne, les enfants et adolescents \u00e2g\u00e9s de<strong>\u00a06 \u00e0 17<\/strong>\u00a0<strong>ans passent plus de\u00a04<\/strong>\u00a0<strong>heures par jour\u00a0<\/strong>devant les \u00e9crans.<\/li>\n<li>Pr\u00e8s d\u2019un parent sur deux d\u2019enfant de\u00a0<strong>3 \u00e0 5<\/strong><strong>\u00a0<\/strong><strong>ans<\/strong>\u00a0d\u00e9clare que celui-ci regarde des vid\u00e9os de courte dur\u00e9e et des s\u00e9ries ou des films.<\/li>\n<li>L\u2019inqui\u00e9tude principale des parents r\u00e9side dans l\u2019exposition a\u0300 des contenus potentiellement choquants (violents, a\u0300 caract\u00e8re sexuel&#8230;).<\/li>\n<\/ul>\n<p><em>Sources :\u00a0enqu\u00eate Ipsos\u00a0de janvier 2023, sondage M\u00e9diam\u00e9trie de 2020, donn\u00e9es de Sant\u00e9 publique France.<\/em><\/p>\n<p>Cf : <a href=\"https:\/\/solidarites.gouv.fr\/enfance-et-famille\/soutenir-la-parentalite\/la-parentalite-numerique\">https:\/\/solidarites.gouv.fr\/enfance-et-famille\/soutenir-la-parentalite\/la-parentalite-numerique<\/a><\/p>\n<h2>Les Ressources :<\/h2>\n<ul>\n<li>\n<p class=\"u-text--inverted\">Je prot\u00e8ge mon enfant : <a href=\"https:\/\/jeprotegemonenfant.gouv.fr\/\"><span style=\"font-size: 16px;\">https:\/\/jeprotegemonenfant.gouv.fr\/<\/span><\/a><\/p>\n<\/li>\n<\/ul>\n<ol>\n<li style=\"list-style-type: none;\">\n<ol>\n<li style=\"list-style-type: none;\">\n<ol>\n<li><a href=\"https:\/\/jeprotegemonenfant.gouv.fr\/ecrans\/votre-profil-ecran\/\">Quizz\u00a0<\/a><\/li>\n<li><a href=\"https:\/\/jeprotegemonenfant.gouv.fr\/ecrans\/vos-outils-ecran\/\">Les outils<\/a><\/li>\n<li><a href=\"https:\/\/jeprotegemonenfant.gouv.fr\/ecrans\/vos-ressources-ecran\/\">les Ressources<\/a><\/li>\n<\/ol>\n<\/li>\n<\/ol>\n<\/li>\n<\/ol>\n<ul>\n<li>Le Clemi\u00a0 :\n<ol>\n<li><strong><a href=\"https:\/\/www.clemi.fr\/les-themes\/parentalite-et-bien-etre-numerique\">Parentalit\u00e9 et bien-\u00eatre num\u00e9rique.<\/a><\/strong><\/li>\n<li><strong><a href=\"https:\/\/www.clemi.fr\/familles\/outils-de-sensibilisation-et-mediation\/kit-de-mediation\/le-kit-de-mediation\/kit-de-mediation-les-ecrans-apprendre-sen-servir-pour-ne-pas-les-subir\">Kit de m\u00e9diation \u00ab Les \u00e9crans ? apprendre \u00e0 s&rsquo;en servir pour ne pas les subir \u00bb<\/a><\/strong><\/li>\n<li><a href=\"http:\/\/www.pedagogie.ac-nice.fr\/emi\/wp-content\/uploads\/sites\/63\/2025\/10\/DOC-PERDIR-Lecture-seule.pdf\">Document pour les personnels de direction.<\/a><\/li>\n<li><strong>La bande dessin\u00e9e : dans la t\u00eate de juliette.<\/strong><\/li>\n<\/ol>\n<\/li>\n<\/ul>\n<p style=\"padding-left: 80px;\"><strong>Cette bande dessin\u00e9es, destin\u00e9e aux pr\u00e9adolescents et adolescents, met en sc\u00e8ne une journ\u00e9e sp\u00e9ciale pour Juliette, l\u2019adolescente de la Famille Tout-\u00c9cran.<\/strong><\/p>\n<p style=\"padding-left: 80px;\">Cf : <a href=\"https:\/\/www.clemi.fr\/familles\/publications\/la-bande-dessinee-dans-la-tete-de-juliette\/presentation-de-la-bande-dessinee-dans-la-tete-de-juliette\/la-bande-dessinee-dans-la-tete-de-juliette\">https:\/\/www.clemi.fr\/familles\/publications\/la-bande-dessinee-dans-la-tete-de-juliette\/presentation-de-la-bande-dessinee-dans-la-tete-de-juliette\/la-bande-dessinee-dans-la-tete-de-juliette<\/a><\/p>\n<p style=\"padding-left: 80px;\">T\u00e9l\u00e9chargement : <a href=\"https:\/\/www.pedagogie.ac-nice.fr\/emi\/accueil\/parentalite-numerique\/bd-dans-la-tete-de-juliette\/\">La bande dessin\u00e9e \u00ab\u202fDans la t\u00eate de Juliette\u202f\u00bb :<\/a><\/p>\n<ul>\n<li>CNIL : <a href=\"https:\/\/cnil.fr\/fr\/education\">https:\/\/cnil.fr\/fr\/education<\/a><\/li>\n<\/ul>\n<p style=\"padding-left: 40px;\">Pour accompagner les plus jeunes dans le monde num\u00e9rique, la CNIL propose de nombreuses ressources ludiques.<\/p>\n<ol>\n<li style=\"list-style-type: none;\">\n<ol>\n<li><a href=\"https:\/\/cnil.fr\/fr\/prudence-internet-ressources-8-10-ans\">Tous ensemble, prudence sur Internet ! Les ressources pour les 8 &#8211; 10 ans<\/a><\/li>\n<li><a href=\"https:\/\/cnil.fr\/fr\/prudence-internet-ressources-11-15-ans\">Tous ensemble, prudence sur Internet ! Les ressources pour les 11 &#8211; 15 ans<\/a><\/li>\n<li><a href=\"https:\/\/cnil.fr\/fr\/education-numerique-la-nouvelle-edition-des-incollablesr-est-disponible-en-ligne\">Incollables<\/a><\/li>\n<li><a href=\"http:\/\/Outils ludop\u00e9dagogiques, ces livrets pratiques visent \u00e0 accompagner les parents, les enseignants et les plus jeunes (de 9 \u00e0 15 ans) aux grands enjeux du num\u00e9rique.\">Gardiens et gardiennes du num\u00e9rique, tous en mission !<\/a> (de 9-15 ans)<\/li>\n<li><a href=\"https:\/\/cnil.fr\/fr\/education\">&#8230;.<\/a><\/li>\n<\/ol>\n<\/li>\n<\/ol>\n<p>&nbsp;<\/p>\n<ul>\n<li><strong>Pix et l&rsquo;\u00c9ducation Nationale : <a href=\"https:\/\/pix.fr\/parentalite-numerique\">https:\/\/pix.fr\/parentalite-numerique<\/a><\/strong><\/li>\n<\/ul>\n<ol>\n<li style=\"list-style-type: none;\">\n<ol>\n<li><a href=\"https:\/\/pix.fr\/parents#slice-2\">Les parcours<\/a><\/li>\n<li><a href=\"https:\/\/pix.fr\/parents#slice-2\">La boite \u00e0 outil<\/a><\/li>\n<\/ol>\n<\/li>\n<\/ol>\n<p>&nbsp;<\/p>\n<ul>\n<li>Territoires Num\u00e9riques \u00c9ducatifs : <a href=\"https:\/\/tne.trousseaprojets.fr\/\">La trousse \u00e0 projet<\/a>\n<ol>\n<li><a href=\"https:\/\/jeprotegemonenfant.gouv.fr\/ecrans\/vos-ressources-ecran\/\">Je suis parent d\u2019\u00e9l\u00e8ve<\/a><\/li>\n<li><a href=\"https:\/\/tne.trousseaprojets.fr\/professionnel-education-nationale\">Je suis professionnel de l\u2019\u00c9ducation nationale<\/a><\/li>\n<li><a href=\"https:\/\/tne.trousseaprojets.fr\/mediateur\">Je suis m\u00e9diateur<\/a><\/li>\n<\/ol>\n<\/li>\n<\/ul>\n<p>&nbsp;<\/p>\n<ul>\n<li>Safer Internet Day : sensibiliser aux usages du num\u00e9rique<\/li>\n<\/ul>\n<ol>\n<li style=\"list-style-type: none;\">\n<ol>\n<li><a href=\"https:\/\/www.education.gouv.fr\/safer-internet-day-sensibiliser-aux-usages-du-numerique-344368\">https:\/\/www.education.gouv.fr\/safer-internet-day-sensibiliser-aux-usages-du-numerique<\/a><\/li>\n<li><a href=\"https:\/\/www.internetsanscrainte.fr\/sid\">https:\/\/www.internetsanscrainte.fr\/<\/a><\/li>\n<\/ol>\n<\/li>\n<\/ol>\n","protected":false},"excerpt":{"rendered":"<p>L\u2019usage croissant des \u00e9crans chez les enfants suscite de nombreuses inqui\u00e9tudes chez les parents. Smartphones, tablettes, t\u00e9l\u00e9visions et consoles de<\/p>\n","protected":false},"author":373,"featured_media":0,"parent":91,"menu_order":0,"comment_status":"closed","ping_status":"closed","template":"","meta":{"colormag_page_container_layout":"default_layout","colormag_page_sidebar_layout":"default_layout","footnotes":""},"class_list":["post-560","page","type-page","status-publish","hentry"],"rttpg_featured_image_url":null,"rttpg_author":{"display_name":"jcbemi","author_link":"https:\/\/www.pedagogie.ac-nice.fr\/emi\/author\/jcbemi\/"},"rttpg_comment":0,"rttpg_category":null,"rttpg_excerpt":"L\u2019usage croissant des \u00e9crans chez les enfants suscite de nombreuses inqui\u00e9tudes chez les parents. Smartphones, tablettes, t\u00e9l\u00e9visions et consoles de","post_mailing_queue_ids":[],"_links":{"self":[{"href":"https:\/\/www.pedagogie.ac-nice.fr\/emi\/wp-json\/wp\/v2\/pages\/560","targetHints":{"allow":["GET"]}}],"collection":[{"href":"https:\/\/www.pedagogie.ac-nice.fr\/emi\/wp-json\/wp\/v2\/pages"}],"about":[{"href":"https:\/\/www.pedagogie.ac-nice.fr\/emi\/wp-json\/wp\/v2\/types\/page"}],"author":[{"embeddable":true,"href":"https:\/\/www.pedagogie.ac-nice.fr\/emi\/wp-json\/wp\/v2\/users\/373"}],"replies":[{"embeddable":true,"href":"https:\/\/www.pedagogie.ac-nice.fr\/emi\/wp-json\/wp\/v2\/comments?post=560"}],"version-history":[{"count":13,"href":"https:\/\/www.pedagogie.ac-nice.fr\/emi\/wp-json\/wp\/v2\/pages\/560\/revisions"}],"predecessor-version":[{"id":586,"href":"https:\/\/www.pedagogie.ac-nice.fr\/emi\/wp-json\/wp\/v2\/pages\/560\/revisions\/586"}],"up":[{"embeddable":true,"href":"https:\/\/www.pedagogie.ac-nice.fr\/emi\/wp-json\/wp\/v2\/pages\/91"}],"wp:attachment":[{"href":"https:\/\/www.pedagogie.ac-nice.fr\/emi\/wp-json\/wp\/v2\/media?parent=560"}],"curies":[{"name":"wp","href":"https:\/\/api.w.org\/{rel}","templated":true}]}}