{"id":564,"date":"2025-10-13T11:42:26","date_gmt":"2025-10-13T09:42:26","guid":{"rendered":"https:\/\/www.pedagogie.ac-nice.fr\/emi\/?page_id=564"},"modified":"2026-02-04T18:38:12","modified_gmt":"2026-02-04T17:38:12","slug":"citoyennete-numeriques","status":"publish","type":"page","link":"https:\/\/www.pedagogie.ac-nice.fr\/emi\/accueil\/citoyennete-numeriques\/","title":{"rendered":"Citoyennet\u00e9 num\u00e9rique"},"content":{"rendered":"<p><strong>L\u2019\u00e9ducation \u00e0 la culture et \u00e0 la citoyennet\u00e9 num\u00e9riques<\/strong> est un enjeu majeur pour permettre \u00e0 chacune et chacun d\u2019exercer une citoyennet\u00e9 \u00e9clair\u00e9e dans un monde o\u00f9 le num\u00e9rique est de plus en plus pr\u00e9sent. Support d&rsquo;\u00e9ducation pour la communaut\u00e9 \u00e9ducative, la Charte consacr\u00e9e \u00e0 la culture et \u00e0 la citoyennet\u00e9 num\u00e9riques s\u2019inscrit pleinement dans la strat\u00e9gie du num\u00e9rique pour l\u2019\u00e9ducation et s\u2019appuie notamment sur le <a class=\"internal-link with-icon\" href=\"https:\/\/eduscol.education.fr\/721\/evaluer-et-certifier-les-competences-numeriques\" target=\"_blank\" rel=\"noopener\">cadre de r\u00e9f\u00e9rence des comp\u00e9tences num\u00e9riques<\/a>.<\/p>\n<p>Cf : <a href=\"https:\/\/eduscol.education.fr\/3730\/charte-pour-l-education-la-culture-et-la-citoyennete-numeriques\" target=\"_blank\" rel=\"noopener\">https:\/\/eduscol.education.fr\/3730\/charte-pour-l-education-la-culture-et-la-citoyennete-numeriques<\/a><\/p>\n<p>&nbsp;<\/p>\n<table style=\"border-collapse: collapse; width: 99.1523%; height: 490px;\">\n<tbody>\n<tr style=\"height: 96px;\">\n<td style=\"width: 47.7609%; height: 96px;\">\n<p style=\"text-align: center;\"><a href=\"https:\/\/eduscol.education.fr\/document\/46839\/download?attachment\" target=\"_blank\" rel=\"noopener\"><span style=\"font-size: 12pt;\">La Charte<\/span><\/a><\/p>\n<\/td>\n<td style=\"width: 59.2765%; height: 96px;\">\n<p style=\"text-align: center;\"><a href=\"https:\/\/eduscol.education.fr\/document\/61924\/download?attachment\" target=\"_blank\" rel=\"noopener\"><span style=\"font-size: 12pt;\">Le guide <\/span><\/a><\/p>\n<p style=\"text-align: center;\"><a href=\"https:\/\/eduscol.education.fr\/document\/61924\/download?attachment\" target=\"_blank\" rel=\"noopener\"><span style=\"font-size: 12pt;\">d&rsquo;accompagnement de la Charte<\/span><\/a><\/p>\n<\/td>\n<\/tr>\n<tr style=\"height: 394px;\">\n<td style=\"width: 47.7609%; height: 394px;\"><a href=\"https:\/\/pedagogie.ac-toulouse.fr\/documentation\/system\/files\/2023-03\/eccn_charte_2023_a4.pdf\"><img loading=\"lazy\" decoding=\"async\" class=\"aligncenter\" src=\"https:\/\/pedagogie.ac-toulouse.fr\/documentation\/sites\/default\/files\/2023-03\/charte%202.png\" alt=\"charte num\u00e9rique\" width=\"254\" height=\"377\" \/><\/a><\/td>\n<td style=\"width: 59.2765%; height: 394px; text-align: center;\"><a href=\"https:\/\/eduscol.education.fr\/document\/61924\/download?attachment\"> <img loading=\"lazy\" decoding=\"async\" class=\"aligncenter\" src=\"https:\/\/eduscol.education.fr\/sites\/default\/files\/styles\/sc147x208\/public\/2025-11\/vignette_accompagnement_charte_eccn_2025.png?itok=_pP13qwY\" width=\"260\" height=\"368\" \/><\/a><strong style=\"font-family: inherit; font-size: inherit;\"><span style=\"font-size: 10pt;\"><a href=\"https:\/\/nuage03.apps.education.fr\/index.php\/s\/5DLeaggXrjTtRYB\" target=\"_blank\" rel=\"noopener\">Exemples de ressource p\u00e9dagogique<\/a><\/span><\/strong><\/td>\n<\/tr>\n<\/tbody>\n<\/table>\n<p>&nbsp;<\/p>\n<p><a href=\"https:\/\/www.pedagogie.ac-nice.fr\/emi\/test-banque-de-ressources-academique\/\" target=\"_blank\" rel=\"attachment noopener wp-att-687\"><img loading=\"lazy\" decoding=\"async\" class=\"wp-image-687 aligncenter\" src=\"https:\/\/www.pedagogie.ac-nice.fr\/emi\/wp-content\/uploads\/sites\/63\/2026\/01\/banquderesourcesacad-1-300x163.jpg\" alt=\"\" width=\"571\" height=\"310\" srcset=\"https:\/\/www.pedagogie.ac-nice.fr\/emi\/wp-content\/uploads\/sites\/63\/2026\/01\/banquderesourcesacad-1-300x163.jpg 300w, https:\/\/www.pedagogie.ac-nice.fr\/emi\/wp-content\/uploads\/sites\/63\/2026\/01\/banquderesourcesacad-1-768x417.jpg 768w, https:\/\/www.pedagogie.ac-nice.fr\/emi\/wp-content\/uploads\/sites\/63\/2026\/01\/banquderesourcesacad-1.jpg 788w\" sizes=\"auto, (max-width: 571px) 100vw, 571px\" \/><\/a><\/p>\n<p>&nbsp;<\/p>\n<p id=\"summary-item-2\"><strong><a href=\"https:\/\/eduscol.education.fr\/3289\/l-education-la-citoyennete-numerique#:~:text=%C2%AB%20La%20citoyennet%C3%A9%20num%C3%A9rique%20d%C3%A9signe%20le,connaissance)%20aux%20communaut%C3%A9s%20(locales%2C\" target=\"_blank\" rel=\"noopener\">C&rsquo;est quoi la citoyennet\u00e9 num\u00e9rique?<\/a><\/strong><\/p>\n<p><a href=\"https:\/\/eduscol.education.fr\/3289\/l-education-la-citoyennete-numerique#:~:text=%C2%AB%20La%20citoyennet%C3%A9%20num%C3%A9rique%20d%C3%A9signe%20le,connaissance)%20aux%20communaut%C3%A9s%20(locales%2C\" target=\"_blank\" rel=\"attachment noopener wp-att-695\"><img loading=\"lazy\" decoding=\"async\" class=\" wp-image-695 aligncenter\" src=\"https:\/\/www.pedagogie.ac-nice.fr\/emi\/wp-content\/uploads\/sites\/63\/2026\/02\/Capture-cit-300x231.jpg\" alt=\"\" width=\"493\" height=\"379\" srcset=\"https:\/\/www.pedagogie.ac-nice.fr\/emi\/wp-content\/uploads\/sites\/63\/2026\/02\/Capture-cit-300x231.jpg 300w, https:\/\/www.pedagogie.ac-nice.fr\/emi\/wp-content\/uploads\/sites\/63\/2026\/02\/Capture-cit.jpg 639w\" sizes=\"auto, (max-width: 493px) 100vw, 493px\" \/><\/a><\/p>\n<p><a href=\"https:\/\/nuage12.apps.education.fr\/index.php\/s\/FYbDkN7wa9DPAqy\"><b style=\"font-size: large; font-family: 'Times New Roman', serif;\">Concours Podcast : \u00ab\u00a0Ma Voix Num\u00e9rique\u00a0\u00bb<\/b><\/a><\/p>\n","protected":false},"excerpt":{"rendered":"<p>L\u2019\u00e9ducation \u00e0 la culture et \u00e0 la citoyennet\u00e9 num\u00e9riques est un enjeu majeur pour permettre \u00e0 chacune et chacun d\u2019exercer<\/p>\n","protected":false},"author":373,"featured_media":0,"parent":91,"menu_order":0,"comment_status":"closed","ping_status":"closed","template":"","meta":{"colormag_page_container_layout":"default_layout","colormag_page_sidebar_layout":"default_layout","footnotes":""},"class_list":["post-564","page","type-page","status-publish","hentry"],"rttpg_featured_image_url":null,"rttpg_author":{"display_name":"jcbemi","author_link":"https:\/\/www.pedagogie.ac-nice.fr\/emi\/author\/jcbemi\/"},"rttpg_comment":0,"rttpg_category":null,"rttpg_excerpt":"L\u2019\u00e9ducation \u00e0 la culture et \u00e0 la citoyennet\u00e9 num\u00e9riques est un enjeu majeur pour permettre \u00e0 chacune et chacun d\u2019exercer","post_mailing_queue_ids":[],"_links":{"self":[{"href":"https:\/\/www.pedagogie.ac-nice.fr\/emi\/wp-json\/wp\/v2\/pages\/564","targetHints":{"allow":["GET"]}}],"collection":[{"href":"https:\/\/www.pedagogie.ac-nice.fr\/emi\/wp-json\/wp\/v2\/pages"}],"about":[{"href":"https:\/\/www.pedagogie.ac-nice.fr\/emi\/wp-json\/wp\/v2\/types\/page"}],"author":[{"embeddable":true,"href":"https:\/\/www.pedagogie.ac-nice.fr\/emi\/wp-json\/wp\/v2\/users\/373"}],"replies":[{"embeddable":true,"href":"https:\/\/www.pedagogie.ac-nice.fr\/emi\/wp-json\/wp\/v2\/comments?post=564"}],"version-history":[{"count":22,"href":"https:\/\/www.pedagogie.ac-nice.fr\/emi\/wp-json\/wp\/v2\/pages\/564\/revisions"}],"predecessor-version":[{"id":696,"href":"https:\/\/www.pedagogie.ac-nice.fr\/emi\/wp-json\/wp\/v2\/pages\/564\/revisions\/696"}],"up":[{"embeddable":true,"href":"https:\/\/www.pedagogie.ac-nice.fr\/emi\/wp-json\/wp\/v2\/pages\/91"}],"wp:attachment":[{"href":"https:\/\/www.pedagogie.ac-nice.fr\/emi\/wp-json\/wp\/v2\/media?parent=564"}],"curies":[{"name":"wp","href":"https:\/\/api.w.org\/{rel}","templated":true}]}}