{"id":698,"date":"2026-03-16T14:37:22","date_gmt":"2026-03-16T13:37:22","guid":{"rendered":"https:\/\/www.pedagogie.ac-nice.fr\/emi\/?page_id=698"},"modified":"2026-03-16T14:37:22","modified_gmt":"2026-03-16T13:37:22","slug":"donnees-personnelles-et-cookies","status":"publish","type":"page","link":"https:\/\/www.pedagogie.ac-nice.fr\/emi\/donnees-personnelles-et-cookies\/","title":{"rendered":"Donn\u00e9es personnelles et cookies"},"content":{"rendered":"<h1 class=\"qw-content-title grey-text\">Donn\u00e9es personnelles et cookies<\/h1>\n<hr class=\"qw-separator triangle right small\" \/>\n<div class=\"header__title__wrapper\">\n<div class=\"header__background\"><\/div>\n<\/div>\n<div class=\"header__content__wrapper\">\n<div class=\"header__chapo\">\n<p>capradio.ac-nice.fr s\u2019engage \u00e0 ce que la collecte et le traitement de vos donn\u00e9es, effectu\u00e9s \u00e0 partir de ce site, soient conformes \u00e0 loi n\u00b0 78-17 du 6 janvier 1978 modifi\u00e9e, relative \u00e0 l\u2019informatique, aux fichiers et aux libert\u00e9s et au \u00ab\u00a0R\u00e8glement g\u00e9n\u00e9ral sur la protection des donn\u00e9es\u00a0\u00bb (RGPD).<\/p>\n<\/div>\n<\/div>\n","protected":false},"excerpt":{"rendered":"<p>Donn\u00e9es personnelles et cookies capradio.ac-nice.fr s\u2019engage \u00e0 ce que la collecte et le traitement de vos donn\u00e9es, effectu\u00e9s \u00e0 partir<\/p>\n","protected":false},"author":373,"featured_media":0,"parent":0,"menu_order":0,"comment_status":"closed","ping_status":"closed","template":"","meta":{"colormag_page_container_layout":"default_layout","colormag_page_sidebar_layout":"default_layout","footnotes":""},"class_list":["post-698","page","type-page","status-publish","hentry"],"rttpg_featured_image_url":null,"rttpg_author":{"display_name":"jcbemi","author_link":"https:\/\/www.pedagogie.ac-nice.fr\/emi\/author\/jcbemi\/"},"rttpg_comment":0,"rttpg_category":null,"rttpg_excerpt":"Donn\u00e9es personnelles et cookies capradio.ac-nice.fr s\u2019engage \u00e0 ce que la collecte et le traitement de vos donn\u00e9es, effectu\u00e9s \u00e0 partir","post_mailing_queue_ids":[],"_links":{"self":[{"href":"https:\/\/www.pedagogie.ac-nice.fr\/emi\/wp-json\/wp\/v2\/pages\/698","targetHints":{"allow":["GET"]}}],"collection":[{"href":"https:\/\/www.pedagogie.ac-nice.fr\/emi\/wp-json\/wp\/v2\/pages"}],"about":[{"href":"https:\/\/www.pedagogie.ac-nice.fr\/emi\/wp-json\/wp\/v2\/types\/page"}],"author":[{"embeddable":true,"href":"https:\/\/www.pedagogie.ac-nice.fr\/emi\/wp-json\/wp\/v2\/users\/373"}],"replies":[{"embeddable":true,"href":"https:\/\/www.pedagogie.ac-nice.fr\/emi\/wp-json\/wp\/v2\/comments?post=698"}],"version-history":[{"count":1,"href":"https:\/\/www.pedagogie.ac-nice.fr\/emi\/wp-json\/wp\/v2\/pages\/698\/revisions"}],"predecessor-version":[{"id":700,"href":"https:\/\/www.pedagogie.ac-nice.fr\/emi\/wp-json\/wp\/v2\/pages\/698\/revisions\/700"}],"wp:attachment":[{"href":"https:\/\/www.pedagogie.ac-nice.fr\/emi\/wp-json\/wp\/v2\/media?parent=698"}],"curies":[{"name":"wp","href":"https:\/\/api.w.org\/{rel}","templated":true}]}}