{"id":701,"date":"2026-03-16T14:39:43","date_gmt":"2026-03-16T13:39:43","guid":{"rendered":"https:\/\/www.pedagogie.ac-nice.fr\/emi\/?page_id=701"},"modified":"2026-03-16T14:39:43","modified_gmt":"2026-03-16T13:39:43","slug":"accessibilite","status":"publish","type":"page","link":"https:\/\/www.pedagogie.ac-nice.fr\/emi\/accessibilite\/","title":{"rendered":"Accessibilit\u00e9"},"content":{"rendered":"<h1 class=\"qw-content-title grey-text\">Accessibilit\u00e9<\/h1>\n<hr class=\"qw-separator triangle right small\" \/>\n<div class=\"header__content__wrapper\">\n<div class=\"header__chapo\">\n<p>L\u2019acad\u00e9mie de Nice\u00a0 et capradio.ac-nice.fr s\u2019efforce de rendre ce site accessible au plus grand nombre. Cette page n\u2019est pas une page d\u2019aide, mais pr\u00e9sente la politique d\u2019accessibilit\u00e9 du site capradio.ac-nice.fr, et d\u00e9finit son niveau d\u2019accessibilit\u00e9 g\u00e9n\u00e9ral conform\u00e9ment aux r\u00e9f\u00e9rentiels et \u00e0 la r\u00e9glementation.<\/p>\n<\/div>\n<\/div>\n","protected":false},"excerpt":{"rendered":"<p>Accessibilit\u00e9 L\u2019acad\u00e9mie de Nice\u00a0 et capradio.ac-nice.fr s\u2019efforce de rendre ce site accessible au plus grand nombre. Cette page n\u2019est pas<\/p>\n","protected":false},"author":373,"featured_media":0,"parent":0,"menu_order":0,"comment_status":"closed","ping_status":"closed","template":"","meta":{"colormag_page_container_layout":"default_layout","colormag_page_sidebar_layout":"default_layout","footnotes":""},"class_list":["post-701","page","type-page","status-publish","hentry"],"rttpg_featured_image_url":null,"rttpg_author":{"display_name":"jcbemi","author_link":"https:\/\/www.pedagogie.ac-nice.fr\/emi\/author\/jcbemi\/"},"rttpg_comment":0,"rttpg_category":null,"rttpg_excerpt":"Accessibilit\u00e9 L\u2019acad\u00e9mie de Nice\u00a0 et capradio.ac-nice.fr s\u2019efforce de rendre ce site accessible au plus grand nombre. Cette page n\u2019est pas","post_mailing_queue_ids":[],"_links":{"self":[{"href":"https:\/\/www.pedagogie.ac-nice.fr\/emi\/wp-json\/wp\/v2\/pages\/701","targetHints":{"allow":["GET"]}}],"collection":[{"href":"https:\/\/www.pedagogie.ac-nice.fr\/emi\/wp-json\/wp\/v2\/pages"}],"about":[{"href":"https:\/\/www.pedagogie.ac-nice.fr\/emi\/wp-json\/wp\/v2\/types\/page"}],"author":[{"embeddable":true,"href":"https:\/\/www.pedagogie.ac-nice.fr\/emi\/wp-json\/wp\/v2\/users\/373"}],"replies":[{"embeddable":true,"href":"https:\/\/www.pedagogie.ac-nice.fr\/emi\/wp-json\/wp\/v2\/comments?post=701"}],"version-history":[{"count":1,"href":"https:\/\/www.pedagogie.ac-nice.fr\/emi\/wp-json\/wp\/v2\/pages\/701\/revisions"}],"predecessor-version":[{"id":703,"href":"https:\/\/www.pedagogie.ac-nice.fr\/emi\/wp-json\/wp\/v2\/pages\/701\/revisions\/703"}],"wp:attachment":[{"href":"https:\/\/www.pedagogie.ac-nice.fr\/emi\/wp-json\/wp\/v2\/media?parent=701"}],"curies":[{"name":"wp","href":"https:\/\/api.w.org\/{rel}","templated":true}]}}