{"id":704,"date":"2026-03-16T14:43:47","date_gmt":"2026-03-16T13:43:47","guid":{"rendered":"https:\/\/www.pedagogie.ac-nice.fr\/emi\/?page_id=704"},"modified":"2026-03-16T14:43:47","modified_gmt":"2026-03-16T13:43:47","slug":"mentions-legales","status":"publish","type":"page","link":"https:\/\/www.pedagogie.ac-nice.fr\/emi\/mentions-legales\/","title":{"rendered":"Mentions L\u00e9gales"},"content":{"rendered":"<p data-path-to-node=\"0\">\n<h1 data-path-to-node=\"2\">Mentions L\u00e9gales<\/h1>\n<p data-path-to-node=\"3\">Le site <b data-path-to-node=\"3\" data-index-in-node=\"8\">pedagogie.ac-nice.fr\/emi<\/b> est le portail d\u00e9di\u00e9 \u00e0 l\u2019\u00c9ducation aux M\u00e9dias et \u00e0 l\u2019Information de l\u2019acad\u00e9mie de Nice. Il regroupe des ressources p\u00e9dagogiques, des parcours de formation et des actualit\u00e9s li\u00e9s \u00e0 l\u2019EMI pour les \u00e9tablissements scolaires des Alpes-Maritimes et du Var.<\/p>\n<h3 data-path-to-node=\"4\">1. \u00c9diteur et Responsabilit\u00e9<\/h3>\n<ul data-path-to-node=\"5\">\n<li>\n<p data-path-to-node=\"5,0,0\"><b data-path-to-node=\"5,0,0\" data-index-in-node=\"0\">Directeur de la publication :<\/b> Natacha Chicot, Rectrice de l\u2019acad\u00e9mie de Nice.<\/p>\n<\/li>\n<li>\n<p data-path-to-node=\"5,1,0\"><b data-path-to-node=\"5,1,0\" data-index-in-node=\"0\">Raison sociale :<\/b> Rectorat de l\u2019acad\u00e9mie de Nice.<\/p>\n<\/li>\n<li>\n<p data-path-to-node=\"5,2,0\"><b data-path-to-node=\"5,2,0\" data-index-in-node=\"0\">Adresse :<\/b> 53 avenue Cap de Croix, 06181 Nice Cedex 2.<\/p>\n<\/li>\n<li>\n<p data-path-to-node=\"5,3,0\"><b data-path-to-node=\"5,3,0\" data-index-in-node=\"0\">T\u00e9l\u00e9phone :<\/b> 04 93 53 70 70.<\/p>\n<\/li>\n<li>\n<p data-path-to-node=\"5,4,0\"><b data-path-to-node=\"5,4,0\" data-index-in-node=\"0\">Contact :<\/b> Pour toute question concernant le contenu p\u00e9dagogique ou le fonctionnement du site, vous pouvez contacter la mission acad\u00e9mique EMI \u00e0 l\u2019adresse : <b data-path-to-node=\"5,4,0\" data-index-in-node=\"156\">communication@ac-nice.fr<\/b>.<\/p>\n<\/li>\n<\/ul>\n<h3 data-path-to-node=\"6\">2. Prestataires et H\u00e9bergement<\/h3>\n<ul data-path-to-node=\"7\">\n<li>\n<p data-path-to-node=\"7,0,0\"><b data-path-to-node=\"7,0,0\" data-index-in-node=\"0\">H\u00e9bergement :<\/b> Soci\u00e9t\u00e9 Avenir T\u00e9l\u00e9matique (ATE).<\/p>\n<\/li>\n<li>\n<p data-path-to-node=\"7,1,0\"><b data-path-to-node=\"7,1,0\" data-index-in-node=\"0\">Suivi de l\u2019h\u00e9bergement :<\/b> Direction du num\u00e9rique pour l\u2019\u00e9ducation (DNE).<\/p>\n<\/li>\n<li>\n<p data-path-to-node=\"7,2,0\"><b data-path-to-node=\"7,2,0\" data-index-in-node=\"0\">Conception et Maintenance :<\/b> Le site repose sur les infrastructures acad\u00e9miques et b\u00e9n\u00e9ficie des d\u00e9veloppements assur\u00e9s par les soci\u00e9t\u00e9s Isobar (ergonomie), Smile (gestion de contenus) et At Internet (statistiques).<\/p>\n<\/li>\n<li>\n<p data-path-to-node=\"7,3,0\"><b data-path-to-node=\"7,3,0\" data-index-in-node=\"0\">Suivi technique :<\/b> Assur\u00e9 par les services informatiques de l\u2019acad\u00e9mie de Nice (DSI) avec l\u2019appui de la Direction du num\u00e9rique pour l\u2019\u00e9ducation.<\/p>\n<\/li>\n<\/ul>\n<h3 data-path-to-node=\"8\">3. Droits d\u2019auteur et Propri\u00e9t\u00e9 Intellectuelle<\/h3>\n<p data-path-to-node=\"9\"><b data-path-to-node=\"9\" data-index-in-node=\"0\">Reproduction des contenus p\u00e9dagogiques et \u00e9ditoriaux<\/b> Le contenu de ce site (sc\u00e9narios p\u00e9dagogiques, fiches ressources, articles, vid\u00e9os) est prot\u00e9g\u00e9 par le Code de la propri\u00e9t\u00e9 intellectuelle.<\/p>\n<ul data-path-to-node=\"10\">\n<li>\n<p data-path-to-node=\"10,0,0\"><b data-path-to-node=\"10,0,0\" data-index-in-node=\"0\">Documents officiels :<\/b> Les textes de r\u00e9f\u00e9rence et documents administratifs sont librement reproductibles sous r\u00e9serve de mentionner la source (ex : \u00ab \u00a9 pedagogie.ac-nice.fr\/emi \u2013 acad\u00e9mie de Nice \u00bb).<\/p>\n<\/li>\n<li>\n<p data-path-to-node=\"10,1,0\"><b data-path-to-node=\"10,1,0\" data-index-in-node=\"0\">Ressources p\u00e9dagogiques :<\/b> Sauf mention contraire (type licences Creative Commons), toute reproduction partielle ou int\u00e9grale des contenus originaux est soumise \u00e0 l\u2019accord pr\u00e9alable de l&rsquo;\u00e9diteur.<\/p>\n<\/li>\n<li>\n<p data-path-to-node=\"10,2,0\"><b data-path-to-node=\"10,2,0\" data-index-in-node=\"0\">Usage interdit :<\/b> Toute utilisation \u00e0 des fins commerciales ou publicitaires est strictement interdite.<\/p>\n<\/li>\n<\/ul>\n<p data-path-to-node=\"11\"><b data-path-to-node=\"11\" data-index-in-node=\"0\">Utilisation du Logo<\/b> Le logotype de l\u2019acad\u00e9mie de Nice est prot\u00e9g\u00e9. Son utilisation par un tiers (association, partenaire, site priv\u00e9) n\u00e9cessite une autorisation \u00e9crite pr\u00e9alable du service communication du rectorat.<\/p>\n<h3 data-path-to-node=\"12\">4. Politique de Liens Hypertextes<\/h3>\n<ul data-path-to-node=\"13\">\n<li>\n<p data-path-to-node=\"13,0,0\"><b data-path-to-node=\"13,0,0\" data-index-in-node=\"0\">Liens sortants :<\/b> Le site EMI propose des liens vers des sites tiers (CLEMI, plateformes \u00e9ducatives, partenaires institutionnels). Le Rectorat d\u00e9cline toute responsabilit\u00e9 quant au contenu de ces sites externes, dont il n&rsquo;assure pas le contr\u00f4le.<\/p>\n<\/li>\n<li>\n<p data-path-to-node=\"13,1,0\"><b data-path-to-node=\"13,1,0\" data-index-in-node=\"0\">Liens entrants :<\/b> La mise en place d\u2019un lien vers <b data-path-to-node=\"13,1,0\" data-index-in-node=\"49\">pedagogie.ac-nice.fr\/emi<\/b> est autoris\u00e9e sans accord pr\u00e9alable, \u00e0 condition que :<\/p>\n<ol start=\"1\" data-path-to-node=\"13,1,1\">\n<li>\n<p data-path-to-node=\"13,1,1,0,0\">Le lien ouvre une fen\u00eatre ind\u00e9pendante du navigateur (pas d\u2019int\u00e9gration par \u00ab\u00a0frame\u00a0\u00bb).<\/p>\n<\/li>\n<li>\n<p data-path-to-node=\"13,1,1,1,0\">La source \u00ab\u00a0EMI &#8211; Acad\u00e9mie de Nice\u00a0\u00bb soit explicitement mentionn\u00e9e.<\/p>\n<\/li>\n<li>\n<p data-path-to-node=\"13,1,1,2,0\">Le site d\u2019origine soit en ad\u00e9quation avec les valeurs du service public de l&rsquo;\u00e9ducation.<\/p>\n<\/li>\n<\/ol>\n<\/li>\n<\/ul>\n<h3 data-path-to-node=\"14\">5. Accessibilit\u00e9 et Langue Fran\u00e7aise<\/h3>\n<p data-path-to-node=\"15\">Conform\u00e9ment \u00e0 la loi n\u00b0 94-665 du 4 ao\u00fbt 1994, le site est r\u00e9dig\u00e9 en langue fran\u00e7aise. L&rsquo;acad\u00e9mie de Nice s\u2019efforce de respecter le <b data-path-to-node=\"15\" data-index-in-node=\"133\">RGAA (R\u00e9f\u00e9rentiel g\u00e9n\u00e9ral d\u2019am\u00e9lioration de l\u2019accessibilit\u00e9)<\/b> afin de rendre les ressources num\u00e9riques accessibles au plus grand nombre, notamment aux personnels enseignants et aux \u00e9l\u00e8ves en situation de handicap.<\/p>\n<h3 data-path-to-node=\"16\">6. Protection des Donn\u00e9es Personnelles (RGPD)<\/h3>\n<p data-path-to-node=\"17\">L\u2019acad\u00e9mie de Nice s\u2019engage \u00e0 ce que les traitements de donn\u00e9es \u00e0 caract\u00e8re personnel effectu\u00e9s sur ce portail soient conformes au R\u00e8glement G\u00e9n\u00e9ral sur la Protection des Donn\u00e9es (RGPD) et \u00e0 la loi Informatique et Libert\u00e9s. Pour toute information ou exercice de vos droits (acc\u00e8s, rectification, suppression), vous pouvez consulter notre page d\u00e9di\u00e9e aux [Donn\u00e9es personnelles et cookies] ou contacter le d\u00e9l\u00e9gu\u00e9 \u00e0 la protection des donn\u00e9es (DPD) de l&rsquo;acad\u00e9mie.<\/p>\n<p data-path-to-node=\"18\"><b data-path-to-node=\"18\" data-index-in-node=\"0\">Mise \u00e0 jour :<\/b> Mars 2026<\/p>\n","protected":false},"excerpt":{"rendered":"<p>Mentions L\u00e9gales Le site pedagogie.ac-nice.fr\/emi est le portail d\u00e9di\u00e9 \u00e0 l\u2019\u00c9ducation aux M\u00e9dias et \u00e0 l\u2019Information de l\u2019acad\u00e9mie de Nice.<\/p>\n","protected":false},"author":373,"featured_media":0,"parent":0,"menu_order":0,"comment_status":"closed","ping_status":"closed","template":"","meta":{"colormag_page_container_layout":"default_layout","colormag_page_sidebar_layout":"default_layout","footnotes":""},"class_list":["post-704","page","type-page","status-publish","hentry"],"rttpg_featured_image_url":null,"rttpg_author":{"display_name":"jcbemi","author_link":"https:\/\/www.pedagogie.ac-nice.fr\/emi\/author\/jcbemi\/"},"rttpg_comment":0,"rttpg_category":null,"rttpg_excerpt":"Mentions L\u00e9gales Le site pedagogie.ac-nice.fr\/emi est le portail d\u00e9di\u00e9 \u00e0 l\u2019\u00c9ducation aux M\u00e9dias et \u00e0 l\u2019Information de l\u2019acad\u00e9mie de Nice.","post_mailing_queue_ids":[],"_links":{"self":[{"href":"https:\/\/www.pedagogie.ac-nice.fr\/emi\/wp-json\/wp\/v2\/pages\/704","targetHints":{"allow":["GET"]}}],"collection":[{"href":"https:\/\/www.pedagogie.ac-nice.fr\/emi\/wp-json\/wp\/v2\/pages"}],"about":[{"href":"https:\/\/www.pedagogie.ac-nice.fr\/emi\/wp-json\/wp\/v2\/types\/page"}],"author":[{"embeddable":true,"href":"https:\/\/www.pedagogie.ac-nice.fr\/emi\/wp-json\/wp\/v2\/users\/373"}],"replies":[{"embeddable":true,"href":"https:\/\/www.pedagogie.ac-nice.fr\/emi\/wp-json\/wp\/v2\/comments?post=704"}],"version-history":[{"count":1,"href":"https:\/\/www.pedagogie.ac-nice.fr\/emi\/wp-json\/wp\/v2\/pages\/704\/revisions"}],"predecessor-version":[{"id":706,"href":"https:\/\/www.pedagogie.ac-nice.fr\/emi\/wp-json\/wp\/v2\/pages\/704\/revisions\/706"}],"wp:attachment":[{"href":"https:\/\/www.pedagogie.ac-nice.fr\/emi\/wp-json\/wp\/v2\/media?parent=704"}],"curies":[{"name":"wp","href":"https:\/\/api.w.org\/{rel}","templated":true}]}}