{"id":91,"date":"2024-01-09T16:08:00","date_gmt":"2024-01-09T15:08:00","guid":{"rendered":"https:\/\/www.pedagogie.ac-nice.fr\/emi\/?page_id=91"},"modified":"2025-12-16T15:11:54","modified_gmt":"2025-12-16T14:11:54","slug":"accueil","status":"publish","type":"page","link":"https:\/\/www.pedagogie.ac-nice.fr\/emi\/","title":{"rendered":"Accueil"},"content":{"rendered":"<div class=\"header__title__wrapper header__content--banner-dark\">\n<h1 class=\"header__title\">\u00c9ducation aux m\u00e9dias et \u00e0 l&rsquo;information<\/h1>\n<picture><source srcset=\"\/sites\/ac_nice\/files\/styles\/banner_750x794\/public\/2020-09\/gen2020-acnice-classe-camera-001-jpg-14306.jpg?itok=tvE6MzhW 1x\" type=\"image\/jpeg\" media=\"(max-width: 767px)\" \/><img loading=\"lazy\" decoding=\"async\" class=\"\" src=\"https:\/\/www.ac-nice.fr\/sites\/ac_nice\/files\/styles\/banner_1340x730\/public\/2020-09\/gen2020-acnice-classe-camera-001-jpg-14306.jpg?itok=kGGv99Vq\" alt=\"\" width=\"851\" height=\"463\" \/> <\/picture>\n<\/div>\n<div class=\"header__content__wrapper\">\n<div class=\"header__chapo\">\n<a href=\"https:\/\/www.pedagogie.ac-nice.fr\/emi\/wp-content\/uploads\/sites\/63\/2025\/12\/Newsletters-2D.pdf\" class=\"pdfemb-viewer\" style=\"\" data-width=\"max\" data-height=\"max\" data-toolbar=\"bottom\" data-toolbar-fixed=\"off\">Newsletters 2D<\/a>\n<p style=\"text-align: left;\"><span style=\"font-size: 24pt;\">Plan de formation acad\u00e9mique en EMI 2025-2026<\/span><\/p>\n<a href=\"https:\/\/www.pedagogie.ac-nice.fr\/emi\/wp-content\/uploads\/sites\/63\/2025\/09\/TABLEAU-EAFC-DES-FORMATIONS-1er-section-avec-liens-de-preinscription-.pdf\" class=\"pdfemb-viewer\" style=\"\" data-width=\"max\" data-height=\"max\" data-toolbar=\"bottom\" data-toolbar-fixed=\"off\">TABLEAU EAFC DES FORMATIONS 1er section avec liens de preinscription<\/a>\n<\/div>\n<\/div>\n","protected":false},"excerpt":{"rendered":"<p>\u00c9ducation aux m\u00e9dias et \u00e0 l&rsquo;information Plan de formation acad\u00e9mique en EMI 2025-2026<\/p>\n","protected":false},"author":373,"featured_media":0,"parent":0,"menu_order":0,"comment_status":"closed","ping_status":"closed","template":"","meta":{"colormag_page_container_layout":"default_layout","colormag_page_sidebar_layout":"default_layout","footnotes":""},"class_list":["post-91","page","type-page","status-publish","hentry"],"rttpg_featured_image_url":null,"rttpg_author":{"display_name":"jcbemi","author_link":"https:\/\/www.pedagogie.ac-nice.fr\/emi\/author\/jcbemi\/"},"rttpg_comment":0,"rttpg_category":null,"rttpg_excerpt":"\u00c9ducation aux m\u00e9dias et \u00e0 l&rsquo;information Plan de formation acad\u00e9mique en EMI 2025-2026","post_mailing_queue_ids":[],"_links":{"self":[{"href":"https:\/\/www.pedagogie.ac-nice.fr\/emi\/wp-json\/wp\/v2\/pages\/91","targetHints":{"allow":["GET"]}}],"collection":[{"href":"https:\/\/www.pedagogie.ac-nice.fr\/emi\/wp-json\/wp\/v2\/pages"}],"about":[{"href":"https:\/\/www.pedagogie.ac-nice.fr\/emi\/wp-json\/wp\/v2\/types\/page"}],"author":[{"embeddable":true,"href":"https:\/\/www.pedagogie.ac-nice.fr\/emi\/wp-json\/wp\/v2\/users\/373"}],"replies":[{"embeddable":true,"href":"https:\/\/www.pedagogie.ac-nice.fr\/emi\/wp-json\/wp\/v2\/comments?post=91"}],"version-history":[{"count":12,"href":"https:\/\/www.pedagogie.ac-nice.fr\/emi\/wp-json\/wp\/v2\/pages\/91\/revisions"}],"predecessor-version":[{"id":473,"href":"https:\/\/www.pedagogie.ac-nice.fr\/emi\/wp-json\/wp\/v2\/pages\/91\/revisions\/473"}],"wp:attachment":[{"href":"https:\/\/www.pedagogie.ac-nice.fr\/emi\/wp-json\/wp\/v2\/media?parent=91"}],"curies":[{"name":"wp","href":"https:\/\/api.w.org\/{rel}","templated":true}]}}