{"id":12,"date":"2014-01-08T16:02:38","date_gmt":"2014-01-08T15:02:38","guid":{"rendered":"http:\/\/www.ac-nice.fr\/eps\/?page_id=12"},"modified":"2021-10-01T14:33:01","modified_gmt":"2021-10-01T12:33:01","slug":"missions-et-obligations-de-service","status":"publish","type":"page","link":"https:\/\/www.pedagogie.ac-nice.fr\/eps\/appn-et-securite\/institutionnel\/missions-et-obligations-de-service\/","title":{"rendered":"Missions et obligations de service"},"content":{"rendered":"<div>&nbsp;<\/div>\n<div><a href=\"https:\/\/www.pedagogie.ac-nice.fr\/eps\/wp-content\/uploads\/sites\/20\/2017\/09\/image-BO-1.png\"><img loading=\"lazy\" decoding=\"async\" class=\"alignnone wp-image-2348\" src=\"https:\/\/www.pedagogie.ac-nice.fr\/eps\/wp-content\/uploads\/sites\/20\/2017\/09\/image-BO-1-300x134.png\" alt=\"\" width=\"112\" height=\"50\" srcset=\"https:\/\/www.pedagogie.ac-nice.fr\/eps\/wp-content\/uploads\/sites\/20\/2017\/09\/image-BO-1-300x134.png 300w, https:\/\/www.pedagogie.ac-nice.fr\/eps\/wp-content\/uploads\/sites\/20\/2017\/09\/image-BO-1.png 538w\" sizes=\"auto, (max-width: 112px) 100vw, 112px\" \/><\/a>&nbsp;&nbsp;&nbsp;&nbsp;&nbsp;&nbsp;&nbsp;&nbsp; <a href=\"https:\/\/www.pedagogie.ac-nice.fr\/eps\/wp-content\/uploads\/sites\/20\/2021\/10\/Professeur_circulaire_29-4-2015_mission-et-obligation-de-service.pdf\" target=\"_blank\" rel=\"noopener\">En r\u00e9f\u00e9rence \u00e0 la <strong>circulaire n\u00b02015-057 du 29 04 2015<\/strong><\/a><\/div>\n<div>\u00abMissions et obligations r\u00e9glementaires de service des enseignants des \u00e9tablissements publics du second degr\u00e9 \u00bb.<\/div>\n<div>&nbsp;<\/div>\n<div>\n<div>&nbsp;<\/div>\n<div><a href=\"https:\/\/www.pedagogie.ac-nice.fr\/eps\/wp-content\/uploads\/sites\/20\/2017\/09\/image-BO-1.png\"><img loading=\"lazy\" decoding=\"async\" class=\"alignnone wp-image-2348\" src=\"https:\/\/www.pedagogie.ac-nice.fr\/eps\/wp-content\/uploads\/sites\/20\/2017\/09\/image-BO-1-300x134.png\" alt=\"\" width=\"112\" height=\"50\" srcset=\"https:\/\/www.pedagogie.ac-nice.fr\/eps\/wp-content\/uploads\/sites\/20\/2017\/09\/image-BO-1-300x134.png 300w, https:\/\/www.pedagogie.ac-nice.fr\/eps\/wp-content\/uploads\/sites\/20\/2017\/09\/image-BO-1.png 538w\" sizes=\"auto, (max-width: 112px) 100vw, 112px\" \/><\/a>&nbsp;&nbsp;&nbsp;&nbsp;&nbsp;&nbsp;&nbsp;&nbsp;<a href=\"https:\/\/www.pedagogie.ac-nice.fr\/eps\/wp-content\/uploads\/sites\/20\/2021\/10\/professeur_circulaire_5-12-1962_mission-du-coordonateur-EPS.pdf\" target=\"_blank\" rel=\"noopener\"> En r\u00e9f\u00e9rence \u00e0 la <strong>circulaire n\u00b02833 EPS\/3 du 05 12 1962<\/strong><\/a><\/div>\n<div>\u00abMissions du coordinateur EPS \u00bb.<\/div>\n<\/div>\n<div>&nbsp;<\/div>\n<div>&nbsp;<\/div>\n<div>\n<div><a href=\"https:\/\/www.pedagogie.ac-nice.fr\/eps\/wp-content\/uploads\/sites\/20\/2017\/09\/image-BO-1.png\"><img loading=\"lazy\" decoding=\"async\" class=\"alignnone wp-image-2348\" src=\"https:\/\/www.pedagogie.ac-nice.fr\/eps\/wp-content\/uploads\/sites\/20\/2017\/09\/image-BO-1-300x134.png\" alt=\"\" width=\"112\" height=\"50\" srcset=\"https:\/\/www.pedagogie.ac-nice.fr\/eps\/wp-content\/uploads\/sites\/20\/2017\/09\/image-BO-1-300x134.png 300w, https:\/\/www.pedagogie.ac-nice.fr\/eps\/wp-content\/uploads\/sites\/20\/2017\/09\/image-BO-1.png 538w\" sizes=\"auto, (max-width: 112px) 100vw, 112px\" \/><\/a>&nbsp;&nbsp;&nbsp;&nbsp;&nbsp;&nbsp;&nbsp;&nbsp; <a href=\"https:\/\/www.pedagogie.ac-nice.fr\/eps\/wp-content\/uploads\/sites\/20\/2021\/10\/Professeur_note-de-service_23-8-2021_role-du-professeur-referent.pdf\" target=\"_blank\" rel=\"noopener\">En r\u00e9f\u00e9rence \u00e0 la <strong>note des service du 23 Aout 2021<br \/>\n<\/strong><\/a><\/div>\n<div>\u00abProfesseur r\u00e9f\u00e9rent de groupe d&rsquo;\u00e9l\u00e8ves de lyc\u00e9e G\u00e9n\u00e9ral et technologique\u00bb.<\/div>\n<\/div>\n","protected":false},"excerpt":{"rendered":"<p>&nbsp; &nbsp;&nbsp;&nbsp;&nbsp;&nbsp;&nbsp;&nbsp;&nbsp; En r\u00e9f\u00e9rence \u00e0 la circulaire n\u00b02015-057 du 29 04 2015 \u00abMissions et obligations r\u00e9glementaires de service des enseignants des \u00e9tablissements publics du second degr\u00e9 \u00bb. &nbsp; &nbsp; &nbsp;&nbsp;&nbsp;&nbsp;&nbsp;&nbsp;&nbsp;&nbsp; En r\u00e9f\u00e9rence \u00e0 la circulaire n\u00b02833 EPS\/3 du 05 12 1962 \u00abMissions du coordinateur EPS \u00bb. &nbsp; &nbsp; &nbsp;&nbsp;&nbsp;&nbsp;&nbsp;&nbsp;&nbsp;&nbsp; En r\u00e9f\u00e9rence \u00e0 la note des &hellip; <a href=\"https:\/\/www.pedagogie.ac-nice.fr\/eps\/appn-et-securite\/institutionnel\/missions-et-obligations-de-service\/\" class=\"more-link\">Continuer la lecture de <span class=\"screen-reader-text\">Missions et obligations de service<\/span> <span class=\"meta-nav\">&rarr;<\/span><\/a><\/p>\n","protected":false},"author":129,"featured_media":0,"parent":5175,"menu_order":0,"comment_status":"closed","ping_status":"closed","template":"","meta":{"footnotes":""},"class_list":["post-12","page","type-page","status-publish","hentry"],"rttpg_featured_image_url":null,"rttpg_author":{"display_name":"Fran\u00e7ois Meignaud","author_link":"https:\/\/www.pedagogie.ac-nice.fr\/eps\/author\/meignaud\/"},"rttpg_comment":0,"rttpg_category":null,"rttpg_excerpt":"&nbsp; &nbsp;&nbsp;&nbsp;&nbsp;&nbsp;&nbsp;&nbsp;&nbsp; En r\u00e9f\u00e9rence \u00e0 la circulaire n\u00b02015-057 du 29 04 2015 \u00abMissions et obligations r\u00e9glementaires de service des enseignants des \u00e9tablissements publics du second degr\u00e9 \u00bb. &nbsp; &nbsp; &nbsp;&nbsp;&nbsp;&nbsp;&nbsp;&nbsp;&nbsp;&nbsp; En r\u00e9f\u00e9rence \u00e0 la circulaire n\u00b02833 EPS\/3 du 05 12 1962 \u00abMissions du coordinateur EPS \u00bb. &nbsp; &nbsp; &nbsp;&nbsp;&nbsp;&nbsp;&nbsp;&nbsp;&nbsp;&nbsp; En r\u00e9f\u00e9rence \u00e0 la note des\u2026","post_mailing_queue_ids":[],"_links":{"self":[{"href":"https:\/\/www.pedagogie.ac-nice.fr\/eps\/wp-json\/wp\/v2\/pages\/12","targetHints":{"allow":["GET"]}}],"collection":[{"href":"https:\/\/www.pedagogie.ac-nice.fr\/eps\/wp-json\/wp\/v2\/pages"}],"about":[{"href":"https:\/\/www.pedagogie.ac-nice.fr\/eps\/wp-json\/wp\/v2\/types\/page"}],"author":[{"embeddable":true,"href":"https:\/\/www.pedagogie.ac-nice.fr\/eps\/wp-json\/wp\/v2\/users\/129"}],"replies":[{"embeddable":true,"href":"https:\/\/www.pedagogie.ac-nice.fr\/eps\/wp-json\/wp\/v2\/comments?post=12"}],"version-history":[{"count":4,"href":"https:\/\/www.pedagogie.ac-nice.fr\/eps\/wp-json\/wp\/v2\/pages\/12\/revisions"}],"predecessor-version":[{"id":5821,"href":"https:\/\/www.pedagogie.ac-nice.fr\/eps\/wp-json\/wp\/v2\/pages\/12\/revisions\/5821"}],"up":[{"embeddable":true,"href":"https:\/\/www.pedagogie.ac-nice.fr\/eps\/wp-json\/wp\/v2\/pages\/5175"}],"wp:attachment":[{"href":"https:\/\/www.pedagogie.ac-nice.fr\/eps\/wp-json\/wp\/v2\/media?parent=12"}],"curies":[{"name":"wp","href":"https:\/\/api.w.org\/{rel}","templated":true}]}}