{"id":120,"date":"2014-01-10T09:58:16","date_gmt":"2014-01-10T08:58:16","guid":{"rendered":"http:\/\/www.ac-nice.fr\/eps\/?page_id=120"},"modified":"2024-10-08T15:54:00","modified_gmt":"2024-10-08T13:54:00","slug":"lycee-professionnel","status":"publish","type":"page","link":"https:\/\/www.pedagogie.ac-nice.fr\/eps\/institutionnel\/lycee-professionnel\/","title":{"rendered":"Programmes enseignement Voie Professionnelle"},"content":{"rendered":"<p>Les programmes de la voie professionnelle se situent en continuit\u00e9 des programmes d\u2019EPS pour le coll\u00e8ge de 2015 et en coh\u00e9rence avec les programmes du lyc\u00e9e pour les voies g\u00e9n\u00e9rales et technologiques.<\/p>\n<p>Le programme 2019 a \u00e9t\u00e9 con\u00e7u de mani\u00e8re \u00e0 proposer, au sein des \u00e9tablissements, une EPS qui pr\u00e9pare les \u00e9l\u00e8ves et les apprentis \u00e0 leur insertion professionnelle mais aussi \u00e0 la suite \u00e9ventuelle de leur cursus post lyc\u00e9e gr\u00e2ce \u00e0 la construction d\u2019habitudes de pratiques physiques p\u00e9rennes et raisonn\u00e9es, l\u2019appropriation d\u2019une culture sportive, l\u2019engagement dans le travail collaboratif et des collectifs vari\u00e9s, le d\u00e9veloppement de l\u2019oralit\u00e9, et l\u2019\u00e9ducation au choix. Autant d\u2019\u00e9l\u00e9ments qui permettent le d\u00e9veloppement de comp\u00e9tences que les \u00e9l\u00e8ves auront \u00e0 mobiliser apr\u00e8s le lyc\u00e9e.<\/p>\n<div class=\"divTable\"><\/div>\n<h2>Les programmes pour le Lyc\u00e9e professionnel pour les classes de:<\/h2>\n<h3>&#8211; Seconde et terminale CAP<\/h3>\n<h3>&#8211; Seconde, premi\u00e8re et terminale Baccalaur\u00e9at Professionnel<\/h3>\n<div><img loading=\"lazy\" decoding=\"async\" class=\"alignnone wp-image-1684\" src=\"https:\/\/www.pedagogie.ac-nice.fr\/eps\/wp-content\/uploads\/sites\/20\/2015\/12\/bo-1.jpg\" alt=\"Le Bulletin officiel de l'Education Nationale\" width=\"99\" height=\"66\" \/>\u00a0\u00a0\u00a0\u00a0<a href=\"https:\/\/www.education.gouv.fr\/pid285\/bulletin_officiel.html?cid_bo=140787\" target=\"_blank\" rel=\"noopener noreferrer\"> Bulletin officiel\u00a0 sp\u00e9cial n\u00b05 du 11 avril 2019<\/a><\/div>\n<div><a href=\"https:\/\/cache.media.education.gouv.fr\/file\/SP5-MEN-11-4-2019\/97\/1\/spe621_aannexe_1104971.pdf\" target=\"_blank\" rel=\"noopener noreferrer\">\u00a0\u00a0\u00a0\u00a0\u00a0\u00a0\u00a0\u00a0\u00a0\u00a0\u00a0\u00a0\u00a0\u00a0\u00a0\u00a0\u00a0\u00a0\u00a0\u00a0\u00a0\u00a0\u00a0\u00a0\u00a0\u00a0\u00a0 ANNEXE<\/a><\/div>\n<p>&nbsp;<\/p>\n<h2>Volume horaire de r\u00e9f\u00e9rence: Arr\u00eate du 22 janvier 2024<\/h2>\n<p><a href=\"https:\/\/www.pedagogie.ac-nice.fr\/eps\/wp-content\/uploads\/sites\/20\/2024\/10\/2024-arrete_du_22_jan_modifiant-larret-du-21-nov.pdf\" target=\"_blank\" rel=\"noopener\">L&rsquo;arr\u00eat\u00e9 du 22 janvier 2024<\/a> modifie l&rsquo;arr\u00eat\u00e9 du 3 avril 2019 .<\/p>\n<table>\n<tbody>\n<tr>\n<th id=\"entete1\" scope=\"col\">Certificat d&rsquo;aptitude professionnelle<\/th>\n<th id=\"entete2\">Premi\u00e8re ann\u00e9e<\/th>\n<th>Deuxi\u00e8me ann\u00e9e<\/th>\n<\/tr>\n<tr class=\"even\">\n<td headers=\"entete1\">Volume horaire annuel<\/td>\n<td headers=\"entete2\">72h30<\/td>\n<td headers=\"entete2\">65h<\/td>\n<\/tr>\n<\/tbody>\n<\/table>\n<div class=\"divTable\"><\/div>\n<div class=\"divTable\">\n<table>\n<tbody>\n<tr>\n<th id=\"entete1\">Baccalaur\u00e9at professionnel<\/th>\n<th id=\"entete2\">Seconde<\/th>\n<th>Premi\u00e8re<\/th>\n<th>Terminale<\/th>\n<\/tr>\n<tr class=\"even\">\n<td headers=\"entete1\">Volume horaire annuel<\/td>\n<td headers=\"entete2\">75h<\/td>\n<td headers=\"entete2\">70h<\/td>\n<td headers=\"entete2\">66h<\/td>\n<\/tr>\n<\/tbody>\n<\/table>\n<\/div>\n<h2>Journ\u00e9e de formation Acad\u00e9mique<\/h2>\n<h3><a href=\"https:\/\/www.pedagogie.ac-nice.fr\/eps\/wp-content\/uploads\/sites\/20\/2019\/12\/Aide-au-projet-de-la-voie-pro.pdf\" target=\"_blank\" rel=\"noopener noreferrer\"><strong>Ressource Acad\u00e9mie de Nice:<\/strong> \u00a0 <img loading=\"lazy\" decoding=\"async\" class=\"alignnone wp-image-2383\" src=\"https:\/\/www.pedagogie.ac-nice.fr\/eps\/wp-content\/uploads\/sites\/20\/2017\/09\/symbole-de-telechargement-1-300x300.jpg\" alt=\"\" width=\"33\" height=\"33\" srcset=\"https:\/\/www.pedagogie.ac-nice.fr\/eps\/wp-content\/uploads\/sites\/20\/2017\/09\/symbole-de-telechargement-1-300x300.jpg 300w, https:\/\/www.pedagogie.ac-nice.fr\/eps\/wp-content\/uploads\/sites\/20\/2017\/09\/symbole-de-telechargement-1-150x150.jpg 150w, https:\/\/www.pedagogie.ac-nice.fr\/eps\/wp-content\/uploads\/sites\/20\/2017\/09\/symbole-de-telechargement-1-100x100.jpg 100w, https:\/\/www.pedagogie.ac-nice.fr\/eps\/wp-content\/uploads\/sites\/20\/2017\/09\/symbole-de-telechargement-1.jpg 626w\" sizes=\"auto, (max-width: 33px) 100vw, 33px\" \/><\/a><\/h3>\n<div class=\"\">Ressource acad\u00e9mique pour aider les \u00e9quipes p\u00e9dagogiques dans l\u2019\u00e9laboration de leur projet p\u00e9dagogique.<\/div>\n<div class=\"\">Ce document a pour objectif d\u2019accompagner les enseignants dans l\u2019appropriation des nouveaux programmes, il constitue une aide dans la r\u00e9flexion, l\u2019analyse et la fa\u00e7on de concevoir le parcours de formation des \u00e9l\u00e8ves de la voie professionnelle.<\/div>\n<p>&nbsp;<\/p>\n<p style=\"text-align: center;\">&#8230;&#8230;&#8230;&#8230;&#8230;&#8230;&#8230;&#8230;&#8230;&#8230;&#8230;&#8230;&#8230;&#8230;&#8230;&#8230;&#8230;&#8230;&#8230;&#8230;&#8230;&#8230;&#8230;&#8230;&#8230;&#8230;&#8230;&#8230;&#8230;&#8230;&#8230;&#8230;&#8230;&#8230;&#8230;&#8230;&#8230;&#8230;&#8230;&#8230;&#8230;&#8230;&#8230;&#8230;..<\/p>\n<p>Le vendredi 7 octobre 2016, les IA IPR EPS ont r\u00e9uni l\u2019ensemble des coordonnateurs des lyc\u00e9es. Vous trouverez ci-dessous les diaporamas pr\u00e9sent\u00e9s ce jour-l\u00e0 (documents consultables et t\u00e9l\u00e9chargeables).<\/p>\n<p style=\"text-align: center;\"><a href=\"https:\/\/www.pedagogie.ac-nice.fr\/eps\/wp-content\/uploads\/sites\/20\/2016\/10\/diaporama-lp-7-10-16-1.pdf\" target=\"_blank\" rel=\"noopener noreferrer\">Diaporama concernant les lyc\u00e9es professionnels<\/a><\/p>\n<p><a href=\"https:\/\/www.pedagogie.ac-nice.fr\/eps\/wp-content\/uploads\/sites\/20\/2016\/10\/Capture-pdf-lp2-1.jpg\"><img loading=\"lazy\" decoding=\"async\" class=\"size-medium wp-image-1967 aligncenter\" src=\"https:\/\/www.pedagogie.ac-nice.fr\/eps\/wp-content\/uploads\/sites\/20\/2016\/10\/Capture-pdf-lp2-1-300x175.jpg\" alt=\"\" width=\"300\" height=\"175\" srcset=\"https:\/\/www.pedagogie.ac-nice.fr\/eps\/wp-content\/uploads\/sites\/20\/2016\/10\/Capture-pdf-lp2-1-300x175.jpg 300w, https:\/\/www.pedagogie.ac-nice.fr\/eps\/wp-content\/uploads\/sites\/20\/2016\/10\/Capture-pdf-lp2-1-768x448.jpg 768w, https:\/\/www.pedagogie.ac-nice.fr\/eps\/wp-content\/uploads\/sites\/20\/2016\/10\/Capture-pdf-lp2-1.jpg 897w\" sizes=\"auto, (max-width: 300px) 100vw, 300px\" \/><\/a><\/p>\n","protected":false},"excerpt":{"rendered":"<p>Les programmes de la voie professionnelle se situent en continuit\u00e9 des programmes d\u2019EPS pour le coll\u00e8ge de 2015 et en coh\u00e9rence avec les programmes du lyc\u00e9e pour les voies g\u00e9n\u00e9rales et technologiques. Le programme 2019 a \u00e9t\u00e9 con\u00e7u de mani\u00e8re \u00e0 proposer, au sein des \u00e9tablissements, une EPS qui pr\u00e9pare les \u00e9l\u00e8ves et les apprentis &hellip; <a href=\"https:\/\/www.pedagogie.ac-nice.fr\/eps\/institutionnel\/lycee-professionnel\/\" class=\"more-link\">Continuer la lecture de <span class=\"screen-reader-text\">Programmes enseignement Voie Professionnelle<\/span> <span class=\"meta-nav\">&rarr;<\/span><\/a><\/p>\n","protected":false},"author":129,"featured_media":0,"parent":5702,"menu_order":0,"comment_status":"closed","ping_status":"closed","template":"","meta":{"footnotes":""},"class_list":["post-120","page","type-page","status-publish","hentry"],"rttpg_featured_image_url":null,"rttpg_author":{"display_name":"Fran\u00e7ois Meignaud","author_link":"https:\/\/www.pedagogie.ac-nice.fr\/eps\/author\/meignaud\/"},"rttpg_comment":0,"rttpg_category":null,"rttpg_excerpt":"Les programmes de la voie professionnelle se situent en continuit\u00e9 des programmes d\u2019EPS pour le coll\u00e8ge de 2015 et en coh\u00e9rence avec les programmes du lyc\u00e9e pour les voies g\u00e9n\u00e9rales et technologiques. Le programme 2019 a \u00e9t\u00e9 con\u00e7u de mani\u00e8re \u00e0 proposer, au sein des \u00e9tablissements, une EPS qui pr\u00e9pare les \u00e9l\u00e8ves et les apprentis\u2026","post_mailing_queue_ids":[],"_links":{"self":[{"href":"https:\/\/www.pedagogie.ac-nice.fr\/eps\/wp-json\/wp\/v2\/pages\/120","targetHints":{"allow":["GET"]}}],"collection":[{"href":"https:\/\/www.pedagogie.ac-nice.fr\/eps\/wp-json\/wp\/v2\/pages"}],"about":[{"href":"https:\/\/www.pedagogie.ac-nice.fr\/eps\/wp-json\/wp\/v2\/types\/page"}],"author":[{"embeddable":true,"href":"https:\/\/www.pedagogie.ac-nice.fr\/eps\/wp-json\/wp\/v2\/users\/129"}],"replies":[{"embeddable":true,"href":"https:\/\/www.pedagogie.ac-nice.fr\/eps\/wp-json\/wp\/v2\/comments?post=120"}],"version-history":[{"count":20,"href":"https:\/\/www.pedagogie.ac-nice.fr\/eps\/wp-json\/wp\/v2\/pages\/120\/revisions"}],"predecessor-version":[{"id":7482,"href":"https:\/\/www.pedagogie.ac-nice.fr\/eps\/wp-json\/wp\/v2\/pages\/120\/revisions\/7482"}],"up":[{"embeddable":true,"href":"https:\/\/www.pedagogie.ac-nice.fr\/eps\/wp-json\/wp\/v2\/pages\/5702"}],"wp:attachment":[{"href":"https:\/\/www.pedagogie.ac-nice.fr\/eps\/wp-json\/wp\/v2\/media?parent=120"}],"curies":[{"name":"wp","href":"https:\/\/api.w.org\/{rel}","templated":true}]}}