{"id":124,"date":"2014-01-10T10:00:49","date_gmt":"2014-01-10T09:00:49","guid":{"rendered":"http:\/\/www.ac-nice.fr\/eps\/?page_id=124"},"modified":"2014-01-10T10:00:49","modified_gmt":"2014-01-10T09:00:49","slug":"cpge","status":"publish","type":"page","link":"https:\/\/www.pedagogie.ac-nice.fr\/eps\/cpge\/","title":{"rendered":"CPGE"},"content":{"rendered":"<p>L&rsquo;\u00e9ducation physique et sportive contribue \u00e0 la formation g\u00e9n\u00e9rale de tous les \u00e9tudiants des classes pr\u00e9paratoires.<\/p>\n<p>Appel\u00e9s \u00e0 exercer des responsabilit\u00e9s, ces derniers doivent saisir l&rsquo;int\u00e9r\u00eat d&rsquo;un bon \u00e9quilibre corporel et l&rsquo;avantage, reconnu par les milieux professionnels, qu&rsquo;ils retirent des exp\u00e9riences v\u00e9cues dans les pratiques physiques et sportives.<\/p>\n<p>Avec des finalit\u00e9s et des objectifs diff\u00e9rents de ceux du lyc\u00e9e, l\u2019EPS \u00e0 toute sa place dans la formation.<\/p>\n<p><strong>Cet enseignement vise trois finalit\u00e9s\u00a0:<\/strong><\/p>\n<ol>\n<li>Pr\u00e9server un \u00e9quilibre et une hygi\u00e8ne de vie<\/li>\n<li>Contribuer au d\u00e9veloppement et \u00e0 l&rsquo;\u00e9panouissement de la personnalit\u00e9<\/li>\n<li>Renforcer la solidarit\u00e9 au sein de chaque classe pour installer une v\u00e9ritable \u00e9mulation dans ce type de pr\u00e9paration.<b>\u00a0<\/b><\/li>\n<\/ol>\n<p><strong>Objectifs de formation<\/strong><\/p>\n<p>La formation en \u00e9ducation physique et sportive poursuit trois objectifs majeurs :<\/p>\n<ol>\n<li>Pr\u00e9parer aux \u00e9preuves d&rsquo;\u00e9ducation physique et sportive des concours d&rsquo;entr\u00e9e aux grandes \u00e9coles,<\/li>\n<li>D\u00e9velopper les ressources personnelles qui permettent l&rsquo;acquisition de comp\u00e9tences dans les pratiques physiques d&rsquo;entretien et de loisir,<\/li>\n<li>Permettre l&rsquo;acc\u00e8s \u00e0 la pratique comp\u00e9titive dans le cadre du mouvement sportif associatif universitaire et \u00eatre capable de programmer et de g\u00e9rer un projet de formation personnelle<\/li>\n<\/ol>\n<p><a href=\"https:\/\/www.pedagogie.ac-nice.fr\/eps\/wp-content\/uploads\/sites\/20\/2014\/03\/arrete-26-02-1998-1.pdf\">Consulter le programme<\/a><\/p>\n<p><strong>\u00a0<\/strong><\/p>\n<p>&nbsp;<\/p>\n","protected":false},"excerpt":{"rendered":"<p>L&rsquo;\u00e9ducation physique et sportive contribue \u00e0 la formation g\u00e9n\u00e9rale de tous les \u00e9tudiants des classes pr\u00e9paratoires. Appel\u00e9s \u00e0 exercer des responsabilit\u00e9s, ces derniers doivent saisir l&rsquo;int\u00e9r\u00eat d&rsquo;un bon \u00e9quilibre corporel et l&rsquo;avantage, reconnu par les milieux professionnels, qu&rsquo;ils retirent des exp\u00e9riences v\u00e9cues dans les pratiques physiques et sportives. Avec des finalit\u00e9s et des objectifs diff\u00e9rents &hellip; <a href=\"https:\/\/www.pedagogie.ac-nice.fr\/eps\/cpge\/\" class=\"more-link\">Continuer la lecture de <span class=\"screen-reader-text\">CPGE<\/span> <span class=\"meta-nav\">&rarr;<\/span><\/a><\/p>\n","protected":false},"author":129,"featured_media":0,"parent":0,"menu_order":0,"comment_status":"open","ping_status":"open","template":"","meta":{"footnotes":""},"class_list":["post-124","page","type-page","status-publish","hentry"],"rttpg_featured_image_url":null,"rttpg_author":{"display_name":"Fran\u00e7ois Meignaud","author_link":"https:\/\/www.pedagogie.ac-nice.fr\/eps\/author\/meignaud\/"},"rttpg_comment":0,"rttpg_category":null,"rttpg_excerpt":"L&rsquo;\u00e9ducation physique et sportive contribue \u00e0 la formation g\u00e9n\u00e9rale de tous les \u00e9tudiants des classes pr\u00e9paratoires. Appel\u00e9s \u00e0 exercer des responsabilit\u00e9s, ces derniers doivent saisir l&rsquo;int\u00e9r\u00eat d&rsquo;un bon \u00e9quilibre corporel et l&rsquo;avantage, reconnu par les milieux professionnels, qu&rsquo;ils retirent des exp\u00e9riences v\u00e9cues dans les pratiques physiques et sportives. Avec des finalit\u00e9s et des objectifs diff\u00e9rents\u2026","post_mailing_queue_ids":[],"_links":{"self":[{"href":"https:\/\/www.pedagogie.ac-nice.fr\/eps\/wp-json\/wp\/v2\/pages\/124","targetHints":{"allow":["GET"]}}],"collection":[{"href":"https:\/\/www.pedagogie.ac-nice.fr\/eps\/wp-json\/wp\/v2\/pages"}],"about":[{"href":"https:\/\/www.pedagogie.ac-nice.fr\/eps\/wp-json\/wp\/v2\/types\/page"}],"author":[{"embeddable":true,"href":"https:\/\/www.pedagogie.ac-nice.fr\/eps\/wp-json\/wp\/v2\/users\/129"}],"replies":[{"embeddable":true,"href":"https:\/\/www.pedagogie.ac-nice.fr\/eps\/wp-json\/wp\/v2\/comments?post=124"}],"version-history":[{"count":0,"href":"https:\/\/www.pedagogie.ac-nice.fr\/eps\/wp-json\/wp\/v2\/pages\/124\/revisions"}],"wp:attachment":[{"href":"https:\/\/www.pedagogie.ac-nice.fr\/eps\/wp-json\/wp\/v2\/media?parent=124"}],"curies":[{"name":"wp","href":"https:\/\/api.w.org\/{rel}","templated":true}]}}