{"id":128,"date":"2014-01-10T10:03:37","date_gmt":"2014-01-10T09:03:37","guid":{"rendered":"http:\/\/www.ac-nice.fr\/eps\/?page_id=128"},"modified":"2021-10-15T17:37:08","modified_gmt":"2021-10-15T15:37:08","slug":"segpa","status":"publish","type":"page","link":"https:\/\/www.pedagogie.ac-nice.fr\/eps\/institutionnel\/college\/segpa\/","title":{"rendered":"SEGPA"},"content":{"rendered":"<p>Au coll\u00e8ge, les sections d&rsquo;enseignement g\u00e9n\u00e9ral et professionnel adapt\u00e9 (SEGPA) accueillent des \u00e9l\u00e8ves pr\u00e9sentant des difficult\u00e9s d&rsquo;apprentissage graves et durables. Ils ne ma\u00eetrisent pas toutes les connaissances et comp\u00e9tences attendues \u00e0 la fin de l&rsquo;\u00e9cole primaire, en particulier au regard des \u00e9l\u00e9ments du socle commun. Les \u00e9l\u00e8ves suivent des enseignements adapt\u00e9s qui leur permettent \u00e0 la fois d&rsquo;acqu\u00e9rir les connaissances et les comp\u00e9tences du socle commun, de construire progressivement leur projet de formation et de pr\u00e9parer l&rsquo;acc\u00e8s \u00e0 une formation dipl\u00f4mante de niveau V.<\/p>\n<ul style=\"list-style-type: disc;\">\n<li><a title=\"Les sections d'enseignement g\u00e9n\u00e9ral et professionnel adapt\u00e9\" href=\"http:\/\/eduscol.education.fr\/cid46765\/sections-d-enseignement-general-et-professionnel-adapte.html\" target=\"_blank\" rel=\"noopener\">Les sections d&rsquo;enseignement g\u00e9n\u00e9ral et professionnel adapt\u00e9<\/a>.<\/li>\n<\/ul>\n<p>&nbsp;<\/p>\n<ul style=\"list-style-type: disc;\">\n<li>Horaires d&rsquo;enseignement: Les horaires en vigueur sont d\u00e9finis par l&rsquo;<a class=\"lien_externe\" href=\"https:\/\/www.legifrance.gouv.fr\/affichTexte.do;jsessionid=8ACB37FF1F371A5A1C63809B3DE32DDD.tpdila11v_1?cidTexte=JORFTEXT000035427613&amp;dateTexte=20170901\">Arr\u00eat\u00e9 du 31 juillet 2017 modifiant l&rsquo;arr\u00eat\u00e9 du 21 octobre 2015 relatif aux classes des sections d&rsquo;enseignement g\u00e9n\u00e9ral et professionnel adapt\u00e9<\/a><\/li>\n<\/ul>\n<p>&nbsp;<\/p>\n<ul style=\"list-style-type: disc;\">\n<li><a class=\"lien_externe\" href=\"http:\/\/www.education.gouv.fr\/pid285\/bulletin_officiel.html?cid_bo=94632\">Circulaire relative aux sections d&rsquo;enseignement g\u00e9n\u00e9ral et professionnel adapt\u00e9 n\u00b0 2015-176 du 28 octobre 2015<\/a> (BOEN n\u00b040 du 29-10-2015)<\/li>\n<\/ul>\n<p>&nbsp;<\/p>\n<ul style=\"list-style-type: disc;\">\n<li><a title=\"L'enseignement de l'EPS en classe SEGPA\" href=\"https:\/\/www.pedagogie.ac-nice.fr\/eps\/wp-content\/uploads\/sites\/20\/2014\/01\/eps_segpa-1.pdf\" target=\"_blank\" rel=\"noopener\">L&rsquo;enseignement de l&rsquo;EPS en classe SEGPA<\/a><\/li>\n<\/ul>\n<p>&nbsp;<\/p>\n","protected":false},"excerpt":{"rendered":"<p>Au coll\u00e8ge, les sections d&rsquo;enseignement g\u00e9n\u00e9ral et professionnel adapt\u00e9 (SEGPA) accueillent des \u00e9l\u00e8ves pr\u00e9sentant des difficult\u00e9s d&rsquo;apprentissage graves et durables. Ils ne ma\u00eetrisent pas toutes les connaissances et comp\u00e9tences attendues \u00e0 la fin de l&rsquo;\u00e9cole primaire, en particulier au regard des \u00e9l\u00e9ments du socle commun. Les \u00e9l\u00e8ves suivent des enseignements adapt\u00e9s qui leur permettent \u00e0 &hellip; <a href=\"https:\/\/www.pedagogie.ac-nice.fr\/eps\/institutionnel\/college\/segpa\/\" class=\"more-link\">Continuer la lecture de <span class=\"screen-reader-text\">SEGPA<\/span> <span class=\"meta-nav\">&rarr;<\/span><\/a><\/p>\n","protected":false},"author":129,"featured_media":0,"parent":114,"menu_order":0,"comment_status":"open","ping_status":"open","template":"","meta":{"footnotes":""},"class_list":["post-128","page","type-page","status-publish","hentry"],"rttpg_featured_image_url":null,"rttpg_author":{"display_name":"Fran\u00e7ois Meignaud","author_link":"https:\/\/www.pedagogie.ac-nice.fr\/eps\/author\/meignaud\/"},"rttpg_comment":0,"rttpg_category":null,"rttpg_excerpt":"Au coll\u00e8ge, les sections d&rsquo;enseignement g\u00e9n\u00e9ral et professionnel adapt\u00e9 (SEGPA) accueillent des \u00e9l\u00e8ves pr\u00e9sentant des difficult\u00e9s d&rsquo;apprentissage graves et durables. Ils ne ma\u00eetrisent pas toutes les connaissances et comp\u00e9tences attendues \u00e0 la fin de l&rsquo;\u00e9cole primaire, en particulier au regard des \u00e9l\u00e9ments du socle commun. Les \u00e9l\u00e8ves suivent des enseignements adapt\u00e9s qui leur permettent \u00e0\u2026","post_mailing_queue_ids":[],"_links":{"self":[{"href":"https:\/\/www.pedagogie.ac-nice.fr\/eps\/wp-json\/wp\/v2\/pages\/128","targetHints":{"allow":["GET"]}}],"collection":[{"href":"https:\/\/www.pedagogie.ac-nice.fr\/eps\/wp-json\/wp\/v2\/pages"}],"about":[{"href":"https:\/\/www.pedagogie.ac-nice.fr\/eps\/wp-json\/wp\/v2\/types\/page"}],"author":[{"embeddable":true,"href":"https:\/\/www.pedagogie.ac-nice.fr\/eps\/wp-json\/wp\/v2\/users\/129"}],"replies":[{"embeddable":true,"href":"https:\/\/www.pedagogie.ac-nice.fr\/eps\/wp-json\/wp\/v2\/comments?post=128"}],"version-history":[{"count":2,"href":"https:\/\/www.pedagogie.ac-nice.fr\/eps\/wp-json\/wp\/v2\/pages\/128\/revisions"}],"predecessor-version":[{"id":5901,"href":"https:\/\/www.pedagogie.ac-nice.fr\/eps\/wp-json\/wp\/v2\/pages\/128\/revisions\/5901"}],"up":[{"embeddable":true,"href":"https:\/\/www.pedagogie.ac-nice.fr\/eps\/wp-json\/wp\/v2\/pages\/114"}],"wp:attachment":[{"href":"https:\/\/www.pedagogie.ac-nice.fr\/eps\/wp-json\/wp\/v2\/media?parent=128"}],"curies":[{"name":"wp","href":"https:\/\/api.w.org\/{rel}","templated":true}]}}