{"id":130,"date":"2014-01-10T10:04:49","date_gmt":"2014-01-10T09:04:49","guid":{"rendered":"http:\/\/www.ac-nice.fr\/eps\/?page_id=130"},"modified":"2021-10-18T10:28:42","modified_gmt":"2021-10-18T08:28:42","slug":"ulis","status":"publish","type":"page","link":"https:\/\/www.pedagogie.ac-nice.fr\/eps\/institutionnel\/college\/ulis\/","title":{"rendered":"ULIS"},"content":{"rendered":"<p>Les unit\u00e9s localis\u00e9es pour l&rsquo;inclusion scolaire (ULIS) permettent l&rsquo;accueil dans un coll\u00e8ge, un lyc\u00e9e g\u00e9n\u00e9ral et technologique, ou un lyc\u00e9e professionnel d&rsquo;un petit groupe d&rsquo;\u00e9l\u00e8ves pr\u00e9sentant le m\u00eame type de handicap.<\/p>\n<ul style=\"list-style-type: disc;\">\n<li><a title=\"Les \u00e9l\u00e8ves scolaris\u00e9s au titre des ULIS\" href=\"http:\/\/eduscol.education.fr\/cid53163\/les-unites-localisees-pour-l-inclusion-scolaire-ulis.html#lien0\" target=\"_blank\" rel=\"noopener\">Les \u00e9l\u00e8ves scolaris\u00e9s au titre des ULIS<\/a><\/li>\n<\/ul>\n<p>&nbsp;<\/p>\n<ul style=\"list-style-type: disc;\">\n<li><a title=\"Mise en \u0153uvre du PPS\" href=\"http:\/\/eduscol.education.fr\/cid53163\/les-unites-localisees-pour-l-inclusion-scolaire-ulis.html#lien1\" target=\"_blank\" rel=\"noopener\">Mise en \u0153uvre du PPS<\/a><\/li>\n<\/ul>\n<p>&nbsp;<\/p>\n<ul style=\"list-style-type: disc;\">\n<li><a class=\"lien_externe\" href=\"http:\/\/www.education.gouv.fr\/pid285\/bulletin_officiel.html?cid_bo=91826\">Circulaire n\u00b0 2015-129 du 21-08-2015<\/a> (BOEN n\u00b031 du 27-8-2015) relative aux unit\u00e9s localis\u00e9es pour l&rsquo;inclusion scolaire (ULIS), dispositifs pour la scolarisation des \u00e9l\u00e8ves en situation de handicap dans le premier et le second degr\u00e9s.<\/li>\n<\/ul>\n","protected":false},"excerpt":{"rendered":"<p>Les unit\u00e9s localis\u00e9es pour l&rsquo;inclusion scolaire (ULIS) permettent l&rsquo;accueil dans un coll\u00e8ge, un lyc\u00e9e g\u00e9n\u00e9ral et technologique, ou un lyc\u00e9e professionnel d&rsquo;un petit groupe d&rsquo;\u00e9l\u00e8ves pr\u00e9sentant le m\u00eame type de handicap. Les \u00e9l\u00e8ves scolaris\u00e9s au titre des ULIS &nbsp; Mise en \u0153uvre du PPS &nbsp; Circulaire n\u00b0 2015-129 du 21-08-2015 (BOEN n\u00b031 du 27-8-2015) relative &hellip; <a href=\"https:\/\/www.pedagogie.ac-nice.fr\/eps\/institutionnel\/college\/ulis\/\" class=\"more-link\">Continuer la lecture de <span class=\"screen-reader-text\">ULIS<\/span> <span class=\"meta-nav\">&rarr;<\/span><\/a><\/p>\n","protected":false},"author":129,"featured_media":0,"parent":114,"menu_order":0,"comment_status":"open","ping_status":"open","template":"","meta":{"footnotes":""},"class_list":["post-130","page","type-page","status-publish","hentry"],"rttpg_featured_image_url":null,"rttpg_author":{"display_name":"Fran\u00e7ois Meignaud","author_link":"https:\/\/www.pedagogie.ac-nice.fr\/eps\/author\/meignaud\/"},"rttpg_comment":0,"rttpg_category":null,"rttpg_excerpt":"Les unit\u00e9s localis\u00e9es pour l&rsquo;inclusion scolaire (ULIS) permettent l&rsquo;accueil dans un coll\u00e8ge, un lyc\u00e9e g\u00e9n\u00e9ral et technologique, ou un lyc\u00e9e professionnel d&rsquo;un petit groupe d&rsquo;\u00e9l\u00e8ves pr\u00e9sentant le m\u00eame type de handicap. Les \u00e9l\u00e8ves scolaris\u00e9s au titre des ULIS &nbsp; Mise en \u0153uvre du PPS &nbsp; Circulaire n\u00b0 2015-129 du 21-08-2015 (BOEN n\u00b031 du 27-8-2015) relative\u2026","post_mailing_queue_ids":[],"_links":{"self":[{"href":"https:\/\/www.pedagogie.ac-nice.fr\/eps\/wp-json\/wp\/v2\/pages\/130","targetHints":{"allow":["GET"]}}],"collection":[{"href":"https:\/\/www.pedagogie.ac-nice.fr\/eps\/wp-json\/wp\/v2\/pages"}],"about":[{"href":"https:\/\/www.pedagogie.ac-nice.fr\/eps\/wp-json\/wp\/v2\/types\/page"}],"author":[{"embeddable":true,"href":"https:\/\/www.pedagogie.ac-nice.fr\/eps\/wp-json\/wp\/v2\/users\/129"}],"replies":[{"embeddable":true,"href":"https:\/\/www.pedagogie.ac-nice.fr\/eps\/wp-json\/wp\/v2\/comments?post=130"}],"version-history":[{"count":3,"href":"https:\/\/www.pedagogie.ac-nice.fr\/eps\/wp-json\/wp\/v2\/pages\/130\/revisions"}],"predecessor-version":[{"id":5912,"href":"https:\/\/www.pedagogie.ac-nice.fr\/eps\/wp-json\/wp\/v2\/pages\/130\/revisions\/5912"}],"up":[{"embeddable":true,"href":"https:\/\/www.pedagogie.ac-nice.fr\/eps\/wp-json\/wp\/v2\/pages\/114"}],"wp:attachment":[{"href":"https:\/\/www.pedagogie.ac-nice.fr\/eps\/wp-json\/wp\/v2\/media?parent=130"}],"curies":[{"name":"wp","href":"https:\/\/api.w.org\/{rel}","templated":true}]}}