{"id":152,"date":"2014-01-10T19:35:57","date_gmt":"2014-01-10T18:35:57","guid":{"rendered":"http:\/\/www.ac-nice.fr\/eps\/?page_id=152"},"modified":"2021-10-01T14:35:32","modified_gmt":"2021-10-01T12:35:32","slug":"securite","status":"publish","type":"page","link":"https:\/\/www.pedagogie.ac-nice.fr\/eps\/appn-et-securite\/institutionnel\/securite\/","title":{"rendered":"La S\u00e9curit\u00e9"},"content":{"rendered":"<p>Vous trouverez dans cette rubrique les textes relatifs \u00e0 la s\u00e9curit\u00e9 en \u00e9ducation physique et sportive.<\/p>\n<h2><strong>S\u00e9curit\u00e9 des \u00e9l\u00e8ves<\/strong><\/h2>\n<p>Pratiques des activit\u00e9s physiques et sportives.&nbsp;<a title=\"Nouvelle fen\u00eatre\" href=\"https:\/\/www.pedagogie.ac-nice.fr\/eps\/wp-content\/uploads\/sites\/20\/2014\/02\/note-de-service-94.116-9-mars-1994-1.pdf\" target=\"_blank\" rel=\"noopener noreferrer\">Note de service n\u00b094-116 du 9 mars 1994<\/a><\/p>\n<h2><strong>Enseignement de l&rsquo;EPS<\/strong><\/h2>\n<p>Risques particuliers \u00e0 l&rsquo;enseignement de l&rsquo;EPS et au sport scolaire. <a title=\"Nouvelle fen\u00eatre\" href=\"http:\/\/www.education.gouv.fr\/bo\/2004\/32\/MENE0401637C.htm\" target=\"_blank\" rel=\"noopener noreferrer\">Circulaire n\u00b02004 &#8211; 138 du 13.07.2004<\/a><\/p>\n<h2><strong>Enseignement des APPN&nbsp;<\/strong><\/h2>\n<p>Consulter les pages sp\u00e9cifiques sur les diff\u00e9rentes <a href=\"https:\/\/www.pedagogie.ac-nice.fr\/eps\/appn-et-securite\/\" target=\"_blank\" rel=\"noopener\">APPN en lien ici.<\/a><\/p>\n","protected":false},"excerpt":{"rendered":"<p>Vous trouverez dans cette rubrique les textes relatifs \u00e0 la s\u00e9curit\u00e9 en \u00e9ducation physique et sportive. S\u00e9curit\u00e9 des \u00e9l\u00e8ves Pratiques des activit\u00e9s physiques et sportives.&nbsp;Note de service n\u00b094-116 du 9 mars 1994 Enseignement de l&rsquo;EPS Risques particuliers \u00e0 l&rsquo;enseignement de l&rsquo;EPS et au sport scolaire. Circulaire n\u00b02004 &#8211; 138 du 13.07.2004 Enseignement des APPN&nbsp; Consulter &hellip; <a href=\"https:\/\/www.pedagogie.ac-nice.fr\/eps\/appn-et-securite\/institutionnel\/securite\/\" class=\"more-link\">Continuer la lecture de <span class=\"screen-reader-text\">La S\u00e9curit\u00e9<\/span> <span class=\"meta-nav\">&rarr;<\/span><\/a><\/p>\n","protected":false},"author":129,"featured_media":0,"parent":5175,"menu_order":0,"comment_status":"closed","ping_status":"closed","template":"","meta":{"footnotes":""},"class_list":["post-152","page","type-page","status-publish","hentry"],"rttpg_featured_image_url":null,"rttpg_author":{"display_name":"Fran\u00e7ois Meignaud","author_link":"https:\/\/www.pedagogie.ac-nice.fr\/eps\/author\/meignaud\/"},"rttpg_comment":0,"rttpg_category":null,"rttpg_excerpt":"Vous trouverez dans cette rubrique les textes relatifs \u00e0 la s\u00e9curit\u00e9 en \u00e9ducation physique et sportive. S\u00e9curit\u00e9 des \u00e9l\u00e8ves Pratiques des activit\u00e9s physiques et sportives.&nbsp;Note de service n\u00b094-116 du 9 mars 1994 Enseignement de l&rsquo;EPS Risques particuliers \u00e0 l&rsquo;enseignement de l&rsquo;EPS et au sport scolaire. Circulaire n\u00b02004 &#8211; 138 du 13.07.2004 Enseignement des APPN&nbsp; Consulter\u2026","post_mailing_queue_ids":[],"_links":{"self":[{"href":"https:\/\/www.pedagogie.ac-nice.fr\/eps\/wp-json\/wp\/v2\/pages\/152","targetHints":{"allow":["GET"]}}],"collection":[{"href":"https:\/\/www.pedagogie.ac-nice.fr\/eps\/wp-json\/wp\/v2\/pages"}],"about":[{"href":"https:\/\/www.pedagogie.ac-nice.fr\/eps\/wp-json\/wp\/v2\/types\/page"}],"author":[{"embeddable":true,"href":"https:\/\/www.pedagogie.ac-nice.fr\/eps\/wp-json\/wp\/v2\/users\/129"}],"replies":[{"embeddable":true,"href":"https:\/\/www.pedagogie.ac-nice.fr\/eps\/wp-json\/wp\/v2\/comments?post=152"}],"version-history":[{"count":4,"href":"https:\/\/www.pedagogie.ac-nice.fr\/eps\/wp-json\/wp\/v2\/pages\/152\/revisions"}],"predecessor-version":[{"id":5761,"href":"https:\/\/www.pedagogie.ac-nice.fr\/eps\/wp-json\/wp\/v2\/pages\/152\/revisions\/5761"}],"up":[{"embeddable":true,"href":"https:\/\/www.pedagogie.ac-nice.fr\/eps\/wp-json\/wp\/v2\/pages\/5175"}],"wp:attachment":[{"href":"https:\/\/www.pedagogie.ac-nice.fr\/eps\/wp-json\/wp\/v2\/media?parent=152"}],"curies":[{"name":"wp","href":"https:\/\/api.w.org\/{rel}","templated":true}]}}