{"id":1546,"date":"2014-11-09T16:17:02","date_gmt":"2014-11-09T15:17:02","guid":{"rendered":"http:\/\/www.ac-nice.fr\/eps\/?page_id=1546"},"modified":"2024-09-05T16:47:49","modified_gmt":"2024-09-05T14:47:49","slug":"accroche1","status":"publish","type":"page","link":"https:\/\/www.pedagogie.ac-nice.fr\/eps\/formations\/accroche1\/","title":{"rendered":"Une formation innovante au service des enseignants"},"content":{"rendered":"<p><a href=\"https:\/\/magistere.education.fr\/ac-nice\/\" target=\"_blank\" rel=\"noopener\"><img loading=\"lazy\" decoding=\"async\" class=\"alignnone size-full wp-image-381\" src=\"https:\/\/www.pedagogie.ac-nice.fr\/eps\/wp-content\/uploads\/sites\/20\/2014\/01\/Ecole_numerique-1.jpg\" alt=\"Ecole_numerique\" width=\"260\" height=\"58\" \/><\/a><a href=\"https:\/\/magistere.education.fr\/ac-nice\/\" target=\"_blank\" rel=\"noopener\"><img loading=\"lazy\" decoding=\"async\" class=\"alignnone wp-image-1543\" src=\"https:\/\/www.pedagogie.ac-nice.fr\/eps\/wp-content\/uploads\/sites\/20\/2014\/11\/logomagistere-1.png\" alt=\"logomagistere\" width=\"243\" height=\"77\" \/><\/a><\/p>\n<p>M@gist\u00e8re est un dispositif de formation continue tutoy\u00e9e et interactive con\u00e7u pour tous les enseignants qui compl\u00e8te l&rsquo;offre de formation existante.<\/p>\n<p>Actuellement , vous pourrez y d\u00e9couvrir de nombreuses auto-formations, utile aux enseignants d&rsquo;EPS contractuels, certifi\u00e9s ou agr\u00e9g\u00e9s.<\/p>\n<h2>Auto-formation en distanciel : Accompagnement des contractuels en EPS<\/h2>\n<p dir=\"ltr\">Ce parcours de 1h30 a pour but d&rsquo;aider les contractuels dans leur prise de fonction.<br \/>\nUne partie est g\u00e9n\u00e9rale, elle concerne le m\u00e9tier d&rsquo;enseignant. La seconde est sp\u00e9cifique \u00e0 l&rsquo;enseignement de l&rsquo;EPS. Ce parcours n&rsquo;est pas un cadre qu&rsquo;il faut suivre absolument mais plut\u00f4t un guide dans la cr\u00e9ation et la conception de vos cycles.<\/p>\n<p><a href=\"https:\/\/magistere.education.fr\/ac-nice\/user\/index.php?id=9231\" target=\"_blank\" rel=\"noopener\"><img loading=\"lazy\" decoding=\"async\" class=\"aligncenter wp-image-5808\" src=\"https:\/\/www.pedagogie.ac-nice.fr\/eps\/wp-content\/uploads\/sites\/20\/2021\/09\/contractuels.png\" alt=\"\" width=\"499\" height=\"281\" srcset=\"https:\/\/www.pedagogie.ac-nice.fr\/eps\/wp-content\/uploads\/sites\/20\/2021\/09\/contractuels.png 1920w, https:\/\/www.pedagogie.ac-nice.fr\/eps\/wp-content\/uploads\/sites\/20\/2021\/09\/contractuels-300x169.png 300w, https:\/\/www.pedagogie.ac-nice.fr\/eps\/wp-content\/uploads\/sites\/20\/2021\/09\/contractuels-1024x576.png 1024w, https:\/\/www.pedagogie.ac-nice.fr\/eps\/wp-content\/uploads\/sites\/20\/2021\/09\/contractuels-768x432.png 768w, https:\/\/www.pedagogie.ac-nice.fr\/eps\/wp-content\/uploads\/sites\/20\/2021\/09\/contractuels-1536x864.png 1536w\" sizes=\"auto, (max-width: 499px) 100vw, 499px\" \/><\/a><\/p>\n<p>Ici, vous retrouverez une pr\u00e9sentation succincte, sur 8 pages, pour une <strong>prise en main rapide de Magist\u00e8re.<\/strong><\/p>\n<p style=\"text-align: center;\"><span style=\"font-size: 18pt;\"><a href=\"https:\/\/www.pedagogie.ac-nice.fr\/eps\/wp-content\/uploads\/sites\/20\/2021\/05\/Pre\u0301sentation-M@giste\u0300re-re\u0301sume\u0301.pdf\" target=\"_blank\" rel=\"noopener\">&#8211; T\u00e9l\u00e9charger le pdf pour une prise en main rapide de M@gist\u00e8re &#8211;\u00a0<\/a><\/span><\/p>\n<p style=\"text-align: center;\"><a href=\"https:\/\/www.pedagogie.ac-nice.fr\/eps\/wp-content\/uploads\/sites\/20\/2021\/05\/Pre\u0301sentation-M@giste\u0300re-re\u0301sume\u0301.pdf\" class=\"pdfemb-viewer\" style=\"\" data-width=\"max\" data-height=\"max\" data-toolbar=\"bottom\" data-toolbar-fixed=\"off\">Pre\u0301sentation M@giste\u0300re re\u0301sume\u0301<\/a><\/p>\n","protected":false},"excerpt":{"rendered":"<p>M@gist\u00e8re est un dispositif de formation continue tutoy\u00e9e et interactive con\u00e7u pour tous les enseignants qui compl\u00e8te l&rsquo;offre de formation existante. Actuellement , vous pourrez y d\u00e9couvrir de nombreuses auto-formations, utile aux enseignants d&rsquo;EPS contractuels, certifi\u00e9s ou agr\u00e9g\u00e9s. Auto-formation en distanciel : Accompagnement des contractuels en EPS Ce parcours de 1h30 a pour but d&rsquo;aider &hellip; <a href=\"https:\/\/www.pedagogie.ac-nice.fr\/eps\/formations\/accroche1\/\" class=\"more-link\">Continuer la lecture de <span class=\"screen-reader-text\">Une formation innovante au service des enseignants<\/span> <span class=\"meta-nav\">&rarr;<\/span><\/a><\/p>\n","protected":false},"author":130,"featured_media":0,"parent":14,"menu_order":0,"comment_status":"closed","ping_status":"closed","template":"","meta":{"footnotes":""},"class_list":["post-1546","page","type-page","status-publish","hentry"],"rttpg_featured_image_url":null,"rttpg_author":{"display_name":"Agn\u00e8s Raybaud","author_link":"https:\/\/www.pedagogie.ac-nice.fr\/eps\/author\/a-raybaud\/"},"rttpg_comment":0,"rttpg_category":null,"rttpg_excerpt":"M@gist\u00e8re est un dispositif de formation continue tutoy\u00e9e et interactive con\u00e7u pour tous les enseignants qui compl\u00e8te l&rsquo;offre de formation existante. Actuellement , vous pourrez y d\u00e9couvrir de nombreuses auto-formations, utile aux enseignants d&rsquo;EPS contractuels, certifi\u00e9s ou agr\u00e9g\u00e9s. Auto-formation en distanciel : Accompagnement des contractuels en EPS Ce parcours de 1h30 a pour but d&rsquo;aider\u2026","post_mailing_queue_ids":[],"_links":{"self":[{"href":"https:\/\/www.pedagogie.ac-nice.fr\/eps\/wp-json\/wp\/v2\/pages\/1546","targetHints":{"allow":["GET"]}}],"collection":[{"href":"https:\/\/www.pedagogie.ac-nice.fr\/eps\/wp-json\/wp\/v2\/pages"}],"about":[{"href":"https:\/\/www.pedagogie.ac-nice.fr\/eps\/wp-json\/wp\/v2\/types\/page"}],"author":[{"embeddable":true,"href":"https:\/\/www.pedagogie.ac-nice.fr\/eps\/wp-json\/wp\/v2\/users\/130"}],"replies":[{"embeddable":true,"href":"https:\/\/www.pedagogie.ac-nice.fr\/eps\/wp-json\/wp\/v2\/comments?post=1546"}],"version-history":[{"count":5,"href":"https:\/\/www.pedagogie.ac-nice.fr\/eps\/wp-json\/wp\/v2\/pages\/1546\/revisions"}],"predecessor-version":[{"id":7428,"href":"https:\/\/www.pedagogie.ac-nice.fr\/eps\/wp-json\/wp\/v2\/pages\/1546\/revisions\/7428"}],"up":[{"embeddable":true,"href":"https:\/\/www.pedagogie.ac-nice.fr\/eps\/wp-json\/wp\/v2\/pages\/14"}],"wp:attachment":[{"href":"https:\/\/www.pedagogie.ac-nice.fr\/eps\/wp-json\/wp\/v2\/media?parent=1546"}],"curies":[{"name":"wp","href":"https:\/\/api.w.org\/{rel}","templated":true}]}}