{"id":158,"date":"2014-01-10T19:41:07","date_gmt":"2014-01-10T18:41:07","guid":{"rendered":"http:\/\/www.ac-nice.fr\/eps\/?page_id=158"},"modified":"2024-10-03T10:25:41","modified_gmt":"2024-10-03T08:25:41","slug":"gestion-inaptitudes","status":"publish","type":"page","link":"https:\/\/www.pedagogie.ac-nice.fr\/eps\/appn-et-securite\/institutionnel\/gestion-inaptitudes\/","title":{"rendered":"Inaptitudes-Handicap"},"content":{"rendered":"<h2>GESTION DES INAPTITUDES ET CONTR\u00d4LE MEDICAL<\/h2>\n<ul style=\"list-style-type: square;\">\n<li><strong>Contr\u00f4le m\u00e9dical des inaptitudes \u00e0 la pratique de l&rsquo;\u00e9ducation physique et sportive dans les \u00e9tablissements d&rsquo;enseignement.<br \/>\n<\/strong><\/li>\n<\/ul>\n<p><a href=\"https:\/\/www.pedagogie.ac-nice.fr\/eps\/wp-content\/uploads\/sites\/20\/2018\/07\/Circulaire-n\u00b090-107-du-17-05-1990-Inaptitude-et-cours-obligatoire-EPS-2.pdf\" target=\"_blank\" rel=\"noopener noreferrer\">Circulaire n<sup>o<\/sup> 90-107 du <i>17 mai 1990<\/i><\/a><\/p>\n<ul style=\"list-style-type: square;\">\n<li><strong>Conditions de dispense totale aux examens<\/strong><\/li>\n<\/ul>\n<p>Seuls les handicaps ne permettant pas une pratique adapt\u00e9e au sens de la circulaire n\u00b0 94-137 du 30 mars 1994 donnent lieu \u00e0 une dispense d&rsquo;\u00e9preuve, (dont son annexe disponible au BOEN n\u00b0 15 du 14 avril 1999)<\/p>\n<p>Le certificat m\u00e9dical pr\u00e9vu par l&rsquo;article premier du d\u00e9cret n<sup>o<\/sup> 88-977 du 11 octobre 1988 \u00e9tabli par le m\u00e9decin de sant\u00e9 scolaire ou par le m\u00e9decin traitant doit indiquer le caract\u00e8re total ou partiel de l&rsquo;inaptitude. Il pr\u00e9cise \u00e9galement sa dur\u00e9e, qui ne peut exc\u00e9der l&rsquo;ann\u00e9e scolaire en cours.<\/p>\n<p>En cas d&rsquo;inaptitude partielle, le m\u00e9decin mentionne sur ce certificat, dans le respect du secret m\u00e9dical, toutes indications utiles permettant d&rsquo;adapter la pratique de l&rsquo;\u00e9ducation physique et sportive aux possibilit\u00e9s de l&rsquo;\u00e9l\u00e8ve.<\/p>\n<p>A cette fin, en r\u00e9f\u00e9rence au d\u00e9cret du 11octobre 1988 et \u00e0 l\u2019arr\u00eat\u00e9 du 13 septembre 1989, nous vous proposons <span style=\"font-size: 14pt;\"><strong><a href=\"https:\/\/www.pedagogie.ac-nice.fr\/eps\/wp-content\/uploads\/sites\/20\/2024\/10\/Certificat-Medical-AC-NICE-Vademecum-EPS-ADAPTEE.pdf\" target=\"_blank\" rel=\"noopener\">un certificat m\u00e9dical type \u00e0 usage scolaire<\/a>.<\/strong><\/span><\/p>\n<p><a href=\"https:\/\/www.pedagogie.ac-nice.fr\/eps\/wp-content\/uploads\/sites\/20\/2018\/07\/Arr\u00e9t\u00e9-89-dispense-eps-mod\u00e8le-dispense-1.pdf\" target=\"_blank\" rel=\"noopener noreferrer\">Arr\u00eat\u00e9 du 13-09-1989 &#8211; publi\u00e9 au BOEN n\u00b038 du 26-10-89 &#8211;<\/a><\/p>\n<h2>LE HANDICAP<\/h2>\n<p><strong>Loi du 11 f\u00e9vrier 2005 pour l\u2019\u00e9galit\u00e9 des droits et des chances, la participation et la citoyennet\u00e9 des personnes handicap\u00e9es<\/strong><\/p>\n<p><a title=\"Loi n\u00b0 2005-102 du 11 f\u00e9vrier 2005\" href=\"http:\/\/www.education.gouv.fr\/bo\/2006\/32\/MENE0602187C.htm\" target=\"_blank\" rel=\"noopener noreferrer\">Loi n\u00b0\u00a02005-102 du 11 f\u00e9vrier 2005<\/a><\/p>\n<p><strong>Int\u00e9gration scolaire des enfants et adolescents handicap\u00e9s.<\/strong><\/p>\n<p><a title=\"Circulaire n\u00b0 99-187 du 19-11-1999\" href=\"http:\/\/www.education.gouv.fr\/botexte\/bo991125\/MENE9902455C.htm\" target=\"_blank\" rel=\"noopener noreferrer\">Circulaire n\u00b0 99-187 du 19-11-1999<\/a><b><\/b><\/p>\n<h2>EDUCATION A LA SANTE<\/h2>\n<p>Orientations pour l\u2019\u00e9ducation \u00e0 la sant\u00e9 \u00e0 l\u2019\u00e9cole et au coll\u00e8ge<\/p>\n<div>\n<p><a href=\"http:\/\/www.education.gouv.fr\/botexte\/bo981203\/SCOE9802899C.htm\" target=\"_blank\" rel=\"noopener noreferrer\">Circulaire n\u00b0 98-237 du 24-11-98 &#8211; BO n\u00b045 du 03-12-1998<\/a><\/p>\n<\/div>\n<h2>VADEMECUM : SCOLARISER LES \u00c9L\u00c8VES \u00c0 BESOINS \u00c9DUCATIFS PARTICULIERS<\/h2>\n<p>Les acad\u00e9mies d\u2019Aix-Marseille et de Nice se mobilisent pour accompagner tous les personnels dans la construction des parcours personnalis\u00e9s et des dispositifs de scolarisation et d\u2019accompagnement.<\/p>\n<p><a href=\"https:\/\/www.pedagogie.ac-aix-marseille.fr\/upload\/docs\/application\/pdf\/2021-01\/vm-scolariser_les_eleves_a_besoins_educatifs_particuliers-_janv_21.pdf\" target=\"_blank\" rel=\"noopener noreferrer\"><img loading=\"lazy\" decoding=\"async\" class=\"aligncenter wp-image-4003\" src=\"https:\/\/www.pedagogie.ac-nice.fr\/eps\/wp-content\/uploads\/sites\/20\/2020\/01\/Vademecum-besoin-educatif-particulier-300x243.png\" alt=\"\" width=\"222\" height=\"180\" srcset=\"https:\/\/www.pedagogie.ac-nice.fr\/eps\/wp-content\/uploads\/sites\/20\/2020\/01\/Vademecum-besoin-educatif-particulier-300x243.png 300w, https:\/\/www.pedagogie.ac-nice.fr\/eps\/wp-content\/uploads\/sites\/20\/2020\/01\/Vademecum-besoin-educatif-particulier.png 400w\" sizes=\"auto, (max-width: 222px) 100vw, 222px\" \/><\/a><\/p>\n<h2>A voir \u00e9galement la page Ressources EPS adapt\u00e9e <a href=\"https:\/\/www.pedagogie.ac-nice.fr\/eps\/ressources-eps-adaptee\/\" target=\"_blank\" rel=\"noopener noreferrer\">en lien ici<\/a><\/h2>\n","protected":false},"excerpt":{"rendered":"<p>GESTION DES INAPTITUDES ET CONTR\u00d4LE MEDICAL Contr\u00f4le m\u00e9dical des inaptitudes \u00e0 la pratique de l&rsquo;\u00e9ducation physique et sportive dans les \u00e9tablissements d&rsquo;enseignement. Circulaire no 90-107 du 17 mai 1990 Conditions de dispense totale aux examens Seuls les handicaps ne permettant pas une pratique adapt\u00e9e au sens de la circulaire n\u00b0 94-137 du 30 mars 1994 &hellip; <a href=\"https:\/\/www.pedagogie.ac-nice.fr\/eps\/appn-et-securite\/institutionnel\/gestion-inaptitudes\/\" class=\"more-link\">Continuer la lecture de <span class=\"screen-reader-text\">Inaptitudes-Handicap<\/span> <span class=\"meta-nav\">&rarr;<\/span><\/a><\/p>\n","protected":false},"author":129,"featured_media":0,"parent":5175,"menu_order":0,"comment_status":"closed","ping_status":"closed","template":"","meta":{"footnotes":""},"class_list":["post-158","page","type-page","status-publish","hentry"],"rttpg_featured_image_url":null,"rttpg_author":{"display_name":"Fran\u00e7ois Meignaud","author_link":"https:\/\/www.pedagogie.ac-nice.fr\/eps\/author\/meignaud\/"},"rttpg_comment":0,"rttpg_category":null,"rttpg_excerpt":"GESTION DES INAPTITUDES ET CONTR\u00d4LE MEDICAL Contr\u00f4le m\u00e9dical des inaptitudes \u00e0 la pratique de l&rsquo;\u00e9ducation physique et sportive dans les \u00e9tablissements d&rsquo;enseignement. Circulaire no 90-107 du 17 mai 1990 Conditions de dispense totale aux examens Seuls les handicaps ne permettant pas une pratique adapt\u00e9e au sens de la circulaire n\u00b0 94-137 du 30 mars 1994\u2026","post_mailing_queue_ids":[],"_links":{"self":[{"href":"https:\/\/www.pedagogie.ac-nice.fr\/eps\/wp-json\/wp\/v2\/pages\/158","targetHints":{"allow":["GET"]}}],"collection":[{"href":"https:\/\/www.pedagogie.ac-nice.fr\/eps\/wp-json\/wp\/v2\/pages"}],"about":[{"href":"https:\/\/www.pedagogie.ac-nice.fr\/eps\/wp-json\/wp\/v2\/types\/page"}],"author":[{"embeddable":true,"href":"https:\/\/www.pedagogie.ac-nice.fr\/eps\/wp-json\/wp\/v2\/users\/129"}],"replies":[{"embeddable":true,"href":"https:\/\/www.pedagogie.ac-nice.fr\/eps\/wp-json\/wp\/v2\/comments?post=158"}],"version-history":[{"count":21,"href":"https:\/\/www.pedagogie.ac-nice.fr\/eps\/wp-json\/wp\/v2\/pages\/158\/revisions"}],"predecessor-version":[{"id":7465,"href":"https:\/\/www.pedagogie.ac-nice.fr\/eps\/wp-json\/wp\/v2\/pages\/158\/revisions\/7465"}],"up":[{"embeddable":true,"href":"https:\/\/www.pedagogie.ac-nice.fr\/eps\/wp-json\/wp\/v2\/pages\/5175"}],"wp:attachment":[{"href":"https:\/\/www.pedagogie.ac-nice.fr\/eps\/wp-json\/wp\/v2\/media?parent=158"}],"curies":[{"name":"wp","href":"https:\/\/api.w.org\/{rel}","templated":true}]}}