{"id":160,"date":"2014-01-10T19:44:50","date_gmt":"2014-01-10T18:44:50","guid":{"rendered":"http:\/\/www.ac-nice.fr\/eps\/?page_id=160"},"modified":"2023-12-21T14:30:13","modified_gmt":"2023-12-21T13:30:13","slug":"sorties-et-voyages","status":"publish","type":"page","link":"https:\/\/www.pedagogie.ac-nice.fr\/eps\/appn-et-securite\/institutionnel\/sorties-et-voyages\/","title":{"rendered":"Sorties et voyages scolaires"},"content":{"rendered":"<div><a href=\"https:\/\/www.pedagogie.ac-nice.fr\/eps\/wp-content\/uploads\/sites\/20\/2017\/09\/image-BO-1.png\"><img loading=\"lazy\" decoding=\"async\" class=\"alignnone wp-image-2348\" src=\"https:\/\/www.pedagogie.ac-nice.fr\/eps\/wp-content\/uploads\/sites\/20\/2017\/09\/image-BO-1-300x134.png\" alt=\"\" width=\"112\" height=\"50\" srcset=\"https:\/\/www.pedagogie.ac-nice.fr\/eps\/wp-content\/uploads\/sites\/20\/2017\/09\/image-BO-1-300x134.png 300w, https:\/\/www.pedagogie.ac-nice.fr\/eps\/wp-content\/uploads\/sites\/20\/2017\/09\/image-BO-1.png 538w\" sizes=\"auto, (max-width: 112px) 100vw, 112px\" \/><\/a>\u00a0\u00a0\u00a0\u00a0 <strong>Circulaire n<sup>o<\/sup> 96-248 du 25 octobre 1996\u00a0<\/strong><\/div>\n<div>\u00ab Surveillance des \u00e9l\u00e8ves dans le second degr\u00e9\u00bb.<\/div>\n<div>\n<div><\/div>\n<div><a href=\"https:\/\/www.pedagogie.ac-nice.fr\/eps\/wp-content\/uploads\/sites\/20\/2017\/09\/image-BO-1.png\"><img loading=\"lazy\" decoding=\"async\" class=\"alignnone wp-image-2348\" src=\"https:\/\/www.pedagogie.ac-nice.fr\/eps\/wp-content\/uploads\/sites\/20\/2017\/09\/image-BO-1-300x134.png\" alt=\"\" width=\"112\" height=\"50\" srcset=\"https:\/\/www.pedagogie.ac-nice.fr\/eps\/wp-content\/uploads\/sites\/20\/2017\/09\/image-BO-1-300x134.png 300w, https:\/\/www.pedagogie.ac-nice.fr\/eps\/wp-content\/uploads\/sites\/20\/2017\/09\/image-BO-1.png 538w\" sizes=\"auto, (max-width: 112px) 100vw, 112px\" \/><\/a> \u00a0\u00a0\u00a0 <a href=\"https:\/\/www.pedagogie.ac-nice.fr\/eps\/wp-content\/uploads\/sites\/20\/2023\/12\/sortie-scolaires-BO-n\u00b026-du-29-juin-2023-.pdf\" target=\"_blank\" rel=\"noopener\">Circulaire du 13 juin 2023 parue au BO n\u00b026 du 29 juin 2023<\/a><\/div>\n<div>\u00ab Sorties et voyages scolaires au coll\u00e8ge et au lyc\u00e9e\u00bb.<\/div>\n<\/div>\n<div><\/div>\n<div><\/div>\n<div>\n<div><a href=\"https:\/\/www.pedagogie.ac-nice.fr\/eps\/wp-content\/uploads\/sites\/20\/2017\/09\/image-BO-1.png\"><img loading=\"lazy\" decoding=\"async\" class=\"alignnone wp-image-2348\" src=\"https:\/\/www.pedagogie.ac-nice.fr\/eps\/wp-content\/uploads\/sites\/20\/2017\/09\/image-BO-1-300x134.png\" alt=\"\" width=\"112\" height=\"50\" srcset=\"https:\/\/www.pedagogie.ac-nice.fr\/eps\/wp-content\/uploads\/sites\/20\/2017\/09\/image-BO-1-300x134.png 300w, https:\/\/www.pedagogie.ac-nice.fr\/eps\/wp-content\/uploads\/sites\/20\/2017\/09\/image-BO-1.png 538w\" sizes=\"auto, (max-width: 112px) 100vw, 112px\" \/><\/a> \u00a0\u00a0\u00a0\u00a0\u00a0\u00a0\u00a0 <strong>Circulaire du 16 juillet 2013<br \/>\n<\/strong><\/div>\n<div>\u00abTransport et encadrement des \u00e9l\u00e8ves dans le cadre des sorties et voyages dans le 1er et 2nd degr\u00e9\u00bb.<\/div>\n<\/div>\n<div>\n<p>&nbsp;<\/p>\n<ul>\n<li>Une lettre de l&rsquo;administration centrale vient lever les doutes sur les \u00a0interrogations concernant le transport des \u00e9l\u00e8ves \u00e0 l&rsquo;occasion de ces activit\u00e9s.\u00a0<a href=\"https:\/\/www.pedagogie.ac-nice.fr\/eps\/wp-content\/uploads\/sites\/20\/2014\/11\/Conduite-des-v\u00e9hicules-transportant-des-\u00e9l\u00e8ves-par-les-enseignants-1.pdf\">DGESCO B3-3 n\u00b02011.0436 du 25 novembre 2011<\/a><\/li>\n<\/ul>\n<\/div>\n<ul style=\"list-style-type: square;\">\n<li>Ressources compl\u00e9mentaires concernant les voyages et sorties li\u00e9es aux APPN:<a href=\"https:\/\/www.pedagogie.ac-nice.fr\/eps\/appn-et-securite\/institutionnel\/\" target=\"_blank\" rel=\"noopener\"><img loading=\"lazy\" decoding=\"async\" class=\"aligncenter\" src=\"https:\/\/www.pedagogie.ac-nice.fr\/eps\/wp-content\/uploads\/sites\/20\/2021\/09\/1appnsecurite.png\" alt=\"\" width=\"296\" height=\"166\" \/><\/a><\/li>\n<\/ul>\n","protected":false},"excerpt":{"rendered":"<p>\u00a0\u00a0\u00a0\u00a0 Circulaire no 96-248 du 25 octobre 1996\u00a0 \u00ab Surveillance des \u00e9l\u00e8ves dans le second degr\u00e9\u00bb. \u00a0\u00a0\u00a0 Circulaire du 13 juin 2023 parue au BO n\u00b026 du 29 juin 2023 \u00ab Sorties et voyages scolaires au coll\u00e8ge et au lyc\u00e9e\u00bb. \u00a0\u00a0\u00a0\u00a0\u00a0\u00a0\u00a0 Circulaire du 16 juillet 2013 \u00abTransport et encadrement des \u00e9l\u00e8ves dans le cadre des &hellip; <a href=\"https:\/\/www.pedagogie.ac-nice.fr\/eps\/appn-et-securite\/institutionnel\/sorties-et-voyages\/\" class=\"more-link\">Continuer la lecture de <span class=\"screen-reader-text\">Sorties et voyages scolaires<\/span> <span class=\"meta-nav\">&rarr;<\/span><\/a><\/p>\n","protected":false},"author":129,"featured_media":0,"parent":5175,"menu_order":0,"comment_status":"closed","ping_status":"closed","template":"","meta":{"footnotes":""},"class_list":["post-160","page","type-page","status-publish","hentry"],"rttpg_featured_image_url":null,"rttpg_author":{"display_name":"Fran\u00e7ois Meignaud","author_link":"https:\/\/www.pedagogie.ac-nice.fr\/eps\/author\/meignaud\/"},"rttpg_comment":0,"rttpg_category":null,"rttpg_excerpt":"\u00a0\u00a0\u00a0\u00a0 Circulaire no 96-248 du 25 octobre 1996\u00a0 \u00ab Surveillance des \u00e9l\u00e8ves dans le second degr\u00e9\u00bb. \u00a0\u00a0\u00a0 Circulaire du 13 juin 2023 parue au BO n\u00b026 du 29 juin 2023 \u00ab Sorties et voyages scolaires au coll\u00e8ge et au lyc\u00e9e\u00bb. \u00a0\u00a0\u00a0\u00a0\u00a0\u00a0\u00a0 Circulaire du 16 juillet 2013 \u00abTransport et encadrement des \u00e9l\u00e8ves dans le cadre des\u2026","post_mailing_queue_ids":[],"_links":{"self":[{"href":"https:\/\/www.pedagogie.ac-nice.fr\/eps\/wp-json\/wp\/v2\/pages\/160","targetHints":{"allow":["GET"]}}],"collection":[{"href":"https:\/\/www.pedagogie.ac-nice.fr\/eps\/wp-json\/wp\/v2\/pages"}],"about":[{"href":"https:\/\/www.pedagogie.ac-nice.fr\/eps\/wp-json\/wp\/v2\/types\/page"}],"author":[{"embeddable":true,"href":"https:\/\/www.pedagogie.ac-nice.fr\/eps\/wp-json\/wp\/v2\/users\/129"}],"replies":[{"embeddable":true,"href":"https:\/\/www.pedagogie.ac-nice.fr\/eps\/wp-json\/wp\/v2\/comments?post=160"}],"version-history":[{"count":11,"href":"https:\/\/www.pedagogie.ac-nice.fr\/eps\/wp-json\/wp\/v2\/pages\/160\/revisions"}],"predecessor-version":[{"id":7194,"href":"https:\/\/www.pedagogie.ac-nice.fr\/eps\/wp-json\/wp\/v2\/pages\/160\/revisions\/7194"}],"up":[{"embeddable":true,"href":"https:\/\/www.pedagogie.ac-nice.fr\/eps\/wp-json\/wp\/v2\/pages\/5175"}],"wp:attachment":[{"href":"https:\/\/www.pedagogie.ac-nice.fr\/eps\/wp-json\/wp\/v2\/media?parent=160"}],"curies":[{"name":"wp","href":"https:\/\/api.w.org\/{rel}","templated":true}]}}