{"id":193,"date":"2014-01-17T13:16:24","date_gmt":"2014-01-17T12:16:24","guid":{"rendered":"http:\/\/www.ac-nice.fr\/eps\/?page_id=193"},"modified":"2021-09-13T20:37:50","modified_gmt":"2021-09-13T18:37:50","slug":"dnb","status":"publish","type":"page","link":"https:\/\/www.pedagogie.ac-nice.fr\/eps\/dnb\/","title":{"rendered":"Dipl\u00f4me National du Brevet"},"content":{"rendered":"<p><strong><span style=\"text-decoration: underline;\">Textes de r\u00e9f\u00e9rence :<\/span><\/strong><\/p>\n<ul style=\"list-style-type: square;\">\n<li>Arr\u00eat\u00e9 du 31 d\u00e9cembre 2015 publi\u00e9 au bulletin officiel n\u00b0 3 du 21 janvier 2016 modifi\u00e9 par <a href=\"https:\/\/www.pedagogie.ac-nice.fr\/eps\/wp-content\/uploads\/sites\/20\/2021\/09\/DNB_arrete_-27-11-2017_modalite-dattribution-modification.pdf\" target=\"_blank\" rel=\"noopener\">l&rsquo;arr\u00eat\u00e9 du 27 novembre 2017 relatif aux modalit\u00e9s d&rsquo;attribution.<\/a><\/li>\n<\/ul>\n<p>&nbsp;<\/p>\n<ul style=\"list-style-type: square;\">\n<li><a href=\"https:\/\/www.pedagogie.ac-nice.fr\/eps\/wp-content\/uploads\/sites\/20\/2021\/09\/DNB_note-de-service_22-12-2017_modalites-dattribution.pdf\" target=\"_blank\" rel=\"noopener\">Note de service n\u00b0 2017-172 du 22-12-2017 <\/a>publi\u00e9e au bulletin officiel n\u00b01 du 4 janvier 2018<\/li>\n<\/ul>\n<p>En conformit\u00e9 avec les nouvelles modalit\u00e9s de certification des \u00e9l\u00e8ves dans l&rsquo;attribution du DNB, des points essentiels sont \u00e0 prendre en consid\u00e9ration:<\/p>\n<p>Les enseignants d\u2019EPS, au m\u00eame titre que les professeurs de toutes les autres disciplines scolaires, \u00e9valuent le degr\u00e9 de ma\u00eetrise de leurs \u00e9l\u00e8ves dans les 5 domaines du socle commun dans le cadre du contr\u00f4le continu ;<br \/>\nUn positionnement des \u00e9l\u00e8ves sur une \u00e9chelle \u00e0 4 degr\u00e9s de ma\u00eetrise adoss\u00e9s chacun \u00e0 un nombre de points pr\u00e9cis (entre 10 et 50 points) se substitue \u00e0 une \u00e9valuation chiffr\u00e9e des moyennes obtenues sur l\u2019ann\u00e9e de 3\u00e8me pour le contr\u00f4le continu ( 400 points au total). A cela s\u2019ajoute 3 \u00e9preuves en contr\u00f4le terminal (300 points) .<\/p>\n<p>Les \u00e9l\u00e8ves d\u00e9clar\u00e9s inaptes totaux par une autorit\u00e9 m\u00e9dicale peuvent faire l\u2019objet d\u2019une \u00e9valuation en EPS sur les degr\u00e9s de maitrise du socle portant sur d\u2019autres domaines que l\u2019activit\u00e9 physique.<\/p>\n","protected":false},"excerpt":{"rendered":"<p>Textes de r\u00e9f\u00e9rence : Arr\u00eat\u00e9 du 31 d\u00e9cembre 2015 publi\u00e9 au bulletin officiel n\u00b0 3 du 21 janvier 2016 modifi\u00e9 par l&rsquo;arr\u00eat\u00e9 du 27 novembre 2017 relatif aux modalit\u00e9s d&rsquo;attribution. &nbsp; Note de service n\u00b0 2017-172 du 22-12-2017 publi\u00e9e au bulletin officiel n\u00b01 du 4 janvier 2018 En conformit\u00e9 avec les nouvelles modalit\u00e9s de certification &hellip; <a href=\"https:\/\/www.pedagogie.ac-nice.fr\/eps\/dnb\/\" class=\"more-link\">Continuer la lecture de <span class=\"screen-reader-text\">Dipl\u00f4me National du Brevet<\/span> <span class=\"meta-nav\">&rarr;<\/span><\/a><\/p>\n","protected":false},"author":129,"featured_media":0,"parent":0,"menu_order":1,"comment_status":"closed","ping_status":"closed","template":"","meta":{"footnotes":""},"class_list":["post-193","page","type-page","status-publish","hentry"],"rttpg_featured_image_url":null,"rttpg_author":{"display_name":"Fran\u00e7ois Meignaud","author_link":"https:\/\/www.pedagogie.ac-nice.fr\/eps\/author\/meignaud\/"},"rttpg_comment":0,"rttpg_category":null,"rttpg_excerpt":"Textes de r\u00e9f\u00e9rence : Arr\u00eat\u00e9 du 31 d\u00e9cembre 2015 publi\u00e9 au bulletin officiel n\u00b0 3 du 21 janvier 2016 modifi\u00e9 par l&rsquo;arr\u00eat\u00e9 du 27 novembre 2017 relatif aux modalit\u00e9s d&rsquo;attribution. &nbsp; Note de service n\u00b0 2017-172 du 22-12-2017 publi\u00e9e au bulletin officiel n\u00b01 du 4 janvier 2018 En conformit\u00e9 avec les nouvelles modalit\u00e9s de certification\u2026","post_mailing_queue_ids":[],"_links":{"self":[{"href":"https:\/\/www.pedagogie.ac-nice.fr\/eps\/wp-json\/wp\/v2\/pages\/193","targetHints":{"allow":["GET"]}}],"collection":[{"href":"https:\/\/www.pedagogie.ac-nice.fr\/eps\/wp-json\/wp\/v2\/pages"}],"about":[{"href":"https:\/\/www.pedagogie.ac-nice.fr\/eps\/wp-json\/wp\/v2\/types\/page"}],"author":[{"embeddable":true,"href":"https:\/\/www.pedagogie.ac-nice.fr\/eps\/wp-json\/wp\/v2\/users\/129"}],"replies":[{"embeddable":true,"href":"https:\/\/www.pedagogie.ac-nice.fr\/eps\/wp-json\/wp\/v2\/comments?post=193"}],"version-history":[{"count":3,"href":"https:\/\/www.pedagogie.ac-nice.fr\/eps\/wp-json\/wp\/v2\/pages\/193\/revisions"}],"predecessor-version":[{"id":5464,"href":"https:\/\/www.pedagogie.ac-nice.fr\/eps\/wp-json\/wp\/v2\/pages\/193\/revisions\/5464"}],"wp:attachment":[{"href":"https:\/\/www.pedagogie.ac-nice.fr\/eps\/wp-json\/wp\/v2\/media?parent=193"}],"curies":[{"name":"wp","href":"https:\/\/api.w.org\/{rel}","templated":true}]}}