{"id":2189,"date":"2017-01-06T17:28:54","date_gmt":"2017-01-06T16:28:54","guid":{"rendered":"http:\/\/www.ac-nice.fr\/eps\/?page_id=2189"},"modified":"2021-02-15T16:23:29","modified_gmt":"2021-02-15T15:23:29","slug":"veille-numerique","status":"publish","type":"page","link":"https:\/\/www.pedagogie.ac-nice.fr\/eps\/veille-numerique\/","title":{"rendered":"Veille Num\u00e9rique"},"content":{"rendered":"<h1>La lettre des Outils TICE<\/h1>\n<p><a href=\"https:\/\/outilstice.com\/\" target=\"_blank\" rel=\"noopener noreferrer\"><img loading=\"lazy\" decoding=\"async\" class=\"alignright wp-image-2214 size-medium\" src=\"https:\/\/www.pedagogie.ac-nice.fr\/eps\/wp-content\/uploads\/sites\/20\/2017\/01\/outils-tice-fidel-1-300x225.jpg\" width=\"300\" height=\"225\" srcset=\"https:\/\/www.pedagogie.ac-nice.fr\/eps\/wp-content\/uploads\/sites\/20\/2017\/01\/outils-tice-fidel-1-300x225.jpg 300w, https:\/\/www.pedagogie.ac-nice.fr\/eps\/wp-content\/uploads\/sites\/20\/2017\/01\/outils-tice-fidel-1.jpg 640w\" sizes=\"auto, (max-width: 300px) 100vw, 300px\" \/><\/a>Nous vous&nbsp; invitons \u00e0 d\u00e9couvrir le site de Fidel NAVAMUEL (en cliquant sur l&rsquo;image). Fidel nous y pr\u00e9sente de nombreuses applications plus int\u00e9ressantes les unes que les autres. Li\u00e9es au domaine de l&rsquo;\u00e9ducation, elles pourront vous \u00eatre utiles en EPS.&nbsp;<\/p>\n<p>L&rsquo;un des points forts est l&rsquo;inscription \u00e0 sa <a href=\"https:\/\/us13.list-manage.com\/subscribe?u=c989b5d3031360aed90e6238e&amp;id=9a03a1a0ff\" target=\"_blank\" rel=\"noopener\">newsletter hebdomadaire<\/a>. Chaque dimanche, faites parmi des 40 000 utilisateurs d\u00e9couvrant 4 nouvelles applications par semaine.<\/p>\n<p>Pour d\u00e9couvrir les applications li\u00e9es \u00e0 La Classe invers\u00e9e, <a href=\"https:\/\/outilstice.com\/category\/classe-inversee\/\" target=\"_blank\" rel=\"noopener noreferrer\">cliquez ICI !<\/a><\/p>\n<h1>Phobies 360 &#8211; La r\u00e9alit\u00e9 virtuelle pour lutter contre les phobies en EPS<\/h1>\n<p>Ce projet est initi\u00e9 par R\u00e9gis FAYAUBOST et S\u00e9bastien MAIRE, enseignants au coll\u00e8ge PICASSO (Vallauris) de l&rsquo;acad\u00e9mie de NICE. Il vise \u00e0 permettre \u00e0 certains \u00e9l\u00e8ves de surmonter leurs phobies, notamment en Escalade (vertige) et Natation (noyade). Pour cela, les enseignants ont eu recours \u00e0 une cam\u00e9ra 360\u00b0 ainsi que des masques de r\u00e9alit\u00e9 virtuelle.&nbsp;<\/p>\n<p><iframe loading=\"lazy\" title=\"ACROPHOBIE Atelier 2 PHOBIES 360\" width=\"604\" height=\"340\" src=\"https:\/\/www.youtube.com\/embed\/vk-jS1dGISg?feature=oembed\" frameborder=\"0\" allow=\"accelerometer; autoplay; clipboard-write; encrypted-media; gyroscope; picture-in-picture; web-share\" referrerpolicy=\"strict-origin-when-cross-origin\" allowfullscreen><\/iframe><\/p>\n<h1>YouTube &#8211; EPS &#8211; Classe invers\u00e9e<\/h1>\n<p>La chaine Youtube de K.MENET, enseignante d&rsquo;EPS dans l&rsquo;acad\u00e9mie de Nice recense plus de 18 000 abonn\u00e9es. Les vid\u00e9os ont \u00e9t\u00e9 visionn\u00e9es plus de 2,5 millions de fois. Son atout ? Proposer aux enseignants d&rsquo;EPS des <strong>capsules vid\u00e9os cl\u00e9s en main<\/strong> pour mieux comprendre le r\u00e8glement de Handball, progresser en gymnastique ou d\u00e9couvrir des s\u00e9ances de course d&rsquo;orientation.&nbsp;<\/p>\n<p><iframe loading=\"lazy\" title=\"Handball: R\u00e8glement simplifi\u00e9 et fairplay\" width=\"604\" height=\"340\" src=\"https:\/\/www.youtube.com\/embed\/ZDipcxS6NcE?feature=oembed\" frameborder=\"0\" allow=\"accelerometer; autoplay; clipboard-write; encrypted-media; gyroscope; picture-in-picture; web-share\" referrerpolicy=\"strict-origin-when-cross-origin\" allowfullscreen><\/iframe><\/p>\n<h1>La lettre d&rsquo;information Edu_Num EPS<\/h1>\n<p><a href=\"https:\/\/eduscol.education.fr\/eps\/edunum\/edunum-eps-21HS?_authenticator=ad68fc4739799aabfeab06e80107f72e35e97bf2\" target=\"_blank\" rel=\"noopener\">Lettre Edu_Num EPS n\u00b021 Hors s\u00e9rie (Mars 2020)<\/a><br \/>\n<a href=\"https:\/\/eduscol.education.fr\/eps\/edunum\/edunum-eps-20?_authenticator=ad68fc4739799aabfeab06e80107f72e35e97bf2\" target=\"_blank\" rel=\"noopener\">Lettre Edu_Num EPS n\u00b020 (Janvier 2020)<\/a><\/p>\n<p><a href=\"http:\/\/eduscol.education.fr\/eps\/edunum\/edunum-eps-19?_authenticator=129e29829492d124079c64051cacda56761e2168\">Lettre Tic&rsquo;Edu n\u00b019 (Janvier 2018)<img loading=\"lazy\" decoding=\"async\" class=\" wp-image-4829 alignright\" src=\"https:\/\/www.pedagogie.ac-nice.fr\/eps\/wp-content\/uploads\/sites\/20\/2021\/02\/logo-men.png\" alt=\"\" width=\"235\" height=\"185\"><\/a><br \/>\n<a href=\"http:\/\/eduscol.education.fr\/eps\/edunum\/edunum-eps-18?_authenticator=129e29829492d124079c64051cacda56761e2168\">Lettre Tic&rsquo;Edu n\u00b018 (F\u00e9vrier 2017)<\/a><br \/>\n<a href=\"https:\/\/contrib.eduscol.education.fr\/eps\/edunum\/ticedu-eps-17\">Lettre Tic&rsquo;Edu n\u00b017 (Janvier 2016)<\/a><br \/>\n<a href=\"https:\/\/contrib.eduscol.education.fr\/eps\/edunum\/ticedu-eps-16\" target=\"_blank\" rel=\"noopener noreferrer\">Lettre Tic&rsquo;Edu n\u00b016 (Novembre 2015)<\/a><br \/>\n<a href=\"http:\/\/eduscol.education.fr\/eps\/edunum\/ticedu-n15\" target=\"_blank\" rel=\"noopener noreferrer\">Lettre Tic&rsquo;Edu n\u00b014 (Octobre 2014)<\/a><br \/>\n<a href=\"http:\/\/eduscol.education.fr\/eps\/edunum\/archives\/2011-2015\/ticedu-n14\" target=\"_blank\" rel=\"noopener noreferrer\">Lettre Tic&rsquo;Edu n\u00b014 (Octobre 2013)<\/a><br \/>\n<a href=\"http:\/\/eduscol.education.fr\/eps\/edunum\/archives\/2011-2015\/ticedu-n13\" target=\"_blank\" rel=\"noopener noreferrer\">Lettre Tic&rsquo;Edu n\u00b013 (Octobre 2013)<\/a><\/p>\n<p>&nbsp;<\/p>\n","protected":false},"excerpt":{"rendered":"<p>La lettre des Outils TICE Nous vous&nbsp; invitons \u00e0 d\u00e9couvrir le site de Fidel NAVAMUEL (en cliquant sur l&rsquo;image). Fidel nous y pr\u00e9sente de nombreuses applications plus int\u00e9ressantes les unes que les autres. Li\u00e9es au domaine de l&rsquo;\u00e9ducation, elles pourront vous \u00eatre utiles en EPS.&nbsp; L&rsquo;un des points forts est l&rsquo;inscription \u00e0 sa newsletter hebdomadaire. &hellip; <a href=\"https:\/\/www.pedagogie.ac-nice.fr\/eps\/veille-numerique\/\" class=\"more-link\">Continuer la lecture de <span class=\"screen-reader-text\">Veille Num\u00e9rique<\/span> <span class=\"meta-nav\">&rarr;<\/span><\/a><\/p>\n","protected":false},"author":131,"featured_media":0,"parent":0,"menu_order":0,"comment_status":"closed","ping_status":"closed","template":"","meta":{"footnotes":""},"class_list":["post-2189","page","type-page","status-publish","hentry"],"rttpg_featured_image_url":null,"rttpg_author":{"display_name":"France Pissot","author_link":"https:\/\/www.pedagogie.ac-nice.fr\/eps\/author\/fpissot\/"},"rttpg_comment":0,"rttpg_category":null,"rttpg_excerpt":"La lettre des Outils TICE Nous vous&nbsp; invitons \u00e0 d\u00e9couvrir le site de Fidel NAVAMUEL (en cliquant sur l&rsquo;image). Fidel nous y pr\u00e9sente de nombreuses applications plus int\u00e9ressantes les unes que les autres. Li\u00e9es au domaine de l&rsquo;\u00e9ducation, elles pourront vous \u00eatre utiles en EPS.&nbsp; L&rsquo;un des points forts est l&rsquo;inscription \u00e0 sa newsletter hebdomadaire.\u2026","post_mailing_queue_ids":[],"_links":{"self":[{"href":"https:\/\/www.pedagogie.ac-nice.fr\/eps\/wp-json\/wp\/v2\/pages\/2189","targetHints":{"allow":["GET"]}}],"collection":[{"href":"https:\/\/www.pedagogie.ac-nice.fr\/eps\/wp-json\/wp\/v2\/pages"}],"about":[{"href":"https:\/\/www.pedagogie.ac-nice.fr\/eps\/wp-json\/wp\/v2\/types\/page"}],"author":[{"embeddable":true,"href":"https:\/\/www.pedagogie.ac-nice.fr\/eps\/wp-json\/wp\/v2\/users\/131"}],"replies":[{"embeddable":true,"href":"https:\/\/www.pedagogie.ac-nice.fr\/eps\/wp-json\/wp\/v2\/comments?post=2189"}],"version-history":[{"count":8,"href":"https:\/\/www.pedagogie.ac-nice.fr\/eps\/wp-json\/wp\/v2\/pages\/2189\/revisions"}],"predecessor-version":[{"id":4882,"href":"https:\/\/www.pedagogie.ac-nice.fr\/eps\/wp-json\/wp\/v2\/pages\/2189\/revisions\/4882"}],"wp:attachment":[{"href":"https:\/\/www.pedagogie.ac-nice.fr\/eps\/wp-json\/wp\/v2\/media?parent=2189"}],"curies":[{"name":"wp","href":"https:\/\/api.w.org\/{rel}","templated":true}]}}