{"id":2463,"date":"2017-09-21T15:23:57","date_gmt":"2017-09-21T14:23:57","guid":{"rendered":"http:\/\/www.ac-nice.fr\/eps\/?page_id=2463"},"modified":"2023-07-11T15:00:26","modified_gmt":"2023-07-11T13:00:26","slug":"groupe-ressource-eps-adaptee","status":"publish","type":"page","link":"https:\/\/www.pedagogie.ac-nice.fr\/eps\/groupe-ressource-eps-adaptee\/","title":{"rendered":"Groupe de travail EPS ADAPTEE"},"content":{"rendered":"<h2>COMPOSITION DU GROUPE ACAD\u00c9MIQUE &#8211; ANN\u00c9E SCOLAIRE 2022 2023<\/h2>\n<p>Le groupe est pilot\u00e9 par Mme M\u00e9nard IA IPR EPS et se compose des personnes suivantes :<\/p>\n<div class=\"grid\">\n<div class=\"grid2\">\n<aside class=\"fond-carte\">\n<h2>MENARD Christine<\/h2>\n<p><strong>IA IPR EPS<\/strong><\/p>\n<p>Rectorat de Nice<br \/>\n53 Avenue Cap de Croix &#8211; 06181 NICE<\/p>\n<p class=\"textright\">christine.menard@ac-nice.fr<\/p>\n<\/aside>\n<aside class=\"fond-carte\">\n<h2>AUJAME Pascale<\/h2>\n<p><strong>Enseignante EPS<\/strong><\/p>\n<p>Lyc\u00e9e Dumont d&rsquo;Urville &#8211; TOULON<\/p>\n<p>Ann\u00e9e Scolaire: 2017\/2018<\/p>\n<\/aside>\n<aside class=\"fond-carte\">\n<h2>BAUTIAS Patrice<\/h2>\n<p><strong>Enseignant EPS<\/strong><\/p>\n<p>Coll\u00e8ge et lyc\u00e9es Saint Joseph &#8211; Ollioules<\/p>\n<p>Ann\u00e9e scolaire: 2020\/2021\/2022\/2023<\/p>\n<\/aside>\n<aside class=\"fond-carte\">\n<h2>BELTRANDI S\u00e9bastien<\/h2>\n<p><strong>Enseignant EPS<\/strong><\/p>\n<p>Coll\u00e8ge et Lyc\u00e9e Stanislas &#8211; NICE<\/p>\n<p>Ann\u00e9e scolaire: 2020\/2021\/2022\/2023<\/p>\n<\/aside>\n<aside class=\"fond-carte\">\n<h2>BLANCHET Jean luc<\/h2>\n<p><strong>Enseignant EPS<\/strong><\/p>\n<p>Lyc\u00e9e Pierre et Marie Curie &#8211; MENTON<\/p>\n<p>Ann\u00e9es scolaires: 2017\/2018\/2019\/2020\/2021<\/p>\n<\/aside>\n<aside class=\"fond-carte\">\n<h2>BONNET Catherine<\/h2>\n<p><strong>Conseill\u00e8re Technique D\u00e9partementale<\/strong><\/p>\n<p>DSDEN 06 &#8211; NICE<\/p>\n<p>Ann\u00e9es scolaires: 2017\/2018\/2019\/2020\/2021\/2022<\/p>\n<\/aside>\n<aside class=\"fond-carte\">\n<h2>BOYE Sylvaine<\/h2>\n<p><strong>Enseignante EPS<\/strong><\/p>\n<p>Lyc\u00e9e Thierry Maulnier &#8211; NICE<\/p>\n<p>Ann\u00e9es scolaires: 2017\/2018\/2019<\/p>\n<\/aside>\n<aside class=\"fond-carte\">\n<h2>BROSSARD Sandrine<\/h2>\n<p><strong>Enseignante EPS<\/strong><\/p>\n<p>Coll\u00e8ge Ren\u00e9 Cassin &#8211; TOURETTES LEVENS<\/p>\n<p>Ann\u00e9es scolaires: 2017\/2018\/2019\/2020\/2021<\/p>\n<\/aside>\n<aside class=\"fond-carte\">\n<h2>CORRION Karine<\/h2>\n<p><strong>Enseignante EPS<\/strong><\/p>\n<p>STAPS &#8211; Universit\u00e9 C\u00f4te d&rsquo;Azur &#8211; NICE<\/p>\n<p>Ann\u00e9e scolaire: 2019\/2020<\/p>\n<\/aside>\n<aside class=\"fond-carte\">\n<h2>DECUGIS St\u00e9phane<\/h2>\n<p><strong>Enseignant EPS<\/strong><\/p>\n<p>Lyc\u00e9e Agricole &#8211; HYERES<\/p>\n<p>Ann\u00e9e scolaire: 2021\/2023<\/p>\n<\/aside>\n<aside class=\"fond-carte\">\n<h2>DILLET Julia<\/h2>\n<p><strong>Enseignante EPS<\/strong><\/p>\n<p>LP Escoffier &#8211; CAGNES SUR MER<\/p>\n<p>Ann\u00e9es scolaires: 2019\/2020\/2021\/2022\/2023<\/p>\n<\/aside>\n<aside class=\"fond-carte\">\n<h2>FABLET Olivier<\/h2>\n<p><strong>Enseignant EPS<br \/>\n<\/strong><\/p>\n<p>Lyc\u00e9e Guillaume Apolinaire &#8211; NICE<\/p>\n<p>Ann\u00e9es scolaires: 2017\/2018\/2019\/2020<\/p>\n<\/aside>\n<aside class=\"fond-carte\">\n<h2>GUELFUCCI Mireille<\/h2>\n<p><strong>Enseignante EPS <\/strong><\/p>\n<p>Lyc\u00e9e Paul Langevin &#8211; LA SEYNE SUR MER<\/p>\n<p>Ann\u00e9es scolaires: 2017\/2018\/2019\/2020<\/p>\n<\/aside>\n<aside class=\"fond-carte\">\n<h2>JEGOU C\u00e9line<\/h2>\n<p><strong>Enseignante EPS <\/strong><\/p>\n<p>Coll\u00e8ge La guicharde &#8211; SANARY<\/p>\n<p>Ann\u00e9es scolaires: 2019\/2020\/2021\/2022\/2023<\/p>\n<\/aside>\n<aside class=\"fond-carte\">\n<h2>LEBRUN Pascal<\/h2>\n<p><strong>Enseignant EPS <\/strong><\/p>\n<p>Coll\u00e8ge Villeneuve &#8211; FREJUS<\/p>\n<p>Ann\u00e9es scolaires: 2019\/2020\/2021\/2022\/2023<\/p>\n<\/aside>\n<aside class=\"fond-carte\">\n<h2>LETOCART Ann-maud<\/h2>\n<p><strong>Enseignante EPS <\/strong><\/p>\n<p>Lyc\u00e9e Auguste Renoir &#8211; CAGNES SUR MER<\/p>\n<p>Ann\u00e9es scolaires: 2020\/2021\/2022\/2023<\/p>\n<\/aside>\n<aside class=\"fond-carte\">\n<h2>LOGEART Karine<\/h2>\n<p><strong>Conseill\u00e8re Technique D\u00e9partementale<br \/>\n<\/strong><\/p>\n<p>DSDEN 83 &#8211; TOULON<\/p>\n<p>Ann\u00e9es scolaires: 2017\/2018\/2019\/2020\/2021\/2022\/2023<\/p>\n<\/aside>\n<aside class=\"fond-carte\">\n<h2>MICHEL Bruno<\/h2>\n<p><strong>Enseignant EPS<\/strong><\/p>\n<p>Coll\u00e8ge Saint Joseph La navarre &#8211; LA CRAU<\/p>\n<p>Ann\u00e9es scolaires: 2017\/2018\/2019\/2020<\/p>\n<\/aside>\n<aside class=\"fond-carte\">\n<h2>PAYEN Vincent<\/h2>\n<p><strong>Enseignant EPS<\/strong><\/p>\n<p>Lyc\u00e9e Costebelle &#8211; HYERES<\/p>\n<p>Ann\u00e9es scolaires: 2017\/2018\/2019\/2020\/2021\/2022\/2023<\/p>\n<\/aside>\n<aside class=\"fond-carte\">\n<h2>PERTUISET Sylvie<\/h2>\n<p><strong>Enseignante EPS<\/strong><\/p>\n<p>Lyc\u00e9e Massena &#8211; NICE<\/p>\n<p>Ann\u00e9es scolaires: 2017\/2018\/2019<\/p>\n<\/aside>\n<aside class=\"fond-carte\">\n<h2>ROGER Fr\u00e9d\u00e9ric<\/h2>\n<p><strong>Enseignant EPS<\/strong><\/p>\n<p>Coll\u00e8ge<\/p>\n<p>Ann\u00e9es scolaires: 2021\/2022\/2023<\/p>\n<\/aside>\n<aside class=\"fond-carte\">\n<h2>ROSSI David<\/h2>\n<p><strong>Enseignant EPS<\/strong><\/p>\n<p>Lyc\u00e9e Raynouard &#8211; BRIGNOLES<\/p>\n<p>Ann\u00e9es scolaires: 2017\/2018\/2019<\/p>\n<\/aside>\n<aside class=\"fond-carte\">\n<h2>ROUMEGOUS Pierre Jean<\/h2>\n<p><strong>Conseiller Technique D\u00e9partemental<\/strong><\/p>\n<p>DSDEN 06 &#8211; NICE<\/p>\n<p>Ann\u00e9es scolaires: 2022\/2023<\/p>\n<\/aside>\n<aside class=\"fond-carte\">\n<h2>RUSSIER Jean Philippe<\/h2>\n<p><strong>Enseignant EPS<\/strong><\/p>\n<p>Coll\u00e8ge de la Sine &#8211; VENCE<\/p>\n<p>Ann\u00e9es scolaires: 2019\/2020\/2021<\/p>\n<\/aside>\n<aside class=\"fond-carte\">\n<h2>SPINNHIRNY Thierry<\/h2>\n<p><strong>Enseignant EPS<\/strong><\/p>\n<p>Coll\u00e8ge La Peyrouas &#8211; LE MUY<\/p>\n<p>Ann\u00e9es scolaires: 2017\/2018\/2019<\/p>\n<\/aside>\n<aside class=\"fond-carte\">\n<h2>VIAL Caroline<\/h2>\n<p><strong>Enseignante EPS<\/strong><\/p>\n<p>Coll\u00e8ge La Peyrouas &#8211; LE MUY<\/p>\n<p>Ann\u00e9es scolaires: 2019\/2020\/2021\/2022\/2023<\/p>\n<\/aside>\n<aside class=\"fond-carte\">\n<h2>VIAL Nathalie<\/h2>\n<p><strong>Enseignante EPS<\/strong><\/p>\n<p>HOSP clinique les cadrans solaires &#8211; VENCE<\/p>\n<p>Ann\u00e9es scolaires: 2017\/2018\/2019\/2020<\/p>\n<\/aside>\n<aside class=\"fond-carte\">\n<h2>WEBER Lionel<\/h2>\n<p><strong>Enseignant EPS<\/strong><\/p>\n<p>Coll\u00e8ge Bellevue &#8211; BEAUSOLEIL<\/p>\n<p>Ann\u00e9e scolaire: 2020\/2021<\/p>\n<\/aside>\n<\/div>\n<\/div>\n","protected":false},"excerpt":{"rendered":"<p>COMPOSITION DU GROUPE ACAD\u00c9MIQUE &#8211; ANN\u00c9E SCOLAIRE 2022 2023 Le groupe est pilot\u00e9 par Mme M\u00e9nard IA IPR EPS et se compose des personnes suivantes : MENARD Christine IA IPR EPS Rectorat de Nice 53 Avenue Cap de Croix &#8211; 06181 NICE christine.menard@ac-nice.fr AUJAME Pascale Enseignante EPS Lyc\u00e9e Dumont d&rsquo;Urville &#8211; TOULON Ann\u00e9e Scolaire: 2017\/2018 &hellip; <a href=\"https:\/\/www.pedagogie.ac-nice.fr\/eps\/groupe-ressource-eps-adaptee\/\" class=\"more-link\">Continuer la lecture de <span class=\"screen-reader-text\">Groupe de travail EPS ADAPTEE<\/span> <span class=\"meta-nav\">&rarr;<\/span><\/a><\/p>\n","protected":false},"author":133,"featured_media":0,"parent":0,"menu_order":0,"comment_status":"closed","ping_status":"closed","template":"","meta":{"footnotes":""},"class_list":["post-2463","page","type-page","status-publish","hentry"],"rttpg_featured_image_url":null,"rttpg_author":{"display_name":"Karine Logeart","author_link":"https:\/\/www.pedagogie.ac-nice.fr\/eps\/author\/k-logeart\/"},"rttpg_comment":0,"rttpg_category":null,"rttpg_excerpt":"COMPOSITION DU GROUPE ACAD\u00c9MIQUE &#8211; ANN\u00c9E SCOLAIRE 2022 2023 Le groupe est pilot\u00e9 par Mme M\u00e9nard IA IPR EPS et se compose des personnes suivantes : MENARD Christine IA IPR EPS Rectorat de Nice 53 Avenue Cap de Croix &#8211; 06181 NICE christine.menard@ac-nice.fr AUJAME Pascale Enseignante EPS Lyc\u00e9e Dumont d&rsquo;Urville &#8211; TOULON Ann\u00e9e Scolaire: 2017\/2018\u2026","post_mailing_queue_ids":[],"_links":{"self":[{"href":"https:\/\/www.pedagogie.ac-nice.fr\/eps\/wp-json\/wp\/v2\/pages\/2463","targetHints":{"allow":["GET"]}}],"collection":[{"href":"https:\/\/www.pedagogie.ac-nice.fr\/eps\/wp-json\/wp\/v2\/pages"}],"about":[{"href":"https:\/\/www.pedagogie.ac-nice.fr\/eps\/wp-json\/wp\/v2\/types\/page"}],"author":[{"embeddable":true,"href":"https:\/\/www.pedagogie.ac-nice.fr\/eps\/wp-json\/wp\/v2\/users\/133"}],"replies":[{"embeddable":true,"href":"https:\/\/www.pedagogie.ac-nice.fr\/eps\/wp-json\/wp\/v2\/comments?post=2463"}],"version-history":[{"count":25,"href":"https:\/\/www.pedagogie.ac-nice.fr\/eps\/wp-json\/wp\/v2\/pages\/2463\/revisions"}],"predecessor-version":[{"id":6953,"href":"https:\/\/www.pedagogie.ac-nice.fr\/eps\/wp-json\/wp\/v2\/pages\/2463\/revisions\/6953"}],"wp:attachment":[{"href":"https:\/\/www.pedagogie.ac-nice.fr\/eps\/wp-json\/wp\/v2\/media?parent=2463"}],"curies":[{"name":"wp","href":"https:\/\/api.w.org\/{rel}","templated":true}]}}