{"id":3529,"date":"2018-12-13T09:41:31","date_gmt":"2018-12-13T08:41:31","guid":{"rendered":"https:\/\/www.pedagogie.ac-nice.fr\/eps\/?page_id=3529"},"modified":"2019-08-13T10:59:18","modified_gmt":"2019-08-13T08:59:18","slug":"plan-du-site","status":"publish","type":"page","link":"https:\/\/www.pedagogie.ac-nice.fr\/eps\/plan-du-site\/","title":{"rendered":"Plan du site"},"content":{"rendered":"<p><span style=\"text-decoration: underline;\"><span style=\"font-size: 18pt;\"><span style=\"font-family: 'arial black', sans-serif;\">\u21d2 Tout le plan du site en un coup d&rsquo;oeil :<\/span><\/span><\/span><\/p>\n<hr \/>\n<hr \/>\n<p><span style=\"color: #000000;\"><em><strong><a style=\"color: #000000;\" href=\"https:\/\/www.pedagogie.ac-nice.fr\/eps\/organisation-eps\/\" target=\"_blank\" rel=\"noopener noreferrer\">Organisation de l&rsquo;EPS :<\/a><\/strong><\/em><\/span><\/p>\n<ul style=\"list-style-type: circle;\">\n<li><a href=\"https:\/\/www.pedagogie.ac-nice.fr\/eps\/organisation-eps\/activites-etablissement\/\" target=\"_blank\" rel=\"noopener noreferrer\">Enseignement d&rsquo;une activit\u00e9 sp\u00e9cifique \u00e0 l&rsquo;\u00e9tablissement.<\/a><\/li>\n<li><a href=\"https:\/\/www.pedagogie.ac-nice.fr\/eps\/organisation-eps\/textes-officiels\/\" target=\"_blank\" rel=\"noopener noreferrer\">Les textes officiels.<\/a><\/li>\n<li><a href=\"https:\/\/www.pedagogie.ac-nice.fr\/eps\/organisation-eps\/securite\/\" target=\"_blank\" rel=\"noopener noreferrer\">La s\u00e9curit\u00e9.<\/a><\/li>\n<li><a href=\"https:\/\/www.pedagogie.ac-nice.fr\/eps\/organisation-eps\/natation\/\" target=\"_blank\" rel=\"noopener noreferrer\">La natation<\/a>\n<ul style=\"list-style-type: circle;\">\n<li><a href=\"https:\/\/www.pedagogie.ac-nice.fr\/eps\/savoir-nager\/\" target=\"_blank\" rel=\"noopener noreferrer\">Le Savoir-nager<\/a><\/li>\n<\/ul>\n<\/li>\n<li><a href=\"https:\/\/www.pedagogie.ac-nice.fr\/eps\/organisation-eps\/appn\/\" target=\"_blank\" rel=\"noopener noreferrer\">Les APPN<\/a>\n<ul style=\"list-style-type: circle;\">\n<li><a href=\"https:\/\/www.pedagogie.ac-nice.fr\/eps\/vademecum-appn-version-article\/\" target=\"_blank\" rel=\"noopener noreferrer\">Vad\u00e9m\u00e9cum APPN<\/a><\/li>\n<li><a href=\"https:\/\/www.pedagogie.ac-nice.fr\/eps\/organisation-eps\/appn\/video-escalade\/\" target=\"_blank\" rel=\"noopener noreferrer\">Escalade<\/a><\/li>\n<\/ul>\n<\/li>\n<li><a href=\"https:\/\/www.pedagogie.ac-nice.fr\/eps\/organisation-eps\/gestion-inaptitude\/\" target=\"_blank\" rel=\"noopener noreferrer\">La gestion des inaptitudes<\/a><\/li>\n<li><a href=\"https:\/\/www.pedagogie.ac-nice.fr\/eps\/organisation-eps\/deplacements-eleves\/\" target=\"_blank\" rel=\"noopener noreferrer\">Les d\u00e9placements des \u00e9l\u00e8ves<\/a><\/li>\n<\/ul>\n<hr \/>\n<p><em><strong>Programme :<\/strong><\/em><\/p>\n<ul style=\"list-style-type: circle;\">\n<li><a href=\"https:\/\/www.pedagogie.ac-nice.fr\/eps\/programmes\/college\/\" target=\"_blank\" rel=\"noopener noreferrer\">Le coll\u00e8ge<\/a>\n<ul style=\"list-style-type: circle;\">\n<li><a href=\"https:\/\/www.pedagogie.ac-nice.fr\/eps\/programmes\/college\/enseignement-obligatoire\/\" target=\"_blank\" rel=\"noopener noreferrer\">Enseignement obligatoire au coll\u00e8ge<\/a>\n<ul style=\"list-style-type: circle;\">\n<li><a href=\"https:\/\/www.pedagogie.ac-nice.fr\/eps\/programmes\/college\/enseignement-obligatoire\/fiches-ressource\/\" target=\"_blank\" rel=\"noopener noreferrer\">Fiches ressources coll\u00e8ge<\/a><\/li>\n<\/ul>\n<\/li>\n<li><a href=\"https:\/\/www.pedagogie.ac-nice.fr\/eps\/programmes\/college\/segpa\/\" target=\"_blank\" rel=\"noopener noreferrer\">SEGPA<\/a><\/li>\n<li><a href=\"https:\/\/www.pedagogie.ac-nice.fr\/eps\/programmes\/college\/ulis\/\" target=\"_blank\" rel=\"noopener noreferrer\">ULIS<\/a><\/li>\n<\/ul>\n<\/li>\n<li><a href=\"https:\/\/www.pedagogie.ac-nice.fr\/eps\/programmes\/lycee\/\" target=\"_blank\" rel=\"noopener noreferrer\">Lyc\u00e9e g\u00e9n\u00e9ral et technologique<\/a>\n<ul style=\"list-style-type: circle;\">\n<li><a href=\"https:\/\/www.pedagogie.ac-nice.fr\/eps\/programmes\/lycee\/enseignement-obligatoire\/\" target=\"_blank\" rel=\"noopener noreferrer\">Les enseignements obligatoires<\/a>\n<ul style=\"list-style-type: circle;\">\n<li><a href=\"https:\/\/www.pedagogie.ac-nice.fr\/eps\/programmes\/lycee\/enseignement-obligatoire\/fiches-ressources\/\" target=\"_blank\" rel=\"noopener noreferrer\">Fiches ressources LGT<\/a><\/li>\n<\/ul>\n<\/li>\n<\/ul>\n<\/li>\n<li><a href=\"https:\/\/www.pedagogie.ac-nice.fr\/eps\/programmes\/lycee-professionnel\/\" target=\"_blank\" rel=\"noopener noreferrer\">Lyc\u00e9e professionnel<\/a>\n<ul style=\"list-style-type: circle;\">\n<li><a href=\"https:\/\/www.pedagogie.ac-nice.fr\/eps\/programmes\/lycee-professionnel\/fiches-ressources\/\" target=\"_blank\" rel=\"noopener noreferrer\">Fiches ressources LP<\/a><\/li>\n<\/ul>\n<\/li>\n<li><a href=\"https:\/\/www.pedagogie.ac-nice.fr\/eps\/programmes\/cfa\/\" target=\"_blank\" rel=\"noopener noreferrer\">CFA<\/a><\/li>\n<li><a href=\"https:\/\/www.pedagogie.ac-nice.fr\/eps\/programmes\/cpge\/\" target=\"_blank\" rel=\"noopener noreferrer\">CPGE<\/a><\/li>\n<\/ul>\n<hr \/>\n<p><span style=\"color: #000000;\"><em><strong><a style=\"color: #000000;\" href=\"https:\/\/www.pedagogie.ac-nice.fr\/eps\/examens\/\" target=\"_blank\" rel=\"noopener noreferrer\"> Examen\u00a0<\/a><\/strong><\/em><\/span><\/p>\n<ul style=\"list-style-type: circle;\">\n<li><a href=\"https:\/\/www.pedagogie.ac-nice.fr\/eps\/examens\/dnb\/\" target=\"_blank\" rel=\"noopener noreferrer\">Dipl\u00f4me National du Brevet<\/a><\/li>\n<li><a href=\"https:\/\/www.pedagogie.ac-nice.fr\/eps\/examens\/cap-bep\/\" target=\"_blank\" rel=\"noopener noreferrer\">Les CAP &#8211; BEP<\/a><\/li>\n<li><a href=\"https:\/\/www.pedagogie.ac-nice.fr\/eps\/examens\/bac-pro\/\" target=\"_blank\" rel=\"noopener noreferrer\">Baccalaur\u00e9at Professionnel<\/a><\/li>\n<li><a href=\"https:\/\/www.pedagogie.ac-nice.fr\/eps\/examens\/bac-gt\/\" target=\"_blank\" rel=\"noopener noreferrer\">Baccalaur\u00e9at G\u00e9n\u00e9ral et Technologique<\/a><\/li>\n<li><a href=\"https:\/\/www.pedagogie.ac-nice.fr\/eps\/examens\/calendrier-examen\/\" target=\"_blank\" rel=\"noopener noreferrer\">Calendrier acad\u00e9mique des \u00e9preuves ponctuelles<\/a><\/li>\n<li><a href=\"https:\/\/www.pedagogie.ac-nice.fr\/eps\/examens\/cfa\/\" target=\"_blank\" rel=\"noopener noreferrer\">CFA<\/a><\/li>\n<li><a href=\"https:\/\/www.pedagogie.ac-nice.fr\/eps\/examens\/sportif-haut-niveau\/\" target=\"_blank\" rel=\"noopener noreferrer\">Sportifs haut niveau<\/a><\/li>\n<li><a href=\"https:\/\/www.pedagogie.ac-nice.fr\/eps\/examens\/commission-academique\/\" target=\"_blank\" rel=\"noopener noreferrer\">Commission acad\u00e9mique<\/a><\/li>\n<li><a href=\"https:\/\/www.pedagogie.ac-nice.fr\/eps\/examens\/commission-nationale\/\" target=\"_blank\" rel=\"noopener noreferrer\">Commission Nationale<\/a><\/li>\n<\/ul>\n<hr \/>\n<p><span style=\"color: #000000;\"><em><strong><a style=\"color: #000000;\" href=\"https:\/\/www.pedagogie.ac-nice.fr\/eps\/formations\/\" target=\"_blank\" rel=\"noopener noreferrer\">\u00a0Formations<\/a><\/strong><\/em><\/span><\/p>\n<ul style=\"list-style-type: circle;\">\n<li><a href=\"https:\/\/www.pedagogie.ac-nice.fr\/eps\/formations\/inscription-paf\/\" target=\"_blank\" rel=\"noopener noreferrer\">Inscription PAF<\/a><\/li>\n<li><a href=\"https:\/\/www.pedagogie.ac-nice.fr\/eps\/formations\/bassin\/\" target=\"_blank\" rel=\"noopener noreferrer\">Formations de Bassins<\/a><\/li>\n<li><a href=\"https:\/\/www.pedagogie.ac-nice.fr\/eps\/formations\/academiques\/\" target=\"_blank\" rel=\"noopener noreferrer\">Formations acad\u00e9miques<\/a><\/li>\n<li><a href=\"https:\/\/www.pedagogie.ac-nice.fr\/eps\/formations\/initiale\/\" target=\"_blank\" rel=\"noopener noreferrer\">Formations initiales<\/a><\/li>\n<li><a href=\"https:\/\/www.pedagogie.ac-nice.fr\/eps\/formations\/formation-concours\/\" target=\"_blank\" rel=\"noopener noreferrer\">Formations concours<\/a><\/li>\n<li><a href=\"https:\/\/www.pedagogie.ac-nice.fr\/eps\/formations\/accroche1\/\" target=\"_blank\" rel=\"noopener noreferrer\">M@gist\u00e8re<\/a><\/li>\n<\/ul>\n<hr \/>\n<p><span style=\"color: #000000;\"><em><strong><a style=\"color: #000000;\" href=\"https:\/\/www.pedagogie.ac-nice.fr\/eps\/a-s\/\" target=\"_blank\" rel=\"noopener noreferrer\">Association Sportive<\/a><\/strong><\/em><\/span><\/p>\n<ul style=\"list-style-type: circle;\">\n<li><a href=\"https:\/\/www.pedagogie.ac-nice.fr\/eps\/a-s\/vie-as\/\" target=\"_blank\" rel=\"noopener noreferrer\">Vie des AS<\/a><\/li>\n<\/ul>\n<hr \/>\n<p><span style=\"color: #000000;\"><em><strong><a style=\"color: #000000;\" href=\"https:\/\/www.pedagogie.ac-nice.fr\/eps\/autres-dispositifs\/\" target=\"_blank\" rel=\"noopener noreferrer\">\u00a0Autres dispositifs<\/a><\/strong><\/em><\/span><\/p>\n<ul style=\"list-style-type: circle;\">\n<li><a href=\"https:\/\/www.pedagogie.ac-nice.fr\/eps\/autres-dispositifs\/section-sportive-scolaire\/\" target=\"_blank\" rel=\"noopener noreferrer\">Les Sections Sportives Scolaires<\/a><\/li>\n<li><a href=\"https:\/\/www.pedagogie.ac-nice.fr\/eps\/autres-dispositifs\/enseignement-artistique\/\" target=\"_blank\" rel=\"noopener noreferrer\">L&rsquo;enseignement artistique<\/a><\/li>\n<li><a href=\"https:\/\/www.pedagogie.ac-nice.fr\/eps\/autres-dispositifs\/haut-niveau\/\" target=\"_blank\" rel=\"noopener noreferrer\">Le Haut Niveau<\/a><\/li>\n<\/ul>\n<hr \/>\n<p><em><strong>IA-IPR<\/strong><\/em><\/p>\n<ul style=\"list-style-type: circle;\">\n<li><a href=\"https:\/\/www.pedagogie.ac-nice.fr\/eps\/organisation-inspection\/\" target=\"_blank\" rel=\"noopener noreferrer\">Organisation de l&rsquo;inspection<\/a><\/li>\n<li><a href=\"https:\/\/www.pedagogie.ac-nice.fr\/eps\/lettre-rentree-2015\/\" target=\"_blank\" rel=\"noopener noreferrer\">Lettre de rentr\u00e9e<\/a><\/li>\n<li><a href=\"https:\/\/www.pedagogie.ac-nice.fr\/eps\/repartition-bassins\/\" target=\"_blank\" rel=\"noopener noreferrer\">R\u00e9partition bassins<\/a><\/li>\n<li><a href=\"https:\/\/www.pedagogie.ac-nice.fr\/eps\/rendez-vous-carriere\/\" target=\"_blank\" rel=\"noopener noreferrer\">Accompagnement des enseignants<\/a><\/li>\n<\/ul>\n<hr \/>\n<p><em><strong>Ressources<\/strong><\/em><\/p>\n<ul style=\"list-style-type: circle;\">\n<li><a href=\"https:\/\/www.pedagogie.ac-nice.fr\/eps\/page-ressources-numeriques-maj-2019\/\" target=\"_blank\" rel=\"noopener noreferrer\">Ressources num\u00e9riques<\/a><\/li>\n<li><a href=\"https:\/\/www.pedagogie.ac-nice.fr\/eps\/ressources-college\/\" target=\"_blank\" rel=\"noopener noreferrer\">Ressources Coll\u00e8ge<\/a><\/li>\n<li><a href=\"https:\/\/www.pedagogie.ac-nice.fr\/eps\/ressources-eps-adaptee\/\" target=\"_blank\" rel=\"noopener noreferrer\">Ressources EPS adapt\u00e9e<\/a><\/li>\n<\/ul>\n<hr \/>\n<p><em><strong>Groupes Ressources<\/strong><\/em><\/p>\n<ul style=\"list-style-type: circle;\">\n<li><a href=\"https:\/\/www.pedagogie.ac-nice.fr\/eps\/groupe-personnes-ressource-numerique\/\" target=\"_blank\" rel=\"noopener noreferrer\">Groupe Ressources Num\u00e9riques<\/a><\/li>\n<li><a href=\"https:\/\/www.pedagogie.ac-nice.fr\/eps\/groupe-ressource-college\/\" target=\"_blank\" rel=\"noopener noreferrer\">Groupe Ressources Coll\u00e8ge<\/a><\/li>\n<li><a href=\"https:\/\/www.pedagogie.ac-nice.fr\/eps\/groupe-ressource-eps-adaptee\/\" target=\"_blank\" rel=\"noopener noreferrer\">Groupe Ressources EPS adapt\u00e9e<\/a><\/li>\n<\/ul>\n<hr \/>\n<p><em><strong>Liens R\u00e9gionaux<\/strong><\/em><\/p>\n<ul style=\"list-style-type: circle;\">\n<li><a href=\"http:\/\/www2.ac-nice.fr\/DSDEN06\/pid30544\/dsden-des-alpes-maritimes.html\" target=\"_blank\" rel=\"noopener noreferrer\">Direction des services d\u00e9partementaux 06<\/a><\/li>\n<li><a href=\"http:\/\/www2.ac-nice.fr\/DSDEN83\/pid29842\/accueil-dsden-du-var.html\" target=\"_blank\" rel=\"noopener noreferrer\">Direction des services d\u00e9partementaux 83<\/a><\/li>\n<li><a href=\"http:\/\/unice.fr\" target=\"_blank\" rel=\"noopener noreferrer\">Universit\u00e9 Nice Sophia Antipolis<\/a><\/li>\n<li><a href=\"http:\/\/espe-nice-toulon.fr\/accueil\" target=\"_blank\" rel=\"noopener noreferrer\">ESPE de l&rsquo;acad\u00e9mie de Nice<\/a><\/li>\n<li><a href=\"https:\/\/unss.org\" target=\"_blank\" rel=\"noopener noreferrer\">UNSS<\/a><\/li>\n<\/ul>\n<p><em><strong>Liens gouvernementaux<\/strong><\/em><\/p>\n<ul style=\"list-style-type: circle;\">\n<li><a href=\"http:\/\/www.education.gouv.fr\" target=\"_blank\" rel=\"noopener noreferrer\">Minist\u00e8re de l&rsquo;Education nationale<\/a><\/li>\n<li><a href=\"http:\/\/www.enseignementsup-recherche.gouv.fr\" target=\"_blank\" rel=\"noopener noreferrer\">Minist\u00e8re de l&rsquo;Enseignement sup\u00e9rieur et de la recherche<\/a><\/li>\n<li><a href=\"http:\/\/eduscol.education.fr\" target=\"_blank\" rel=\"noopener noreferrer\">Eduscol Portail national des professionnels de l&rsquo;\u00e9ducation<\/a><\/li>\n<li><a href=\"http:\/\/publinetce2.education.fr\/publinet\/Servlet\/PublinetServlet?_page=ACCUEIL\" target=\"_blank\" rel=\"noopener noreferrer\">Concours enseignement du second degr\u00e9<\/a><\/li>\n<\/ul>\n<p><em><strong>Liens divers<\/strong><\/em><\/p>\n<ul style=\"list-style-type: circle;\">\n<li><a href=\"http:\/\/www.cndp.fr\/crdp-nice\/\" target=\"_blank\" rel=\"noopener noreferrer\">CRDP<\/a><\/li>\n<li><a href=\"http:\/\/www.onisep.fr\/Pres-de-chez-vous\/Provence-Alpes-Cote-d-Azur\/Nice\" target=\"_blank\" rel=\"noopener noreferrer\">DRONISEP<\/a><\/li>\n<li><a href=\"http:\/\/www.education.gouv.fr\/pid285\/le-bulletin-officiel.html\" target=\"_blank\" rel=\"noopener noreferrer\">Le Bulletin Officiel<\/a><\/li>\n<li><a href=\"http:\/\/www.crous-nice.fr\/?lang=fr\" target=\"_blank\" rel=\"noopener noreferrer\">CROUS<\/a><\/li>\n<\/ul>\n<p>&nbsp;<\/p>\n<p>&nbsp;<\/p>\n","protected":false},"excerpt":{"rendered":"<p>\u21d2 Tout le plan du site en un coup d&rsquo;oeil : Organisation de l&rsquo;EPS : Enseignement d&rsquo;une activit\u00e9 sp\u00e9cifique \u00e0 l&rsquo;\u00e9tablissement. Les textes officiels. La s\u00e9curit\u00e9. La natation Le Savoir-nager Les APPN Vad\u00e9m\u00e9cum APPN Escalade La gestion des inaptitudes Les d\u00e9placements des \u00e9l\u00e8ves Programme : Le coll\u00e8ge Enseignement obligatoire au coll\u00e8ge Fiches ressources coll\u00e8ge SEGPA &hellip; <a href=\"https:\/\/www.pedagogie.ac-nice.fr\/eps\/plan-du-site\/\" class=\"more-link\">Continuer la lecture de <span class=\"screen-reader-text\">Plan du site<\/span> <span class=\"meta-nav\">&rarr;<\/span><\/a><\/p>\n","protected":false},"author":1,"featured_media":0,"parent":0,"menu_order":0,"comment_status":"closed","ping_status":"closed","template":"","meta":{"footnotes":""},"class_list":["post-3529","page","type-page","status-publish","hentry"],"rttpg_featured_image_url":null,"rttpg_author":{"display_name":"norco","author_link":"https:\/\/www.pedagogie.ac-nice.fr\/eps\/author\/norco\/"},"rttpg_comment":0,"rttpg_category":null,"rttpg_excerpt":"\u21d2 Tout le plan du site en un coup d&rsquo;oeil : Organisation de l&rsquo;EPS : Enseignement d&rsquo;une activit\u00e9 sp\u00e9cifique \u00e0 l&rsquo;\u00e9tablissement. Les textes officiels. La s\u00e9curit\u00e9. La natation Le Savoir-nager Les APPN Vad\u00e9m\u00e9cum APPN Escalade La gestion des inaptitudes Les d\u00e9placements des \u00e9l\u00e8ves Programme : Le coll\u00e8ge Enseignement obligatoire au coll\u00e8ge Fiches ressources coll\u00e8ge SEGPA\u2026","post_mailing_queue_ids":[],"_links":{"self":[{"href":"https:\/\/www.pedagogie.ac-nice.fr\/eps\/wp-json\/wp\/v2\/pages\/3529","targetHints":{"allow":["GET"]}}],"collection":[{"href":"https:\/\/www.pedagogie.ac-nice.fr\/eps\/wp-json\/wp\/v2\/pages"}],"about":[{"href":"https:\/\/www.pedagogie.ac-nice.fr\/eps\/wp-json\/wp\/v2\/types\/page"}],"author":[{"embeddable":true,"href":"https:\/\/www.pedagogie.ac-nice.fr\/eps\/wp-json\/wp\/v2\/users\/1"}],"replies":[{"embeddable":true,"href":"https:\/\/www.pedagogie.ac-nice.fr\/eps\/wp-json\/wp\/v2\/comments?post=3529"}],"version-history":[{"count":4,"href":"https:\/\/www.pedagogie.ac-nice.fr\/eps\/wp-json\/wp\/v2\/pages\/3529\/revisions"}],"predecessor-version":[{"id":3705,"href":"https:\/\/www.pedagogie.ac-nice.fr\/eps\/wp-json\/wp\/v2\/pages\/3529\/revisions\/3705"}],"wp:attachment":[{"href":"https:\/\/www.pedagogie.ac-nice.fr\/eps\/wp-json\/wp\/v2\/media?parent=3529"}],"curies":[{"name":"wp","href":"https:\/\/api.w.org\/{rel}","templated":true}]}}