{"id":3532,"date":"2018-12-13T09:44:59","date_gmt":"2018-12-13T08:44:59","guid":{"rendered":"https:\/\/www.pedagogie.ac-nice.fr\/eps\/?page_id=3532"},"modified":"2022-03-16T14:36:23","modified_gmt":"2022-03-16T13:36:23","slug":"mentions-legales","status":"publish","type":"page","link":"https:\/\/www.pedagogie.ac-nice.fr\/eps\/mentions-legales\/","title":{"rendered":"mentions-legales"},"content":{"rendered":"<p><span style=\"color: #333399;\"><strong><span style=\"font-size: 14pt;\">Mentions l\u00e9gales &#8211; cr\u00e9dits<\/span><\/strong><\/span><\/p>\n<hr>\n<p><strong>Informations l\u00e9gales concernant le site disciplinaire EPS de l&rsquo;Acad\u00e9mie de Nice.<\/strong><\/p>\n<ul>\n<li><span style=\"color: #000080; font-size: 10pt;\">Directeur de publication &#8211; Responsable de la r\u00e9daction<\/span><\/li>\n<li><span style=\"color: #000080; font-size: 10pt;\">Cookies<\/span><\/li>\n<li><span style=\"color: #000080; font-size: 10pt;\">Protection des donn\u00e9es personnelles<\/span><\/li>\n<\/ul>\n<p><span style=\"color: #333399;\"><strong>Directeur de publication &#8211; Responsable de la publication :<\/strong><\/span><\/p>\n<hr>\n<p><span style=\"font-size: 10pt;\"><strong>Benjamin FANJAUD<\/strong><\/span><\/p>\n<p><span style=\"font-size: 10pt;\">IA-IPR EPS Acad\u00e9mie de Nice<\/span><\/p>\n<p><span style=\"font-size: 10pt;\"><strong>Raison sociale et h\u00e9bergeur&nbsp;:<\/strong><\/span><br \/>\n<span style=\"font-size: 10pt;\">Rectorat de l&rsquo;acad\u00e9mie de Nice<\/span><br \/>\n<span style=\"font-size: 10pt;\">53 avenue Cap de Croix<\/span><br \/>\n<span style=\"font-size: 10pt;\">06181 Nice cedex 2<\/span><br \/>\n<span style=\"font-size: 10pt;\">T\u00e9l\u00e9phone 04 93 53 70 70<\/span><br \/>\n<span style=\"font-size: 10pt;\">T\u00e9l\u00e9copie 04 93 53 70 83<\/span><\/p>\n<p><span style=\"color: #333399;\"><strong>Cookies<\/strong><\/span><\/p>\n<hr>\n<p><span style=\"font-size: 10pt;\">Lors de la consultation de notre site ac-nice.fr, des cookies sont d\u00e9pos\u00e9s sur votre ordinateur, votre mobile ou votre tablette.<\/span><\/p>\n<p style=\"text-align: justify;\"><span style=\"font-size: 10pt;\">Les seuls cookies utilis\u00e9s par le site ac-nice.fr sont ceux destin\u00e9s \u00e0 la mesure d&rsquo;audience et ne collectent pas de donn\u00e9es personnelles. Les outils de mesures d&rsquo;audience sont d\u00e9ploy\u00e9s afin d&rsquo;obtenir des informations sur la&nbsp;navigation des visiteurs. Ils permettent&nbsp;notamment de comprendre comment les utilisateurs arrivent sur un site et de reconstituer leur parcours.<\/span><\/p>\n<p style=\"text-align: justify;\"><span style=\"font-size: 10pt;\">Les donn\u00e9es g\u00e9n\u00e9r\u00e9es par les cookies sont transmises et stock\u00e9es par les prestataires de mesure d&rsquo;audience (Xiti et Google). Les donn\u00e9es g\u00e9n\u00e9r\u00e9es par Google sont h\u00e9berg\u00e9es sur des serveurs situ\u00e9s aux Etats-Unis. Google utilisera cette information dans le but d&rsquo;\u00e9valuer votre utilisation du site mais ne recoupera pas votre adresse IP avec toute autre donn\u00e9e d\u00e9tenue par Google. Les prestataires de mesure d&rsquo;audience sont susceptibles de communiquer ces donn\u00e9es \u00e0 des tiers en cas d&rsquo;obligation l\u00e9gale ou lorsque ces tiers traitent ces donn\u00e9es pour leur compte.<\/span><\/p>\n<p><span style=\"color: #333399; font-size: 10pt;\"><strong>\u25ca D\u00e9finition d&rsquo;un cookie<\/strong><\/span><\/p>\n<p style=\"text-align: justify;\"><span style=\"font-size: 10pt;\">Un cookie est un fichier texte d\u00e9pos\u00e9 sur votre ordinateur lors de la visite d&rsquo;un site ou de la consultation d&rsquo;une publicit\u00e9. Il a pour but de collecter des informations relatives \u00e0 votre navigation et de vous adresser des services adapt\u00e9s \u00e0 votre terminal (ordinateur, mobile ou tablette). Les cookies sont g\u00e9r\u00e9s par votre navigateur internet.<\/span><\/p>\n<p style=\"text-align: justify;\"><span style=\"font-size: 10pt;\">Nous veillons dans la mesure du possible \u00e0 ce que les prestataires de mesures d&rsquo;audience respectent strictement la loi informatique et libert\u00e9s du 6 janvier 1978 modifi\u00e9e et s&rsquo;engagent \u00e0 mettre en \u0153uvre des mesures appropri\u00e9es de s\u00e9curisation et de protection de la confidentialit\u00e9 des donn\u00e9es.<\/span><\/p>\n<p style=\"text-align: justify;\"><span style=\"color: #333399; font-size: 10pt;\"><strong>\u25ca Param\u00e9trer votre navigateur internet<\/strong><\/span><\/p>\n<p style=\"text-align: justify;\"><span style=\"font-size: 10pt;\">Vous pouvez \u00e0 tout moment choisir de d\u00e9sactiver ces cookies. Votre navigateur peut \u00e9galement \u00eatre param\u00e9tr\u00e9 pour vous signaler les cookies qui sont d\u00e9pos\u00e9s dans votre ordinateur et vous demander de les accepter ou pas. Vous pouvez accepter ou refuser les cookies au cas par cas ou bien les refuser syst\u00e9matiquement. Afin de g\u00e9rer les cookies au plus pr\u00e8s de vos attentes nous vous invitons \u00e0 param\u00e9trer votre navigateur en tenant compte de la finalit\u00e9 des cookies.<\/span><\/p>\n<p><span style=\"color: #333399; font-size: 10pt;\"><strong>\u25ca Informations compl\u00e9mentaires sur les cookies<\/strong><\/span><\/p>\n<p><span style=\"color: #333399; font-size: 10pt;\"><a style=\"color: #333399; text-decoration: underline;\" href=\"http:\/\/www.cnil.fr\/vos-droits\/vos-traces\/les-cookies\/\">\u21d2 Pour plus d&rsquo;information sur les cookies<\/a><span style=\"text-decoration: underline;\">&nbsp;<\/span><\/span><\/p>\n<p><span style=\"color: #333399;\"><strong>Protection des donn\u00e9es personnelles<\/strong><\/span><\/p>\n<hr>\n<p style=\"text-align: justify;\"><span style=\"font-size: 10pt;\">Ce site a fait l&rsquo;objet d&rsquo;une autorisation de la&nbsp;<u>Commission Nationale de l&rsquo;Informatique et des Libert\u00e9s<\/u>&nbsp;relative aux traitements automatis\u00e9s d&rsquo;informations nominatives (<strong>Dossier n\u00b0 759236<\/strong>).<\/span><\/p>\n<p style=\"text-align: justify;\"><span style=\"font-size: 10pt;\">Conform\u00e9ment aux articles 34 et suivants de la loi \u00ab\u00a0informatique et libert\u00e9s\u00a0\u00bb du 6 janvier 1978, vous disposez d&rsquo;un droit d&rsquo;acc\u00e8s, de modification, de rectification et de suppression des donn\u00e9es qui vous concernent.<\/span><br \/>\n<span style=\"font-size: 10pt;\">Pour exercer ce droit, faites parvenir un message \u00e9lectronique \u00e0 l&rsquo;adresse suivante&nbsp;:<\/span><\/p>\n<p><span style=\"font-size: 10pt;\">Service communication de l&rsquo;acad\u00e9mie de Nice<\/span><br \/>\n<span style=\"font-size: 10pt;\">53 avenue Cap de Croix<\/span><br \/>\n<span style=\"font-size: 10pt;\">06181 Nice cedex2<\/span><br \/>\n<span style=\"font-size: 10pt;\">Contact&nbsp;:&nbsp;<a href=\"mailto:communication@ac-nice.fr\">communication@ac-nice.fr<\/a><\/span><\/p>\n<p><span style=\"text-decoration: underline; font-size: 10pt; color: #333399;\"><a style=\"color: #333399;\" href=\"http:\/\/www2.ac-nice.fr\/cid137076\/donnees-personnelles-cookies.html\"><strong>\u21d2 Consultez les donn\u00e9es personnelles et cookies<\/strong><\/a><\/span><\/p>\n<p>&nbsp;<\/p>\n","protected":false},"excerpt":{"rendered":"<p>Mentions l\u00e9gales &#8211; cr\u00e9dits Informations l\u00e9gales concernant le site disciplinaire EPS de l&rsquo;Acad\u00e9mie de Nice. Directeur de publication &#8211; Responsable de la r\u00e9daction Cookies Protection des donn\u00e9es personnelles Directeur de publication &#8211; Responsable de la publication : Benjamin FANJAUD IA-IPR EPS Acad\u00e9mie de Nice Raison sociale et h\u00e9bergeur&nbsp;: Rectorat de l&rsquo;acad\u00e9mie de Nice 53 avenue &hellip; <a href=\"https:\/\/www.pedagogie.ac-nice.fr\/eps\/mentions-legales\/\" class=\"more-link\">Continuer la lecture de <span class=\"screen-reader-text\">mentions-legales<\/span> <span class=\"meta-nav\">&rarr;<\/span><\/a><\/p>\n","protected":false},"author":1,"featured_media":0,"parent":0,"menu_order":0,"comment_status":"closed","ping_status":"closed","template":"","meta":{"footnotes":""},"class_list":["post-3532","page","type-page","status-publish","hentry"],"rttpg_featured_image_url":null,"rttpg_author":{"display_name":"norco","author_link":"https:\/\/www.pedagogie.ac-nice.fr\/eps\/author\/norco\/"},"rttpg_comment":0,"rttpg_category":null,"rttpg_excerpt":"Mentions l\u00e9gales &#8211; cr\u00e9dits Informations l\u00e9gales concernant le site disciplinaire EPS de l&rsquo;Acad\u00e9mie de Nice. Directeur de publication &#8211; Responsable de la r\u00e9daction Cookies Protection des donn\u00e9es personnelles Directeur de publication &#8211; Responsable de la publication : Benjamin FANJAUD IA-IPR EPS Acad\u00e9mie de Nice Raison sociale et h\u00e9bergeur&nbsp;: Rectorat de l&rsquo;acad\u00e9mie de Nice 53 avenue\u2026","post_mailing_queue_ids":[],"_links":{"self":[{"href":"https:\/\/www.pedagogie.ac-nice.fr\/eps\/wp-json\/wp\/v2\/pages\/3532","targetHints":{"allow":["GET"]}}],"collection":[{"href":"https:\/\/www.pedagogie.ac-nice.fr\/eps\/wp-json\/wp\/v2\/pages"}],"about":[{"href":"https:\/\/www.pedagogie.ac-nice.fr\/eps\/wp-json\/wp\/v2\/types\/page"}],"author":[{"embeddable":true,"href":"https:\/\/www.pedagogie.ac-nice.fr\/eps\/wp-json\/wp\/v2\/users\/1"}],"replies":[{"embeddable":true,"href":"https:\/\/www.pedagogie.ac-nice.fr\/eps\/wp-json\/wp\/v2\/comments?post=3532"}],"version-history":[{"count":6,"href":"https:\/\/www.pedagogie.ac-nice.fr\/eps\/wp-json\/wp\/v2\/pages\/3532\/revisions"}],"predecessor-version":[{"id":6388,"href":"https:\/\/www.pedagogie.ac-nice.fr\/eps\/wp-json\/wp\/v2\/pages\/3532\/revisions\/6388"}],"wp:attachment":[{"href":"https:\/\/www.pedagogie.ac-nice.fr\/eps\/wp-json\/wp\/v2\/media?parent=3532"}],"curies":[{"name":"wp","href":"https:\/\/api.w.org\/{rel}","templated":true}]}}